
{"id":13077,"date":"2025-03-27T07:51:35","date_gmt":"2025-03-27T07:51:35","guid":{"rendered":"https:\/\/trgovina.pasjauniverza.si\/?post_type=product&#038;p=13077"},"modified":"2026-02-17T11:39:44","modified_gmt":"2026-02-17T11:39:44","slug":"eden-gourmet-mokra-hrana-losos-in-fazan-400g","status":"publish","type":"product","link":"https:\/\/trgovina.pasjauniverza.si\/en\/product\/eden-gourmet-mokra-hrana-losos-in-fazan-400g\/","title":{"rendered":"Eden Gourmet \u2013 mokra hrana &#8211; Losos in Fazan 400g"},"content":{"rendered":"<p>Okusen in priro\u010den obrok za va\u0161ega psa<\/p>\n<p>Eden gourmet losos in fazan je uravnote\u017eena in popolna hrana brez \u017eit s 70 % sve\u017eega mesa. Vsebuje protivnetno super hrano, kot sta zelenoustna \u0161koljka in kurkuma, ki v kombinaciji z najkakovostnej\u0161imi kelatnimi minerali in vitamini va\u0161emu psu zagotavlja najbolj\u0161o prehrano v okusnem in priro\u010dnem obroku. Eden hrana je naravno brez umetnih barvil, konzervansov, arom in sladil ter kot nala\u0161\u010d za pse, ki trpijo zaradi alergij ali intolerance do zrn (p\u0161enice). Lahko jo uporabite samostojno ali kot preliv za suhe brikete.<\/p>\n<p>Sledi principom prehrane prednikov Eden hrana za hi\u0161ne ljubljen\u010dke je izdelana tako, da je \u010dim bli\u017eje na\u010delom prehrane prednikov va\u0161ega psa. Visoka vsebnost mesa z minimalno vsebnostjo ogljikovih hidratov v kombinaciji s skrbno izbranimi mikrohranili zagotavlja pravilno ravnovesje med hranili in okusom.<\/p>\n<p>Eno najbolj\u0161ih konzerviranih \u017eivil Eden gurmanska losos in fazan zdru\u017euje mo\u010dne protivnetne lastnosti zelenoustne \u0161koljke in kurkume z ne\u017enimi prebiotiki in visoko prebavljivimi beljakovinami, zaradi \u010desar je zagotovo ena najbolj\u0161ih konzerviranih \u017eivil na voljo. Kurkuma se v Indiji \u017ee tiso\u010dletja uporablja kot za\u010dimba in zdravilno zeli\u0161\u010de z mo\u010dnimi protivnetnimi lastnostmi in \u0161tevilnimi dodatnimi zdravstvenimi koristmi.<\/p>\n<p>Za zdrave sklepe Zelenoustna \u0161koljka vsebuje esencialne omega-3 ma\u0161\u010dobne kisline, glikozaminoglikane (hondroitin sulfat), glutamin, vitamine C in E ter antioksidantna mikrohranila (vklju\u010dno s cinkom, bakrom in selenom), ki lahko pomagajo ohranjati zdravje sklepov.<\/p>\n<p>Sestavine:<\/p>\n<p>Sve\u017ee pripravljen losos\u00a035 %, sve\u017ee pripravljen fazan\u00a035 %, juha 28 %,\u00a0minerali, kurkuma, 0,1 % zelenoustna \u0161koljka (vir glukozamina), 0,1 % jaj\u010dna lupina v prahu. Analiti\u010dna sestava: Surove beljakovine 10,4 %, vsebnost ma\u0161\u010dob 5,5 %, surove vlaknine 0,4 %, surovi pepel 2,6 %, vlaga 78,0 %.<\/p>\n<p>Prehranski dodatki:<\/p>\n<p>Vitamin E, vse-rac-alfa-tokoferil acetat (3a700) 20 mg, vitamin B1 (3a821) 10 mg, vitamin B2 6 mg, vitamin B6 (3a831) 2 mg, vitamin B12 75 \u03bcg, niacinamid (3a315) 15 mg, kalcijev D-pantotenat (3a841) 9 mg, probiotiki: manan-oligosaharidi (MOS), 0,1 % fruktooligosaharidi (FOS), 0,1 %. Elementi v\u00a0sledeh: Folna kislina (3a316) 0,35 mg, biotin (3a880) 300 \u03bcg, holin klorid (3a890) 1200 mg, cink kot cinkov kelat glicin hidrata * 25 mg, mangan kot manganov kelat glicin hidrata * 1,4 mg, brezvodni kalcijev jodat (3b202) * 0,75 mg, bakrov (II) sulfat pentahidrat (3b405) * 1 mg.<\/p>\n<p>__________________<\/p>\n<h4>Vrhunska kakovost in izvrsten okus<\/h4>\n<p>Eden hrana je biolo\u0161ko ustrezna in narejena iz 100% naravnih \u017eivil. Vsebuje visok dele\u017e kakovostnih mesnih sestavin. Ne vsebuje umetnih barvil in oja\u010devalcev okusa, rastlinskih beljakovin, \u017eit (ri\u017ea, koruze\u2026), sladkorne pese in glutena. Vse na\u0161teto ugodno vpliva na zdravje, zmanj\u0161uje mo\u017enost razvoja bolezni in podalj\u0161uje \u017eivljenjsko dobo.<\/p>\n<p>Hkrati pa pasja mokra hrana Eden Gourmet ohranjajo izvrsten okus in so zato primerni tudi za zbir\u010dne ali neje\u0161\u010de pse. Lahko prebavljiva hrana se odli\u010dno obnese pri ljubljen\u010dkih z ob\u010dutljivim \u017eelodcem.<\/p>\n<h4>Vse, kar potrebuje va\u0161 ljubljen\u010dek<\/h4>\n<h4><\/h4>\n<p>Prav vsaka sestavina v hrani za pse Eden Gourmet je tam z namenom, da va\u0161emu psu zagotovi pomembna hranila. Lahko prebavljiva raca je odli\u010den vir beljakovin, ki va\u0161emu ljubljen\u010dku zagotavlja energijo, slanik pa predstavlja super vir omega-3 in omega-6 ma\u0161\u010dobnih kislin.\u00a0Za zdravje dodatno skrbi \u0161e kolagen, ki igra veliko vlogo pri obnovi\u00a0in vzdr\u017eevanju\u00a0ko\u017ee in dlake, pomaga vzdr\u017eevati zdrav imunski sistem ter pripomore k mo\u010dnim kostem, sklepom in vezem.<\/p>\n<p>V hrani se nahaja tudi zelenoustna \u0161koljka, ki z vsebnostjo glukozamina podpira kosti in sklepe ter omega-3 ma\u0161\u010dobne kisline, ki so pomembne za zdravje srca in o\u017eilja, ko\u017ee in dlake ter mo\u017eganov in \u017eiv\u010devja. Kurkuma, ki ima mo\u010dne protivnetne lastnosti, \u0161e dodatno krepi zdravje, skrbi za mo\u010dan imunski sistem in prepre\u010duje \u0161tevilne te\u017eave.Vse sestavine so lahko prebavljive in tako primerne tudi za ob\u010dutljive pse, k zdravi prebavi pa \u0161e dodatno pripomore dodatek prebiotikov.<\/p>\n<h4>Dalj\u0161a \u017eivljenjska doba, manj stro\u0161kov pri veterinarju<\/h4>\n<h4><\/h4>\n<p>Pasja hrana Eden je biolo\u0161ko ustrezna in narejena iz 100% naravnih \u017eivil. Vsebuje visok dele\u017e kakovostnih mesnih sestavin. Ne vsebuje umetnih barvil in oja\u010devalcev okusa, rastlinskih beljakovin, \u017eit (ri\u017ea, koruze\u2026), belega krompirja, sladkorne pese in glutena. Ima nizko vsebnost ogljikovih hidratov, ki povzro\u010dajo \u0161tevilne bolezni, npr. diabetes. Vse na\u0161teto ugodno vpliva na zdravje, zmanj\u0161uje mo\u017enost razvoja bolezni in podalj\u0161uje \u017eivljenjsko dobo.<\/p>\n<h4>Kakovost in priprava sestavin, primerna za ljudi<\/h4>\n<h4><\/h4>\n<p>Hrana z visoko vsebnostjo mesa je izdelana iz britanskih lokalnih sestavin, katerih kakovost je primerna za \u010dloveka. Sestavine mokre hrane se ne\u017eno kuhajo na pari pri pribli\u017eno 90\u00b0C, zaradi \u010desar je hrana visoko prebavljiva in ohranja naravno ravnovesje. Ko se surovine ohladijo, se dodajo \u0161e vitamini, elementi v sledovih in minerali v kelatni obliki za maksimalno absorpcijo.<\/p>","protected":false},"excerpt":{"rendered":"<ul>\n<li>70 % sve\u017e losos in fazan<\/li>\n<li>Z glukozaminom in hondroitionom za podporo sklepov<\/li>\n<li>Sadje in zelenjava Vitamini, minerali in zeli\u0161\u010da<\/li>\n<li>Brez p\u0161enice, koruze, glutena in belega krompirja<\/li>\n<li>Brez umetnih arom in barvil<\/li>\n<li><\/li>\n<li><\/li>\n<\/ul>","protected":false},"featured_media":13061,"comment_status":"open","ping_status":"closed","template":"","meta":{"_acf_changed":false,"_uag_custom_page_level_css":"","site-sidebar-layout":"default","site-content-layout":"","ast-site-content-layout":"default","site-content-style":"default","site-sidebar-style":"default","ast-global-header-display":"","ast-banner-title-visibility":"","ast-main-header-display":"","ast-hfb-above-header-display":"","ast-hfb-below-header-display":"","ast-hfb-mobile-header-display":"","site-post-title":"","ast-breadcrumbs-content":"","ast-featured-img":"","footer-sml-layout":"","ast-disable-related-posts":"","theme-transparent-header-meta":"default","adv-header-id-meta":"","stick-header-meta":"","header-above-stick-meta":"","header-main-stick-meta":"","header-below-stick-meta":"","astra-migrate-meta-layouts":"set","ast-page-background-enabled":"default","ast-page-background-meta":{"desktop":{"background-color":"","background-image":"","background-repeat":"repeat","background-position":"center center","background-size":"auto","background-attachment":"scroll","background-type":"","background-media":"","overlay-type":"","overlay-color":"","overlay-opacity":"","overlay-gradient":""},"tablet":{"background-color":"","background-image":"","background-repeat":"repeat","background-position":"center center","background-size":"auto","background-attachment":"scroll","background-type":"","background-media":"","overlay-type":"","overlay-color":"","overlay-opacity":"","overlay-gradient":""},"mobile":{"background-color":"","background-image":"","background-repeat":"repeat","background-position":"center center","background-size":"auto","background-attachment":"scroll","background-type":"","background-media":"","overlay-type":"","overlay-color":"","overlay-opacity":"","overlay-gradient":""}},"ast-content-background-meta":{"desktop":{"background-color":"var(--ast-global-color-5)","background-image":"","background-repeat":"repeat","background-position":"center center","background-size":"auto","background-attachment":"scroll","background-type":"","background-media":"","overlay-type":"","overlay-color":"","overlay-opacity":"","overlay-gradient":""},"tablet":{"background-color":"var(--ast-global-color-5)","background-image":"","background-repeat":"repeat","background-position":"center center","background-size":"auto","background-attachment":"scroll","background-type":"","background-media":"","overlay-type":"","overlay-color":"","overlay-opacity":"","overlay-gradient":""},"mobile":{"background-color":"var(--ast-global-color-5)","background-image":"","background-repeat":"repeat","background-position":"center center","background-size":"auto","background-attachment":"scroll","background-type":"","background-media":"","overlay-type":"","overlay-color":"","overlay-opacity":"","overlay-gradient":""}}},"product_brand":[940],"product_cat":[947,537,643,725,949,953,727,944,945,942,952,723,951,18,950],"product_tag":[142,913,914,917,187,916,921,920,135,918,152,226,915],"class_list":{"0":"post-13077","1":"product","2":"type-product","3":"status-publish","4":"has-post-thumbnail","6":"product_brand-eden-pet-foods","7":"product_cat-brez-glutena","8":"product_cat-eden-pet-foods","9":"product_cat-hrana-brez-zitaric","10":"product_cat-hrana-za-pse","11":"product_cat-kastracija-sterilizacija","12":"product_cat-mehko-blato-in-driska","13":"product_cat-mokra-hrana-za-pse","14":"product_cat-nejesci-psi","15":"product_cat-obcutljiv-zelodec","16":"product_cat-posebne-prehranske-potrebe","17":"product_cat-proti-izpadanju-dlake","18":"product_cat-psi","19":"product_cat-starejsi-psi","20":"product_cat-vsi-izdelki","21":"product_cat-za-prekomerno-telesno-tezo","22":"product_tag-briketi","23":"product_tag-eden","24":"product_tag-eden-gourmet","25":"product_tag-gos","26":"product_tag-hrana","27":"product_tag-kakovostnibriketi","28":"product_tag-konzerve","29":"product_tag-mokrahrana","30":"product_tag-prebava","31":"product_tag-puran","32":"product_tag-raca","33":"product_tag-riba","34":"product_tag-slanik","35":"desktop-align-center","36":"tablet-align-center","37":"mobile-align-center","39":"first","40":"instock","41":"shipping-taxable","42":"purchasable","43":"product-type-simple"},"acf":[],"yoast_head":"<!-- This site is optimized with the Yoast SEO plugin v27.4 - https:\/\/yoast.com\/product\/yoast-seo-wordpress\/ -->\n<title>Eden Gourmet \u2013 mokra hrana - Losos in Fazan 400g - Trgovina Pasja Univerza<\/title>\n<meta name=\"description\" content=\"Eden Gourmet \u2013 mokra hrana - losos in fazan 400g- vrhunska kakovost, visok dele\u017e \u017eivalskih beljakovin\" \/>\n<meta name=\"robots\" content=\"index, follow, max-snippet:-1, max-image-preview:large, max-video-preview:-1\" \/>\n<link rel=\"canonical\" href=\"https:\/\/trgovina.pasjauniverza.si\/en\/product\/eden-gourmet-mokra-hrana-losos-in-fazan-400g\/\" \/>\n<meta property=\"og:locale\" content=\"en_US\" \/>\n<meta property=\"og:type\" content=\"article\" \/>\n<meta property=\"og:title\" content=\"Eden Gourmet \u2013 mokra hrana - Losos in Fazan 400g - Trgovina Pasja Univerza\" \/>\n<meta property=\"og:description\" content=\"Eden Gourmet \u2013 mokra hrana - losos in fazan 400g- vrhunska kakovost, visok dele\u017e \u017eivalskih beljakovin\" \/>\n<meta property=\"og:url\" content=\"https:\/\/trgovina.pasjauniverza.si\/en\/product\/eden-gourmet-mokra-hrana-losos-in-fazan-400g\/\" \/>\n<meta property=\"og:site_name\" content=\"Trgovina Pasja Univerza\" \/>\n<meta property=\"article:modified_time\" content=\"2026-02-17T11:39:44+00:00\" \/>\n<meta property=\"og:image\" content=\"https:\/\/trgovina.pasjauniverza.si\/wp-content\/uploads\/2025\/03\/eden-gourmet-for-dogs-salmonapheasant-losos-in-fazan-400g.jpg\" \/>\n\t<meta property=\"og:image:width\" content=\"600\" \/>\n\t<meta property=\"og:image:height\" content=\"727\" \/>\n\t<meta property=\"og:image:type\" content=\"image\/jpeg\" \/>\n<meta name=\"twitter:card\" content=\"summary_large_image\" \/>\n<meta name=\"twitter:label1\" content=\"Est. reading time\" \/>\n\t<meta name=\"twitter:data1\" content=\"5 minutes\" \/>\n<script type=\"application\/ld+json\" class=\"yoast-schema-graph\">{\"@context\":\"https:\\\/\\\/schema.org\",\"@graph\":[{\"@type\":\"WebPage\",\"@id\":\"https:\\\/\\\/trgovina.pasjauniverza.si\\\/product\\\/eden-gourmet-mokra-hrana-losos-in-fazan-400g\\\/\",\"url\":\"https:\\\/\\\/trgovina.pasjauniverza.si\\\/product\\\/eden-gourmet-mokra-hrana-losos-in-fazan-400g\\\/\",\"name\":\"Eden Gourmet \u2013 mokra hrana - Losos in Fazan 400g - Trgovina Pasja Univerza\",\"isPartOf\":{\"@id\":\"https:\\\/\\\/trgovina.pasjauniverza.si\\\/#website\"},\"primaryImageOfPage\":{\"@id\":\"https:\\\/\\\/trgovina.pasjauniverza.si\\\/product\\\/eden-gourmet-mokra-hrana-losos-in-fazan-400g\\\/#primaryimage\"},\"image\":{\"@id\":\"https:\\\/\\\/trgovina.pasjauniverza.si\\\/product\\\/eden-gourmet-mokra-hrana-losos-in-fazan-400g\\\/#primaryimage\"},\"thumbnailUrl\":\"https:\\\/\\\/trgovina.pasjauniverza.si\\\/wp-content\\\/uploads\\\/2025\\\/03\\\/eden-gourmet-for-dogs-salmonapheasant-losos-in-fazan-400g.jpg\",\"datePublished\":\"2025-03-27T07:51:35+00:00\",\"dateModified\":\"2026-02-17T11:39:44+00:00\",\"description\":\"Eden Gourmet \u2013 mokra hrana - losos in fazan 400g- vrhunska kakovost, visok dele\u017e \u017eivalskih beljakovin\",\"breadcrumb\":{\"@id\":\"https:\\\/\\\/trgovina.pasjauniverza.si\\\/product\\\/eden-gourmet-mokra-hrana-losos-in-fazan-400g\\\/#breadcrumb\"},\"inLanguage\":\"en-US\",\"potentialAction\":[{\"@type\":\"ReadAction\",\"target\":[\"https:\\\/\\\/trgovina.pasjauniverza.si\\\/product\\\/eden-gourmet-mokra-hrana-losos-in-fazan-400g\\\/\"]}]},{\"@type\":\"ImageObject\",\"inLanguage\":\"en-US\",\"@id\":\"https:\\\/\\\/trgovina.pasjauniverza.si\\\/product\\\/eden-gourmet-mokra-hrana-losos-in-fazan-400g\\\/#primaryimage\",\"url\":\"https:\\\/\\\/trgovina.pasjauniverza.si\\\/wp-content\\\/uploads\\\/2025\\\/03\\\/eden-gourmet-for-dogs-salmonapheasant-losos-in-fazan-400g.jpg\",\"contentUrl\":\"https:\\\/\\\/trgovina.pasjauniverza.si\\\/wp-content\\\/uploads\\\/2025\\\/03\\\/eden-gourmet-for-dogs-salmonapheasant-losos-in-fazan-400g.jpg\",\"width\":600,\"height\":727,\"caption\":\"eden-gourmet-for-dogs-salmonapheasant---losos-in-fazan-400g\"},{\"@type\":\"BreadcrumbList\",\"@id\":\"https:\\\/\\\/trgovina.pasjauniverza.si\\\/product\\\/eden-gourmet-mokra-hrana-losos-in-fazan-400g\\\/#breadcrumb\",\"itemListElement\":[{\"@type\":\"ListItem\",\"position\":1,\"name\":\"Home\",\"item\":\"https:\\\/\\\/trgovina.pasjauniverza.si\\\/\"},{\"@type\":\"ListItem\",\"position\":2,\"name\":\"Trgovina\",\"item\":\"https:\\\/\\\/trgovina.pasjauniverza.si\\\/trgovina\\\/\"},{\"@type\":\"ListItem\",\"position\":3,\"name\":\"Eden Gourmet \u2013 mokra hrana &#8211; Losos in Fazan 400g\"}]},{\"@type\":\"WebSite\",\"@id\":\"https:\\\/\\\/trgovina.pasjauniverza.si\\\/#website\",\"url\":\"https:\\\/\\\/trgovina.pasjauniverza.si\\\/\",\"name\":\"Trgovina Pasja Univerza\",\"description\":\"pasja univerza trgovina\",\"publisher\":{\"@id\":\"https:\\\/\\\/trgovina.pasjauniverza.si\\\/#organization\"},\"potentialAction\":[{\"@type\":\"SearchAction\",\"target\":{\"@type\":\"EntryPoint\",\"urlTemplate\":\"https:\\\/\\\/trgovina.pasjauniverza.si\\\/?s={search_term_string}\"},\"query-input\":{\"@type\":\"PropertyValueSpecification\",\"valueRequired\":true,\"valueName\":\"search_term_string\"}}],\"inLanguage\":\"en-US\"},{\"@type\":\"Organization\",\"@id\":\"https:\\\/\\\/trgovina.pasjauniverza.si\\\/#organization\",\"name\":\"Trgovina Pasja Univerza\",\"url\":\"https:\\\/\\\/trgovina.pasjauniverza.si\\\/\",\"logo\":{\"@type\":\"ImageObject\",\"inLanguage\":\"en-US\",\"@id\":\"https:\\\/\\\/trgovina.pasjauniverza.si\\\/#\\\/schema\\\/logo\\\/image\\\/\",\"url\":\"https:\\\/\\\/trgovina.pasjauniverza.si\\\/wp-content\\\/uploads\\\/2024\\\/08\\\/cropped-logotipi-vector-04.png\",\"contentUrl\":\"https:\\\/\\\/trgovina.pasjauniverza.si\\\/wp-content\\\/uploads\\\/2024\\\/08\\\/cropped-logotipi-vector-04.png\",\"width\":942,\"height\":908,\"caption\":\"Trgovina Pasja Univerza\"},\"image\":{\"@id\":\"https:\\\/\\\/trgovina.pasjauniverza.si\\\/#\\\/schema\\\/logo\\\/image\\\/\"}}]}<\/script>\n<!-- \/ Yoast SEO plugin. -->","yoast_head_json":{"title":"Eden Gourmet \u2013 mokra hrana - Losos in Fazan 400g - Trgovina Pasja Univerza","description":"Eden Gourmet \u2013 mokra hrana - losos in fazan 400g- vrhunska kakovost, visok dele\u017e \u017eivalskih beljakovin","robots":{"index":"index","follow":"follow","max-snippet":"max-snippet:-1","max-image-preview":"max-image-preview:large","max-video-preview":"max-video-preview:-1"},"canonical":"https:\/\/trgovina.pasjauniverza.si\/en\/product\/eden-gourmet-mokra-hrana-losos-in-fazan-400g\/","og_locale":"en_US","og_type":"article","og_title":"Eden Gourmet \u2013 mokra hrana - Losos in Fazan 400g - Trgovina Pasja Univerza","og_description":"Eden Gourmet \u2013 mokra hrana - losos in fazan 400g- vrhunska kakovost, visok dele\u017e \u017eivalskih beljakovin","og_url":"https:\/\/trgovina.pasjauniverza.si\/en\/product\/eden-gourmet-mokra-hrana-losos-in-fazan-400g\/","og_site_name":"Trgovina Pasja Univerza","article_modified_time":"2026-02-17T11:39:44+00:00","og_image":[{"width":600,"height":727,"url":"https:\/\/trgovina.pasjauniverza.si\/wp-content\/uploads\/2025\/03\/eden-gourmet-for-dogs-salmonapheasant-losos-in-fazan-400g.jpg","type":"image\/jpeg"}],"twitter_card":"summary_large_image","twitter_misc":{"Est. reading time":"5 minutes"},"schema":{"@context":"https:\/\/schema.org","@graph":[{"@type":"WebPage","@id":"https:\/\/trgovina.pasjauniverza.si\/product\/eden-gourmet-mokra-hrana-losos-in-fazan-400g\/","url":"https:\/\/trgovina.pasjauniverza.si\/product\/eden-gourmet-mokra-hrana-losos-in-fazan-400g\/","name":"Eden Gourmet \u2013 mokra hrana - Losos in Fazan 400g - Trgovina Pasja Univerza","isPartOf":{"@id":"https:\/\/trgovina.pasjauniverza.si\/#website"},"primaryImageOfPage":{"@id":"https:\/\/trgovina.pasjauniverza.si\/product\/eden-gourmet-mokra-hrana-losos-in-fazan-400g\/#primaryimage"},"image":{"@id":"https:\/\/trgovina.pasjauniverza.si\/product\/eden-gourmet-mokra-hrana-losos-in-fazan-400g\/#primaryimage"},"thumbnailUrl":"https:\/\/trgovina.pasjauniverza.si\/wp-content\/uploads\/2025\/03\/eden-gourmet-for-dogs-salmonapheasant-losos-in-fazan-400g.jpg","datePublished":"2025-03-27T07:51:35+00:00","dateModified":"2026-02-17T11:39:44+00:00","description":"Eden Gourmet \u2013 mokra hrana - losos in fazan 400g- vrhunska kakovost, visok dele\u017e \u017eivalskih beljakovin","breadcrumb":{"@id":"https:\/\/trgovina.pasjauniverza.si\/product\/eden-gourmet-mokra-hrana-losos-in-fazan-400g\/#breadcrumb"},"inLanguage":"en-US","potentialAction":[{"@type":"ReadAction","target":["https:\/\/trgovina.pasjauniverza.si\/product\/eden-gourmet-mokra-hrana-losos-in-fazan-400g\/"]}]},{"@type":"ImageObject","inLanguage":"en-US","@id":"https:\/\/trgovina.pasjauniverza.si\/product\/eden-gourmet-mokra-hrana-losos-in-fazan-400g\/#primaryimage","url":"https:\/\/trgovina.pasjauniverza.si\/wp-content\/uploads\/2025\/03\/eden-gourmet-for-dogs-salmonapheasant-losos-in-fazan-400g.jpg","contentUrl":"https:\/\/trgovina.pasjauniverza.si\/wp-content\/uploads\/2025\/03\/eden-gourmet-for-dogs-salmonapheasant-losos-in-fazan-400g.jpg","width":600,"height":727,"caption":"eden-gourmet-for-dogs-salmonapheasant---losos-in-fazan-400g"},{"@type":"BreadcrumbList","@id":"https:\/\/trgovina.pasjauniverza.si\/product\/eden-gourmet-mokra-hrana-losos-in-fazan-400g\/#breadcrumb","itemListElement":[{"@type":"ListItem","position":1,"name":"Home","item":"https:\/\/trgovina.pasjauniverza.si\/"},{"@type":"ListItem","position":2,"name":"Trgovina","item":"https:\/\/trgovina.pasjauniverza.si\/trgovina\/"},{"@type":"ListItem","position":3,"name":"Eden Gourmet \u2013 mokra hrana &#8211; Losos in Fazan 400g"}]},{"@type":"WebSite","@id":"https:\/\/trgovina.pasjauniverza.si\/#website","url":"https:\/\/trgovina.pasjauniverza.si\/","name":"Trgovina Pasja Univerza","description":"pasja univerza trgovina","publisher":{"@id":"https:\/\/trgovina.pasjauniverza.si\/#organization"},"potentialAction":[{"@type":"SearchAction","target":{"@type":"EntryPoint","urlTemplate":"https:\/\/trgovina.pasjauniverza.si\/?s={search_term_string}"},"query-input":{"@type":"PropertyValueSpecification","valueRequired":true,"valueName":"search_term_string"}}],"inLanguage":"en-US"},{"@type":"Organization","@id":"https:\/\/trgovina.pasjauniverza.si\/#organization","name":"Trgovina Pasja Univerza","url":"https:\/\/trgovina.pasjauniverza.si\/","logo":{"@type":"ImageObject","inLanguage":"en-US","@id":"https:\/\/trgovina.pasjauniverza.si\/#\/schema\/logo\/image\/","url":"https:\/\/trgovina.pasjauniverza.si\/wp-content\/uploads\/2024\/08\/cropped-logotipi-vector-04.png","contentUrl":"https:\/\/trgovina.pasjauniverza.si\/wp-content\/uploads\/2024\/08\/cropped-logotipi-vector-04.png","width":942,"height":908,"caption":"Trgovina Pasja Univerza"},"image":{"@id":"https:\/\/trgovina.pasjauniverza.si\/#\/schema\/logo\/image\/"}}]}},"uagb_featured_image_src":{"full":["https:\/\/trgovina.pasjauniverza.si\/wp-content\/uploads\/2025\/03\/eden-gourmet-for-dogs-salmonapheasant-losos-in-fazan-400g.jpg",600,727,false],"thumbnail":["https:\/\/trgovina.pasjauniverza.si\/wp-content\/uploads\/2025\/03\/eden-gourmet-for-dogs-salmonapheasant-losos-in-fazan-400g-150x150.jpg",150,150,true],"medium":["https:\/\/trgovina.pasjauniverza.si\/wp-content\/uploads\/2025\/03\/eden-gourmet-for-dogs-salmonapheasant-losos-in-fazan-400g-248x300.jpg",248,300,true],"medium_large":["https:\/\/trgovina.pasjauniverza.si\/wp-content\/uploads\/2025\/03\/eden-gourmet-for-dogs-salmonapheasant-losos-in-fazan-400g.jpg",600,727,false],"large":["https:\/\/trgovina.pasjauniverza.si\/wp-content\/uploads\/2025\/03\/eden-gourmet-for-dogs-salmonapheasant-losos-in-fazan-400g.jpg",600,727,false],"1536x1536":["https:\/\/trgovina.pasjauniverza.si\/wp-content\/uploads\/2025\/03\/eden-gourmet-for-dogs-salmonapheasant-losos-in-fazan-400g.jpg",600,727,false],"2048x2048":["https:\/\/trgovina.pasjauniverza.si\/wp-content\/uploads\/2025\/03\/eden-gourmet-for-dogs-salmonapheasant-losos-in-fazan-400g.jpg",600,727,false],"trp-custom-language-flag":["https:\/\/trgovina.pasjauniverza.si\/wp-content\/uploads\/2025\/03\/eden-gourmet-for-dogs-salmonapheasant-losos-in-fazan-400g-10x12.jpg",10,12,true],"woocommerce_thumbnail":["https:\/\/trgovina.pasjauniverza.si\/wp-content\/uploads\/2025\/03\/eden-gourmet-for-dogs-salmonapheasant-losos-in-fazan-400g-300x300.jpg",300,300,true],"woocommerce_single":["https:\/\/trgovina.pasjauniverza.si\/wp-content\/uploads\/2025\/03\/eden-gourmet-for-dogs-salmonapheasant-losos-in-fazan-400g.jpg",600,727,false],"woocommerce_gallery_thumbnail":["https:\/\/trgovina.pasjauniverza.si\/wp-content\/uploads\/2025\/03\/eden-gourmet-for-dogs-salmonapheasant-losos-in-fazan-400g-100x100.jpg",100,100,true]},"uagb_author_info":{"display_name":"Karmen Grubeli\u0107, dr.vet.med.","author_link":"https:\/\/trgovina.pasjauniverza.si\/en\/author\/"},"uagb_comment_info":0,"uagb_excerpt":"70 % sve\u017e losos in fazan Z glukozaminom in hondroitionom za podporo sklepov Sadje in zelenjava Vitamini, minerali in zeli\u0161\u010da Brez p\u0161enice, koruze, glutena in belega krompirja Brez umetnih arom in barvil","jetpack_sharing_enabled":true,"_links":{"self":[{"href":"https:\/\/trgovina.pasjauniverza.si\/en\/wp-json\/wp\/v2\/product\/13077","targetHints":{"allow":["GET"]}}],"collection":[{"href":"https:\/\/trgovina.pasjauniverza.si\/en\/wp-json\/wp\/v2\/product"}],"about":[{"href":"https:\/\/trgovina.pasjauniverza.si\/en\/wp-json\/wp\/v2\/types\/product"}],"replies":[{"embeddable":true,"href":"https:\/\/trgovina.pasjauniverza.si\/en\/wp-json\/wp\/v2\/comments?post=13077"}],"wp:featuredmedia":[{"embeddable":true,"href":"https:\/\/trgovina.pasjauniverza.si\/en\/wp-json\/wp\/v2\/media\/13061"}],"wp:attachment":[{"href":"https:\/\/trgovina.pasjauniverza.si\/en\/wp-json\/wp\/v2\/media?parent=13077"}],"wp:term":[{"taxonomy":"product_brand","embeddable":true,"href":"https:\/\/trgovina.pasjauniverza.si\/en\/wp-json\/wp\/v2\/product_brand?post=13077"},{"taxonomy":"product_cat","embeddable":true,"href":"https:\/\/trgovina.pasjauniverza.si\/en\/wp-json\/wp\/v2\/product_cat?post=13077"},{"taxonomy":"product_tag","embeddable":true,"href":"https:\/\/trgovina.pasjauniverza.si\/en\/wp-json\/wp\/v2\/product_tag?post=13077"}],"curies":[{"name":"wp","href":"https:\/\/api.w.org\/{rel}","templated":true}]}}