
{"id":12929,"date":"2025-03-13T21:25:05","date_gmt":"2025-03-13T21:25:05","guid":{"rendered":"https:\/\/trgovina.pasjauniverza.si\/?post_type=product&#038;p=12929"},"modified":"2026-04-02T12:16:43","modified_gmt":"2026-04-02T12:16:43","slug":"ekoloska-kostna-juha-230ml-riba","status":"publish","type":"product","link":"https:\/\/trgovina.pasjauniverza.si\/en\/product\/ekoloska-kostna-juha-230ml-riba\/","title":{"rendered":"Ekolo\u0161ka kostna juha 230ml &#8211; riba"},"content":{"rendered":"<p>NOVA Pet Health <strong>kostne juhe<\/strong> so <strong>100 % ekolo\u0161ke<\/strong> in predstavljajo vsakodnevno naravno dopolnilo za va\u0161ega psa. Uporabite jih kot <strong>dodatek na brikete, pelete<\/strong>, <strong>su\u0161eno surovo hrano,<\/strong> <strong>posladek<\/strong> ali za <strong>pove\u010danje vnosa teko\u010dine<\/strong> pri psu.<\/p>\n<p><strong>Prednosti kostne juhe:<\/strong><\/p>\n<ul>\n<li><strong>Naraven vir kolagena<\/strong>, ki podpira <strong>prebavo<\/strong> in zdravje <strong>sklepov<\/strong><\/li>\n<li>Odli\u010dna za <strong>prelivanje \u010dez hrano<\/strong>, pripravo <strong>doma\u010dih pribolj\u0161kov<\/strong> ali kot osve\u017eitev, \u010de jo <strong>zamrznete v manj\u0161e porcije<\/strong> za vro\u010de dni<\/li>\n<\/ul>\n<p><strong>Sestava<\/strong><br \/>\nVoda, kosti rib, ekolo\u0161ko korenje<\/p>\n<p><strong>Analitske sestavine (na 100 ml):<\/strong><\/p>\n<ul>\n<li>Vlaga: <strong>97,3 %<\/strong><\/li>\n<li>Surove beljakovine: <strong>2,5 %<\/strong><\/li>\n<li>Surove ma\u0161\u010dobe: <strong>0 %<\/strong><\/li>\n<li>Surova vlaknina: <strong>0 %<\/strong><\/li>\n<li>Surov pepel: <strong>0,2 %<\/strong><\/li>\n<\/ul>\n<p><strong>Kolagenska vsebnost (na 100 ml):<\/strong> <strong>800 mg<\/strong><br \/>\n<strong>Energijska vrednost (na 100 ml):<\/strong> <strong>43 kJ \/ 10 kcal<\/strong><\/p>\n<p>Vedno zagotovite <strong>sve\u017eo pitno vodo<\/strong> ob postre\u017ebi juhe.<\/p>\n<p>Priporo\u010damo dnevno hranjenje:<\/p>\n<ul>\n<li>Majhni psi do 10 kg: najve\u010d 230 ml<\/li>\n<li>Srednje veliki psi do 25 kg: najve\u010d 460 ml<\/li>\n<li>Veliki psi nad 25 kg: najve\u010d 690 ml<\/li>\n<\/ul>\n<p>Ve\u010dje porcije se lahko ponudijo za spodbujanje prehranjevanja ali hidracije. Nalijte kostno juho na pasji obrok, uporabite jo v doma pripravljenih pribolj\u0161kih ali jo zamrznite v majhne gri\u017eljaje kot osve\u017eitev za va\u0161ega psa v vro\u010dih dneh.<\/p>\n<p><strong>Skladi\u0161\u010denje:<\/strong><br \/>\nShranjujte pri sobni temperaturi na suhem mestu. Temperatura ne sme prese\u010di +25 \u00b0C. Hranite stran od neposredne son\u010dne svetlobe. Po odprtju shranite v hladilniku do 5 dni ali zamrznite. Ne zamrzujte ponovno.<\/p>\n<p><strong>Primerno za zamrzovanje.<\/strong><\/p>\n<p><strong>Neto koli\u010dina: <\/strong>230ml<\/p>","protected":false},"excerpt":{"rendered":"<p>Ribja kostna juha je:<\/p>\n<ul>\n<li>organska in visokokakovostna;<\/li>\n<li>vsebuje veliko pomembnih hranil, vklju\u010dno z glukozaminom, hondroitinom, kalcijem in magnezijem.<\/li>\n<li><strong>naraven vir kolagena<\/strong>, ki podpira <strong>prebavo<\/strong> in zdravje <strong>sklepov<\/strong><\/li>\n<li>Odli\u010dna za <strong>prelivanje \u010dez hrano<\/strong>, pripravo <strong>doma\u010dih pribolj\u0161kov<\/strong> ali kot osve\u017eitev, \u010de jo <strong>zamrznete v manj\u0161e porcije<\/strong> za vro\u010de dni<\/li>\n<li>primerno za <strong>zamrzovanje (<a href=\"https:\/\/trgovina.pasjauniverza.si\/en\/product\/silikonski-modelcki-kost-in-tacka\/\" target=\"_blank\" rel=\"noopener\">pasji silikonski modeli<\/a>)<\/strong><\/li>\n<\/ul>\n<p>&nbsp;<\/p>","protected":false},"featured_media":12932,"comment_status":"open","ping_status":"closed","template":"","meta":{"_acf_changed":false,"_uag_custom_page_level_css":"","site-sidebar-layout":"default","site-content-layout":"","ast-site-content-layout":"default","site-content-style":"default","site-sidebar-style":"default","ast-global-header-display":"","ast-banner-title-visibility":"","ast-main-header-display":"","ast-hfb-above-header-display":"","ast-hfb-below-header-display":"","ast-hfb-mobile-header-display":"","site-post-title":"","ast-breadcrumbs-content":"","ast-featured-img":"","footer-sml-layout":"","ast-disable-related-posts":"","theme-transparent-header-meta":"default","adv-header-id-meta":"","stick-header-meta":"","header-above-stick-meta":"","header-main-stick-meta":"","header-below-stick-meta":"","astra-migrate-meta-layouts":"set","ast-page-background-enabled":"default","ast-page-background-meta":{"desktop":{"background-color":"","background-image":"","background-repeat":"repeat","background-position":"center center","background-size":"auto","background-attachment":"scroll","background-type":"","background-media":"","overlay-type":"","overlay-color":"","overlay-opacity":"","overlay-gradient":""},"tablet":{"background-color":"","background-image":"","background-repeat":"repeat","background-position":"center center","background-size":"auto","background-attachment":"scroll","background-type":"","background-media":"","overlay-type":"","overlay-color":"","overlay-opacity":"","overlay-gradient":""},"mobile":{"background-color":"","background-image":"","background-repeat":"repeat","background-position":"center center","background-size":"auto","background-attachment":"scroll","background-type":"","background-media":"","overlay-type":"","overlay-color":"","overlay-opacity":"","overlay-gradient":""}},"ast-content-background-meta":{"desktop":{"background-color":"var(--ast-global-color-5)","background-image":"","background-repeat":"repeat","background-position":"center center","background-size":"auto","background-attachment":"scroll","background-type":"","background-media":"","overlay-type":"","overlay-color":"","overlay-opacity":"","overlay-gradient":""},"tablet":{"background-color":"var(--ast-global-color-5)","background-image":"","background-repeat":"repeat","background-position":"center center","background-size":"auto","background-attachment":"scroll","background-type":"","background-media":"","overlay-type":"","overlay-color":"","overlay-opacity":"","overlay-gradient":""},"mobile":{"background-color":"var(--ast-global-color-5)","background-image":"","background-repeat":"repeat","background-position":"center center","background-size":"auto","background-attachment":"scroll","background-type":"","background-media":"","overlay-type":"","overlay-color":"","overlay-opacity":"","overlay-gradient":""}}},"product_brand":[931],"product_cat":[732,725,738,734,724,368,735,733,420,723,737,18],"product_tag":[270,261,246,254,251,271,265,257,255,256,248,269,249,258,247,262,260,264,259,250,252,253,263],"class_list":{"0":"post-12929","1":"product","2":"type-product","3":"status-publish","4":"has-post-thumbnail","6":"product_brand-novadogchews","7":"product_cat-hrana-za-macke","8":"product_cat-hrana-za-pse","9":"product_cat-imunski-sistem","10":"product_cat-koza-in-dlaka","11":"product_cat-macke","12":"product_cat-posipi-juhe-in-omake","13":"product_cat-prebavila","14":"product_cat-prehranski-dodatki-za-macke","15":"product_cat-prehranski-dodatki-za-pse","16":"product_cat-psi","17":"product_cat-sklepi-kosti-in-misice","18":"product_cat-vsi-izdelki","19":"product_tag-divji-los","20":"product_tag-domaci-priboljski-za-pse","21":"product_tag-ekoloska-kostna-juha-za-pse","22":"product_tag-ekoloska-prehrana-za-pse","23":"product_tag-hidracijski-dodatek-za-pse","24":"product_tag-juha-iz-losa","25":"product_tag-kolagen","26":"product_tag-kolagen-za-pse","27":"product_tag-kostna-juha-za-majhne-pse","28":"product_tag-kostna-juha-za-velike-pse","29":"product_tag-kostna-juha-za-zdravje-sklepov","30":"product_tag-los","31":"product_tag-naraven-vir-kolagena","32":"product_tag-naravna-prehrana-za-pse","33":"product_tag-naravno-dopolnilo-za-pse","34":"product_tag-osvezilna-kostna-juha-za-pse","35":"product_tag-pasja-juha-brez-dodatkov","36":"product_tag-pasja-juha-za-vroce-dni","37":"product_tag-pasja-prehranska-dopolnila","38":"product_tag-pasji-dodatek-za-prebavo","39":"product_tag-prehransko-dopolnilo-za-pse","40":"product_tag-preliv-za-pasjo-hrano","41":"product_tag-zdrav-obrok-za-pse","42":"desktop-align-center","43":"tablet-align-center","44":"mobile-align-center","46":"first","47":"instock","48":"shipping-taxable","49":"purchasable","50":"product-type-simple"},"acf":[],"yoast_head":"<!-- This site is optimized with the Yoast SEO plugin v27.4 - https:\/\/yoast.com\/product\/yoast-seo-wordpress\/ -->\n<title>Ekolo\u0161ka kostna juha 230ml - riba - Trgovina Pasja Univerza<\/title>\n<meta name=\"description\" content=\"Ekolo\u0161ka ribja kostna juha (230 ml).\" \/>\n<meta name=\"robots\" content=\"index, follow, max-snippet:-1, max-image-preview:large, max-video-preview:-1\" \/>\n<link rel=\"canonical\" href=\"https:\/\/trgovina.pasjauniverza.si\/en\/product\/ekoloska-kostna-juha-230ml-riba\/\" \/>\n<meta property=\"og:locale\" content=\"en_US\" \/>\n<meta property=\"og:type\" content=\"article\" \/>\n<meta property=\"og:title\" content=\"Ekolo\u0161ka kostna juha 230ml - riba - Trgovina Pasja Univerza\" \/>\n<meta property=\"og:description\" content=\"Ekolo\u0161ka ribja kostna juha (230 ml).\" \/>\n<meta property=\"og:url\" content=\"https:\/\/trgovina.pasjauniverza.si\/en\/product\/ekoloska-kostna-juha-230ml-riba\/\" \/>\n<meta property=\"og:site_name\" content=\"Trgovina Pasja Univerza\" \/>\n<meta property=\"article:modified_time\" content=\"2026-04-02T12:16:43+00:00\" \/>\n<meta property=\"og:image\" content=\"https:\/\/trgovina.pasjauniverza.si\/wp-content\/uploads\/2025\/03\/ribja-kostna-juha-e1744969753256.jpg\" \/>\n\t<meta property=\"og:image:width\" content=\"513\" \/>\n\t<meta property=\"og:image:height\" content=\"513\" \/>\n\t<meta property=\"og:image:type\" content=\"image\/jpeg\" \/>\n<meta name=\"twitter:card\" content=\"summary_large_image\" \/>\n<meta name=\"twitter:label1\" content=\"Est. reading time\" \/>\n\t<meta name=\"twitter:data1\" content=\"2 minutes\" \/>\n<script type=\"application\/ld+json\" class=\"yoast-schema-graph\">{\"@context\":\"https:\\\/\\\/schema.org\",\"@graph\":[{\"@type\":\"WebPage\",\"@id\":\"https:\\\/\\\/trgovina.pasjauniverza.si\\\/product\\\/ekoloska-kostna-juha-230ml-riba\\\/\",\"url\":\"https:\\\/\\\/trgovina.pasjauniverza.si\\\/product\\\/ekoloska-kostna-juha-230ml-riba\\\/\",\"name\":\"Ekolo\u0161ka kostna juha 230ml - riba - Trgovina Pasja Univerza\",\"isPartOf\":{\"@id\":\"https:\\\/\\\/trgovina.pasjauniverza.si\\\/#website\"},\"primaryImageOfPage\":{\"@id\":\"https:\\\/\\\/trgovina.pasjauniverza.si\\\/product\\\/ekoloska-kostna-juha-230ml-riba\\\/#primaryimage\"},\"image\":{\"@id\":\"https:\\\/\\\/trgovina.pasjauniverza.si\\\/product\\\/ekoloska-kostna-juha-230ml-riba\\\/#primaryimage\"},\"thumbnailUrl\":\"https:\\\/\\\/trgovina.pasjauniverza.si\\\/wp-content\\\/uploads\\\/2025\\\/03\\\/ribja-kostna-juha-e1744969753256.jpg\",\"datePublished\":\"2025-03-13T21:25:05+00:00\",\"dateModified\":\"2026-04-02T12:16:43+00:00\",\"description\":\"Ekolo\u0161ka ribja kostna juha (230 ml).\",\"breadcrumb\":{\"@id\":\"https:\\\/\\\/trgovina.pasjauniverza.si\\\/product\\\/ekoloska-kostna-juha-230ml-riba\\\/#breadcrumb\"},\"inLanguage\":\"en-US\",\"potentialAction\":[{\"@type\":\"ReadAction\",\"target\":[\"https:\\\/\\\/trgovina.pasjauniverza.si\\\/product\\\/ekoloska-kostna-juha-230ml-riba\\\/\"]}]},{\"@type\":\"ImageObject\",\"inLanguage\":\"en-US\",\"@id\":\"https:\\\/\\\/trgovina.pasjauniverza.si\\\/product\\\/ekoloska-kostna-juha-230ml-riba\\\/#primaryimage\",\"url\":\"https:\\\/\\\/trgovina.pasjauniverza.si\\\/wp-content\\\/uploads\\\/2025\\\/03\\\/ribja-kostna-juha-e1744969753256.jpg\",\"contentUrl\":\"https:\\\/\\\/trgovina.pasjauniverza.si\\\/wp-content\\\/uploads\\\/2025\\\/03\\\/ribja-kostna-juha-e1744969753256.jpg\",\"width\":513,\"height\":513,\"caption\":\"ribja kostna juha\"},{\"@type\":\"BreadcrumbList\",\"@id\":\"https:\\\/\\\/trgovina.pasjauniverza.si\\\/product\\\/ekoloska-kostna-juha-230ml-riba\\\/#breadcrumb\",\"itemListElement\":[{\"@type\":\"ListItem\",\"position\":1,\"name\":\"Home\",\"item\":\"https:\\\/\\\/trgovina.pasjauniverza.si\\\/\"},{\"@type\":\"ListItem\",\"position\":2,\"name\":\"Trgovina\",\"item\":\"https:\\\/\\\/trgovina.pasjauniverza.si\\\/trgovina\\\/\"},{\"@type\":\"ListItem\",\"position\":3,\"name\":\"Ekolo\u0161ka kostna juha 230ml &#8211; riba\"}]},{\"@type\":\"WebSite\",\"@id\":\"https:\\\/\\\/trgovina.pasjauniverza.si\\\/#website\",\"url\":\"https:\\\/\\\/trgovina.pasjauniverza.si\\\/\",\"name\":\"Trgovina Pasja Univerza\",\"description\":\"pasja univerza trgovina\",\"publisher\":{\"@id\":\"https:\\\/\\\/trgovina.pasjauniverza.si\\\/#organization\"},\"potentialAction\":[{\"@type\":\"SearchAction\",\"target\":{\"@type\":\"EntryPoint\",\"urlTemplate\":\"https:\\\/\\\/trgovina.pasjauniverza.si\\\/?s={search_term_string}\"},\"query-input\":{\"@type\":\"PropertyValueSpecification\",\"valueRequired\":true,\"valueName\":\"search_term_string\"}}],\"inLanguage\":\"en-US\"},{\"@type\":\"Organization\",\"@id\":\"https:\\\/\\\/trgovina.pasjauniverza.si\\\/#organization\",\"name\":\"Trgovina Pasja Univerza\",\"url\":\"https:\\\/\\\/trgovina.pasjauniverza.si\\\/\",\"logo\":{\"@type\":\"ImageObject\",\"inLanguage\":\"en-US\",\"@id\":\"https:\\\/\\\/trgovina.pasjauniverza.si\\\/#\\\/schema\\\/logo\\\/image\\\/\",\"url\":\"https:\\\/\\\/trgovina.pasjauniverza.si\\\/wp-content\\\/uploads\\\/2024\\\/08\\\/cropped-logotipi-vector-04.png\",\"contentUrl\":\"https:\\\/\\\/trgovina.pasjauniverza.si\\\/wp-content\\\/uploads\\\/2024\\\/08\\\/cropped-logotipi-vector-04.png\",\"width\":942,\"height\":908,\"caption\":\"Trgovina Pasja Univerza\"},\"image\":{\"@id\":\"https:\\\/\\\/trgovina.pasjauniverza.si\\\/#\\\/schema\\\/logo\\\/image\\\/\"}}]}<\/script>\n<!-- \/ Yoast SEO plugin. -->","yoast_head_json":{"title":"Ekolo\u0161ka kostna juha 230ml - riba - Trgovina Pasja Univerza","description":"Ekolo\u0161ka ribja kostna juha (230 ml).","robots":{"index":"index","follow":"follow","max-snippet":"max-snippet:-1","max-image-preview":"max-image-preview:large","max-video-preview":"max-video-preview:-1"},"canonical":"https:\/\/trgovina.pasjauniverza.si\/en\/product\/ekoloska-kostna-juha-230ml-riba\/","og_locale":"en_US","og_type":"article","og_title":"Ekolo\u0161ka kostna juha 230ml - riba - Trgovina Pasja Univerza","og_description":"Ekolo\u0161ka ribja kostna juha (230 ml).","og_url":"https:\/\/trgovina.pasjauniverza.si\/en\/product\/ekoloska-kostna-juha-230ml-riba\/","og_site_name":"Trgovina Pasja Univerza","article_modified_time":"2026-04-02T12:16:43+00:00","og_image":[{"width":513,"height":513,"url":"https:\/\/trgovina.pasjauniverza.si\/wp-content\/uploads\/2025\/03\/ribja-kostna-juha-e1744969753256.jpg","type":"image\/jpeg"}],"twitter_card":"summary_large_image","twitter_misc":{"Est. reading time":"2 minutes"},"schema":{"@context":"https:\/\/schema.org","@graph":[{"@type":"WebPage","@id":"https:\/\/trgovina.pasjauniverza.si\/product\/ekoloska-kostna-juha-230ml-riba\/","url":"https:\/\/trgovina.pasjauniverza.si\/product\/ekoloska-kostna-juha-230ml-riba\/","name":"Ekolo\u0161ka kostna juha 230ml - riba - Trgovina Pasja Univerza","isPartOf":{"@id":"https:\/\/trgovina.pasjauniverza.si\/#website"},"primaryImageOfPage":{"@id":"https:\/\/trgovina.pasjauniverza.si\/product\/ekoloska-kostna-juha-230ml-riba\/#primaryimage"},"image":{"@id":"https:\/\/trgovina.pasjauniverza.si\/product\/ekoloska-kostna-juha-230ml-riba\/#primaryimage"},"thumbnailUrl":"https:\/\/trgovina.pasjauniverza.si\/wp-content\/uploads\/2025\/03\/ribja-kostna-juha-e1744969753256.jpg","datePublished":"2025-03-13T21:25:05+00:00","dateModified":"2026-04-02T12:16:43+00:00","description":"Ekolo\u0161ka ribja kostna juha (230 ml).","breadcrumb":{"@id":"https:\/\/trgovina.pasjauniverza.si\/product\/ekoloska-kostna-juha-230ml-riba\/#breadcrumb"},"inLanguage":"en-US","potentialAction":[{"@type":"ReadAction","target":["https:\/\/trgovina.pasjauniverza.si\/product\/ekoloska-kostna-juha-230ml-riba\/"]}]},{"@type":"ImageObject","inLanguage":"en-US","@id":"https:\/\/trgovina.pasjauniverza.si\/product\/ekoloska-kostna-juha-230ml-riba\/#primaryimage","url":"https:\/\/trgovina.pasjauniverza.si\/wp-content\/uploads\/2025\/03\/ribja-kostna-juha-e1744969753256.jpg","contentUrl":"https:\/\/trgovina.pasjauniverza.si\/wp-content\/uploads\/2025\/03\/ribja-kostna-juha-e1744969753256.jpg","width":513,"height":513,"caption":"ribja kostna juha"},{"@type":"BreadcrumbList","@id":"https:\/\/trgovina.pasjauniverza.si\/product\/ekoloska-kostna-juha-230ml-riba\/#breadcrumb","itemListElement":[{"@type":"ListItem","position":1,"name":"Home","item":"https:\/\/trgovina.pasjauniverza.si\/"},{"@type":"ListItem","position":2,"name":"Trgovina","item":"https:\/\/trgovina.pasjauniverza.si\/trgovina\/"},{"@type":"ListItem","position":3,"name":"Ekolo\u0161ka kostna juha 230ml &#8211; riba"}]},{"@type":"WebSite","@id":"https:\/\/trgovina.pasjauniverza.si\/#website","url":"https:\/\/trgovina.pasjauniverza.si\/","name":"Trgovina Pasja Univerza","description":"pasja univerza trgovina","publisher":{"@id":"https:\/\/trgovina.pasjauniverza.si\/#organization"},"potentialAction":[{"@type":"SearchAction","target":{"@type":"EntryPoint","urlTemplate":"https:\/\/trgovina.pasjauniverza.si\/?s={search_term_string}"},"query-input":{"@type":"PropertyValueSpecification","valueRequired":true,"valueName":"search_term_string"}}],"inLanguage":"en-US"},{"@type":"Organization","@id":"https:\/\/trgovina.pasjauniverza.si\/#organization","name":"Trgovina Pasja Univerza","url":"https:\/\/trgovina.pasjauniverza.si\/","logo":{"@type":"ImageObject","inLanguage":"en-US","@id":"https:\/\/trgovina.pasjauniverza.si\/#\/schema\/logo\/image\/","url":"https:\/\/trgovina.pasjauniverza.si\/wp-content\/uploads\/2024\/08\/cropped-logotipi-vector-04.png","contentUrl":"https:\/\/trgovina.pasjauniverza.si\/wp-content\/uploads\/2024\/08\/cropped-logotipi-vector-04.png","width":942,"height":908,"caption":"Trgovina Pasja Univerza"},"image":{"@id":"https:\/\/trgovina.pasjauniverza.si\/#\/schema\/logo\/image\/"}}]}},"uagb_featured_image_src":{"full":["https:\/\/trgovina.pasjauniverza.si\/wp-content\/uploads\/2025\/03\/ribja-kostna-juha-e1744969753256.jpg",513,513,false],"thumbnail":["https:\/\/trgovina.pasjauniverza.si\/wp-content\/uploads\/2025\/03\/ribja-kostna-juha-e1744969753256-150x150.jpg",150,150,true],"medium":["https:\/\/trgovina.pasjauniverza.si\/wp-content\/uploads\/2025\/03\/ribja-kostna-juha-e1744969753256-300x300.jpg",300,300,true],"medium_large":["https:\/\/trgovina.pasjauniverza.si\/wp-content\/uploads\/2025\/03\/ribja-kostna-juha-768x768.jpg",768,768,true],"large":["https:\/\/trgovina.pasjauniverza.si\/wp-content\/uploads\/2025\/03\/ribja-kostna-juha-1024x1024.jpg",1024,1024,true],"1536x1536":["https:\/\/trgovina.pasjauniverza.si\/wp-content\/uploads\/2025\/03\/ribja-kostna-juha-e1744969753256.jpg",513,513,false],"2048x2048":["https:\/\/trgovina.pasjauniverza.si\/wp-content\/uploads\/2025\/03\/ribja-kostna-juha-e1744969753256.jpg",513,513,false],"trp-custom-language-flag":["https:\/\/trgovina.pasjauniverza.si\/wp-content\/uploads\/2025\/03\/ribja-kostna-juha-e1744969753256-12x12.jpg",12,12,true],"woocommerce_thumbnail":["https:\/\/trgovina.pasjauniverza.si\/wp-content\/uploads\/2025\/03\/ribja-kostna-juha-e1744969753256-300x300.jpg",300,300,true],"woocommerce_single":["https:\/\/trgovina.pasjauniverza.si\/wp-content\/uploads\/2025\/03\/ribja-kostna-juha-600x600.jpg",600,600,true],"woocommerce_gallery_thumbnail":["https:\/\/trgovina.pasjauniverza.si\/wp-content\/uploads\/2025\/03\/ribja-kostna-juha-e1744969753256-100x100.jpg",100,100,true]},"uagb_author_info":{"display_name":"Karmen Grubeli\u0107, dr.vet.med.","author_link":"https:\/\/trgovina.pasjauniverza.si\/en\/author\/"},"uagb_comment_info":0,"uagb_excerpt":"Ribja kostna juha je: organska in visokokakovostna; vsebuje veliko pomembnih hranil, vklju\u010dno z glukozaminom, hondroitinom, kalcijem in magnezijem. naraven vir kolagena, ki podpira prebavo in zdravje sklepov Odli\u010dna za prelivanje \u010dez hrano, pripravo doma\u010dih pribolj\u0161kov ali kot osve\u017eitev, \u010de jo zamrznete v manj\u0161e porcije za vro\u010de dni primerno za zamrzovanje (pasji silikonski modeli) &nbsp;","jetpack_sharing_enabled":true,"_links":{"self":[{"href":"https:\/\/trgovina.pasjauniverza.si\/en\/wp-json\/wp\/v2\/product\/12929","targetHints":{"allow":["GET"]}}],"collection":[{"href":"https:\/\/trgovina.pasjauniverza.si\/en\/wp-json\/wp\/v2\/product"}],"about":[{"href":"https:\/\/trgovina.pasjauniverza.si\/en\/wp-json\/wp\/v2\/types\/product"}],"replies":[{"embeddable":true,"href":"https:\/\/trgovina.pasjauniverza.si\/en\/wp-json\/wp\/v2\/comments?post=12929"}],"wp:featuredmedia":[{"embeddable":true,"href":"https:\/\/trgovina.pasjauniverza.si\/en\/wp-json\/wp\/v2\/media\/12932"}],"wp:attachment":[{"href":"https:\/\/trgovina.pasjauniverza.si\/en\/wp-json\/wp\/v2\/media?parent=12929"}],"wp:term":[{"taxonomy":"product_brand","embeddable":true,"href":"https:\/\/trgovina.pasjauniverza.si\/en\/wp-json\/wp\/v2\/product_brand?post=12929"},{"taxonomy":"product_cat","embeddable":true,"href":"https:\/\/trgovina.pasjauniverza.si\/en\/wp-json\/wp\/v2\/product_cat?post=12929"},{"taxonomy":"product_tag","embeddable":true,"href":"https:\/\/trgovina.pasjauniverza.si\/en\/wp-json\/wp\/v2\/product_tag?post=12929"}],"curies":[{"name":"wp","href":"https:\/\/api.w.org\/{rel}","templated":true}]}}