
{"id":12837,"date":"2025-02-26T13:18:51","date_gmt":"2025-02-26T13:18:51","guid":{"rendered":"https:\/\/trgovina.pasjauniverza.si\/?post_type=product&#038;p=12837"},"modified":"2026-02-27T12:46:26","modified_gmt":"2026-02-27T12:46:26","slug":"biospotix-pipete-za-pse","status":"publish","type":"product","link":"https:\/\/trgovina.pasjauniverza.si\/en\/product\/biospotix-pipete-za-pse\/","title":{"rendered":"Biospotix PIPETE za pse <20kg"},"content":{"rendered":"<p><strong>Repelent v pipetah &#8211; naravno in u\u010dinkovito sredstvo s takoj\u0161njim delovanjem proti bolham<\/strong><strong>, klopom in komarjem\u00a0<\/strong><strong>za PSE\u00a0do 20kg, 5x 1ml<\/strong><\/p>\n<p><strong>U\u010cINKOVITOST:<\/strong>\u00a0Repelentna teko\u010dina, ki u\u010dinkovito za\u0161\u010diti va\u0161o doma\u010do \u017eival pred bolhami, klopi in komarji. Za splo\u0161no uporabo.<br \/>\nVsebuje geraniol. Lahko povzro\u010di alergijski odziv.<\/p>\n<p><strong>VSEBINA:<\/strong>\u00a05 pipet po 1 ml (neto vsebina: 5 ml)<\/p>\n<p><strong>AKTIVNA SNOV:<\/strong>\u00a0geraniol 0,75 ut.%.<\/p>\n<p><strong>UPORABA:<\/strong>\u00a0Izdelek nanesite\u00a0<strong>direktno na ko\u017eo od vratu do repa. U\u010dinkuje takoj.<\/strong>\u00a0Obnovite vsake 4 tedne za optimalno za\u0161\u010dito. Prepre\u010dite stik z o\u010dmi, nosom in sluznico. Hraniti zunaj dosega otrok. Ne uporabljati na \u017eivalih s po\u0161kodovano ko\u017eo, brejih in doje\u010dih samicah ter \u017eivalih, mlaj\u0161ih od treh mesecev. Samo za zunanjo uporabo \u2013 ne zau\u017eiti. V primeru zau\u017eitja ali \u010de dra\u017eenje ne mine, se posvetujte z veterinarjem.<\/p>\n<p><strong>DOZIRANJE:<\/strong>\u00a0Za pse la\u017eje od 10 kg dozirati 1 pipeto, za pse te\u017ee 10-20 kg dozirati\u00a0 2 x po 1 pipeto. Porabiti celotno vsebino pipete. Nanos obnoviti vsake 4 tedne za optimalno za\u0161\u010dito.<\/p>\n<p>Najdalj\u0161a za\u0161\u010dita traja za la\u017eje pse do 3 mesece, za te\u017eje pse 1,5 meseca.<\/p>\n<p>Neporabljen izdelek in embala\u017eo oddati skladno z nacionalnimi predpisi.<\/p>\n<p><strong>Skladi\u0161\u010denje:<\/strong>\u00a0Skladi\u0161\u010diti na sobni temperaturi, izogibajte se pregrevanju preko 50\u00b0C. Hraniti lo\u010deno od hrane, pija\u010de in krmil.<\/p>\n<p><strong>Rok uporabe in serijska \u0161tevilka:<\/strong>\u00a0odtisnjena na embala\u017ei.<\/p>\n<p><strong>Nasvet:<\/strong>\u00a0Le 5% bolh se dejansko nahaja na \u017eivali, ostale se zadr\u017eujejo v prostoru. Za\u0161\u010ditite tudi prostor z razpr\u0161ilom Biospotix INDOOR. Za dalj\u0161o in \u0161e bolj u\u010dinkovito za\u0161\u010dito priporo\u010damo souporabo Biospotix pipet za pse in\/ali Biospotix razpr\u0161ila za pse.<\/p>\n<p><strong>Cruelty Free &#8211; IZDELEK NI TESTIRAN NA \u017dIVALIH.<\/strong><\/p>\n<p>Podjetje Karmen Grubeli\u0107 s.p., Pasja Univerza izjavlja, da imajo vsi BIOSPOTIX biocidni proizvodi, skladno z Uredbo (EU) \u0161t. 1272\/2008 (CLP) , dolo\u010deno UFI kodo in izvedeno PCN notifikacijo za Slovenijo.<br \/>\nUFI: 8G2C-J02Y-D00K-SGGC<\/p>\n<p>Proizvajalec: LABORATOIRE BIOGANCE, ZONE INDUSTRIELLE ANJOU ATLANTIQUE, FR-49123 CHAMPTOCE SUR LOIRE, www.biospotix.com<\/p>","protected":false},"excerpt":{"rendered":"<ul>\n<li data-start=\"48\" data-end=\"516\"><strong>Repelent v pipetah &#8211; naravno in u\u010dinkovito sredstvo s takoj\u0161njim delovanjem proti bolham<\/strong><strong>, klopom in komarjem\u00a0<\/strong><strong>za PSE\u00a0do 20kg, 5x 1ml<\/strong><\/li>\n<li data-start=\"48\" data-end=\"516\">Repelentna teko\u010dina, ki\u00a0<strong>u\u010dinkovito za\u0161\u010diti va\u0161o doma\u010do \u017eival pred bolhami, klopi in komarji.<\/strong> Za splo\u0161no uporabo.<\/li>\n<\/ul>\n<ul>\n<li data-start=\"48\" data-end=\"516\"><strong data-start=\"469\" data-end=\"485\">Cruelty Free<\/strong> \u2013 <strong data-start=\"488\" data-end=\"515\">ni testirano na \u017eivalih<\/strong>.<\/li>\n<\/ul>","protected":false},"featured_media":12838,"comment_status":"open","ping_status":"closed","template":"","meta":{"_acf_changed":false,"_uag_custom_page_level_css":"","site-sidebar-layout":"default","site-content-layout":"","ast-site-content-layout":"default","site-content-style":"default","site-sidebar-style":"default","ast-global-header-display":"","ast-banner-title-visibility":"","ast-main-header-display":"","ast-hfb-above-header-display":"","ast-hfb-below-header-display":"","ast-hfb-mobile-header-display":"","site-post-title":"","ast-breadcrumbs-content":"","ast-featured-img":"","footer-sml-layout":"","ast-disable-related-posts":"","theme-transparent-header-meta":"default","adv-header-id-meta":"","stick-header-meta":"","header-above-stick-meta":"","header-main-stick-meta":"","header-below-stick-meta":"","astra-migrate-meta-layouts":"set","ast-page-background-enabled":"default","ast-page-background-meta":{"desktop":{"background-color":"","background-image":"","background-repeat":"repeat","background-position":"center center","background-size":"auto","background-attachment":"scroll","background-type":"","background-media":"","overlay-type":"","overlay-color":"","overlay-opacity":"","overlay-gradient":""},"tablet":{"background-color":"","background-image":"","background-repeat":"repeat","background-position":"center center","background-size":"auto","background-attachment":"scroll","background-type":"","background-media":"","overlay-type":"","overlay-color":"","overlay-opacity":"","overlay-gradient":""},"mobile":{"background-color":"","background-image":"","background-repeat":"repeat","background-position":"center center","background-size":"auto","background-attachment":"scroll","background-type":"","background-media":"","overlay-type":"","overlay-color":"","overlay-opacity":"","overlay-gradient":""}},"ast-content-background-meta":{"desktop":{"background-color":"var(--ast-global-color-5)","background-image":"","background-repeat":"repeat","background-position":"center center","background-size":"auto","background-attachment":"scroll","background-type":"","background-media":"","overlay-type":"","overlay-color":"","overlay-opacity":"","overlay-gradient":""},"tablet":{"background-color":"var(--ast-global-color-5)","background-image":"","background-repeat":"repeat","background-position":"center center","background-size":"auto","background-attachment":"scroll","background-type":"","background-media":"","overlay-type":"","overlay-color":"","overlay-opacity":"","overlay-gradient":""},"mobile":{"background-color":"var(--ast-global-color-5)","background-image":"","background-repeat":"repeat","background-position":"center center","background-size":"auto","background-attachment":"scroll","background-type":"","background-media":"","overlay-type":"","overlay-color":"","overlay-opacity":"","overlay-gradient":""}}},"product_brand":[759],"product_cat":[685,94,18],"product_tag":[505,503,502,504,507,506],"class_list":{"0":"post-12837","1":"product","2":"type-product","3":"status-publish","4":"has-post-thumbnail","6":"product_brand-biospotix","7":"product_cat-antiparazitiki","8":"product_cat-nega","9":"product_cat-vsi-izdelki","10":"product_tag-antiparazitik","11":"product_tag-bolhe","12":"product_tag-klopi","13":"product_tag-naravni-antiparazitik","14":"product_tag-zascita","15":"product_tag-zascita-za-psa","16":"desktop-align-center","17":"tablet-align-center","18":"mobile-align-center","20":"first","21":"instock","22":"shipping-taxable","23":"purchasable","24":"product-type-simple"},"acf":[],"yoast_head":"<!-- This site is optimized with the Yoast SEO plugin v27.4 - https:\/\/yoast.com\/product\/yoast-seo-wordpress\/ -->\n<title>Biospotix PIPETE za pse<\/title>\n<meta name=\"description\" content=\"Biospotix PIPETE za velike pse &lt;20kg\" \/>\n<meta name=\"robots\" content=\"index, follow, max-snippet:-1, max-image-preview:large, max-video-preview:-1\" \/>\n<link rel=\"canonical\" href=\"https:\/\/trgovina.pasjauniverza.si\/en\/product\/biospotix-pipete-za-pse\/\" \/>\n<meta property=\"og:locale\" content=\"en_US\" \/>\n<meta property=\"og:type\" content=\"article\" \/>\n<meta property=\"og:title\" content=\"Biospotix PIPETE za pse\" \/>\n<meta property=\"og:description\" content=\"Biospotix PIPETE za velike pse &lt;20kg\" \/>\n<meta property=\"og:url\" content=\"https:\/\/trgovina.pasjauniverza.si\/en\/product\/biospotix-pipete-za-pse\/\" \/>\n<meta property=\"og:site_name\" content=\"Trgovina Pasja Univerza\" \/>\n<meta property=\"article:modified_time\" content=\"2026-02-27T12:46:26+00:00\" \/>\n<meta property=\"og:image\" content=\"https:\/\/trgovina.pasjauniverza.si\/wp-content\/uploads\/2025\/02\/biospotix-za-PSE-do-20kg-5x-1ml.webp\" \/>\n\t<meta property=\"og:image:width\" content=\"630\" \/>\n\t<meta property=\"og:image:height\" content=\"630\" \/>\n\t<meta property=\"og:image:type\" content=\"image\/webp\" \/>\n<meta name=\"twitter:card\" content=\"summary_large_image\" \/>\n<meta name=\"twitter:label1\" content=\"Est. reading time\" \/>\n\t<meta name=\"twitter:data1\" content=\"2 minutes\" \/>\n<script type=\"application\/ld+json\" class=\"yoast-schema-graph\">{\"@context\":\"https:\\\/\\\/schema.org\",\"@graph\":[{\"@type\":\"WebPage\",\"@id\":\"https:\\\/\\\/trgovina.pasjauniverza.si\\\/product\\\/biospotix-pipete-za-pse\\\/\",\"url\":\"https:\\\/\\\/trgovina.pasjauniverza.si\\\/product\\\/biospotix-pipete-za-pse\\\/\",\"name\":\"Biospotix PIPETE za pse\",\"isPartOf\":{\"@id\":\"https:\\\/\\\/trgovina.pasjauniverza.si\\\/#website\"},\"primaryImageOfPage\":{\"@id\":\"https:\\\/\\\/trgovina.pasjauniverza.si\\\/product\\\/biospotix-pipete-za-pse\\\/#primaryimage\"},\"image\":{\"@id\":\"https:\\\/\\\/trgovina.pasjauniverza.si\\\/product\\\/biospotix-pipete-za-pse\\\/#primaryimage\"},\"thumbnailUrl\":\"https:\\\/\\\/trgovina.pasjauniverza.si\\\/wp-content\\\/uploads\\\/2025\\\/02\\\/biospotix-za-PSE-do-20kg-5x-1ml.webp\",\"datePublished\":\"2025-02-26T13:18:51+00:00\",\"dateModified\":\"2026-02-27T12:46:26+00:00\",\"description\":\"Biospotix PIPETE za velike pse &lt;20kg\",\"breadcrumb\":{\"@id\":\"https:\\\/\\\/trgovina.pasjauniverza.si\\\/product\\\/biospotix-pipete-za-pse\\\/#breadcrumb\"},\"inLanguage\":\"en-US\",\"potentialAction\":[{\"@type\":\"ReadAction\",\"target\":[\"https:\\\/\\\/trgovina.pasjauniverza.si\\\/product\\\/biospotix-pipete-za-pse\\\/\"]}]},{\"@type\":\"ImageObject\",\"inLanguage\":\"en-US\",\"@id\":\"https:\\\/\\\/trgovina.pasjauniverza.si\\\/product\\\/biospotix-pipete-za-pse\\\/#primaryimage\",\"url\":\"https:\\\/\\\/trgovina.pasjauniverza.si\\\/wp-content\\\/uploads\\\/2025\\\/02\\\/biospotix-za-PSE-do-20kg-5x-1ml.webp\",\"contentUrl\":\"https:\\\/\\\/trgovina.pasjauniverza.si\\\/wp-content\\\/uploads\\\/2025\\\/02\\\/biospotix-za-PSE-do-20kg-5x-1ml.webp\",\"width\":630,\"height\":630,\"caption\":\"biospotix za PSE do 20kg, 5x 1ml\"},{\"@type\":\"BreadcrumbList\",\"@id\":\"https:\\\/\\\/trgovina.pasjauniverza.si\\\/product\\\/biospotix-pipete-za-pse\\\/#breadcrumb\",\"itemListElement\":[{\"@type\":\"ListItem\",\"position\":1,\"name\":\"Home\",\"item\":\"https:\\\/\\\/trgovina.pasjauniverza.si\\\/\"},{\"@type\":\"ListItem\",\"position\":2,\"name\":\"Trgovina\",\"item\":\"https:\\\/\\\/trgovina.pasjauniverza.si\\\/trgovina\\\/\"},{\"@type\":\"ListItem\",\"position\":3,\"name\":\"Biospotix PIPETE za pse\"}]},{\"@type\":\"WebSite\",\"@id\":\"https:\\\/\\\/trgovina.pasjauniverza.si\\\/#website\",\"url\":\"https:\\\/\\\/trgovina.pasjauniverza.si\\\/\",\"name\":\"Trgovina Pasja Univerza\",\"description\":\"pasja univerza trgovina\",\"publisher\":{\"@id\":\"https:\\\/\\\/trgovina.pasjauniverza.si\\\/#organization\"},\"potentialAction\":[{\"@type\":\"SearchAction\",\"target\":{\"@type\":\"EntryPoint\",\"urlTemplate\":\"https:\\\/\\\/trgovina.pasjauniverza.si\\\/?s={search_term_string}\"},\"query-input\":{\"@type\":\"PropertyValueSpecification\",\"valueRequired\":true,\"valueName\":\"search_term_string\"}}],\"inLanguage\":\"en-US\"},{\"@type\":\"Organization\",\"@id\":\"https:\\\/\\\/trgovina.pasjauniverza.si\\\/#organization\",\"name\":\"Trgovina Pasja Univerza\",\"url\":\"https:\\\/\\\/trgovina.pasjauniverza.si\\\/\",\"logo\":{\"@type\":\"ImageObject\",\"inLanguage\":\"en-US\",\"@id\":\"https:\\\/\\\/trgovina.pasjauniverza.si\\\/#\\\/schema\\\/logo\\\/image\\\/\",\"url\":\"https:\\\/\\\/trgovina.pasjauniverza.si\\\/wp-content\\\/uploads\\\/2024\\\/08\\\/cropped-logotipi-vector-04.png\",\"contentUrl\":\"https:\\\/\\\/trgovina.pasjauniverza.si\\\/wp-content\\\/uploads\\\/2024\\\/08\\\/cropped-logotipi-vector-04.png\",\"width\":942,\"height\":908,\"caption\":\"Trgovina Pasja Univerza\"},\"image\":{\"@id\":\"https:\\\/\\\/trgovina.pasjauniverza.si\\\/#\\\/schema\\\/logo\\\/image\\\/\"}}]}<\/script>\n<!-- \/ Yoast SEO plugin. -->","yoast_head_json":{"title":"Biospotix PIPETE za pse","description":"Biospotix PIPETE za velike pse &lt;20kg","robots":{"index":"index","follow":"follow","max-snippet":"max-snippet:-1","max-image-preview":"max-image-preview:large","max-video-preview":"max-video-preview:-1"},"canonical":"https:\/\/trgovina.pasjauniverza.si\/en\/product\/biospotix-pipete-za-pse\/","og_locale":"en_US","og_type":"article","og_title":"Biospotix PIPETE za pse","og_description":"Biospotix PIPETE za velike pse &lt;20kg","og_url":"https:\/\/trgovina.pasjauniverza.si\/en\/product\/biospotix-pipete-za-pse\/","og_site_name":"Trgovina Pasja Univerza","article_modified_time":"2026-02-27T12:46:26+00:00","og_image":[{"width":630,"height":630,"url":"https:\/\/trgovina.pasjauniverza.si\/wp-content\/uploads\/2025\/02\/biospotix-za-PSE-do-20kg-5x-1ml.webp","type":"image\/webp"}],"twitter_card":"summary_large_image","twitter_misc":{"Est. reading time":"2 minutes"},"schema":{"@context":"https:\/\/schema.org","@graph":[{"@type":"WebPage","@id":"https:\/\/trgovina.pasjauniverza.si\/product\/biospotix-pipete-za-pse\/","url":"https:\/\/trgovina.pasjauniverza.si\/product\/biospotix-pipete-za-pse\/","name":"Biospotix PIPETE za pse","isPartOf":{"@id":"https:\/\/trgovina.pasjauniverza.si\/#website"},"primaryImageOfPage":{"@id":"https:\/\/trgovina.pasjauniverza.si\/product\/biospotix-pipete-za-pse\/#primaryimage"},"image":{"@id":"https:\/\/trgovina.pasjauniverza.si\/product\/biospotix-pipete-za-pse\/#primaryimage"},"thumbnailUrl":"https:\/\/trgovina.pasjauniverza.si\/wp-content\/uploads\/2025\/02\/biospotix-za-PSE-do-20kg-5x-1ml.webp","datePublished":"2025-02-26T13:18:51+00:00","dateModified":"2026-02-27T12:46:26+00:00","description":"Biospotix PIPETE za velike pse &lt;20kg","breadcrumb":{"@id":"https:\/\/trgovina.pasjauniverza.si\/product\/biospotix-pipete-za-pse\/#breadcrumb"},"inLanguage":"en-US","potentialAction":[{"@type":"ReadAction","target":["https:\/\/trgovina.pasjauniverza.si\/product\/biospotix-pipete-za-pse\/"]}]},{"@type":"ImageObject","inLanguage":"en-US","@id":"https:\/\/trgovina.pasjauniverza.si\/product\/biospotix-pipete-za-pse\/#primaryimage","url":"https:\/\/trgovina.pasjauniverza.si\/wp-content\/uploads\/2025\/02\/biospotix-za-PSE-do-20kg-5x-1ml.webp","contentUrl":"https:\/\/trgovina.pasjauniverza.si\/wp-content\/uploads\/2025\/02\/biospotix-za-PSE-do-20kg-5x-1ml.webp","width":630,"height":630,"caption":"biospotix za PSE do 20kg, 5x 1ml"},{"@type":"BreadcrumbList","@id":"https:\/\/trgovina.pasjauniverza.si\/product\/biospotix-pipete-za-pse\/#breadcrumb","itemListElement":[{"@type":"ListItem","position":1,"name":"Home","item":"https:\/\/trgovina.pasjauniverza.si\/"},{"@type":"ListItem","position":2,"name":"Trgovina","item":"https:\/\/trgovina.pasjauniverza.si\/trgovina\/"},{"@type":"ListItem","position":3,"name":"Biospotix PIPETE za pse"}]},{"@type":"WebSite","@id":"https:\/\/trgovina.pasjauniverza.si\/#website","url":"https:\/\/trgovina.pasjauniverza.si\/","name":"Trgovina Pasja Univerza","description":"pasja univerza trgovina","publisher":{"@id":"https:\/\/trgovina.pasjauniverza.si\/#organization"},"potentialAction":[{"@type":"SearchAction","target":{"@type":"EntryPoint","urlTemplate":"https:\/\/trgovina.pasjauniverza.si\/?s={search_term_string}"},"query-input":{"@type":"PropertyValueSpecification","valueRequired":true,"valueName":"search_term_string"}}],"inLanguage":"en-US"},{"@type":"Organization","@id":"https:\/\/trgovina.pasjauniverza.si\/#organization","name":"Trgovina Pasja Univerza","url":"https:\/\/trgovina.pasjauniverza.si\/","logo":{"@type":"ImageObject","inLanguage":"en-US","@id":"https:\/\/trgovina.pasjauniverza.si\/#\/schema\/logo\/image\/","url":"https:\/\/trgovina.pasjauniverza.si\/wp-content\/uploads\/2024\/08\/cropped-logotipi-vector-04.png","contentUrl":"https:\/\/trgovina.pasjauniverza.si\/wp-content\/uploads\/2024\/08\/cropped-logotipi-vector-04.png","width":942,"height":908,"caption":"Trgovina Pasja Univerza"},"image":{"@id":"https:\/\/trgovina.pasjauniverza.si\/#\/schema\/logo\/image\/"}}]}},"uagb_featured_image_src":{"full":["https:\/\/trgovina.pasjauniverza.si\/wp-content\/uploads\/2025\/02\/biospotix-za-PSE-do-20kg-5x-1ml.webp",630,630,false],"thumbnail":["https:\/\/trgovina.pasjauniverza.si\/wp-content\/uploads\/2025\/02\/biospotix-za-PSE-do-20kg-5x-1ml-150x150.webp",150,150,true],"medium":["https:\/\/trgovina.pasjauniverza.si\/wp-content\/uploads\/2025\/02\/biospotix-za-PSE-do-20kg-5x-1ml-300x300.webp",300,300,true],"medium_large":["https:\/\/trgovina.pasjauniverza.si\/wp-content\/uploads\/2025\/02\/biospotix-za-PSE-do-20kg-5x-1ml.webp",630,630,false],"large":["https:\/\/trgovina.pasjauniverza.si\/wp-content\/uploads\/2025\/02\/biospotix-za-PSE-do-20kg-5x-1ml.webp",630,630,false],"1536x1536":["https:\/\/trgovina.pasjauniverza.si\/wp-content\/uploads\/2025\/02\/biospotix-za-PSE-do-20kg-5x-1ml.webp",630,630,false],"2048x2048":["https:\/\/trgovina.pasjauniverza.si\/wp-content\/uploads\/2025\/02\/biospotix-za-PSE-do-20kg-5x-1ml.webp",630,630,false],"trp-custom-language-flag":["https:\/\/trgovina.pasjauniverza.si\/wp-content\/uploads\/2025\/02\/biospotix-za-PSE-do-20kg-5x-1ml-12x12.webp",12,12,true],"woocommerce_thumbnail":["https:\/\/trgovina.pasjauniverza.si\/wp-content\/uploads\/2025\/02\/biospotix-za-PSE-do-20kg-5x-1ml-300x300.webp",300,300,true],"woocommerce_single":["https:\/\/trgovina.pasjauniverza.si\/wp-content\/uploads\/2025\/02\/biospotix-za-PSE-do-20kg-5x-1ml-600x600.webp",600,600,true],"woocommerce_gallery_thumbnail":["https:\/\/trgovina.pasjauniverza.si\/wp-content\/uploads\/2025\/02\/biospotix-za-PSE-do-20kg-5x-1ml-100x100.webp",100,100,true]},"uagb_author_info":{"display_name":"Karmen Grubeli\u0107, dr.vet.med.","author_link":"https:\/\/trgovina.pasjauniverza.si\/en\/author\/"},"uagb_comment_info":0,"uagb_excerpt":"Repelent v pipetah - naravno in u\u010dinkovito sredstvo s takoj\u0161njim delovanjem proti bolham, klopom in komarjem\u00a0za PSE\u00a0do 20kg, 5x 1ml Repelentna teko\u010dina, ki\u00a0u\u010dinkovito za\u0161\u010diti va\u0161o doma\u010do \u017eival pred bolhami, klopi in komarji. Za splo\u0161no uporabo. Cruelty Free \u2013 ni testirano na \u017eivalih.","jetpack_sharing_enabled":true,"_links":{"self":[{"href":"https:\/\/trgovina.pasjauniverza.si\/en\/wp-json\/wp\/v2\/product\/12837","targetHints":{"allow":["GET"]}}],"collection":[{"href":"https:\/\/trgovina.pasjauniverza.si\/en\/wp-json\/wp\/v2\/product"}],"about":[{"href":"https:\/\/trgovina.pasjauniverza.si\/en\/wp-json\/wp\/v2\/types\/product"}],"replies":[{"embeddable":true,"href":"https:\/\/trgovina.pasjauniverza.si\/en\/wp-json\/wp\/v2\/comments?post=12837"}],"wp:featuredmedia":[{"embeddable":true,"href":"https:\/\/trgovina.pasjauniverza.si\/en\/wp-json\/wp\/v2\/media\/12838"}],"wp:attachment":[{"href":"https:\/\/trgovina.pasjauniverza.si\/en\/wp-json\/wp\/v2\/media?parent=12837"}],"wp:term":[{"taxonomy":"product_brand","embeddable":true,"href":"https:\/\/trgovina.pasjauniverza.si\/en\/wp-json\/wp\/v2\/product_brand?post=12837"},{"taxonomy":"product_cat","embeddable":true,"href":"https:\/\/trgovina.pasjauniverza.si\/en\/wp-json\/wp\/v2\/product_cat?post=12837"},{"taxonomy":"product_tag","embeddable":true,"href":"https:\/\/trgovina.pasjauniverza.si\/en\/wp-json\/wp\/v2\/product_tag?post=12837"}],"curies":[{"name":"wp","href":"https:\/\/api.w.org\/{rel}","templated":true}]}}