
{"id":12833,"date":"2025-02-26T12:33:57","date_gmt":"2025-02-26T12:33:57","guid":{"rendered":"https:\/\/trgovina.pasjauniverza.si\/?post_type=product&#038;p=12833"},"modified":"2025-12-28T11:45:37","modified_gmt":"2025-12-28T11:45:37","slug":"biospotix-indoor-razprsilo-500ml","status":"publish","type":"product","link":"https:\/\/trgovina.pasjauniverza.si\/en\/product\/biospotix-indoor-razprsilo-500ml\/","title":{"rendered":"Biospotix INDOOR razpr\u0161ilo 500ml"},"content":{"rendered":"<p><strong>Repelent v razpr\u0161ilu\u00a0&#8211; naravno in u\u010dinkovito sredstvo s takoj\u0161njim delovanjem<\/strong>\u00a0<strong>proti bolham, klopom in komarjem<\/strong>\u00a0<strong>za\u00a0PROSTOR, 500ml<\/strong><\/p>\n<p><strong>U\u010cINKOVITOST:<\/strong>\u00a0Repelentna teko\u010dina v razpr\u0161ilu, ki pomaga za\u0161\u010diti va\u0161 prostor pred bolhami, klopi in komarji. Za splo\u0161no uporabo.<\/p>\n<p><strong>VSEBINA:<\/strong>\u00a0500 ml je dovolj za 100m2<\/p>\n<p><strong>AKTIVNA SNOV:<\/strong>\u00a0geraniol 0,70 ut.%.<\/p>\n<p><strong>UPORABA:<\/strong>\u00a0Pred uporabo pretresti. Sredstvo\u00a0<strong>razpr\u0161ite z razdalje 30 cm direktno po prostoru, kjer se \u017eival zadr\u017euje (le\u017ei\u0161\u010da, kav\u010di, ute, avto). Uporabite 5 razpr\u0161kov za 1m2.<\/strong>\u00a0U\u010dinkuje takoj. Hraniti zunaj dosega otrok. Samo za zunanjo uporabo \u2013 ne zau\u017eiti. V primeru zau\u017eitja ali \u010de dra\u017eenje ne mine, se posvetujte z veterinarjem. Vsebuje geraniol. Lahko povzro\u010di alergijski odziv.<\/p>\n<p><strong>Deluje 48 ur.<\/strong><\/p>\n<p>Neporabljen izdelek in embala\u017eo oddati skladno z nacionalnimi predpisi.<\/p>\n<p>Rok uporabe in serijska \u0161tevilka: odtisnjena na embala\u017ei.<\/p>\n<p>Cruelty Free &#8211; IZDELEK NI TESTIRAN NA \u017dIVALIH.<\/p>\n<p>Podjetje Karmen Grubeli\u0107 s.p., Pasja Univerza izjavlja, da imajo vsi BIOSPOTIX biocidni proizvodi, skladno z Uredbo (EU) \u0161t. 1272\/2008 (CLP) , dolo\u010deno UFI kodo in izvedeno PCN notifikacijo za Slovenijo.<br \/>\nUFI: 8G2C-J02Y-D00K-SGGC<\/p>\n<p>Proizvajalec: LABORATOIRE BIOGANCE, ZONE INDUSTRIELLE ANJOU ATLANTIQUE, FR-49123 CHAMPTOCE SUR LOIRE, www.biospotix.com<\/p>","protected":false},"excerpt":{"rendered":"<p data-start=\"0\" data-end=\"46\"><strong data-start=\"0\" data-end=\"44\">Repelent proti bolham, klopom in komarjem v razpr\u0161ilu za prostor \u2013 500 ml<\/strong><\/p>\n<ul>\n<li data-start=\"48\" data-end=\"516\"><strong data-start=\"51\" data-end=\"79\">Naravna za\u0161\u010dita prostora<\/strong> pred bolhami, klopi in komarji.<\/li>\n<li data-start=\"48\" data-end=\"516\"><strong>U\u010dinkuje takoj<\/strong> po nanosu.<\/li>\n<li data-start=\"48\" data-end=\"516\">\u00a0500 ml zadostuje za <strong data-start=\"390\" data-end=\"400\">100 m\u00b2<\/strong>.<\/li>\n<li data-start=\"48\" data-end=\"516\"><strong data-start=\"469\" data-end=\"485\">Cruelty Free<\/strong> \u2013 <strong data-start=\"488\" data-end=\"515\">ni testirano na \u017eivalih<\/strong>.<\/li>\n<\/ul>","protected":false},"featured_media":12834,"comment_status":"open","ping_status":"closed","template":"","meta":{"_acf_changed":false,"_uag_custom_page_level_css":"","site-sidebar-layout":"default","site-content-layout":"","ast-site-content-layout":"default","site-content-style":"default","site-sidebar-style":"default","ast-global-header-display":"","ast-banner-title-visibility":"","ast-main-header-display":"","ast-hfb-above-header-display":"","ast-hfb-below-header-display":"","ast-hfb-mobile-header-display":"","site-post-title":"","ast-breadcrumbs-content":"","ast-featured-img":"","footer-sml-layout":"","ast-disable-related-posts":"","theme-transparent-header-meta":"default","adv-header-id-meta":"","stick-header-meta":"","header-above-stick-meta":"","header-main-stick-meta":"","header-below-stick-meta":"","astra-migrate-meta-layouts":"set","ast-page-background-enabled":"default","ast-page-background-meta":{"desktop":{"background-color":"","background-image":"","background-repeat":"repeat","background-position":"center center","background-size":"auto","background-attachment":"scroll","background-type":"","background-media":"","overlay-type":"","overlay-color":"","overlay-opacity":"","overlay-gradient":""},"tablet":{"background-color":"","background-image":"","background-repeat":"repeat","background-position":"center center","background-size":"auto","background-attachment":"scroll","background-type":"","background-media":"","overlay-type":"","overlay-color":"","overlay-opacity":"","overlay-gradient":""},"mobile":{"background-color":"","background-image":"","background-repeat":"repeat","background-position":"center center","background-size":"auto","background-attachment":"scroll","background-type":"","background-media":"","overlay-type":"","overlay-color":"","overlay-opacity":"","overlay-gradient":""}},"ast-content-background-meta":{"desktop":{"background-color":"var(--ast-global-color-5)","background-image":"","background-repeat":"repeat","background-position":"center center","background-size":"auto","background-attachment":"scroll","background-type":"","background-media":"","overlay-type":"","overlay-color":"","overlay-opacity":"","overlay-gradient":""},"tablet":{"background-color":"var(--ast-global-color-5)","background-image":"","background-repeat":"repeat","background-position":"center center","background-size":"auto","background-attachment":"scroll","background-type":"","background-media":"","overlay-type":"","overlay-color":"","overlay-opacity":"","overlay-gradient":""},"mobile":{"background-color":"var(--ast-global-color-5)","background-image":"","background-repeat":"repeat","background-position":"center center","background-size":"auto","background-attachment":"scroll","background-type":"","background-media":"","overlay-type":"","overlay-color":"","overlay-opacity":"","overlay-gradient":""}}},"product_brand":[759],"product_cat":[685,94,18],"product_tag":[505,503,502,504,507,506],"class_list":{"0":"post-12833","1":"product","2":"type-product","3":"status-publish","4":"has-post-thumbnail","6":"product_brand-biospotix","7":"product_cat-antiparazitiki","8":"product_cat-nega","9":"product_cat-vsi-izdelki","10":"product_tag-antiparazitik","11":"product_tag-bolhe","12":"product_tag-klopi","13":"product_tag-naravni-antiparazitik","14":"product_tag-zascita","15":"product_tag-zascita-za-psa","16":"desktop-align-center","17":"tablet-align-center","18":"mobile-align-center","20":"first","21":"instock","22":"shipping-taxable","23":"purchasable","24":"product-type-simple"},"acf":[],"yoast_head":"<!-- This site is optimized with the Yoast SEO plugin v27.4 - https:\/\/yoast.com\/product\/yoast-seo-wordpress\/ -->\n<title>Biospotix INDOOR razpr\u0161ilo 500ml - Trgovina Pasja Univerza<\/title>\n<meta name=\"description\" content=\"Repelent v razpr\u0161ilu proti bolham, klopom in komarjem \u2013 500 ml\" \/>\n<meta name=\"robots\" content=\"index, follow, max-snippet:-1, max-image-preview:large, max-video-preview:-1\" \/>\n<link rel=\"canonical\" href=\"https:\/\/trgovina.pasjauniverza.si\/en\/product\/biospotix-indoor-razprsilo-500ml\/\" \/>\n<meta property=\"og:locale\" content=\"en_US\" \/>\n<meta property=\"og:type\" content=\"article\" \/>\n<meta property=\"og:title\" content=\"Biospotix INDOOR razpr\u0161ilo 500ml - Trgovina Pasja Univerza\" \/>\n<meta property=\"og:description\" content=\"Repelent v razpr\u0161ilu proti bolham, klopom in komarjem \u2013 500 ml\" \/>\n<meta property=\"og:url\" content=\"https:\/\/trgovina.pasjauniverza.si\/en\/product\/biospotix-indoor-razprsilo-500ml\/\" \/>\n<meta property=\"og:site_name\" content=\"Trgovina Pasja Univerza\" \/>\n<meta property=\"article:modified_time\" content=\"2025-12-28T11:45:37+00:00\" \/>\n<meta property=\"og:image\" content=\"https:\/\/trgovina.pasjauniverza.si\/wp-content\/uploads\/2025\/02\/Biospotix-INDOOR-razprsilo-500ml.webp\" \/>\n\t<meta property=\"og:image:width\" content=\"630\" \/>\n\t<meta property=\"og:image:height\" content=\"630\" \/>\n\t<meta property=\"og:image:type\" content=\"image\/webp\" \/>\n<meta name=\"twitter:card\" content=\"summary_large_image\" \/>\n<meta name=\"twitter:label1\" content=\"Est. reading time\" \/>\n\t<meta name=\"twitter:data1\" content=\"2 minutes\" \/>\n<script type=\"application\/ld+json\" class=\"yoast-schema-graph\">{\"@context\":\"https:\\\/\\\/schema.org\",\"@graph\":[{\"@type\":\"WebPage\",\"@id\":\"https:\\\/\\\/trgovina.pasjauniverza.si\\\/product\\\/biospotix-indoor-razprsilo-500ml\\\/\",\"url\":\"https:\\\/\\\/trgovina.pasjauniverza.si\\\/product\\\/biospotix-indoor-razprsilo-500ml\\\/\",\"name\":\"Biospotix INDOOR razpr\u0161ilo 500ml - Trgovina Pasja Univerza\",\"isPartOf\":{\"@id\":\"https:\\\/\\\/trgovina.pasjauniverza.si\\\/#website\"},\"primaryImageOfPage\":{\"@id\":\"https:\\\/\\\/trgovina.pasjauniverza.si\\\/product\\\/biospotix-indoor-razprsilo-500ml\\\/#primaryimage\"},\"image\":{\"@id\":\"https:\\\/\\\/trgovina.pasjauniverza.si\\\/product\\\/biospotix-indoor-razprsilo-500ml\\\/#primaryimage\"},\"thumbnailUrl\":\"https:\\\/\\\/trgovina.pasjauniverza.si\\\/wp-content\\\/uploads\\\/2025\\\/02\\\/Biospotix-INDOOR-razprsilo-500ml.webp\",\"datePublished\":\"2025-02-26T12:33:57+00:00\",\"dateModified\":\"2025-12-28T11:45:37+00:00\",\"description\":\"Repelent v razpr\u0161ilu proti bolham, klopom in komarjem \u2013 500 ml\",\"breadcrumb\":{\"@id\":\"https:\\\/\\\/trgovina.pasjauniverza.si\\\/product\\\/biospotix-indoor-razprsilo-500ml\\\/#breadcrumb\"},\"inLanguage\":\"en-US\",\"potentialAction\":[{\"@type\":\"ReadAction\",\"target\":[\"https:\\\/\\\/trgovina.pasjauniverza.si\\\/product\\\/biospotix-indoor-razprsilo-500ml\\\/\"]}]},{\"@type\":\"ImageObject\",\"inLanguage\":\"en-US\",\"@id\":\"https:\\\/\\\/trgovina.pasjauniverza.si\\\/product\\\/biospotix-indoor-razprsilo-500ml\\\/#primaryimage\",\"url\":\"https:\\\/\\\/trgovina.pasjauniverza.si\\\/wp-content\\\/uploads\\\/2025\\\/02\\\/Biospotix-INDOOR-razprsilo-500ml.webp\",\"contentUrl\":\"https:\\\/\\\/trgovina.pasjauniverza.si\\\/wp-content\\\/uploads\\\/2025\\\/02\\\/Biospotix-INDOOR-razprsilo-500ml.webp\",\"width\":630,\"height\":630},{\"@type\":\"BreadcrumbList\",\"@id\":\"https:\\\/\\\/trgovina.pasjauniverza.si\\\/product\\\/biospotix-indoor-razprsilo-500ml\\\/#breadcrumb\",\"itemListElement\":[{\"@type\":\"ListItem\",\"position\":1,\"name\":\"Home\",\"item\":\"https:\\\/\\\/trgovina.pasjauniverza.si\\\/\"},{\"@type\":\"ListItem\",\"position\":2,\"name\":\"Trgovina\",\"item\":\"https:\\\/\\\/trgovina.pasjauniverza.si\\\/trgovina\\\/\"},{\"@type\":\"ListItem\",\"position\":3,\"name\":\"Biospotix INDOOR razpr\u0161ilo 500ml\"}]},{\"@type\":\"WebSite\",\"@id\":\"https:\\\/\\\/trgovina.pasjauniverza.si\\\/#website\",\"url\":\"https:\\\/\\\/trgovina.pasjauniverza.si\\\/\",\"name\":\"Trgovina Pasja Univerza\",\"description\":\"pasja univerza trgovina\",\"publisher\":{\"@id\":\"https:\\\/\\\/trgovina.pasjauniverza.si\\\/#organization\"},\"potentialAction\":[{\"@type\":\"SearchAction\",\"target\":{\"@type\":\"EntryPoint\",\"urlTemplate\":\"https:\\\/\\\/trgovina.pasjauniverza.si\\\/?s={search_term_string}\"},\"query-input\":{\"@type\":\"PropertyValueSpecification\",\"valueRequired\":true,\"valueName\":\"search_term_string\"}}],\"inLanguage\":\"en-US\"},{\"@type\":\"Organization\",\"@id\":\"https:\\\/\\\/trgovina.pasjauniverza.si\\\/#organization\",\"name\":\"Trgovina Pasja Univerza\",\"url\":\"https:\\\/\\\/trgovina.pasjauniverza.si\\\/\",\"logo\":{\"@type\":\"ImageObject\",\"inLanguage\":\"en-US\",\"@id\":\"https:\\\/\\\/trgovina.pasjauniverza.si\\\/#\\\/schema\\\/logo\\\/image\\\/\",\"url\":\"https:\\\/\\\/trgovina.pasjauniverza.si\\\/wp-content\\\/uploads\\\/2024\\\/08\\\/cropped-logotipi-vector-04.png\",\"contentUrl\":\"https:\\\/\\\/trgovina.pasjauniverza.si\\\/wp-content\\\/uploads\\\/2024\\\/08\\\/cropped-logotipi-vector-04.png\",\"width\":942,\"height\":908,\"caption\":\"Trgovina Pasja Univerza\"},\"image\":{\"@id\":\"https:\\\/\\\/trgovina.pasjauniverza.si\\\/#\\\/schema\\\/logo\\\/image\\\/\"}}]}<\/script>\n<!-- \/ Yoast SEO plugin. -->","yoast_head_json":{"title":"Biospotix INDOOR razpr\u0161ilo 500ml - Trgovina Pasja Univerza","description":"Repelent v razpr\u0161ilu proti bolham, klopom in komarjem \u2013 500 ml","robots":{"index":"index","follow":"follow","max-snippet":"max-snippet:-1","max-image-preview":"max-image-preview:large","max-video-preview":"max-video-preview:-1"},"canonical":"https:\/\/trgovina.pasjauniverza.si\/en\/product\/biospotix-indoor-razprsilo-500ml\/","og_locale":"en_US","og_type":"article","og_title":"Biospotix INDOOR razpr\u0161ilo 500ml - Trgovina Pasja Univerza","og_description":"Repelent v razpr\u0161ilu proti bolham, klopom in komarjem \u2013 500 ml","og_url":"https:\/\/trgovina.pasjauniverza.si\/en\/product\/biospotix-indoor-razprsilo-500ml\/","og_site_name":"Trgovina Pasja Univerza","article_modified_time":"2025-12-28T11:45:37+00:00","og_image":[{"width":630,"height":630,"url":"https:\/\/trgovina.pasjauniverza.si\/wp-content\/uploads\/2025\/02\/Biospotix-INDOOR-razprsilo-500ml.webp","type":"image\/webp"}],"twitter_card":"summary_large_image","twitter_misc":{"Est. reading time":"2 minutes"},"schema":{"@context":"https:\/\/schema.org","@graph":[{"@type":"WebPage","@id":"https:\/\/trgovina.pasjauniverza.si\/product\/biospotix-indoor-razprsilo-500ml\/","url":"https:\/\/trgovina.pasjauniverza.si\/product\/biospotix-indoor-razprsilo-500ml\/","name":"Biospotix INDOOR razpr\u0161ilo 500ml - Trgovina Pasja Univerza","isPartOf":{"@id":"https:\/\/trgovina.pasjauniverza.si\/#website"},"primaryImageOfPage":{"@id":"https:\/\/trgovina.pasjauniverza.si\/product\/biospotix-indoor-razprsilo-500ml\/#primaryimage"},"image":{"@id":"https:\/\/trgovina.pasjauniverza.si\/product\/biospotix-indoor-razprsilo-500ml\/#primaryimage"},"thumbnailUrl":"https:\/\/trgovina.pasjauniverza.si\/wp-content\/uploads\/2025\/02\/Biospotix-INDOOR-razprsilo-500ml.webp","datePublished":"2025-02-26T12:33:57+00:00","dateModified":"2025-12-28T11:45:37+00:00","description":"Repelent v razpr\u0161ilu proti bolham, klopom in komarjem \u2013 500 ml","breadcrumb":{"@id":"https:\/\/trgovina.pasjauniverza.si\/product\/biospotix-indoor-razprsilo-500ml\/#breadcrumb"},"inLanguage":"en-US","potentialAction":[{"@type":"ReadAction","target":["https:\/\/trgovina.pasjauniverza.si\/product\/biospotix-indoor-razprsilo-500ml\/"]}]},{"@type":"ImageObject","inLanguage":"en-US","@id":"https:\/\/trgovina.pasjauniverza.si\/product\/biospotix-indoor-razprsilo-500ml\/#primaryimage","url":"https:\/\/trgovina.pasjauniverza.si\/wp-content\/uploads\/2025\/02\/Biospotix-INDOOR-razprsilo-500ml.webp","contentUrl":"https:\/\/trgovina.pasjauniverza.si\/wp-content\/uploads\/2025\/02\/Biospotix-INDOOR-razprsilo-500ml.webp","width":630,"height":630},{"@type":"BreadcrumbList","@id":"https:\/\/trgovina.pasjauniverza.si\/product\/biospotix-indoor-razprsilo-500ml\/#breadcrumb","itemListElement":[{"@type":"ListItem","position":1,"name":"Home","item":"https:\/\/trgovina.pasjauniverza.si\/"},{"@type":"ListItem","position":2,"name":"Trgovina","item":"https:\/\/trgovina.pasjauniverza.si\/trgovina\/"},{"@type":"ListItem","position":3,"name":"Biospotix INDOOR razpr\u0161ilo 500ml"}]},{"@type":"WebSite","@id":"https:\/\/trgovina.pasjauniverza.si\/#website","url":"https:\/\/trgovina.pasjauniverza.si\/","name":"Trgovina Pasja Univerza","description":"pasja univerza trgovina","publisher":{"@id":"https:\/\/trgovina.pasjauniverza.si\/#organization"},"potentialAction":[{"@type":"SearchAction","target":{"@type":"EntryPoint","urlTemplate":"https:\/\/trgovina.pasjauniverza.si\/?s={search_term_string}"},"query-input":{"@type":"PropertyValueSpecification","valueRequired":true,"valueName":"search_term_string"}}],"inLanguage":"en-US"},{"@type":"Organization","@id":"https:\/\/trgovina.pasjauniverza.si\/#organization","name":"Trgovina Pasja Univerza","url":"https:\/\/trgovina.pasjauniverza.si\/","logo":{"@type":"ImageObject","inLanguage":"en-US","@id":"https:\/\/trgovina.pasjauniverza.si\/#\/schema\/logo\/image\/","url":"https:\/\/trgovina.pasjauniverza.si\/wp-content\/uploads\/2024\/08\/cropped-logotipi-vector-04.png","contentUrl":"https:\/\/trgovina.pasjauniverza.si\/wp-content\/uploads\/2024\/08\/cropped-logotipi-vector-04.png","width":942,"height":908,"caption":"Trgovina Pasja Univerza"},"image":{"@id":"https:\/\/trgovina.pasjauniverza.si\/#\/schema\/logo\/image\/"}}]}},"uagb_featured_image_src":{"full":["https:\/\/trgovina.pasjauniverza.si\/wp-content\/uploads\/2025\/02\/Biospotix-INDOOR-razprsilo-500ml.webp",630,630,false],"thumbnail":["https:\/\/trgovina.pasjauniverza.si\/wp-content\/uploads\/2025\/02\/Biospotix-INDOOR-razprsilo-500ml-150x150.webp",150,150,true],"medium":["https:\/\/trgovina.pasjauniverza.si\/wp-content\/uploads\/2025\/02\/Biospotix-INDOOR-razprsilo-500ml-300x300.webp",300,300,true],"medium_large":["https:\/\/trgovina.pasjauniverza.si\/wp-content\/uploads\/2025\/02\/Biospotix-INDOOR-razprsilo-500ml.webp",630,630,false],"large":["https:\/\/trgovina.pasjauniverza.si\/wp-content\/uploads\/2025\/02\/Biospotix-INDOOR-razprsilo-500ml.webp",630,630,false],"1536x1536":["https:\/\/trgovina.pasjauniverza.si\/wp-content\/uploads\/2025\/02\/Biospotix-INDOOR-razprsilo-500ml.webp",630,630,false],"2048x2048":["https:\/\/trgovina.pasjauniverza.si\/wp-content\/uploads\/2025\/02\/Biospotix-INDOOR-razprsilo-500ml.webp",630,630,false],"trp-custom-language-flag":["https:\/\/trgovina.pasjauniverza.si\/wp-content\/uploads\/2025\/02\/Biospotix-INDOOR-razprsilo-500ml-12x12.webp",12,12,true],"woocommerce_thumbnail":["https:\/\/trgovina.pasjauniverza.si\/wp-content\/uploads\/2025\/02\/Biospotix-INDOOR-razprsilo-500ml-300x300.webp",300,300,true],"woocommerce_single":["https:\/\/trgovina.pasjauniverza.si\/wp-content\/uploads\/2025\/02\/Biospotix-INDOOR-razprsilo-500ml-600x600.webp",600,600,true],"woocommerce_gallery_thumbnail":["https:\/\/trgovina.pasjauniverza.si\/wp-content\/uploads\/2025\/02\/Biospotix-INDOOR-razprsilo-500ml-100x100.webp",100,100,true]},"uagb_author_info":{"display_name":"Karmen Grubeli\u0107, dr.vet.med.","author_link":"https:\/\/trgovina.pasjauniverza.si\/en\/author\/"},"uagb_comment_info":0,"uagb_excerpt":"Repelent proti bolham, klopom in komarjem v razpr\u0161ilu za prostor \u2013 500 ml Naravna za\u0161\u010dita prostora pred bolhami, klopi in komarji. U\u010dinkuje takoj po nanosu. \u00a0500 ml zadostuje za 100 m\u00b2. Cruelty Free \u2013 ni testirano na \u017eivalih.","jetpack_sharing_enabled":true,"_links":{"self":[{"href":"https:\/\/trgovina.pasjauniverza.si\/en\/wp-json\/wp\/v2\/product\/12833","targetHints":{"allow":["GET"]}}],"collection":[{"href":"https:\/\/trgovina.pasjauniverza.si\/en\/wp-json\/wp\/v2\/product"}],"about":[{"href":"https:\/\/trgovina.pasjauniverza.si\/en\/wp-json\/wp\/v2\/types\/product"}],"replies":[{"embeddable":true,"href":"https:\/\/trgovina.pasjauniverza.si\/en\/wp-json\/wp\/v2\/comments?post=12833"}],"wp:featuredmedia":[{"embeddable":true,"href":"https:\/\/trgovina.pasjauniverza.si\/en\/wp-json\/wp\/v2\/media\/12834"}],"wp:attachment":[{"href":"https:\/\/trgovina.pasjauniverza.si\/en\/wp-json\/wp\/v2\/media?parent=12833"}],"wp:term":[{"taxonomy":"product_brand","embeddable":true,"href":"https:\/\/trgovina.pasjauniverza.si\/en\/wp-json\/wp\/v2\/product_brand?post=12833"},{"taxonomy":"product_cat","embeddable":true,"href":"https:\/\/trgovina.pasjauniverza.si\/en\/wp-json\/wp\/v2\/product_cat?post=12833"},{"taxonomy":"product_tag","embeddable":true,"href":"https:\/\/trgovina.pasjauniverza.si\/en\/wp-json\/wp\/v2\/product_tag?post=12833"}],"curies":[{"name":"wp","href":"https:\/\/api.w.org\/{rel}","templated":true}]}}