
{"id":12830,"date":"2025-02-26T12:30:44","date_gmt":"2025-02-26T12:30:44","guid":{"rendered":"https:\/\/trgovina.pasjauniverza.si\/?post_type=product&#038;p=12830"},"modified":"2025-12-12T10:43:18","modified_gmt":"2025-12-12T10:43:18","slug":"biospotix-dog-razprsilo-500ml","status":"publish","type":"product","link":"https:\/\/trgovina.pasjauniverza.si\/en\/product\/biospotix-dog-razprsilo-500ml\/","title":{"rendered":"Biospotix DOG razpr\u0161ilo 500ml"},"content":{"rendered":"<p>Repelent v razpr\u0161ilu &#8211; naravno in u\u010dinkovito sredstvo s takoj\u0161njim delovanjem proti bolham, klopom in komarjem za PSE, 500ml<\/p>\n<p>U\u010cINKOVITOST: Repelentna teko\u010dina v razpr\u0161ilu, ki u\u010dinkovito za\u0161\u010diti va\u0161o doma\u010do \u017eival pred bolhami, klopi in komarji. Za splo\u0161no uporabo.<\/p>\n<p>AKTIVNA SNOV: geraniol 0,70 ut.%.<\/p>\n<p>UPORABA: Pred uporabo pretresti. Sredstvo razpr\u0161ite po dlakah psa z razdalje 20 cm, izogibajte se predelu okoli o\u010di in o\u0161\u010detkajte dlake va\u0161ega psa, da bolje porazdelite teko\u010dino.<\/p>\n<p>U\u010dinkuje takoj. Obnovite vsake 2 dni za optimalno za\u0161\u010dito. Prepre\u010dite stik z o\u010dmi, nosom in sluznico. Hraniti zunaj dosega otrok. Ne uporabljati na \u017eivalih s po\u0161kodovano ko\u017eo, brejih in doje\u010dih samicah ter \u017eivalih, mlaj\u0161ih od 3 mesecev. Samo za zunanjo uporabo \u2013 ne zau\u017eiti. V primeru zau\u017eitja ali \u010de dra\u017eenje ne mine, se posvetujte z veterinarjem. Vsebuje geraniol. Lahko povzro\u010di alergijski odziv.<\/p>\n<p>Neporabljen izdelek in embala\u017eo oddati skladno z nacionalnimi predpisi.<\/p>\n<p>Rok uporabe in serijska \u0161tevilka: odtisnjena na embala\u017ei.<\/p>\n<p>Vsebina: 500 ml<\/p>\n<p>Nasvet: Le 5% bolh se dejansko nahaja na \u017eivali, ostale se zadr\u017eujejo v prostoru. Za\u0161\u010ditite tudi prostor z razpr\u0161ilom Biospotix INDOOR. Za dalj\u0161o in \u0161e bolj u\u010dinkovito za\u0161\u010dito priporo\u010damo souporabo Biospotix pipet za pse.<\/p>\n<p>Cruelty Free &#8211; IZDELEK NI TESTIRAN NA \u017dIVALIH.<\/p>\n<p>Proizvajalec: Laboratorie Biogance, Francija | www.biogance.com<\/p>","protected":false},"excerpt":{"rendered":"<p data-start=\"0\" data-end=\"68\"><strong data-start=\"0\" data-end=\"66\">Repelent v razpr\u0161ilu proti bolham, klopom in komarjem \u2013 500 ml<\/strong><\/p>\n<ul>\n<li><strong data-start=\"73\" data-end=\"99\">Naravna za\u0161\u010dita za pse<\/strong> \u2013 u\u010dinkovito odganja bolhe, klope in komarje.<\/li>\n<li><strong data-start=\"197\" data-end=\"220\">Takoj\u0161nje delovanje<\/strong> \u2013 za\u0161\u010dita takoj po nanosu.<\/li>\n<li>Enostavna uporaba<\/li>\n<li>primerno za uporabo pri psih vseh velikosti<\/li>\n<li>Primerno za mladi\u010de nad 3meseci in odrasle pse<\/li>\n<li><strong data-start=\"496\" data-end=\"512\">Cruelty Free<\/strong> \u2013 <strong data-start=\"515\" data-end=\"542\">ni testirano na \u017eivalih<\/strong><\/li>\n<\/ul>","protected":false},"featured_media":12831,"comment_status":"open","ping_status":"closed","template":"","meta":{"_acf_changed":false,"_uag_custom_page_level_css":"","site-sidebar-layout":"default","site-content-layout":"","ast-site-content-layout":"default","site-content-style":"default","site-sidebar-style":"default","ast-global-header-display":"","ast-banner-title-visibility":"","ast-main-header-display":"","ast-hfb-above-header-display":"","ast-hfb-below-header-display":"","ast-hfb-mobile-header-display":"","site-post-title":"","ast-breadcrumbs-content":"","ast-featured-img":"","footer-sml-layout":"","ast-disable-related-posts":"","theme-transparent-header-meta":"default","adv-header-id-meta":"","stick-header-meta":"","header-above-stick-meta":"","header-main-stick-meta":"","header-below-stick-meta":"","astra-migrate-meta-layouts":"set","ast-page-background-enabled":"default","ast-page-background-meta":{"desktop":{"background-color":"","background-image":"","background-repeat":"repeat","background-position":"center center","background-size":"auto","background-attachment":"scroll","background-type":"","background-media":"","overlay-type":"","overlay-color":"","overlay-opacity":"","overlay-gradient":""},"tablet":{"background-color":"","background-image":"","background-repeat":"repeat","background-position":"center center","background-size":"auto","background-attachment":"scroll","background-type":"","background-media":"","overlay-type":"","overlay-color":"","overlay-opacity":"","overlay-gradient":""},"mobile":{"background-color":"","background-image":"","background-repeat":"repeat","background-position":"center center","background-size":"auto","background-attachment":"scroll","background-type":"","background-media":"","overlay-type":"","overlay-color":"","overlay-opacity":"","overlay-gradient":""}},"ast-content-background-meta":{"desktop":{"background-color":"var(--ast-global-color-5)","background-image":"","background-repeat":"repeat","background-position":"center center","background-size":"auto","background-attachment":"scroll","background-type":"","background-media":"","overlay-type":"","overlay-color":"","overlay-opacity":"","overlay-gradient":""},"tablet":{"background-color":"var(--ast-global-color-5)","background-image":"","background-repeat":"repeat","background-position":"center center","background-size":"auto","background-attachment":"scroll","background-type":"","background-media":"","overlay-type":"","overlay-color":"","overlay-opacity":"","overlay-gradient":""},"mobile":{"background-color":"var(--ast-global-color-5)","background-image":"","background-repeat":"repeat","background-position":"center center","background-size":"auto","background-attachment":"scroll","background-type":"","background-media":"","overlay-type":"","overlay-color":"","overlay-opacity":"","overlay-gradient":""}}},"product_brand":[759],"product_cat":[685,94,18],"product_tag":[505,503,502,504,507,506],"class_list":{"0":"post-12830","1":"product","2":"type-product","3":"status-publish","4":"has-post-thumbnail","6":"product_brand-biospotix","7":"product_cat-antiparazitiki","8":"product_cat-nega","9":"product_cat-vsi-izdelki","10":"product_tag-antiparazitik","11":"product_tag-bolhe","12":"product_tag-klopi","13":"product_tag-naravni-antiparazitik","14":"product_tag-zascita","15":"product_tag-zascita-za-psa","16":"desktop-align-center","17":"tablet-align-center","18":"mobile-align-center","20":"first","21":"outofstock","22":"shipping-taxable","23":"purchasable","24":"product-type-simple"},"acf":[],"yoast_head":"<!-- This site is optimized with the Yoast SEO plugin v27.4 - https:\/\/yoast.com\/product\/yoast-seo-wordpress\/ -->\n<title>Biospotix DOG razpr\u0161ilo 500ml - Trgovina Pasja Univerza<\/title>\n<meta name=\"description\" content=\"Repelent v razpr\u0161ilu proti bolham, klopom in komarjem \u2013 500 ml\" \/>\n<meta name=\"robots\" content=\"index, follow, max-snippet:-1, max-image-preview:large, max-video-preview:-1\" \/>\n<link rel=\"canonical\" href=\"https:\/\/trgovina.pasjauniverza.si\/en\/product\/biospotix-dog-razprsilo-500ml\/\" \/>\n<meta property=\"og:locale\" content=\"en_US\" \/>\n<meta property=\"og:type\" content=\"article\" \/>\n<meta property=\"og:title\" content=\"Biospotix DOG razpr\u0161ilo 500ml - Trgovina Pasja Univerza\" \/>\n<meta property=\"og:description\" content=\"Repelent v razpr\u0161ilu proti bolham, klopom in komarjem \u2013 500 ml\" \/>\n<meta property=\"og:url\" content=\"https:\/\/trgovina.pasjauniverza.si\/en\/product\/biospotix-dog-razprsilo-500ml\/\" \/>\n<meta property=\"og:site_name\" content=\"Trgovina Pasja Univerza\" \/>\n<meta property=\"article:modified_time\" content=\"2025-12-12T10:43:18+00:00\" \/>\n<meta property=\"og:image\" content=\"https:\/\/trgovina.pasjauniverza.si\/wp-content\/uploads\/2025\/02\/Biospotix-DOG-razprsilo-500ml.webp\" \/>\n\t<meta property=\"og:image:width\" content=\"630\" \/>\n\t<meta property=\"og:image:height\" content=\"630\" \/>\n\t<meta property=\"og:image:type\" content=\"image\/webp\" \/>\n<meta name=\"twitter:card\" content=\"summary_large_image\" \/>\n<meta name=\"twitter:label1\" content=\"Est. reading time\" \/>\n\t<meta name=\"twitter:data1\" content=\"2 minutes\" \/>\n<script type=\"application\/ld+json\" class=\"yoast-schema-graph\">{\"@context\":\"https:\\\/\\\/schema.org\",\"@graph\":[{\"@type\":\"WebPage\",\"@id\":\"https:\\\/\\\/trgovina.pasjauniverza.si\\\/product\\\/biospotix-dog-razprsilo-500ml\\\/\",\"url\":\"https:\\\/\\\/trgovina.pasjauniverza.si\\\/product\\\/biospotix-dog-razprsilo-500ml\\\/\",\"name\":\"Biospotix DOG razpr\u0161ilo 500ml - Trgovina Pasja Univerza\",\"isPartOf\":{\"@id\":\"https:\\\/\\\/trgovina.pasjauniverza.si\\\/#website\"},\"primaryImageOfPage\":{\"@id\":\"https:\\\/\\\/trgovina.pasjauniverza.si\\\/product\\\/biospotix-dog-razprsilo-500ml\\\/#primaryimage\"},\"image\":{\"@id\":\"https:\\\/\\\/trgovina.pasjauniverza.si\\\/product\\\/biospotix-dog-razprsilo-500ml\\\/#primaryimage\"},\"thumbnailUrl\":\"https:\\\/\\\/trgovina.pasjauniverza.si\\\/wp-content\\\/uploads\\\/2025\\\/02\\\/Biospotix-DOG-razprsilo-500ml.webp\",\"datePublished\":\"2025-02-26T12:30:44+00:00\",\"dateModified\":\"2025-12-12T10:43:18+00:00\",\"description\":\"Repelent v razpr\u0161ilu proti bolham, klopom in komarjem \u2013 500 ml\",\"breadcrumb\":{\"@id\":\"https:\\\/\\\/trgovina.pasjauniverza.si\\\/product\\\/biospotix-dog-razprsilo-500ml\\\/#breadcrumb\"},\"inLanguage\":\"en-US\",\"potentialAction\":[{\"@type\":\"ReadAction\",\"target\":[\"https:\\\/\\\/trgovina.pasjauniverza.si\\\/product\\\/biospotix-dog-razprsilo-500ml\\\/\"]}]},{\"@type\":\"ImageObject\",\"inLanguage\":\"en-US\",\"@id\":\"https:\\\/\\\/trgovina.pasjauniverza.si\\\/product\\\/biospotix-dog-razprsilo-500ml\\\/#primaryimage\",\"url\":\"https:\\\/\\\/trgovina.pasjauniverza.si\\\/wp-content\\\/uploads\\\/2025\\\/02\\\/Biospotix-DOG-razprsilo-500ml.webp\",\"contentUrl\":\"https:\\\/\\\/trgovina.pasjauniverza.si\\\/wp-content\\\/uploads\\\/2025\\\/02\\\/Biospotix-DOG-razprsilo-500ml.webp\",\"width\":630,\"height\":630,\"caption\":\"Biospotix DOG razpr\u0161ilo 500ml\"},{\"@type\":\"BreadcrumbList\",\"@id\":\"https:\\\/\\\/trgovina.pasjauniverza.si\\\/product\\\/biospotix-dog-razprsilo-500ml\\\/#breadcrumb\",\"itemListElement\":[{\"@type\":\"ListItem\",\"position\":1,\"name\":\"Home\",\"item\":\"https:\\\/\\\/trgovina.pasjauniverza.si\\\/\"},{\"@type\":\"ListItem\",\"position\":2,\"name\":\"Trgovina\",\"item\":\"https:\\\/\\\/trgovina.pasjauniverza.si\\\/trgovina\\\/\"},{\"@type\":\"ListItem\",\"position\":3,\"name\":\"Biospotix DOG razpr\u0161ilo 500ml\"}]},{\"@type\":\"WebSite\",\"@id\":\"https:\\\/\\\/trgovina.pasjauniverza.si\\\/#website\",\"url\":\"https:\\\/\\\/trgovina.pasjauniverza.si\\\/\",\"name\":\"Trgovina Pasja Univerza\",\"description\":\"pasja univerza trgovina\",\"publisher\":{\"@id\":\"https:\\\/\\\/trgovina.pasjauniverza.si\\\/#organization\"},\"potentialAction\":[{\"@type\":\"SearchAction\",\"target\":{\"@type\":\"EntryPoint\",\"urlTemplate\":\"https:\\\/\\\/trgovina.pasjauniverza.si\\\/?s={search_term_string}\"},\"query-input\":{\"@type\":\"PropertyValueSpecification\",\"valueRequired\":true,\"valueName\":\"search_term_string\"}}],\"inLanguage\":\"en-US\"},{\"@type\":\"Organization\",\"@id\":\"https:\\\/\\\/trgovina.pasjauniverza.si\\\/#organization\",\"name\":\"Trgovina Pasja Univerza\",\"url\":\"https:\\\/\\\/trgovina.pasjauniverza.si\\\/\",\"logo\":{\"@type\":\"ImageObject\",\"inLanguage\":\"en-US\",\"@id\":\"https:\\\/\\\/trgovina.pasjauniverza.si\\\/#\\\/schema\\\/logo\\\/image\\\/\",\"url\":\"https:\\\/\\\/trgovina.pasjauniverza.si\\\/wp-content\\\/uploads\\\/2024\\\/08\\\/cropped-logotipi-vector-04.png\",\"contentUrl\":\"https:\\\/\\\/trgovina.pasjauniverza.si\\\/wp-content\\\/uploads\\\/2024\\\/08\\\/cropped-logotipi-vector-04.png\",\"width\":942,\"height\":908,\"caption\":\"Trgovina Pasja Univerza\"},\"image\":{\"@id\":\"https:\\\/\\\/trgovina.pasjauniverza.si\\\/#\\\/schema\\\/logo\\\/image\\\/\"}}]}<\/script>\n<!-- \/ Yoast SEO plugin. -->","yoast_head_json":{"title":"Biospotix DOG razpr\u0161ilo 500ml - Trgovina Pasja Univerza","description":"Repelent v razpr\u0161ilu proti bolham, klopom in komarjem \u2013 500 ml","robots":{"index":"index","follow":"follow","max-snippet":"max-snippet:-1","max-image-preview":"max-image-preview:large","max-video-preview":"max-video-preview:-1"},"canonical":"https:\/\/trgovina.pasjauniverza.si\/en\/product\/biospotix-dog-razprsilo-500ml\/","og_locale":"en_US","og_type":"article","og_title":"Biospotix DOG razpr\u0161ilo 500ml - Trgovina Pasja Univerza","og_description":"Repelent v razpr\u0161ilu proti bolham, klopom in komarjem \u2013 500 ml","og_url":"https:\/\/trgovina.pasjauniverza.si\/en\/product\/biospotix-dog-razprsilo-500ml\/","og_site_name":"Trgovina Pasja Univerza","article_modified_time":"2025-12-12T10:43:18+00:00","og_image":[{"width":630,"height":630,"url":"https:\/\/trgovina.pasjauniverza.si\/wp-content\/uploads\/2025\/02\/Biospotix-DOG-razprsilo-500ml.webp","type":"image\/webp"}],"twitter_card":"summary_large_image","twitter_misc":{"Est. reading time":"2 minutes"},"schema":{"@context":"https:\/\/schema.org","@graph":[{"@type":"WebPage","@id":"https:\/\/trgovina.pasjauniverza.si\/product\/biospotix-dog-razprsilo-500ml\/","url":"https:\/\/trgovina.pasjauniverza.si\/product\/biospotix-dog-razprsilo-500ml\/","name":"Biospotix DOG razpr\u0161ilo 500ml - Trgovina Pasja Univerza","isPartOf":{"@id":"https:\/\/trgovina.pasjauniverza.si\/#website"},"primaryImageOfPage":{"@id":"https:\/\/trgovina.pasjauniverza.si\/product\/biospotix-dog-razprsilo-500ml\/#primaryimage"},"image":{"@id":"https:\/\/trgovina.pasjauniverza.si\/product\/biospotix-dog-razprsilo-500ml\/#primaryimage"},"thumbnailUrl":"https:\/\/trgovina.pasjauniverza.si\/wp-content\/uploads\/2025\/02\/Biospotix-DOG-razprsilo-500ml.webp","datePublished":"2025-02-26T12:30:44+00:00","dateModified":"2025-12-12T10:43:18+00:00","description":"Repelent v razpr\u0161ilu proti bolham, klopom in komarjem \u2013 500 ml","breadcrumb":{"@id":"https:\/\/trgovina.pasjauniverza.si\/product\/biospotix-dog-razprsilo-500ml\/#breadcrumb"},"inLanguage":"en-US","potentialAction":[{"@type":"ReadAction","target":["https:\/\/trgovina.pasjauniverza.si\/product\/biospotix-dog-razprsilo-500ml\/"]}]},{"@type":"ImageObject","inLanguage":"en-US","@id":"https:\/\/trgovina.pasjauniverza.si\/product\/biospotix-dog-razprsilo-500ml\/#primaryimage","url":"https:\/\/trgovina.pasjauniverza.si\/wp-content\/uploads\/2025\/02\/Biospotix-DOG-razprsilo-500ml.webp","contentUrl":"https:\/\/trgovina.pasjauniverza.si\/wp-content\/uploads\/2025\/02\/Biospotix-DOG-razprsilo-500ml.webp","width":630,"height":630,"caption":"Biospotix DOG razpr\u0161ilo 500ml"},{"@type":"BreadcrumbList","@id":"https:\/\/trgovina.pasjauniverza.si\/product\/biospotix-dog-razprsilo-500ml\/#breadcrumb","itemListElement":[{"@type":"ListItem","position":1,"name":"Home","item":"https:\/\/trgovina.pasjauniverza.si\/"},{"@type":"ListItem","position":2,"name":"Trgovina","item":"https:\/\/trgovina.pasjauniverza.si\/trgovina\/"},{"@type":"ListItem","position":3,"name":"Biospotix DOG razpr\u0161ilo 500ml"}]},{"@type":"WebSite","@id":"https:\/\/trgovina.pasjauniverza.si\/#website","url":"https:\/\/trgovina.pasjauniverza.si\/","name":"Trgovina Pasja Univerza","description":"pasja univerza trgovina","publisher":{"@id":"https:\/\/trgovina.pasjauniverza.si\/#organization"},"potentialAction":[{"@type":"SearchAction","target":{"@type":"EntryPoint","urlTemplate":"https:\/\/trgovina.pasjauniverza.si\/?s={search_term_string}"},"query-input":{"@type":"PropertyValueSpecification","valueRequired":true,"valueName":"search_term_string"}}],"inLanguage":"en-US"},{"@type":"Organization","@id":"https:\/\/trgovina.pasjauniverza.si\/#organization","name":"Trgovina Pasja Univerza","url":"https:\/\/trgovina.pasjauniverza.si\/","logo":{"@type":"ImageObject","inLanguage":"en-US","@id":"https:\/\/trgovina.pasjauniverza.si\/#\/schema\/logo\/image\/","url":"https:\/\/trgovina.pasjauniverza.si\/wp-content\/uploads\/2024\/08\/cropped-logotipi-vector-04.png","contentUrl":"https:\/\/trgovina.pasjauniverza.si\/wp-content\/uploads\/2024\/08\/cropped-logotipi-vector-04.png","width":942,"height":908,"caption":"Trgovina Pasja Univerza"},"image":{"@id":"https:\/\/trgovina.pasjauniverza.si\/#\/schema\/logo\/image\/"}}]}},"uagb_featured_image_src":{"full":["https:\/\/trgovina.pasjauniverza.si\/wp-content\/uploads\/2025\/02\/Biospotix-DOG-razprsilo-500ml.webp",630,630,false],"thumbnail":["https:\/\/trgovina.pasjauniverza.si\/wp-content\/uploads\/2025\/02\/Biospotix-DOG-razprsilo-500ml-150x150.webp",150,150,true],"medium":["https:\/\/trgovina.pasjauniverza.si\/wp-content\/uploads\/2025\/02\/Biospotix-DOG-razprsilo-500ml-300x300.webp",300,300,true],"medium_large":["https:\/\/trgovina.pasjauniverza.si\/wp-content\/uploads\/2025\/02\/Biospotix-DOG-razprsilo-500ml.webp",630,630,false],"large":["https:\/\/trgovina.pasjauniverza.si\/wp-content\/uploads\/2025\/02\/Biospotix-DOG-razprsilo-500ml.webp",630,630,false],"1536x1536":["https:\/\/trgovina.pasjauniverza.si\/wp-content\/uploads\/2025\/02\/Biospotix-DOG-razprsilo-500ml.webp",630,630,false],"2048x2048":["https:\/\/trgovina.pasjauniverza.si\/wp-content\/uploads\/2025\/02\/Biospotix-DOG-razprsilo-500ml.webp",630,630,false],"trp-custom-language-flag":["https:\/\/trgovina.pasjauniverza.si\/wp-content\/uploads\/2025\/02\/Biospotix-DOG-razprsilo-500ml-12x12.webp",12,12,true],"woocommerce_thumbnail":["https:\/\/trgovina.pasjauniverza.si\/wp-content\/uploads\/2025\/02\/Biospotix-DOG-razprsilo-500ml-300x300.webp",300,300,true],"woocommerce_single":["https:\/\/trgovina.pasjauniverza.si\/wp-content\/uploads\/2025\/02\/Biospotix-DOG-razprsilo-500ml-600x600.webp",600,600,true],"woocommerce_gallery_thumbnail":["https:\/\/trgovina.pasjauniverza.si\/wp-content\/uploads\/2025\/02\/Biospotix-DOG-razprsilo-500ml-100x100.webp",100,100,true]},"uagb_author_info":{"display_name":"Karmen Grubeli\u0107, dr.vet.med.","author_link":"https:\/\/trgovina.pasjauniverza.si\/en\/author\/"},"uagb_comment_info":0,"uagb_excerpt":"Repelent v razpr\u0161ilu proti bolham, klopom in komarjem \u2013 500 ml Naravna za\u0161\u010dita za pse \u2013 u\u010dinkovito odganja bolhe, klope in komarje. Takoj\u0161nje delovanje \u2013 za\u0161\u010dita takoj po nanosu. Enostavna uporaba primerno za uporabo pri psih vseh velikosti Primerno za mladi\u010de nad 3meseci in odrasle pse Cruelty Free \u2013 ni testirano na \u017eivalih","jetpack_sharing_enabled":true,"_links":{"self":[{"href":"https:\/\/trgovina.pasjauniverza.si\/en\/wp-json\/wp\/v2\/product\/12830","targetHints":{"allow":["GET"]}}],"collection":[{"href":"https:\/\/trgovina.pasjauniverza.si\/en\/wp-json\/wp\/v2\/product"}],"about":[{"href":"https:\/\/trgovina.pasjauniverza.si\/en\/wp-json\/wp\/v2\/types\/product"}],"replies":[{"embeddable":true,"href":"https:\/\/trgovina.pasjauniverza.si\/en\/wp-json\/wp\/v2\/comments?post=12830"}],"wp:featuredmedia":[{"embeddable":true,"href":"https:\/\/trgovina.pasjauniverza.si\/en\/wp-json\/wp\/v2\/media\/12831"}],"wp:attachment":[{"href":"https:\/\/trgovina.pasjauniverza.si\/en\/wp-json\/wp\/v2\/media?parent=12830"}],"wp:term":[{"taxonomy":"product_brand","embeddable":true,"href":"https:\/\/trgovina.pasjauniverza.si\/en\/wp-json\/wp\/v2\/product_brand?post=12830"},{"taxonomy":"product_cat","embeddable":true,"href":"https:\/\/trgovina.pasjauniverza.si\/en\/wp-json\/wp\/v2\/product_cat?post=12830"},{"taxonomy":"product_tag","embeddable":true,"href":"https:\/\/trgovina.pasjauniverza.si\/en\/wp-json\/wp\/v2\/product_tag?post=12830"}],"curies":[{"name":"wp","href":"https:\/\/api.w.org\/{rel}","templated":true}]}}