
{"id":12332,"date":"2025-02-02T14:32:48","date_gmt":"2025-02-02T14:32:48","guid":{"rendered":"https:\/\/trgovina.pasjauniverza.si\/?post_type=product&#038;p=12332"},"modified":"2026-03-17T10:56:56","modified_gmt":"2026-03-17T10:56:56","slug":"susen-telecji-sapnik","status":"publish","type":"product","link":"https:\/\/trgovina.pasjauniverza.si\/en\/product\/susen-telecji-sapnik\/","title":{"rendered":"Mr.Bones 100% naraven su\u0161en tele\u010dji sapnik"},"content":{"rendered":"<h3><strong>100 % naravni dentalni pribolj\u0161ek za pse<\/strong><\/h3>\n<p><strong>Tele\u010dji sapnik<\/strong> je naraven in hranljiv pribolj\u0161ek za pse. Je <strong>lahek, srednje trd<\/strong>, in kar je najpomembneje \u2013 <strong>ne razpada na ostre delce<\/strong>, zato je popolnoma varen tudi za pse, ki se \u0161ele spoznavajo z naravnimi pribolj\u0161ki.<\/p>\n<p>&#x2714; <strong>Naravna zobna nega<\/strong> \u2013 pomaga pri \u010di\u0161\u010denju zob in zmanj\u0161evanju zobnih oblog.<br \/>\n&#x2714; <strong>Varna in zdrava \u017eve\u010dilka<\/strong> \u2013 idealna za pse, ki imajo mo\u010dno potrebo po \u017eve\u010denju.<br \/>\n&#x2714; <strong>Odli\u010den proti stresu in dolg\u010dasu<\/strong> \u2013 dolgotrajno \u017eve\u010denje pomirja psa.<br \/>\n&#x2714; <strong>Bogata sestava<\/strong> \u2013 vsebuje <strong>fosfor, kalcij, naravno glukozamin in kolagen<\/strong>, ki podpirajo sklepe in kosti.<\/p>\n<p>&#x1f4a1; <strong>Nasvet za \u0161e ve\u010d zabave<\/strong>: Napolni sapnik s pasjo najljub\u0161o hrano ali pasto \u2013 to bo \u0161e pove\u010dalo u\u017eitek pri \u017eve\u010denju!<\/p>\n<h3><strong>Podrobnosti izdelka:<\/strong><\/h3>\n<p>&#x1f4e6; <strong>Vsebina pakiranja:<\/strong> 2 kosa tele\u010djega sapnika (10\u201312 cm)<br \/>\n&#x1f4cd; <strong>Sestavine:<\/strong> 100 % naravno dehidriran tele\u010dji sapnik<br \/>\n&#x1f4cc; <strong>Primerno za vse pasme in velikosti psov<\/strong><\/p>\n<p>&#x1f539; <strong>Prakti\u010dno pakiranje z enostavnim odpiranjem<\/strong> omogo\u010da, da pribolj\u0161ek ponudite kjerkoli.<br \/>\n&#x1f539; <strong>Ker gre za naravni izdelek, lahko velikost in te\u017ea rahlo variirata.<\/strong><\/p>\n<p><strong>Vedno nudite pribolj\u0161ke pod nadzorom in poskrbite za dostop do sve\u017ee vode.<\/strong><\/p>","protected":false},"excerpt":{"rendered":"<div class=\"product-desc\">\n<ul>\n<li><strong>Naravna zobna nega<\/strong> \u2013 pomaga pri \u010di\u0161\u010denju zob in zmanj\u0161evanju zobnih oblog.<\/li>\n<li><strong>Varna in zdrava \u017eve\u010dilka<\/strong> \u2013 idealna za pse, ki imajo mo\u010dno potrebo po \u017eve\u010denju.<\/li>\n<li><strong>Odli\u010den proti stresu in dolg\u010dasu<\/strong> \u2013 dolgotrajno \u017eve\u010denje pomirja psa.<\/li>\n<li><strong>Bogata sestava<\/strong> \u2013 vsebuje <strong>fosfor, kalcij, naravno glukozamin in kolagen<\/strong>, ki podpirajo sklepe in kosti.<\/li>\n<\/ul>\n<\/div>","protected":false},"featured_media":12333,"comment_status":"open","ping_status":"closed","template":"","meta":{"_acf_changed":false,"_uag_custom_page_level_css":"","site-sidebar-layout":"default","site-content-layout":"","ast-site-content-layout":"default","site-content-style":"default","site-sidebar-style":"default","ast-global-header-display":"","ast-banner-title-visibility":"","ast-main-header-display":"","ast-hfb-above-header-display":"","ast-hfb-below-header-display":"","ast-hfb-mobile-header-display":"","site-post-title":"","ast-breadcrumbs-content":"","ast-featured-img":"","footer-sml-layout":"","ast-disable-related-posts":"","theme-transparent-header-meta":"default","adv-header-id-meta":"","stick-header-meta":"","header-above-stick-meta":"","header-main-stick-meta":"","header-below-stick-meta":"","astra-migrate-meta-layouts":"set","ast-page-background-enabled":"default","ast-page-background-meta":{"desktop":{"background-color":"","background-image":"","background-repeat":"repeat","background-position":"center center","background-size":"auto","background-attachment":"scroll","background-type":"","background-media":"","overlay-type":"","overlay-color":"","overlay-opacity":"","overlay-gradient":""},"tablet":{"background-color":"","background-image":"","background-repeat":"repeat","background-position":"center center","background-size":"auto","background-attachment":"scroll","background-type":"","background-media":"","overlay-type":"","overlay-color":"","overlay-opacity":"","overlay-gradient":""},"mobile":{"background-color":"","background-image":"","background-repeat":"repeat","background-position":"center center","background-size":"auto","background-attachment":"scroll","background-type":"","background-media":"","overlay-type":"","overlay-color":"","overlay-opacity":"","overlay-gradient":""}},"ast-content-background-meta":{"desktop":{"background-color":"var(--ast-global-color-5)","background-image":"","background-repeat":"repeat","background-position":"center center","background-size":"auto","background-attachment":"scroll","background-type":"","background-media":"","overlay-type":"","overlay-color":"","overlay-opacity":"","overlay-gradient":""},"tablet":{"background-color":"var(--ast-global-color-5)","background-image":"","background-repeat":"repeat","background-position":"center center","background-size":"auto","background-attachment":"scroll","background-type":"","background-media":"","overlay-type":"","overlay-color":"","overlay-opacity":"","overlay-gradient":""},"mobile":{"background-color":"var(--ast-global-color-5)","background-image":"","background-repeat":"repeat","background-position":"center center","background-size":"auto","background-attachment":"scroll","background-type":"","background-media":"","overlay-type":"","overlay-color":"","overlay-opacity":"","overlay-gradient":""}}},"product_brand":[928],"product_cat":[725,154,366,723,565,423,18],"product_tag":[120,208,205,210,195,212,164,122,207,211,147,174,148],"class_list":{"0":"post-12332","1":"product","2":"type-product","3":"status-publish","4":"has-post-thumbnail","6":"product_brand-mr-bones","7":"product_cat-hrana-za-pse","8":"product_cat-pasja-sola","9":"product_cat-priboljski","10":"product_cat-psi","11":"product_cat-surova-susena-hrana","12":"product_cat-mr-bones","13":"product_cat-vsi-izdelki","14":"product_tag-ciscenje-zob","15":"product_tag-dehidrirane-zvecilke","16":"product_tag-kokos","17":"product_tag-kurji-vratovi","18":"product_tag-monoproteinsko","19":"product_tag-naravna-zvecilke","20":"product_tag-naravno","21":"product_tag-naravno-ciscenje-zobnih-oblog","22":"product_tag-susena-zvecilka","23":"product_tag-vrat","24":"product_tag-zobje","25":"product_tag-zvecenje","26":"product_tag-zvecilka","27":"desktop-align-center","28":"tablet-align-center","29":"mobile-align-center","31":"first","32":"outofstock","33":"shipping-taxable","34":"purchasable","35":"product-type-simple"},"acf":[],"yoast_head":"<!-- This site is optimized with the Yoast SEO plugin v27.4 - https:\/\/yoast.com\/product\/yoast-seo-wordpress\/ -->\n<title>Mr.Bones 100% naraven su\u0161en tele\u010dji sapnik - Trgovina Pasja Univerza<\/title>\n<meta name=\"description\" content=\"su\u0161en tele\u010dji sapnik\" \/>\n<meta name=\"robots\" content=\"index, follow, max-snippet:-1, max-image-preview:large, max-video-preview:-1\" \/>\n<link rel=\"canonical\" href=\"https:\/\/trgovina.pasjauniverza.si\/en\/product\/susen-telecji-sapnik\/\" \/>\n<meta property=\"og:locale\" content=\"en_US\" \/>\n<meta property=\"og:type\" content=\"article\" \/>\n<meta property=\"og:title\" content=\"Mr.Bones 100% naraven su\u0161en tele\u010dji sapnik - Trgovina Pasja Univerza\" \/>\n<meta property=\"og:description\" content=\"su\u0161en tele\u010dji sapnik\" \/>\n<meta property=\"og:url\" content=\"https:\/\/trgovina.pasjauniverza.si\/en\/product\/susen-telecji-sapnik\/\" \/>\n<meta property=\"og:site_name\" content=\"Trgovina Pasja Univerza\" \/>\n<meta property=\"article:modified_time\" content=\"2026-03-17T10:56:56+00:00\" \/>\n<meta property=\"og:image\" content=\"https:\/\/trgovina.pasjauniverza.si\/wp-content\/uploads\/2025\/02\/susen-telecji-sapnik.webp\" \/>\n\t<meta property=\"og:image:width\" content=\"800\" \/>\n\t<meta property=\"og:image:height\" content=\"1000\" \/>\n\t<meta property=\"og:image:type\" content=\"image\/webp\" \/>\n<meta name=\"twitter:card\" content=\"summary_large_image\" \/>\n<meta name=\"twitter:label1\" content=\"Est. reading time\" \/>\n\t<meta name=\"twitter:data1\" content=\"2 minutes\" \/>\n<script type=\"application\/ld+json\" class=\"yoast-schema-graph\">{\"@context\":\"https:\\\/\\\/schema.org\",\"@graph\":[{\"@type\":\"WebPage\",\"@id\":\"https:\\\/\\\/trgovina.pasjauniverza.si\\\/product\\\/susen-telecji-sapnik\\\/\",\"url\":\"https:\\\/\\\/trgovina.pasjauniverza.si\\\/product\\\/susen-telecji-sapnik\\\/\",\"name\":\"Mr.Bones 100% naraven su\u0161en tele\u010dji sapnik - Trgovina Pasja Univerza\",\"isPartOf\":{\"@id\":\"https:\\\/\\\/trgovina.pasjauniverza.si\\\/#website\"},\"primaryImageOfPage\":{\"@id\":\"https:\\\/\\\/trgovina.pasjauniverza.si\\\/product\\\/susen-telecji-sapnik\\\/#primaryimage\"},\"image\":{\"@id\":\"https:\\\/\\\/trgovina.pasjauniverza.si\\\/product\\\/susen-telecji-sapnik\\\/#primaryimage\"},\"thumbnailUrl\":\"https:\\\/\\\/trgovina.pasjauniverza.si\\\/wp-content\\\/uploads\\\/2025\\\/02\\\/susen-telecji-sapnik.webp\",\"datePublished\":\"2025-02-02T14:32:48+00:00\",\"dateModified\":\"2026-03-17T10:56:56+00:00\",\"description\":\"su\u0161en tele\u010dji sapnik\",\"breadcrumb\":{\"@id\":\"https:\\\/\\\/trgovina.pasjauniverza.si\\\/product\\\/susen-telecji-sapnik\\\/#breadcrumb\"},\"inLanguage\":\"en-US\",\"potentialAction\":[{\"@type\":\"ReadAction\",\"target\":[\"https:\\\/\\\/trgovina.pasjauniverza.si\\\/product\\\/susen-telecji-sapnik\\\/\"]}]},{\"@type\":\"ImageObject\",\"inLanguage\":\"en-US\",\"@id\":\"https:\\\/\\\/trgovina.pasjauniverza.si\\\/product\\\/susen-telecji-sapnik\\\/#primaryimage\",\"url\":\"https:\\\/\\\/trgovina.pasjauniverza.si\\\/wp-content\\\/uploads\\\/2025\\\/02\\\/susen-telecji-sapnik.webp\",\"contentUrl\":\"https:\\\/\\\/trgovina.pasjauniverza.si\\\/wp-content\\\/uploads\\\/2025\\\/02\\\/susen-telecji-sapnik.webp\",\"width\":800,\"height\":1000,\"caption\":\"su\u0161en tele\u010dji sapnik\"},{\"@type\":\"BreadcrumbList\",\"@id\":\"https:\\\/\\\/trgovina.pasjauniverza.si\\\/product\\\/susen-telecji-sapnik\\\/#breadcrumb\",\"itemListElement\":[{\"@type\":\"ListItem\",\"position\":1,\"name\":\"Home\",\"item\":\"https:\\\/\\\/trgovina.pasjauniverza.si\\\/\"},{\"@type\":\"ListItem\",\"position\":2,\"name\":\"Trgovina\",\"item\":\"https:\\\/\\\/trgovina.pasjauniverza.si\\\/trgovina\\\/\"},{\"@type\":\"ListItem\",\"position\":3,\"name\":\"Mr.Bones 100% naraven su\u0161en tele\u010dji sapnik\"}]},{\"@type\":\"WebSite\",\"@id\":\"https:\\\/\\\/trgovina.pasjauniverza.si\\\/#website\",\"url\":\"https:\\\/\\\/trgovina.pasjauniverza.si\\\/\",\"name\":\"Trgovina Pasja Univerza\",\"description\":\"pasja univerza trgovina\",\"publisher\":{\"@id\":\"https:\\\/\\\/trgovina.pasjauniverza.si\\\/#organization\"},\"potentialAction\":[{\"@type\":\"SearchAction\",\"target\":{\"@type\":\"EntryPoint\",\"urlTemplate\":\"https:\\\/\\\/trgovina.pasjauniverza.si\\\/?s={search_term_string}\"},\"query-input\":{\"@type\":\"PropertyValueSpecification\",\"valueRequired\":true,\"valueName\":\"search_term_string\"}}],\"inLanguage\":\"en-US\"},{\"@type\":\"Organization\",\"@id\":\"https:\\\/\\\/trgovina.pasjauniverza.si\\\/#organization\",\"name\":\"Trgovina Pasja Univerza\",\"url\":\"https:\\\/\\\/trgovina.pasjauniverza.si\\\/\",\"logo\":{\"@type\":\"ImageObject\",\"inLanguage\":\"en-US\",\"@id\":\"https:\\\/\\\/trgovina.pasjauniverza.si\\\/#\\\/schema\\\/logo\\\/image\\\/\",\"url\":\"https:\\\/\\\/trgovina.pasjauniverza.si\\\/wp-content\\\/uploads\\\/2024\\\/08\\\/cropped-logotipi-vector-04.png\",\"contentUrl\":\"https:\\\/\\\/trgovina.pasjauniverza.si\\\/wp-content\\\/uploads\\\/2024\\\/08\\\/cropped-logotipi-vector-04.png\",\"width\":942,\"height\":908,\"caption\":\"Trgovina Pasja Univerza\"},\"image\":{\"@id\":\"https:\\\/\\\/trgovina.pasjauniverza.si\\\/#\\\/schema\\\/logo\\\/image\\\/\"}}]}<\/script>\n<!-- \/ Yoast SEO plugin. -->","yoast_head_json":{"title":"Mr.Bones 100% naraven su\u0161en tele\u010dji sapnik - Trgovina Pasja Univerza","description":"su\u0161en tele\u010dji sapnik","robots":{"index":"index","follow":"follow","max-snippet":"max-snippet:-1","max-image-preview":"max-image-preview:large","max-video-preview":"max-video-preview:-1"},"canonical":"https:\/\/trgovina.pasjauniverza.si\/en\/product\/susen-telecji-sapnik\/","og_locale":"en_US","og_type":"article","og_title":"Mr.Bones 100% naraven su\u0161en tele\u010dji sapnik - Trgovina Pasja Univerza","og_description":"su\u0161en tele\u010dji sapnik","og_url":"https:\/\/trgovina.pasjauniverza.si\/en\/product\/susen-telecji-sapnik\/","og_site_name":"Trgovina Pasja Univerza","article_modified_time":"2026-03-17T10:56:56+00:00","og_image":[{"width":800,"height":1000,"url":"https:\/\/trgovina.pasjauniverza.si\/wp-content\/uploads\/2025\/02\/susen-telecji-sapnik.webp","type":"image\/webp"}],"twitter_card":"summary_large_image","twitter_misc":{"Est. reading time":"2 minutes"},"schema":{"@context":"https:\/\/schema.org","@graph":[{"@type":"WebPage","@id":"https:\/\/trgovina.pasjauniverza.si\/product\/susen-telecji-sapnik\/","url":"https:\/\/trgovina.pasjauniverza.si\/product\/susen-telecji-sapnik\/","name":"Mr.Bones 100% naraven su\u0161en tele\u010dji sapnik - Trgovina Pasja Univerza","isPartOf":{"@id":"https:\/\/trgovina.pasjauniverza.si\/#website"},"primaryImageOfPage":{"@id":"https:\/\/trgovina.pasjauniverza.si\/product\/susen-telecji-sapnik\/#primaryimage"},"image":{"@id":"https:\/\/trgovina.pasjauniverza.si\/product\/susen-telecji-sapnik\/#primaryimage"},"thumbnailUrl":"https:\/\/trgovina.pasjauniverza.si\/wp-content\/uploads\/2025\/02\/susen-telecji-sapnik.webp","datePublished":"2025-02-02T14:32:48+00:00","dateModified":"2026-03-17T10:56:56+00:00","description":"su\u0161en tele\u010dji sapnik","breadcrumb":{"@id":"https:\/\/trgovina.pasjauniverza.si\/product\/susen-telecji-sapnik\/#breadcrumb"},"inLanguage":"en-US","potentialAction":[{"@type":"ReadAction","target":["https:\/\/trgovina.pasjauniverza.si\/product\/susen-telecji-sapnik\/"]}]},{"@type":"ImageObject","inLanguage":"en-US","@id":"https:\/\/trgovina.pasjauniverza.si\/product\/susen-telecji-sapnik\/#primaryimage","url":"https:\/\/trgovina.pasjauniverza.si\/wp-content\/uploads\/2025\/02\/susen-telecji-sapnik.webp","contentUrl":"https:\/\/trgovina.pasjauniverza.si\/wp-content\/uploads\/2025\/02\/susen-telecji-sapnik.webp","width":800,"height":1000,"caption":"su\u0161en tele\u010dji sapnik"},{"@type":"BreadcrumbList","@id":"https:\/\/trgovina.pasjauniverza.si\/product\/susen-telecji-sapnik\/#breadcrumb","itemListElement":[{"@type":"ListItem","position":1,"name":"Home","item":"https:\/\/trgovina.pasjauniverza.si\/"},{"@type":"ListItem","position":2,"name":"Trgovina","item":"https:\/\/trgovina.pasjauniverza.si\/trgovina\/"},{"@type":"ListItem","position":3,"name":"Mr.Bones 100% naraven su\u0161en tele\u010dji sapnik"}]},{"@type":"WebSite","@id":"https:\/\/trgovina.pasjauniverza.si\/#website","url":"https:\/\/trgovina.pasjauniverza.si\/","name":"Trgovina Pasja Univerza","description":"pasja univerza trgovina","publisher":{"@id":"https:\/\/trgovina.pasjauniverza.si\/#organization"},"potentialAction":[{"@type":"SearchAction","target":{"@type":"EntryPoint","urlTemplate":"https:\/\/trgovina.pasjauniverza.si\/?s={search_term_string}"},"query-input":{"@type":"PropertyValueSpecification","valueRequired":true,"valueName":"search_term_string"}}],"inLanguage":"en-US"},{"@type":"Organization","@id":"https:\/\/trgovina.pasjauniverza.si\/#organization","name":"Trgovina Pasja Univerza","url":"https:\/\/trgovina.pasjauniverza.si\/","logo":{"@type":"ImageObject","inLanguage":"en-US","@id":"https:\/\/trgovina.pasjauniverza.si\/#\/schema\/logo\/image\/","url":"https:\/\/trgovina.pasjauniverza.si\/wp-content\/uploads\/2024\/08\/cropped-logotipi-vector-04.png","contentUrl":"https:\/\/trgovina.pasjauniverza.si\/wp-content\/uploads\/2024\/08\/cropped-logotipi-vector-04.png","width":942,"height":908,"caption":"Trgovina Pasja Univerza"},"image":{"@id":"https:\/\/trgovina.pasjauniverza.si\/#\/schema\/logo\/image\/"}}]}},"uagb_featured_image_src":{"full":["https:\/\/trgovina.pasjauniverza.si\/wp-content\/uploads\/2025\/02\/susen-telecji-sapnik.webp",800,1000,false],"thumbnail":["https:\/\/trgovina.pasjauniverza.si\/wp-content\/uploads\/2025\/02\/susen-telecji-sapnik-150x150.webp",150,150,true],"medium":["https:\/\/trgovina.pasjauniverza.si\/wp-content\/uploads\/2025\/02\/susen-telecji-sapnik-240x300.webp",240,300,true],"medium_large":["https:\/\/trgovina.pasjauniverza.si\/wp-content\/uploads\/2025\/02\/susen-telecji-sapnik-768x960.webp",768,960,true],"large":["https:\/\/trgovina.pasjauniverza.si\/wp-content\/uploads\/2025\/02\/susen-telecji-sapnik.webp",800,1000,false],"1536x1536":["https:\/\/trgovina.pasjauniverza.si\/wp-content\/uploads\/2025\/02\/susen-telecji-sapnik.webp",800,1000,false],"2048x2048":["https:\/\/trgovina.pasjauniverza.si\/wp-content\/uploads\/2025\/02\/susen-telecji-sapnik.webp",800,1000,false],"trp-custom-language-flag":["https:\/\/trgovina.pasjauniverza.si\/wp-content\/uploads\/2025\/02\/susen-telecji-sapnik-10x12.webp",10,12,true],"woocommerce_thumbnail":["https:\/\/trgovina.pasjauniverza.si\/wp-content\/uploads\/2025\/02\/susen-telecji-sapnik-300x300.webp",300,300,true],"woocommerce_single":["https:\/\/trgovina.pasjauniverza.si\/wp-content\/uploads\/2025\/02\/susen-telecji-sapnik-600x750.webp",600,750,true],"woocommerce_gallery_thumbnail":["https:\/\/trgovina.pasjauniverza.si\/wp-content\/uploads\/2025\/02\/susen-telecji-sapnik-100x100.webp",100,100,true]},"uagb_author_info":{"display_name":"Karmen Grubeli\u0107, dr.vet.med.","author_link":"https:\/\/trgovina.pasjauniverza.si\/en\/author\/"},"uagb_comment_info":0,"uagb_excerpt":"Naravna zobna nega \u2013 pomaga pri \u010di\u0161\u010denju zob in zmanj\u0161evanju zobnih oblog. Varna in zdrava \u017eve\u010dilka \u2013 idealna za pse, ki imajo mo\u010dno potrebo po \u017eve\u010denju. Odli\u010den proti stresu in dolg\u010dasu \u2013 dolgotrajno \u017eve\u010denje pomirja psa. Bogata sestava \u2013 vsebuje fosfor, kalcij, naravno glukozamin in kolagen, ki podpirajo sklepe in kosti.","jetpack_sharing_enabled":true,"_links":{"self":[{"href":"https:\/\/trgovina.pasjauniverza.si\/en\/wp-json\/wp\/v2\/product\/12332","targetHints":{"allow":["GET"]}}],"collection":[{"href":"https:\/\/trgovina.pasjauniverza.si\/en\/wp-json\/wp\/v2\/product"}],"about":[{"href":"https:\/\/trgovina.pasjauniverza.si\/en\/wp-json\/wp\/v2\/types\/product"}],"replies":[{"embeddable":true,"href":"https:\/\/trgovina.pasjauniverza.si\/en\/wp-json\/wp\/v2\/comments?post=12332"}],"wp:featuredmedia":[{"embeddable":true,"href":"https:\/\/trgovina.pasjauniverza.si\/en\/wp-json\/wp\/v2\/media\/12333"}],"wp:attachment":[{"href":"https:\/\/trgovina.pasjauniverza.si\/en\/wp-json\/wp\/v2\/media?parent=12332"}],"wp:term":[{"taxonomy":"product_brand","embeddable":true,"href":"https:\/\/trgovina.pasjauniverza.si\/en\/wp-json\/wp\/v2\/product_brand?post=12332"},{"taxonomy":"product_cat","embeddable":true,"href":"https:\/\/trgovina.pasjauniverza.si\/en\/wp-json\/wp\/v2\/product_cat?post=12332"},{"taxonomy":"product_tag","embeddable":true,"href":"https:\/\/trgovina.pasjauniverza.si\/en\/wp-json\/wp\/v2\/product_tag?post=12332"}],"curies":[{"name":"wp","href":"https:\/\/api.w.org\/{rel}","templated":true}]}}