
{"id":12180,"date":"2025-01-21T12:02:17","date_gmt":"2025-01-21T12:02:17","guid":{"rendered":"https:\/\/trgovina.pasjauniverza.si\/?post_type=product&#038;p=12180"},"modified":"2026-04-16T21:05:38","modified_gmt":"2026-04-16T21:05:38","slug":"susen-barf-popoln-obrok-puran","status":"publish","type":"product","link":"https:\/\/trgovina.pasjauniverza.si\/en\/product\/susen-barf-popoln-obrok-puran\/","title":{"rendered":"Mr.Bones Su\u0161en surov popoln obrok za pse in ma\u010dke &#8211; Puran"},"content":{"rendered":"<h2>Prehranjevanje psa po B.A.R.F. metodi ima obilo prednosti<\/h2>\n<p>&nbsp;<\/p>\n<h4>Su\u0161en BARF Puran, znamke Mr. Bones je 100% naravna, na zraku surova su\u0161ena hrana za pse, zasnovana po filozofiji B.A.R.F.<\/h4>\n<ul>\n<li>Narejena iz sve\u017eega mesa, mesnatih kosti, hranilno bogatih drobovin, sadja in zelenjave.<\/li>\n<li>Minimalno obdelana.<\/li>\n<li>Su\u0161ena na zraku pri nizkih temperaturah.<\/li>\n<li><strong>90% Meso | 10% Sadje in zelenjava | 0% Dodatkov in \u017eitaric<\/strong><\/li>\n<\/ul>\n<p>Dry BARF Turkey je\u00a0<strong>popolna naravna hrana<\/strong>\u00a0za pse, su\u0161ena pri nizki temperaturi za ohranjanje vseh hranilnih snovi. Sestavljena iz\u00a0<strong>90 % mesa<\/strong>\u00a0in\u00a0<strong>100 % naravnih sestavin<\/strong>\u00a0brez \u017eitaric, konzervansov ali dodatkov, je odli\u010dna izbira za pse z\u00a0<strong>alergijami<\/strong>,\u00a0<strong>prehranskimi intolerancami<\/strong>\u00a0ali\u00a0<strong>ob\u010dutljivo prebavo<\/strong>. Meni je\u00a0<strong>monoproteinski<\/strong>, kar pomeni, da vsebuje samo en vir beljakovin, zaradi \u010desar je primeren za pse z ob\u010dutljivostjo na hrano.<\/p>\n<p>Hrana je pripravljena iz\u00a0<strong>sve\u017eega<\/strong>\u00a0puranjega<strong>\u00a0mesa<\/strong>, pridobljenega pri lokalnih pridelovalcih, s \u010dimer podpiramo trajnost in zmanj\u0161ujemo\u00a0<strong>oglji\u010dni odtis<\/strong>. Su\u0161enje na zraku pri nizki temperaturi zagotavlja, da hrana ohrani vse\u00a0<strong>hranilne vrednosti<\/strong>,\u00a0<strong>arome<\/strong>\u00a0in\u00a0<strong>okuse<\/strong>, hkrati pa podalj\u0161a rok uporabnosti.<\/p>\n<p>Pakiranje z\u00a0<strong>ZIP zapiranjem<\/strong>\u00a0omogo\u010da enostavno shranjevanje in sve\u017eino hrane, zaradi \u010desar je idealna tudi za potovanja ali nepredvidene situacije, ko nimate na voljo sve\u017ee pripravljene hrane.<\/p>\n<h3>Prednosti<\/h3>\n<ul>\n<li>100% naravna hrana brez \u017eitaric, konzervansov ali dodatkov<\/li>\n<li>90% mesa, sve\u017ee in lokalno pridelano<\/li>\n<li>Monoproteinski meni \u2013 primeren za ob\u010dutljive pse<\/li>\n<li>Su\u0161eno na zraku pri nizkih temperaturah za ohranitev hranilnih vrednosti<\/li>\n<li>Dolg rok uporabe in enostavno shranjevanje z ZIP zapiranjem<\/li>\n<li>Podpira trajnost z uporabo surovin lokalnih pridelovalcev<\/li>\n<li>Idealna hrana za pse z alergijami in ob\u010dutljivo prebavo<\/li>\n<\/ul>\n<p>SESTAVA<\/p>\n<p><strong>Puranje meso:<\/strong> mi\u0161i\u010dno meso (45%), srce (15%), jetra (7%), \u017eelodec (3%);<strong> meso s kostjo purana:<\/strong> (20%); <strong>sadje in zelenjava:<\/strong> hru\u0161ka, korenje, brokoli (10%); a<strong>romati\u010dna zeli\u0161\u010da in za\u010dimbe<\/strong><\/p>\n<p><strong>Analiti\u010dna sestava:<\/strong><\/p>\n<p><strong>Kcal:<\/strong> 606<br \/>\n<strong>Beljakovine:<\/strong> 46% <strong>Ma\u0161\u010dobe:<\/strong> 33% <strong>Vlaknine:<\/strong> 1% <strong>Vsebnost vlage:<\/strong> 5% <strong>Pepel:<\/strong> 7%<\/p>\n<p><strong>Navodila za hranjenje in doziranje:\u00a0\u00a0<\/strong>Suhi BARF s puranjim mesom lahko hranite neposredno suh ali hidriran z vodo ali juho. \u010ce se odlo\u010dite za hidriranje, priporo\u010damo, da ga pustite po\u010divati nekaj minut.<\/p>\n<table>\n<thead>\n<tr>\n<th><strong>Te\u017ea psa (KG)<\/strong><\/th>\n<th>1<\/th>\n<th>2<\/th>\n<th>3<\/th>\n<th>4<\/th>\n<th>5<\/th>\n<th>7,5<\/th>\n<th>10<\/th>\n<th>12,5<\/th>\n<th>15<\/th>\n<th>20<\/th>\n<th>25<\/th>\n<th>30<\/th>\n<\/tr>\n<\/thead>\n<tbody>\n<tr>\n<td><strong>Dnevni odmerek (G)<\/strong><\/td>\n<td>23<\/td>\n<td>33<\/td>\n<td>43<\/td>\n<td>53<\/td>\n<td>63<\/td>\n<td>87<\/td>\n<td>112<\/td>\n<td>137<\/td>\n<td>162<\/td>\n<td>195<\/td>\n<td>228<\/td>\n<td>261<\/td>\n<\/tr>\n<\/tbody>\n<\/table>\n<ul>\n<li>Koli\u010dino hrane lahko razdelite na ve\u010d obrokov na dan.<\/li>\n<li>Porcije so okvirne. Lahko se razlikujejo glede na pasmo, starost, metabolizem ali aktivnost psa.<\/li>\n<\/ul>\n<p>Pakiranje z\u00a0<strong>ZIP zapiranjem<\/strong>\u00a0omogo\u010da enostavno shranjevanje in sve\u017eino hrane, zaradi \u010desar je idealna tudi za potovanja ali nepredvidene situacije, ko nimate na voljo sve\u017ee pripravljene hrane.<\/p>\n<p>Poglej si proces izdelave Mr.Bones izdelkov <a href=\"https:\/\/www.youtube.com\/watch?v=vjVDxwYhbFY&amp;ab_channel=MrBones\" target=\"_blank\" rel=\"noopener\">TUKAJ<\/a>.<\/p>\n<p>______________________________________________________________________<\/p>\n<h3>Prehod na Dry BARF \u2013 naravna hrana za pse z ve\u010d koristmi<\/h3>\n<p>Prehod na\u00a0<strong>Dry BARF<\/strong>, naravno hrano za pse, je enostaven in prina\u0161a \u0161tevilne prednosti. S pravilnim postopnim uvajanjem lahko svojim psom zagotovite prehrano, bogato z\u00a0<strong>naravnimi sestavinami<\/strong>, ki ohranja vse\u00a0<strong>hranilne snovi<\/strong>,\u00a0<strong>arome<\/strong>\u00a0in\u00a0<strong>okuse<\/strong>. Primeren je za pse vseh pasem in \u017eivljenjskih obdobij, \u0161e posebej za tiste z\u00a0<strong>ob\u010dutljivo prebavo<\/strong>\u00a0ali\u00a0<strong>prehranskimi alergijami in intolerancami<\/strong>. Prehod na\u00a0<strong>monoproteinsko<\/strong>\u00a0dieto, kot je\u00a0<strong>Dry BARF Turkey<\/strong>, lahko pomaga pri zmanj\u0161evanju alergij in izbolj\u0161anju prebave.<\/p>","protected":false},"excerpt":{"rendered":"<div class=\"product-desc\">\n<ul>\n<li>Popolna, uravnote\u017eena hrana za pse<\/li>\n<li>Monoproteinski obrok<\/li>\n<li>100% naravna<\/li>\n<li>Brez \u017eitaric, konzervansov ali dodatkov<\/li>\n<li>Narejena iz visokokakovostnih sestavin<\/li>\n<li>Surovine iz lokalnih kmetij in proizvajalcev v \u0160paniji<\/li>\n<li>Zip-lock vre\u010dka za enostavno in optimalno shranjevanje<\/li>\n<\/ul>\n<\/div>","protected":false},"featured_media":12947,"comment_status":"open","ping_status":"closed","template":"","meta":{"_acf_changed":false,"_uag_custom_page_level_css":"","site-sidebar-layout":"default","site-content-layout":"","ast-site-content-layout":"default","site-content-style":"default","site-sidebar-style":"default","ast-global-header-display":"","ast-banner-title-visibility":"","ast-main-header-display":"","ast-hfb-above-header-display":"","ast-hfb-below-header-display":"","ast-hfb-mobile-header-display":"","site-post-title":"","ast-breadcrumbs-content":"","ast-featured-img":"","footer-sml-layout":"","ast-disable-related-posts":"","theme-transparent-header-meta":"default","adv-header-id-meta":"","stick-header-meta":"","header-above-stick-meta":"","header-main-stick-meta":"","header-below-stick-meta":"","astra-migrate-meta-layouts":"set","ast-page-background-enabled":"default","ast-page-background-meta":{"desktop":{"background-color":"","background-image":"","background-repeat":"repeat","background-position":"center center","background-size":"auto","background-attachment":"scroll","background-type":"","background-media":"","overlay-type":"","overlay-color":"","overlay-opacity":"","overlay-gradient":""},"tablet":{"background-color":"","background-image":"","background-repeat":"repeat","background-position":"center center","background-size":"auto","background-attachment":"scroll","background-type":"","background-media":"","overlay-type":"","overlay-color":"","overlay-opacity":"","overlay-gradient":""},"mobile":{"background-color":"","background-image":"","background-repeat":"repeat","background-position":"center center","background-size":"auto","background-attachment":"scroll","background-type":"","background-media":"","overlay-type":"","overlay-color":"","overlay-opacity":"","overlay-gradient":""}},"ast-content-background-meta":{"desktop":{"background-color":"var(--ast-global-color-5)","background-image":"","background-repeat":"repeat","background-position":"center center","background-size":"auto","background-attachment":"scroll","background-type":"","background-media":"","overlay-type":"","overlay-color":"","overlay-opacity":"","overlay-gradient":""},"tablet":{"background-color":"var(--ast-global-color-5)","background-image":"","background-repeat":"repeat","background-position":"center center","background-size":"auto","background-attachment":"scroll","background-type":"","background-media":"","overlay-type":"","overlay-color":"","overlay-opacity":"","overlay-gradient":""},"mobile":{"background-color":"var(--ast-global-color-5)","background-image":"","background-repeat":"repeat","background-position":"center center","background-size":"auto","background-attachment":"scroll","background-type":"","background-media":"","overlay-type":"","overlay-color":"","overlay-opacity":"","overlay-gradient":""}}},"product_brand":[928],"product_cat":[732,725,724,723,730,565,423,18],"product_tag":[120,208,205,210,195,212,164,122,207,211,147,174,148],"class_list":{"0":"post-12180","1":"product","2":"type-product","3":"status-publish","4":"has-post-thumbnail","6":"product_brand-mr-bones","7":"product_cat-hrana-za-macke","8":"product_cat-hrana-za-pse","9":"product_cat-macke","10":"product_cat-psi","11":"product_cat-suha-hrana-za-macke","12":"product_cat-surova-susena-hrana","13":"product_cat-mr-bones","14":"product_cat-vsi-izdelki","15":"product_tag-ciscenje-zob","16":"product_tag-dehidrirane-zvecilke","17":"product_tag-kokos","18":"product_tag-kurji-vratovi","19":"product_tag-monoproteinsko","20":"product_tag-naravna-zvecilke","21":"product_tag-naravno","22":"product_tag-naravno-ciscenje-zobnih-oblog","23":"product_tag-susena-zvecilka","24":"product_tag-vrat","25":"product_tag-zobje","26":"product_tag-zvecenje","27":"product_tag-zvecilka","28":"desktop-align-center","29":"tablet-align-center","30":"mobile-align-center","32":"first","33":"instock","34":"sale","35":"shipping-taxable","36":"purchasable","37":"product-type-variable"},"acf":[],"yoast_head":"<!-- This site is optimized with the Yoast SEO plugin v27.4 - https:\/\/yoast.com\/product\/yoast-seo-wordpress\/ -->\n<title>Mr.Bones Su\u0161en surov popoln obrok za pse in ma\u010dke - Puran - Trgovina Pasja Univerza<\/title>\n<meta name=\"description\" content=\"Su\u0161en BARF popoln obrok - Puran\" \/>\n<meta name=\"robots\" content=\"index, follow, max-snippet:-1, max-image-preview:large, max-video-preview:-1\" \/>\n<link rel=\"canonical\" href=\"https:\/\/trgovina.pasjauniverza.si\/en\/product\/susen-barf-popoln-obrok-puran\/\" \/>\n<meta property=\"og:locale\" content=\"en_US\" \/>\n<meta property=\"og:type\" content=\"article\" \/>\n<meta property=\"og:title\" content=\"Mr.Bones Su\u0161en surov popoln obrok za pse in ma\u010dke - Puran - Trgovina Pasja Univerza\" \/>\n<meta property=\"og:description\" content=\"Su\u0161en BARF popoln obrok - Puran\" \/>\n<meta property=\"og:url\" content=\"https:\/\/trgovina.pasjauniverza.si\/en\/product\/susen-barf-popoln-obrok-puran\/\" \/>\n<meta property=\"og:site_name\" content=\"Trgovina Pasja Univerza\" \/>\n<meta property=\"article:modified_time\" content=\"2026-04-16T21:05:38+00:00\" \/>\n<meta property=\"og:image\" content=\"https:\/\/trgovina.pasjauniverza.si\/wp-content\/uploads\/2025\/01\/barf-puran-prostozivec.png\" \/>\n\t<meta property=\"og:image:width\" content=\"800\" \/>\n\t<meta property=\"og:image:height\" content=\"1000\" \/>\n\t<meta property=\"og:image:type\" content=\"image\/png\" \/>\n<meta name=\"twitter:card\" content=\"summary_large_image\" \/>\n<meta name=\"twitter:label1\" content=\"Est. reading time\" \/>\n\t<meta name=\"twitter:data1\" content=\"3 minutes\" \/>\n<script type=\"application\/ld+json\" class=\"yoast-schema-graph\">{\"@context\":\"https:\\\/\\\/schema.org\",\"@graph\":[{\"@type\":\"WebPage\",\"@id\":\"https:\\\/\\\/trgovina.pasjauniverza.si\\\/product\\\/susen-barf-popoln-obrok-puran\\\/\",\"url\":\"https:\\\/\\\/trgovina.pasjauniverza.si\\\/product\\\/susen-barf-popoln-obrok-puran\\\/\",\"name\":\"Mr.Bones Su\u0161en surov popoln obrok za pse in ma\u010dke - Puran - Trgovina Pasja Univerza\",\"isPartOf\":{\"@id\":\"https:\\\/\\\/trgovina.pasjauniverza.si\\\/#website\"},\"primaryImageOfPage\":{\"@id\":\"https:\\\/\\\/trgovina.pasjauniverza.si\\\/product\\\/susen-barf-popoln-obrok-puran\\\/#primaryimage\"},\"image\":{\"@id\":\"https:\\\/\\\/trgovina.pasjauniverza.si\\\/product\\\/susen-barf-popoln-obrok-puran\\\/#primaryimage\"},\"thumbnailUrl\":\"https:\\\/\\\/trgovina.pasjauniverza.si\\\/wp-content\\\/uploads\\\/2025\\\/01\\\/barf-puran-prostozivec.png\",\"datePublished\":\"2025-01-21T12:02:17+00:00\",\"dateModified\":\"2026-04-16T21:05:38+00:00\",\"description\":\"Su\u0161en BARF popoln obrok - Puran\",\"breadcrumb\":{\"@id\":\"https:\\\/\\\/trgovina.pasjauniverza.si\\\/product\\\/susen-barf-popoln-obrok-puran\\\/#breadcrumb\"},\"inLanguage\":\"en-US\",\"potentialAction\":[{\"@type\":\"ReadAction\",\"target\":[\"https:\\\/\\\/trgovina.pasjauniverza.si\\\/product\\\/susen-barf-popoln-obrok-puran\\\/\"]}]},{\"@type\":\"ImageObject\",\"inLanguage\":\"en-US\",\"@id\":\"https:\\\/\\\/trgovina.pasjauniverza.si\\\/product\\\/susen-barf-popoln-obrok-puran\\\/#primaryimage\",\"url\":\"https:\\\/\\\/trgovina.pasjauniverza.si\\\/wp-content\\\/uploads\\\/2025\\\/01\\\/barf-puran-prostozivec.png\",\"contentUrl\":\"https:\\\/\\\/trgovina.pasjauniverza.si\\\/wp-content\\\/uploads\\\/2025\\\/01\\\/barf-puran-prostozivec.png\",\"width\":800,\"height\":1000,\"caption\":\"barf-puran prostozivec\"},{\"@type\":\"BreadcrumbList\",\"@id\":\"https:\\\/\\\/trgovina.pasjauniverza.si\\\/product\\\/susen-barf-popoln-obrok-puran\\\/#breadcrumb\",\"itemListElement\":[{\"@type\":\"ListItem\",\"position\":1,\"name\":\"Home\",\"item\":\"https:\\\/\\\/trgovina.pasjauniverza.si\\\/\"},{\"@type\":\"ListItem\",\"position\":2,\"name\":\"Trgovina\",\"item\":\"https:\\\/\\\/trgovina.pasjauniverza.si\\\/trgovina\\\/\"},{\"@type\":\"ListItem\",\"position\":3,\"name\":\"Mr.Bones Su\u0161en surov popoln obrok za pse in ma\u010dke &#8211; Puran\"}]},{\"@type\":\"WebSite\",\"@id\":\"https:\\\/\\\/trgovina.pasjauniverza.si\\\/#website\",\"url\":\"https:\\\/\\\/trgovina.pasjauniverza.si\\\/\",\"name\":\"Trgovina Pasja Univerza\",\"description\":\"pasja univerza trgovina\",\"publisher\":{\"@id\":\"https:\\\/\\\/trgovina.pasjauniverza.si\\\/#organization\"},\"potentialAction\":[{\"@type\":\"SearchAction\",\"target\":{\"@type\":\"EntryPoint\",\"urlTemplate\":\"https:\\\/\\\/trgovina.pasjauniverza.si\\\/?s={search_term_string}\"},\"query-input\":{\"@type\":\"PropertyValueSpecification\",\"valueRequired\":true,\"valueName\":\"search_term_string\"}}],\"inLanguage\":\"en-US\"},{\"@type\":\"Organization\",\"@id\":\"https:\\\/\\\/trgovina.pasjauniverza.si\\\/#organization\",\"name\":\"Trgovina Pasja Univerza\",\"url\":\"https:\\\/\\\/trgovina.pasjauniverza.si\\\/\",\"logo\":{\"@type\":\"ImageObject\",\"inLanguage\":\"en-US\",\"@id\":\"https:\\\/\\\/trgovina.pasjauniverza.si\\\/#\\\/schema\\\/logo\\\/image\\\/\",\"url\":\"https:\\\/\\\/trgovina.pasjauniverza.si\\\/wp-content\\\/uploads\\\/2024\\\/08\\\/cropped-logotipi-vector-04.png\",\"contentUrl\":\"https:\\\/\\\/trgovina.pasjauniverza.si\\\/wp-content\\\/uploads\\\/2024\\\/08\\\/cropped-logotipi-vector-04.png\",\"width\":942,\"height\":908,\"caption\":\"Trgovina Pasja Univerza\"},\"image\":{\"@id\":\"https:\\\/\\\/trgovina.pasjauniverza.si\\\/#\\\/schema\\\/logo\\\/image\\\/\"}}]}<\/script>\n<!-- \/ Yoast SEO plugin. -->","yoast_head_json":{"title":"Mr.Bones Su\u0161en surov popoln obrok za pse in ma\u010dke - Puran - Trgovina Pasja Univerza","description":"Su\u0161en BARF popoln obrok - Puran","robots":{"index":"index","follow":"follow","max-snippet":"max-snippet:-1","max-image-preview":"max-image-preview:large","max-video-preview":"max-video-preview:-1"},"canonical":"https:\/\/trgovina.pasjauniverza.si\/en\/product\/susen-barf-popoln-obrok-puran\/","og_locale":"en_US","og_type":"article","og_title":"Mr.Bones Su\u0161en surov popoln obrok za pse in ma\u010dke - Puran - Trgovina Pasja Univerza","og_description":"Su\u0161en BARF popoln obrok - Puran","og_url":"https:\/\/trgovina.pasjauniverza.si\/en\/product\/susen-barf-popoln-obrok-puran\/","og_site_name":"Trgovina Pasja Univerza","article_modified_time":"2026-04-16T21:05:38+00:00","og_image":[{"width":800,"height":1000,"url":"https:\/\/trgovina.pasjauniverza.si\/wp-content\/uploads\/2025\/01\/barf-puran-prostozivec.png","type":"image\/png"}],"twitter_card":"summary_large_image","twitter_misc":{"Est. reading time":"3 minutes"},"schema":{"@context":"https:\/\/schema.org","@graph":[{"@type":"WebPage","@id":"https:\/\/trgovina.pasjauniverza.si\/product\/susen-barf-popoln-obrok-puran\/","url":"https:\/\/trgovina.pasjauniverza.si\/product\/susen-barf-popoln-obrok-puran\/","name":"Mr.Bones Su\u0161en surov popoln obrok za pse in ma\u010dke - Puran - Trgovina Pasja Univerza","isPartOf":{"@id":"https:\/\/trgovina.pasjauniverza.si\/#website"},"primaryImageOfPage":{"@id":"https:\/\/trgovina.pasjauniverza.si\/product\/susen-barf-popoln-obrok-puran\/#primaryimage"},"image":{"@id":"https:\/\/trgovina.pasjauniverza.si\/product\/susen-barf-popoln-obrok-puran\/#primaryimage"},"thumbnailUrl":"https:\/\/trgovina.pasjauniverza.si\/wp-content\/uploads\/2025\/01\/barf-puran-prostozivec.png","datePublished":"2025-01-21T12:02:17+00:00","dateModified":"2026-04-16T21:05:38+00:00","description":"Su\u0161en BARF popoln obrok - Puran","breadcrumb":{"@id":"https:\/\/trgovina.pasjauniverza.si\/product\/susen-barf-popoln-obrok-puran\/#breadcrumb"},"inLanguage":"en-US","potentialAction":[{"@type":"ReadAction","target":["https:\/\/trgovina.pasjauniverza.si\/product\/susen-barf-popoln-obrok-puran\/"]}]},{"@type":"ImageObject","inLanguage":"en-US","@id":"https:\/\/trgovina.pasjauniverza.si\/product\/susen-barf-popoln-obrok-puran\/#primaryimage","url":"https:\/\/trgovina.pasjauniverza.si\/wp-content\/uploads\/2025\/01\/barf-puran-prostozivec.png","contentUrl":"https:\/\/trgovina.pasjauniverza.si\/wp-content\/uploads\/2025\/01\/barf-puran-prostozivec.png","width":800,"height":1000,"caption":"barf-puran prostozivec"},{"@type":"BreadcrumbList","@id":"https:\/\/trgovina.pasjauniverza.si\/product\/susen-barf-popoln-obrok-puran\/#breadcrumb","itemListElement":[{"@type":"ListItem","position":1,"name":"Home","item":"https:\/\/trgovina.pasjauniverza.si\/"},{"@type":"ListItem","position":2,"name":"Trgovina","item":"https:\/\/trgovina.pasjauniverza.si\/trgovina\/"},{"@type":"ListItem","position":3,"name":"Mr.Bones Su\u0161en surov popoln obrok za pse in ma\u010dke &#8211; Puran"}]},{"@type":"WebSite","@id":"https:\/\/trgovina.pasjauniverza.si\/#website","url":"https:\/\/trgovina.pasjauniverza.si\/","name":"Trgovina Pasja Univerza","description":"pasja univerza trgovina","publisher":{"@id":"https:\/\/trgovina.pasjauniverza.si\/#organization"},"potentialAction":[{"@type":"SearchAction","target":{"@type":"EntryPoint","urlTemplate":"https:\/\/trgovina.pasjauniverza.si\/?s={search_term_string}"},"query-input":{"@type":"PropertyValueSpecification","valueRequired":true,"valueName":"search_term_string"}}],"inLanguage":"en-US"},{"@type":"Organization","@id":"https:\/\/trgovina.pasjauniverza.si\/#organization","name":"Trgovina Pasja Univerza","url":"https:\/\/trgovina.pasjauniverza.si\/","logo":{"@type":"ImageObject","inLanguage":"en-US","@id":"https:\/\/trgovina.pasjauniverza.si\/#\/schema\/logo\/image\/","url":"https:\/\/trgovina.pasjauniverza.si\/wp-content\/uploads\/2024\/08\/cropped-logotipi-vector-04.png","contentUrl":"https:\/\/trgovina.pasjauniverza.si\/wp-content\/uploads\/2024\/08\/cropped-logotipi-vector-04.png","width":942,"height":908,"caption":"Trgovina Pasja Univerza"},"image":{"@id":"https:\/\/trgovina.pasjauniverza.si\/#\/schema\/logo\/image\/"}}]}},"uagb_featured_image_src":{"full":["https:\/\/trgovina.pasjauniverza.si\/wp-content\/uploads\/2025\/01\/barf-puran-prostozivec.png",800,1000,false],"thumbnail":["https:\/\/trgovina.pasjauniverza.si\/wp-content\/uploads\/2025\/01\/barf-puran-prostozivec-150x150.png",150,150,true],"medium":["https:\/\/trgovina.pasjauniverza.si\/wp-content\/uploads\/2025\/01\/barf-puran-prostozivec-240x300.png",240,300,true],"medium_large":["https:\/\/trgovina.pasjauniverza.si\/wp-content\/uploads\/2025\/01\/barf-puran-prostozivec-768x960.png",768,960,true],"large":["https:\/\/trgovina.pasjauniverza.si\/wp-content\/uploads\/2025\/01\/barf-puran-prostozivec.png",800,1000,false],"1536x1536":["https:\/\/trgovina.pasjauniverza.si\/wp-content\/uploads\/2025\/01\/barf-puran-prostozivec.png",800,1000,false],"2048x2048":["https:\/\/trgovina.pasjauniverza.si\/wp-content\/uploads\/2025\/01\/barf-puran-prostozivec.png",800,1000,false],"trp-custom-language-flag":["https:\/\/trgovina.pasjauniverza.si\/wp-content\/uploads\/2025\/01\/barf-puran-prostozivec-10x12.png",10,12,true],"woocommerce_thumbnail":["https:\/\/trgovina.pasjauniverza.si\/wp-content\/uploads\/2025\/01\/barf-puran-prostozivec-300x300.png",300,300,true],"woocommerce_single":["https:\/\/trgovina.pasjauniverza.si\/wp-content\/uploads\/2025\/01\/barf-puran-prostozivec-600x750.png",600,750,true],"woocommerce_gallery_thumbnail":["https:\/\/trgovina.pasjauniverza.si\/wp-content\/uploads\/2025\/01\/barf-puran-prostozivec-100x100.png",100,100,true]},"uagb_author_info":{"display_name":"Karmen Grubeli\u0107, dr.vet.med.","author_link":"https:\/\/trgovina.pasjauniverza.si\/en\/author\/"},"uagb_comment_info":0,"uagb_excerpt":"Popolna, uravnote\u017eena hrana za pse Monoproteinski obrok 100% naravna Brez \u017eitaric, konzervansov ali dodatkov Narejena iz visokokakovostnih sestavin Surovine iz lokalnih kmetij in proizvajalcev v \u0160paniji Zip-lock vre\u010dka za enostavno in optimalno shranjevanje","jetpack_sharing_enabled":true,"_links":{"self":[{"href":"https:\/\/trgovina.pasjauniverza.si\/en\/wp-json\/wp\/v2\/product\/12180","targetHints":{"allow":["GET"]}}],"collection":[{"href":"https:\/\/trgovina.pasjauniverza.si\/en\/wp-json\/wp\/v2\/product"}],"about":[{"href":"https:\/\/trgovina.pasjauniverza.si\/en\/wp-json\/wp\/v2\/types\/product"}],"replies":[{"embeddable":true,"href":"https:\/\/trgovina.pasjauniverza.si\/en\/wp-json\/wp\/v2\/comments?post=12180"}],"wp:featuredmedia":[{"embeddable":true,"href":"https:\/\/trgovina.pasjauniverza.si\/en\/wp-json\/wp\/v2\/media\/12947"}],"wp:attachment":[{"href":"https:\/\/trgovina.pasjauniverza.si\/en\/wp-json\/wp\/v2\/media?parent=12180"}],"wp:term":[{"taxonomy":"product_brand","embeddable":true,"href":"https:\/\/trgovina.pasjauniverza.si\/en\/wp-json\/wp\/v2\/product_brand?post=12180"},{"taxonomy":"product_cat","embeddable":true,"href":"https:\/\/trgovina.pasjauniverza.si\/en\/wp-json\/wp\/v2\/product_cat?post=12180"},{"taxonomy":"product_tag","embeddable":true,"href":"https:\/\/trgovina.pasjauniverza.si\/en\/wp-json\/wp\/v2\/product_tag?post=12180"}],"curies":[{"name":"wp","href":"https:\/\/api.w.org\/{rel}","templated":true}]}}