
{"id":12086,"date":"2025-01-12T11:19:04","date_gmt":"2025-01-12T11:19:04","guid":{"rendered":"https:\/\/trgovina.pasjauniverza.si\/?post_type=product&#038;p=12086"},"modified":"2025-09-16T16:25:17","modified_gmt":"2025-09-16T16:25:17","slug":"canvit-barf-posusena-spirulina-platensis-180-g","status":"publish","type":"product","link":"https:\/\/trgovina.pasjauniverza.si\/en\/product\/canvit-barf-posusena-spirulina-platensis-180-g\/","title":{"rendered":"Canvit BARF posu\u0161ena Spirulina platensis &#8211; 180 g"},"content":{"rendered":"<p><strong>Prehransko dopolnilo<\/strong>\u00a0Canvit B.A.R.F. Spirulina za pse in ma\u010dke v obliki\u00a0<strong>posu\u0161ene spiruline<\/strong>\u00a0za podporo imunskemu sistemu. Uporablja se predvsem kot dodatek hrani, ki jo\u00a0<strong>pripravljate sami<\/strong>\u00a0doma &#8211;\u00a0<strong>B.A.R.F.<\/strong>. Doma\u010da kuhana hrana, za razliko od predpripravljenih krmnih me\u0161anic, ne vsebuje vseh potrebnih hranilnih snovi, zato jih je\u00a0<strong>potrebno dodajati<\/strong>.<\/p>\n<p>Spirulina je\u00a0<strong>naravni vir<\/strong>\u00a0aminokislin, betakarotena, vitaminov B, D, E in K ter mineralov. Izdelek je odli\u010den vir\u00a0<strong>koncentriranih<\/strong>\u00a0in\u00a0<strong>visoko prebavljivih<\/strong>\u00a0hranil. Ima pozitiven vpliv na imunski sistem, primerna pa je tudi kot dodatek za zelo aktivne \u017eivali in v \u010dasu stresnih situacij.<\/p>\n<p>Izdelek po uporabi dobro zaprite in shranjujte v suhem ter temnem prostoru.<\/p>\n<p>&nbsp;<\/p>\n<p><strong>SESTAVA:<\/strong>\u00a0posu\u0161ena spirulina 100%.<\/p>\n<p><strong>ANALITSKE SESTAVINE:<\/strong>\u00a0surove beljakovine 68,0%, vsebnost ma\u0161\u010dobe 5,6%, surove vlaknine 12,3%, surovi pepel 8,4%, vlaga 10,0%.<\/p>\n<p>&nbsp;<\/p>\n<p>NAVODILA ZA UPORABO:<\/p>\n<p><strong>UPORABA IZDELKA:<\/strong><\/p>\n<p>Canvit B.A.R.F. Spirulina je prehransko dopolnilo za pse in ma\u010dke. Izdelek enostavno vme\u0161ate v hrano. Pozor pri razstavnih psih z belo dlako, saj lahko prihaja do ne\u017eelenega obarvanja.<\/p>\n<p><strong>ODMERJANJE (na dan):<\/strong><\/p>\n<p>Manj\u0161i psi in ma\u010dke (1-10 kg): 1\/4 \u010dajne \u017eli\u010dke<br \/>\nSrednji psi (10-25 kg): 1\/2 \u010dajne \u017eli\u010dke<br \/>\nVeliki psi (25-45 kg): 3\/4 \u010dajne \u017eli\u010dke<br \/>\nZelo veliki psi (nad 45 kg): 1 \u010dajna \u017eli\u010dka<\/p>\n<p>&nbsp;<\/p>\n<p>O CANVIT:<\/p>\n<p>Podjetje Canvit je vodilni proizvajalec krme za \u017eivali in\u00a0<strong>vitaminsko-mineralnih dodatkov<\/strong>\u00a0za hi\u0161ne ljubljen\u010dke v \u010ce\u0161ki republiki. Canvit vitaminsko-mineralni dodatki za pse in ma\u010dke ter tudi druge \u017eivali poskrbijo za\u00a0<strong>zdravje<\/strong>\u00a0va\u0161ega hi\u0161nega ljubljen\u010dka in\u00a0<strong>laj\u0161ajo pogoste zdravstvene te\u017eave<\/strong><strong>,\u00a0<\/strong>kot so: te\u017eave s ko\u017eo, mobilnostjo, zobovjem, imunskim sistemom, urinarnim sistemom, preveliko telesno te\u017eo in drugimi. Podjetje je zavezano k zagotavljanju\u00a0<strong>najbolj\u0161e kakovosti<\/strong>, zato imajo zaposlene vrhunske in\u017einirje na podro\u010djih nutricionistike, tehnologije in veterine.<\/p>\n<p>\u0160irok nabor prehranskih dodatkov znamke Canvit za pse in ma\u010dke, ki\u00a0<strong>podpirajo zdravje<\/strong>\u00a0in\u00a0<strong>delujejo preventivno<\/strong>\u00a0proti najpogostej\u0161im zdravstvenim te\u017eavam na\u0161ih ljubljen\u010dkov. Tipi\u010dne bolezni \u017eivali, predvsem \u00bbbolezni \u017eivljenjskega sloga\u00ab, so posledica nepravilne prehrane, oslabljene imunosti v kriti\u010dnih situacijah ali pomanjkanja vitaminov in hranil. Z uporabo izdelkov Canvit lahko u\u010dinkovito prepre\u010dujemo te te\u017eave in krepimo zdravje. Preventiva v obliki prehranskih dodatkov je u\u010dinkovit na\u010din, da va\u0161 ljubljen\u010dek u\u017eiva dolgo in zadovoljujo\u010de \u017eivljenje, povrh vsega, pa so izdelki tudi izjemno okusni! V izdelkih Canvit ne boste na\u0161li nepotrebnih umetnih dodatkov ali GSO. Nabor izdelkov je razdeljen v\u00a0<strong>3 razli\u010dne linije<\/strong>\u00a0kot so: veterinarski izdelki, funkcionalni pribolj\u0161ki in B.A.R.F. prehranska dopolnila.<\/p>\n<p><em>&#8211; Veterinarski izdelki:<\/em>\u00a0namenjeni laj\u0161anju razli\u010dnih specifi\u010dnih zdravstvenih te\u017eav. Izdelki vsebujejo uravnote\u017eeno me\u0161anico vitaminov, mineralov in elementov v sledovih, ki skrbijo za visoko u\u010dinkovitost in absorbcijo bioaktivnih komponent v telesu. Uporaba lahko prepre\u010di pove\u010dano tveganje za bolezni in nudi podporo pri zdravljenju v zgodnjih fazah bolezni.<\/p>\n<p><em>&#8211; Funkcionalni pribolj\u0161ki:<\/em>\u00a0pribolj\u0161ki za vsakodnevno uporabo in laj\u0161anje ter prepre\u010devanje najpogostej\u0161ih zdravstvenih te\u017eav. Pribolj\u0161ki so obogateni s kompleksom aktivnih snovi, zeli\u0161\u010d in izvle\u010dkov za u\u010dinkovito podporo razli\u010dnim organskim sistemom. Zdravi in okusni pribolj\u0161ki bodo va\u0161ega ljubljen\u010dka preprosto navdu\u0161ili<\/p>\n<p><em>&#8211; B.A.R.F. prehranska dopolnila:<\/em>\u00a0pristni naravni izdelki iz liofiliziranega sadja, zelenjave, zeli\u0161\u010d, olj in funkcionalnih nutricevtikov. Liofilizacija pomeni su\u0161enje \u017eivila z globokim zamrzovanjem s katerim se odstrani voda. Vse u\u010dinkovine imajo ohranjeno naravno obliko, izdelki ne vsebujejo nepotrebnih snovi. Linija predstavlja \u0161iroko paleto dopolnil v primeru hranjenja po principih B.A.R.F. in celosten prstop k zdravju \u017eivali.<\/p>\n<p>Glavni cilj podjetja je, da so hi\u0161ni ljubljen\u010dki\u00a0<strong>sre\u010dni<\/strong>\u00a0in\u00a0<strong>zdravi<\/strong>, saj nam prina\u0161ajo veselje in ljubezen.<\/p>","protected":false},"excerpt":{"rendered":"<p>Prehransko dopolnilo pripravljeno iz posu\u0161ene spiruline za zdrav imunski sistem va\u0161ega ku\u017eka ali mucka.<\/p>\n<ul>\n<li><em>Spirulina Platensis<\/em><\/li>\n<li>Naravni vir aminokislin, betakarotena, vitaminov in mineralov<\/li>\n<li>Ugoden vpliv na celotni organizem<\/li>\n<li>Primerno tudi za aktivne pse in v \u010dasu stresnih situacij<\/li>\n<li>Odli\u010dna dopolnitev k B.A.R.F. hrani<\/li>\n<\/ul>","protected":false},"featured_media":12087,"comment_status":"open","ping_status":"closed","template":"","meta":{"_acf_changed":false,"_uag_custom_page_level_css":"","site-sidebar-layout":"default","site-content-layout":"","ast-site-content-layout":"default","site-content-style":"default","site-sidebar-style":"default","ast-global-header-display":"","ast-banner-title-visibility":"","ast-main-header-display":"","ast-hfb-above-header-display":"","ast-hfb-below-header-display":"","ast-hfb-mobile-header-display":"","site-post-title":"","ast-breadcrumbs-content":"","ast-featured-img":"","footer-sml-layout":"","ast-disable-related-posts":"","theme-transparent-header-meta":"default","adv-header-id-meta":"","stick-header-meta":"","header-above-stick-meta":"","header-main-stick-meta":"","header-below-stick-meta":"","astra-migrate-meta-layouts":"set","ast-page-background-enabled":"default","ast-page-background-meta":{"desktop":{"background-color":"","background-image":"","background-repeat":"repeat","background-position":"center center","background-size":"auto","background-attachment":"scroll","background-type":"","background-media":"","overlay-type":"","overlay-color":"","overlay-opacity":"","overlay-gradient":""},"tablet":{"background-color":"","background-image":"","background-repeat":"repeat","background-position":"center center","background-size":"auto","background-attachment":"scroll","background-type":"","background-media":"","overlay-type":"","overlay-color":"","overlay-opacity":"","overlay-gradient":""},"mobile":{"background-color":"","background-image":"","background-repeat":"repeat","background-position":"center center","background-size":"auto","background-attachment":"scroll","background-type":"","background-media":"","overlay-type":"","overlay-color":"","overlay-opacity":"","overlay-gradient":""}},"ast-content-background-meta":{"desktop":{"background-color":"var(--ast-global-color-5)","background-image":"","background-repeat":"repeat","background-position":"center center","background-size":"auto","background-attachment":"scroll","background-type":"","background-media":"","overlay-type":"","overlay-color":"","overlay-opacity":"","overlay-gradient":""},"tablet":{"background-color":"var(--ast-global-color-5)","background-image":"","background-repeat":"repeat","background-position":"center center","background-size":"auto","background-attachment":"scroll","background-type":"","background-media":"","overlay-type":"","overlay-color":"","overlay-opacity":"","overlay-gradient":""},"mobile":{"background-color":"var(--ast-global-color-5)","background-image":"","background-repeat":"repeat","background-position":"center center","background-size":"auto","background-attachment":"scroll","background-type":"","background-media":"","overlay-type":"","overlay-color":"","overlay-opacity":"","overlay-gradient":""}}},"product_brand":[924],"product_cat":[738,734,735,420,723,18],"product_tag":[377,374,379,371,376,370,369,372,378,375,373],"class_list":{"0":"post-12086","1":"product","2":"type-product","3":"status-publish","4":"has-post-thumbnail","6":"product_brand-canvit","7":"product_cat-imunski-sistem","8":"product_cat-koza-in-dlaka","9":"product_cat-prebavila","10":"product_cat-prehranski-dodatki-za-pse","11":"product_cat-psi","12":"product_cat-vsi-izdelki","13":"product_tag-b-a-r-f","14":"product_tag-canvit","15":"product_tag-dieta","16":"product_tag-dodatek","17":"product_tag-minerali","18":"product_tag-olje","19":"product_tag-ribje-olje","20":"product_tag-sijoca-dlaka","21":"product_tag-surova-hrana","22":"product_tag-vitamini","23":"product_tag-vitaminsko-mineralna-mesanica","24":"desktop-align-center","25":"tablet-align-center","26":"mobile-align-center","28":"first","29":"instock","30":"shipping-taxable","31":"purchasable","32":"product-type-simple"},"acf":[],"yoast_head":"<!-- This site is optimized with the Yoast SEO plugin v27.4 - https:\/\/yoast.com\/product\/yoast-seo-wordpress\/ -->\n<title>Canvit BARF posu\u0161ena Spirulina platensis - 180 g - Trgovina Pasja Univerza<\/title>\n<meta name=\"description\" content=\"Canvit BARF posu\u0161ena Spirulina platensis - 180 g\" \/>\n<meta name=\"robots\" content=\"index, follow, max-snippet:-1, max-image-preview:large, max-video-preview:-1\" \/>\n<link rel=\"canonical\" href=\"https:\/\/trgovina.pasjauniverza.si\/en\/product\/canvit-barf-posusena-spirulina-platensis-180-g\/\" \/>\n<meta property=\"og:locale\" content=\"en_US\" \/>\n<meta property=\"og:type\" content=\"article\" \/>\n<meta property=\"og:title\" content=\"Canvit BARF posu\u0161ena Spirulina platensis - 180 g - Trgovina Pasja Univerza\" \/>\n<meta property=\"og:description\" content=\"Canvit BARF posu\u0161ena Spirulina platensis - 180 g\" \/>\n<meta property=\"og:url\" content=\"https:\/\/trgovina.pasjauniverza.si\/en\/product\/canvit-barf-posusena-spirulina-platensis-180-g\/\" \/>\n<meta property=\"og:site_name\" content=\"Trgovina Pasja Univerza\" \/>\n<meta property=\"article:modified_time\" content=\"2025-09-16T16:25:17+00:00\" \/>\n<meta property=\"og:image\" content=\"https:\/\/trgovina.pasjauniverza.si\/wp-content\/uploads\/2025\/01\/Canvit-BARF-posusena-Spirulina-platensis-180-g.webp\" \/>\n\t<meta property=\"og:image:width\" content=\"430\" \/>\n\t<meta property=\"og:image:height\" content=\"430\" \/>\n\t<meta property=\"og:image:type\" content=\"image\/webp\" \/>\n<meta name=\"twitter:card\" content=\"summary_large_image\" \/>\n<meta name=\"twitter:label1\" content=\"Est. reading time\" \/>\n\t<meta name=\"twitter:data1\" content=\"4 minutes\" \/>\n<script type=\"application\/ld+json\" class=\"yoast-schema-graph\">{\"@context\":\"https:\\\/\\\/schema.org\",\"@graph\":[{\"@type\":\"WebPage\",\"@id\":\"https:\\\/\\\/trgovina.pasjauniverza.si\\\/product\\\/canvit-barf-posusena-spirulina-platensis-180-g\\\/\",\"url\":\"https:\\\/\\\/trgovina.pasjauniverza.si\\\/product\\\/canvit-barf-posusena-spirulina-platensis-180-g\\\/\",\"name\":\"Canvit BARF posu\u0161ena Spirulina platensis - 180 g - Trgovina Pasja Univerza\",\"isPartOf\":{\"@id\":\"https:\\\/\\\/trgovina.pasjauniverza.si\\\/#website\"},\"primaryImageOfPage\":{\"@id\":\"https:\\\/\\\/trgovina.pasjauniverza.si\\\/product\\\/canvit-barf-posusena-spirulina-platensis-180-g\\\/#primaryimage\"},\"image\":{\"@id\":\"https:\\\/\\\/trgovina.pasjauniverza.si\\\/product\\\/canvit-barf-posusena-spirulina-platensis-180-g\\\/#primaryimage\"},\"thumbnailUrl\":\"https:\\\/\\\/trgovina.pasjauniverza.si\\\/wp-content\\\/uploads\\\/2025\\\/01\\\/Canvit-BARF-posusena-Spirulina-platensis-180-g.webp\",\"datePublished\":\"2025-01-12T11:19:04+00:00\",\"dateModified\":\"2025-09-16T16:25:17+00:00\",\"description\":\"Canvit BARF posu\u0161ena Spirulina platensis - 180 g\",\"breadcrumb\":{\"@id\":\"https:\\\/\\\/trgovina.pasjauniverza.si\\\/product\\\/canvit-barf-posusena-spirulina-platensis-180-g\\\/#breadcrumb\"},\"inLanguage\":\"en-US\",\"potentialAction\":[{\"@type\":\"ReadAction\",\"target\":[\"https:\\\/\\\/trgovina.pasjauniverza.si\\\/product\\\/canvit-barf-posusena-spirulina-platensis-180-g\\\/\"]}]},{\"@type\":\"ImageObject\",\"inLanguage\":\"en-US\",\"@id\":\"https:\\\/\\\/trgovina.pasjauniverza.si\\\/product\\\/canvit-barf-posusena-spirulina-platensis-180-g\\\/#primaryimage\",\"url\":\"https:\\\/\\\/trgovina.pasjauniverza.si\\\/wp-content\\\/uploads\\\/2025\\\/01\\\/Canvit-BARF-posusena-Spirulina-platensis-180-g.webp\",\"contentUrl\":\"https:\\\/\\\/trgovina.pasjauniverza.si\\\/wp-content\\\/uploads\\\/2025\\\/01\\\/Canvit-BARF-posusena-Spirulina-platensis-180-g.webp\",\"width\":430,\"height\":430,\"caption\":\"Canvit BARF posu\u0161ena Spirulina platensis - 180 g\"},{\"@type\":\"BreadcrumbList\",\"@id\":\"https:\\\/\\\/trgovina.pasjauniverza.si\\\/product\\\/canvit-barf-posusena-spirulina-platensis-180-g\\\/#breadcrumb\",\"itemListElement\":[{\"@type\":\"ListItem\",\"position\":1,\"name\":\"Home\",\"item\":\"https:\\\/\\\/trgovina.pasjauniverza.si\\\/\"},{\"@type\":\"ListItem\",\"position\":2,\"name\":\"Trgovina\",\"item\":\"https:\\\/\\\/trgovina.pasjauniverza.si\\\/trgovina\\\/\"},{\"@type\":\"ListItem\",\"position\":3,\"name\":\"Canvit BARF posu\u0161ena Spirulina platensis &#8211; 180 g\"}]},{\"@type\":\"WebSite\",\"@id\":\"https:\\\/\\\/trgovina.pasjauniverza.si\\\/#website\",\"url\":\"https:\\\/\\\/trgovina.pasjauniverza.si\\\/\",\"name\":\"Trgovina Pasja Univerza\",\"description\":\"pasja univerza trgovina\",\"publisher\":{\"@id\":\"https:\\\/\\\/trgovina.pasjauniverza.si\\\/#organization\"},\"potentialAction\":[{\"@type\":\"SearchAction\",\"target\":{\"@type\":\"EntryPoint\",\"urlTemplate\":\"https:\\\/\\\/trgovina.pasjauniverza.si\\\/?s={search_term_string}\"},\"query-input\":{\"@type\":\"PropertyValueSpecification\",\"valueRequired\":true,\"valueName\":\"search_term_string\"}}],\"inLanguage\":\"en-US\"},{\"@type\":\"Organization\",\"@id\":\"https:\\\/\\\/trgovina.pasjauniverza.si\\\/#organization\",\"name\":\"Trgovina Pasja Univerza\",\"url\":\"https:\\\/\\\/trgovina.pasjauniverza.si\\\/\",\"logo\":{\"@type\":\"ImageObject\",\"inLanguage\":\"en-US\",\"@id\":\"https:\\\/\\\/trgovina.pasjauniverza.si\\\/#\\\/schema\\\/logo\\\/image\\\/\",\"url\":\"https:\\\/\\\/trgovina.pasjauniverza.si\\\/wp-content\\\/uploads\\\/2024\\\/08\\\/cropped-logotipi-vector-04.png\",\"contentUrl\":\"https:\\\/\\\/trgovina.pasjauniverza.si\\\/wp-content\\\/uploads\\\/2024\\\/08\\\/cropped-logotipi-vector-04.png\",\"width\":942,\"height\":908,\"caption\":\"Trgovina Pasja Univerza\"},\"image\":{\"@id\":\"https:\\\/\\\/trgovina.pasjauniverza.si\\\/#\\\/schema\\\/logo\\\/image\\\/\"}}]}<\/script>\n<!-- \/ Yoast SEO plugin. -->","yoast_head_json":{"title":"Canvit BARF posu\u0161ena Spirulina platensis - 180 g - Trgovina Pasja Univerza","description":"Canvit BARF posu\u0161ena Spirulina platensis - 180 g","robots":{"index":"index","follow":"follow","max-snippet":"max-snippet:-1","max-image-preview":"max-image-preview:large","max-video-preview":"max-video-preview:-1"},"canonical":"https:\/\/trgovina.pasjauniverza.si\/en\/product\/canvit-barf-posusena-spirulina-platensis-180-g\/","og_locale":"en_US","og_type":"article","og_title":"Canvit BARF posu\u0161ena Spirulina platensis - 180 g - Trgovina Pasja Univerza","og_description":"Canvit BARF posu\u0161ena Spirulina platensis - 180 g","og_url":"https:\/\/trgovina.pasjauniverza.si\/en\/product\/canvit-barf-posusena-spirulina-platensis-180-g\/","og_site_name":"Trgovina Pasja Univerza","article_modified_time":"2025-09-16T16:25:17+00:00","og_image":[{"width":430,"height":430,"url":"https:\/\/trgovina.pasjauniverza.si\/wp-content\/uploads\/2025\/01\/Canvit-BARF-posusena-Spirulina-platensis-180-g.webp","type":"image\/webp"}],"twitter_card":"summary_large_image","twitter_misc":{"Est. reading time":"4 minutes"},"schema":{"@context":"https:\/\/schema.org","@graph":[{"@type":"WebPage","@id":"https:\/\/trgovina.pasjauniverza.si\/product\/canvit-barf-posusena-spirulina-platensis-180-g\/","url":"https:\/\/trgovina.pasjauniverza.si\/product\/canvit-barf-posusena-spirulina-platensis-180-g\/","name":"Canvit BARF posu\u0161ena Spirulina platensis - 180 g - Trgovina Pasja Univerza","isPartOf":{"@id":"https:\/\/trgovina.pasjauniverza.si\/#website"},"primaryImageOfPage":{"@id":"https:\/\/trgovina.pasjauniverza.si\/product\/canvit-barf-posusena-spirulina-platensis-180-g\/#primaryimage"},"image":{"@id":"https:\/\/trgovina.pasjauniverza.si\/product\/canvit-barf-posusena-spirulina-platensis-180-g\/#primaryimage"},"thumbnailUrl":"https:\/\/trgovina.pasjauniverza.si\/wp-content\/uploads\/2025\/01\/Canvit-BARF-posusena-Spirulina-platensis-180-g.webp","datePublished":"2025-01-12T11:19:04+00:00","dateModified":"2025-09-16T16:25:17+00:00","description":"Canvit BARF posu\u0161ena Spirulina platensis - 180 g","breadcrumb":{"@id":"https:\/\/trgovina.pasjauniverza.si\/product\/canvit-barf-posusena-spirulina-platensis-180-g\/#breadcrumb"},"inLanguage":"en-US","potentialAction":[{"@type":"ReadAction","target":["https:\/\/trgovina.pasjauniverza.si\/product\/canvit-barf-posusena-spirulina-platensis-180-g\/"]}]},{"@type":"ImageObject","inLanguage":"en-US","@id":"https:\/\/trgovina.pasjauniverza.si\/product\/canvit-barf-posusena-spirulina-platensis-180-g\/#primaryimage","url":"https:\/\/trgovina.pasjauniverza.si\/wp-content\/uploads\/2025\/01\/Canvit-BARF-posusena-Spirulina-platensis-180-g.webp","contentUrl":"https:\/\/trgovina.pasjauniverza.si\/wp-content\/uploads\/2025\/01\/Canvit-BARF-posusena-Spirulina-platensis-180-g.webp","width":430,"height":430,"caption":"Canvit BARF posu\u0161ena Spirulina platensis - 180 g"},{"@type":"BreadcrumbList","@id":"https:\/\/trgovina.pasjauniverza.si\/product\/canvit-barf-posusena-spirulina-platensis-180-g\/#breadcrumb","itemListElement":[{"@type":"ListItem","position":1,"name":"Home","item":"https:\/\/trgovina.pasjauniverza.si\/"},{"@type":"ListItem","position":2,"name":"Trgovina","item":"https:\/\/trgovina.pasjauniverza.si\/trgovina\/"},{"@type":"ListItem","position":3,"name":"Canvit BARF posu\u0161ena Spirulina platensis &#8211; 180 g"}]},{"@type":"WebSite","@id":"https:\/\/trgovina.pasjauniverza.si\/#website","url":"https:\/\/trgovina.pasjauniverza.si\/","name":"Trgovina Pasja Univerza","description":"pasja univerza trgovina","publisher":{"@id":"https:\/\/trgovina.pasjauniverza.si\/#organization"},"potentialAction":[{"@type":"SearchAction","target":{"@type":"EntryPoint","urlTemplate":"https:\/\/trgovina.pasjauniverza.si\/?s={search_term_string}"},"query-input":{"@type":"PropertyValueSpecification","valueRequired":true,"valueName":"search_term_string"}}],"inLanguage":"en-US"},{"@type":"Organization","@id":"https:\/\/trgovina.pasjauniverza.si\/#organization","name":"Trgovina Pasja Univerza","url":"https:\/\/trgovina.pasjauniverza.si\/","logo":{"@type":"ImageObject","inLanguage":"en-US","@id":"https:\/\/trgovina.pasjauniverza.si\/#\/schema\/logo\/image\/","url":"https:\/\/trgovina.pasjauniverza.si\/wp-content\/uploads\/2024\/08\/cropped-logotipi-vector-04.png","contentUrl":"https:\/\/trgovina.pasjauniverza.si\/wp-content\/uploads\/2024\/08\/cropped-logotipi-vector-04.png","width":942,"height":908,"caption":"Trgovina Pasja Univerza"},"image":{"@id":"https:\/\/trgovina.pasjauniverza.si\/#\/schema\/logo\/image\/"}}]}},"uagb_featured_image_src":{"full":["https:\/\/trgovina.pasjauniverza.si\/wp-content\/uploads\/2025\/01\/Canvit-BARF-posusena-Spirulina-platensis-180-g.webp",430,430,false],"thumbnail":["https:\/\/trgovina.pasjauniverza.si\/wp-content\/uploads\/2025\/01\/Canvit-BARF-posusena-Spirulina-platensis-180-g-150x150.webp",150,150,true],"medium":["https:\/\/trgovina.pasjauniverza.si\/wp-content\/uploads\/2025\/01\/Canvit-BARF-posusena-Spirulina-platensis-180-g-300x300.webp",300,300,true],"medium_large":["https:\/\/trgovina.pasjauniverza.si\/wp-content\/uploads\/2025\/01\/Canvit-BARF-posusena-Spirulina-platensis-180-g.webp",430,430,false],"large":["https:\/\/trgovina.pasjauniverza.si\/wp-content\/uploads\/2025\/01\/Canvit-BARF-posusena-Spirulina-platensis-180-g.webp",430,430,false],"1536x1536":["https:\/\/trgovina.pasjauniverza.si\/wp-content\/uploads\/2025\/01\/Canvit-BARF-posusena-Spirulina-platensis-180-g.webp",430,430,false],"2048x2048":["https:\/\/trgovina.pasjauniverza.si\/wp-content\/uploads\/2025\/01\/Canvit-BARF-posusena-Spirulina-platensis-180-g.webp",430,430,false],"trp-custom-language-flag":["https:\/\/trgovina.pasjauniverza.si\/wp-content\/uploads\/2025\/01\/Canvit-BARF-posusena-Spirulina-platensis-180-g-12x12.webp",12,12,true],"woocommerce_thumbnail":["https:\/\/trgovina.pasjauniverza.si\/wp-content\/uploads\/2025\/01\/Canvit-BARF-posusena-Spirulina-platensis-180-g-300x300.webp",300,300,true],"woocommerce_single":["https:\/\/trgovina.pasjauniverza.si\/wp-content\/uploads\/2025\/01\/Canvit-BARF-posusena-Spirulina-platensis-180-g.webp",430,430,false],"woocommerce_gallery_thumbnail":["https:\/\/trgovina.pasjauniverza.si\/wp-content\/uploads\/2025\/01\/Canvit-BARF-posusena-Spirulina-platensis-180-g-100x100.webp",100,100,true]},"uagb_author_info":{"display_name":"Karmen Grubeli\u0107, dr.vet.med.","author_link":"https:\/\/trgovina.pasjauniverza.si\/en\/author\/"},"uagb_comment_info":0,"uagb_excerpt":"Prehransko dopolnilo pripravljeno iz posu\u0161ene spiruline za zdrav imunski sistem va\u0161ega ku\u017eka ali mucka. Spirulina Platensis Naravni vir aminokislin, betakarotena, vitaminov in mineralov Ugoden vpliv na celotni organizem Primerno tudi za aktivne pse in v \u010dasu stresnih situacij Odli\u010dna dopolnitev k B.A.R.F. hrani","jetpack_sharing_enabled":true,"_links":{"self":[{"href":"https:\/\/trgovina.pasjauniverza.si\/en\/wp-json\/wp\/v2\/product\/12086","targetHints":{"allow":["GET"]}}],"collection":[{"href":"https:\/\/trgovina.pasjauniverza.si\/en\/wp-json\/wp\/v2\/product"}],"about":[{"href":"https:\/\/trgovina.pasjauniverza.si\/en\/wp-json\/wp\/v2\/types\/product"}],"replies":[{"embeddable":true,"href":"https:\/\/trgovina.pasjauniverza.si\/en\/wp-json\/wp\/v2\/comments?post=12086"}],"wp:featuredmedia":[{"embeddable":true,"href":"https:\/\/trgovina.pasjauniverza.si\/en\/wp-json\/wp\/v2\/media\/12087"}],"wp:attachment":[{"href":"https:\/\/trgovina.pasjauniverza.si\/en\/wp-json\/wp\/v2\/media?parent=12086"}],"wp:term":[{"taxonomy":"product_brand","embeddable":true,"href":"https:\/\/trgovina.pasjauniverza.si\/en\/wp-json\/wp\/v2\/product_brand?post=12086"},{"taxonomy":"product_cat","embeddable":true,"href":"https:\/\/trgovina.pasjauniverza.si\/en\/wp-json\/wp\/v2\/product_cat?post=12086"},{"taxonomy":"product_tag","embeddable":true,"href":"https:\/\/trgovina.pasjauniverza.si\/en\/wp-json\/wp\/v2\/product_tag?post=12086"}],"curies":[{"name":"wp","href":"https:\/\/api.w.org\/{rel}","templated":true}]}}