
{"id":12082,"date":"2025-01-12T11:10:43","date_gmt":"2025-01-12T11:10:43","guid":{"rendered":"https:\/\/trgovina.pasjauniverza.si\/?post_type=product&#038;p=12082"},"modified":"2026-04-02T09:23:41","modified_gmt":"2026-04-02T09:23:41","slug":"canvit-nutrimin-vitaminsko-mineralno-dopolnilo-za-pse-1-kg","status":"publish","type":"product","link":"https:\/\/trgovina.pasjauniverza.si\/en\/product\/canvit-nutrimin-vitaminsko-mineralno-dopolnilo-za-pse-1-kg\/","title":{"rendered":"Canvit Nutrimin vitaminsko-mineralno dopolnilo za pse &#8211; 1 kg"},"content":{"rendered":"<p><strong>Vitaminsko mineralna<\/strong>\u00a0me\u0161anica Canvit Nutrimin v obliki pra\u0161ka za pse se uporablja kot dodatek hrani, ki jo\u00a0<strong>pripravljate sami doma<\/strong>. Doma\u010da kuhana hrana, za razliko od predpripravljenih krmnih me\u0161anic, ne vsebuje vseh potrebnih hranilnih snovi, zato jih je\u00a0<strong>potrebno dodajati<\/strong>. Compleks 14 vitaminov, mikroelementov in L-karnitina ima odli\u010dno biolo\u0161ko razpolo\u017eljivost za\u00a0<strong>uravnote\u017eeno prehrano<\/strong>\u00a0in\u00a0<strong>prepre\u010duje pomanjkanje<\/strong>\u00a0vitaminov v organizmu.<\/p>\n<p>V me\u0161anici je odli\u010dna kombinacija vitaminov in elementov v sledovih. Organsko vezan kalcij in fosfor v me\u0161anici poskrbita za\u00a0<strong>zdrave kosti<\/strong>, L-karnitin pa za\u00a0<strong>zdravje srca<\/strong>.<\/p>\n<p>Prehransko dopolnilo je pripravljeno brez gensko spremenjenih sestavin.<\/p>\n<p>&nbsp;<\/p>\n<p>Sestava:<\/p>\n<p><strong>SESTAVA:\u00a0<\/strong>dikalcijev fosfat, grahova moka, kalcijev karbonat, hidrolizirana jetra, natrijev klorid, kvasovke.<\/p>\n<p><strong>ANALITSKE SESTAVINE:<\/strong>\u00a0surove beljakovine 4,4%, vsebnost ma\u0161\u010dobe 0,7%, vlaga 8,0%, surovi pepel 56,5%, surove vlaknine 2,2%, kalcij 17,0%, fosfor 9,0 %, natrij 0,8%.<\/p>\n<p><strong>DODATKI:<\/strong><br \/>\n<em>Nutritivni dodatki na kg:<\/em>\u00a0vitamin D3 (3a671) 10.000 I.E., tavrin (3a890) 15.000 mg, holin klorid (3a711) 15 mg, vitamin K3 (3a910) 2.600 mg, cink (3b612) 800 mg, vitamin E (3a700) 1.500 mg, biotin (3a880) 1,5 mg, vitamin C (3a312) 500 mg, mangan (3b505) 600 mg, vitamin B12 0,6 mg, \u017eelezo (3b106) 800 mg, baker (3b406) 160 mg, niacinamid (3a315) 400 mg, kalcijev D-pantotenat (3a841) 300 mg, kalijev jodid (3b201) 8 mg, vitamin A (3a672a) 150.000 I.E., vitamin B2 (3a825i) 60 mg, vitamin B6 (3a831) 50 mg, vitamin B1 (3a821) 50 mg, folna kislina (3a316) 5,0 mg, selen (3b811) 1,8 mg.<\/p>\n<p>&nbsp;<\/p>\n<p>NAVODILA ZA UPORABO:<\/p>\n<p><strong>UPORABA IZDELKA:<\/strong><\/p>\n<p>Canvit Nutrimin je prehransko dopolnilo za pse. Pra\u0161ek ku\u017eku enostavno vme\u0161ate v hrano.<\/p>\n<p><strong>ODMERJANJE:<\/strong><\/p>\n<p>1 g na 1 kg telesne te\u017ee<\/p>\n<p>&nbsp;<\/p>\n<p>O CANVIT:<\/p>\n<p>Podjetje Canvit je vodilni proizvajalec krme za \u017eivali in\u00a0<strong>vitaminsko-mineralnih dodatkov<\/strong>\u00a0za hi\u0161ne ljubljen\u010dke v \u010ce\u0161ki republiki. Canvit vitaminsko-mineralni dodatki za pse in ma\u010dke ter tudi druge \u017eivali poskrbijo za\u00a0<strong>zdravje<\/strong>\u00a0va\u0161ega hi\u0161nega ljubljen\u010dka in\u00a0<strong>laj\u0161ajo pogoste zdravstvene te\u017eave<\/strong><strong>,\u00a0<\/strong>kot so: te\u017eave s ko\u017eo, mobilnostjo, zobovjem, imunskim sistemom, urinarnim sistemom, preveliko telesno te\u017eo in drugimi. Podjetje je zavezano k zagotavljanju\u00a0<strong>najbolj\u0161e kakovosti<\/strong>, zato imajo zaposlene vrhunske in\u017einirje na podro\u010djih nutricionistike, tehnologije in veterine.<\/p>\n<p>\u0160irok nabor prehranskih dodatkov znamke Canvit za pse in ma\u010dke, ki\u00a0<strong>podpirajo zdravje<\/strong>\u00a0in\u00a0<strong>delujejo preventivno<\/strong>\u00a0proti najpogostej\u0161im zdravstvenim te\u017eavam na\u0161ih ljubljen\u010dkov. Tipi\u010dne bolezni \u017eivali, predvsem \u00bbbolezni \u017eivljenjskega sloga\u00ab, so posledica nepravilne prehrane, oslabljene imunosti v kriti\u010dnih situacijah ali pomanjkanja vitaminov in hranil. Z uporabo izdelkov Canvit lahko u\u010dinkovito prepre\u010dujemo te te\u017eave in krepimo zdravje. Preventiva v obliki prehranskih dodatkov je u\u010dinkovit na\u010din, da va\u0161 ljubljen\u010dek u\u017eiva dolgo in zadovoljujo\u010de \u017eivljenje, povrh vsega, pa so izdelki tudi izjemno okusni! V izdelkih Canvit ne boste na\u0161li nepotrebnih umetnih dodatkov ali GSO. Nabor izdelkov je razdeljen v\u00a0<strong>3 razli\u010dne linije<\/strong>\u00a0kot so: veterinarski izdelki, funkcionalni pribolj\u0161ki in B.A.R.F. prehranska dopolnila.<\/p>\n<p><em>&#8211; Veterinarski izdelki:<\/em>\u00a0namenjeni laj\u0161anju razli\u010dnih specifi\u010dnih zdravstvenih te\u017eav. Izdelki vsebujejo uravnote\u017eeno me\u0161anico vitaminov, mineralov in elementov v sledovih, ki skrbijo za visoko u\u010dinkovitost in absorbcijo bioaktivnih komponent v telesu. Uporaba lahko prepre\u010di pove\u010dano tveganje za bolezni in nudi podporo pri zdravljenju v zgodnjih fazah bolezni.<\/p>\n<p><em>&#8211; Funkcionalni pribolj\u0161ki:<\/em>\u00a0pribolj\u0161ki za vsakodnevno uporabo in laj\u0161anje ter prepre\u010devanje najpogostej\u0161ih zdravstvenih te\u017eav. Pribolj\u0161ki so obogateni s kompleksom aktivnih snovi, zeli\u0161\u010d in izvle\u010dkov za u\u010dinkovito podporo razli\u010dnim organskim sistemom. Zdravi in okusni pribolj\u0161ki bodo va\u0161ega ljubljen\u010dka preprosto navdu\u0161ili<\/p>\n<p><em>&#8211; B.A.R.F. prehranska dopolnila:<\/em>\u00a0pristni naravni izdelki iz liofiliziranega sadja, zelenjave, zeli\u0161\u010d, olj in funkcionalnih nutricevtikov. Liofilizacija pomeni su\u0161enje \u017eivila z globokim zamrzovanjem s katerim se odstrani voda. Vse u\u010dinkovine imajo ohranjeno naravno obliko, izdelki ne vsebujejo nepotrebnih snovi. Linija predstavlja \u0161iroko paleto dopolnil v primeru hranjenja po principih B.A.R.F. in celosten prstop k zdravju \u017eivali.<\/p>\n<p>Glavni cilj podjetja je, da so hi\u0161ni ljubljen\u010dki\u00a0<strong>sre\u010dni<\/strong>\u00a0in\u00a0<strong>zdravi<\/strong>, saj nam prina\u0161ajo veselje in ljubezen.<\/p>","protected":false},"excerpt":{"rendered":"<p>Vitaminsko-mineralno prehransko dopolnilo za prepre\u010devanje pomanjkanja vitaminov in mineralov v prehrani va\u0161ega ku\u017eka.<\/p>\n<ul>\n<li>14 vitaminov, elementi v sledovih in L-karnitin<\/li>\n<li>Organsko vezan kalcij in fosfor za mo\u010dne kosti<\/li>\n<li>Zdravje srca in o\u017eilja<\/li>\n<li>Odli\u010dna dopolnitev k B.A.R.F. hrani<\/li>\n<li>Brez gensko spremenjenih mikroorganizmov<\/li>\n<\/ul>","protected":false},"featured_media":12083,"comment_status":"open","ping_status":"closed","template":"","meta":{"_acf_changed":false,"_uag_custom_page_level_css":"","site-sidebar-layout":"default","site-content-layout":"","ast-site-content-layout":"default","site-content-style":"default","site-sidebar-style":"default","ast-global-header-display":"","ast-banner-title-visibility":"","ast-main-header-display":"","ast-hfb-above-header-display":"","ast-hfb-below-header-display":"","ast-hfb-mobile-header-display":"","site-post-title":"","ast-breadcrumbs-content":"","ast-featured-img":"","footer-sml-layout":"","ast-disable-related-posts":"","theme-transparent-header-meta":"default","adv-header-id-meta":"","stick-header-meta":"","header-above-stick-meta":"","header-main-stick-meta":"","header-below-stick-meta":"","astra-migrate-meta-layouts":"set","ast-page-background-enabled":"default","ast-page-background-meta":{"desktop":{"background-color":"","background-image":"","background-repeat":"repeat","background-position":"center center","background-size":"auto","background-attachment":"scroll","background-type":"","background-media":"","overlay-type":"","overlay-color":"","overlay-opacity":"","overlay-gradient":""},"tablet":{"background-color":"","background-image":"","background-repeat":"repeat","background-position":"center center","background-size":"auto","background-attachment":"scroll","background-type":"","background-media":"","overlay-type":"","overlay-color":"","overlay-opacity":"","overlay-gradient":""},"mobile":{"background-color":"","background-image":"","background-repeat":"repeat","background-position":"center center","background-size":"auto","background-attachment":"scroll","background-type":"","background-media":"","overlay-type":"","overlay-color":"","overlay-opacity":"","overlay-gradient":""}},"ast-content-background-meta":{"desktop":{"background-color":"var(--ast-global-color-5)","background-image":"","background-repeat":"repeat","background-position":"center center","background-size":"auto","background-attachment":"scroll","background-type":"","background-media":"","overlay-type":"","overlay-color":"","overlay-opacity":"","overlay-gradient":""},"tablet":{"background-color":"var(--ast-global-color-5)","background-image":"","background-repeat":"repeat","background-position":"center center","background-size":"auto","background-attachment":"scroll","background-type":"","background-media":"","overlay-type":"","overlay-color":"","overlay-opacity":"","overlay-gradient":""},"mobile":{"background-color":"var(--ast-global-color-5)","background-image":"","background-repeat":"repeat","background-position":"center center","background-size":"auto","background-attachment":"scroll","background-type":"","background-media":"","overlay-type":"","overlay-color":"","overlay-opacity":"","overlay-gradient":""}}},"product_brand":[924],"product_cat":[422,738,735,420,723,18],"product_tag":[377,374,379,371,376,370,369,372,378,375,373],"class_list":{"0":"post-12082","1":"product","2":"type-product","3":"status-publish","4":"has-post-thumbnail","6":"product_brand-canvit","7":"product_cat-canvit","8":"product_cat-imunski-sistem","9":"product_cat-prebavila","10":"product_cat-prehranski-dodatki-za-pse","11":"product_cat-psi","12":"product_cat-vsi-izdelki","13":"product_tag-b-a-r-f","14":"product_tag-canvit","15":"product_tag-dieta","16":"product_tag-dodatek","17":"product_tag-minerali","18":"product_tag-olje","19":"product_tag-ribje-olje","20":"product_tag-sijoca-dlaka","21":"product_tag-surova-hrana","22":"product_tag-vitamini","23":"product_tag-vitaminsko-mineralna-mesanica","24":"desktop-align-center","25":"tablet-align-center","26":"mobile-align-center","28":"first","29":"outofstock","30":"shipping-taxable","31":"purchasable","32":"product-type-simple"},"acf":[],"yoast_head":"<!-- This site is optimized with the Yoast SEO plugin v27.4 - https:\/\/yoast.com\/product\/yoast-seo-wordpress\/ -->\n<title>Canvit Nutrimin vitaminsko-mineralno dopolnilo za pse - 1 kg - Trgovina Pasja Univerza<\/title>\n<meta name=\"description\" content=\"Canvit Nutrimin vitaminsko-mineralno dopolnilo za pse - 1 kg\" \/>\n<meta name=\"robots\" content=\"index, follow, max-snippet:-1, max-image-preview:large, max-video-preview:-1\" \/>\n<link rel=\"canonical\" href=\"https:\/\/trgovina.pasjauniverza.si\/en\/product\/canvit-nutrimin-vitaminsko-mineralno-dopolnilo-za-pse-1-kg\/\" \/>\n<meta property=\"og:locale\" content=\"en_US\" \/>\n<meta property=\"og:type\" content=\"article\" \/>\n<meta property=\"og:title\" content=\"Canvit Nutrimin vitaminsko-mineralno dopolnilo za pse - 1 kg - Trgovina Pasja Univerza\" \/>\n<meta property=\"og:description\" content=\"Canvit Nutrimin vitaminsko-mineralno dopolnilo za pse - 1 kg\" \/>\n<meta property=\"og:url\" content=\"https:\/\/trgovina.pasjauniverza.si\/en\/product\/canvit-nutrimin-vitaminsko-mineralno-dopolnilo-za-pse-1-kg\/\" \/>\n<meta property=\"og:site_name\" content=\"Trgovina Pasja Univerza\" \/>\n<meta property=\"article:modified_time\" content=\"2026-04-02T09:23:41+00:00\" \/>\n<meta property=\"og:image\" content=\"https:\/\/trgovina.pasjauniverza.si\/wp-content\/uploads\/2025\/01\/Canvit-Nutrimin-vitaminsko-mineralno-dopolnilo-za-pse-1-kg.webp\" \/>\n\t<meta property=\"og:image:width\" content=\"430\" \/>\n\t<meta property=\"og:image:height\" content=\"430\" \/>\n\t<meta property=\"og:image:type\" content=\"image\/webp\" \/>\n<meta name=\"twitter:card\" content=\"summary_large_image\" \/>\n<meta name=\"twitter:label1\" content=\"Est. reading time\" \/>\n\t<meta name=\"twitter:data1\" content=\"4 minutes\" \/>\n<script type=\"application\/ld+json\" class=\"yoast-schema-graph\">{\"@context\":\"https:\\\/\\\/schema.org\",\"@graph\":[{\"@type\":\"WebPage\",\"@id\":\"https:\\\/\\\/trgovina.pasjauniverza.si\\\/product\\\/canvit-nutrimin-vitaminsko-mineralno-dopolnilo-za-pse-1-kg\\\/\",\"url\":\"https:\\\/\\\/trgovina.pasjauniverza.si\\\/product\\\/canvit-nutrimin-vitaminsko-mineralno-dopolnilo-za-pse-1-kg\\\/\",\"name\":\"Canvit Nutrimin vitaminsko-mineralno dopolnilo za pse - 1 kg - Trgovina Pasja Univerza\",\"isPartOf\":{\"@id\":\"https:\\\/\\\/trgovina.pasjauniverza.si\\\/#website\"},\"primaryImageOfPage\":{\"@id\":\"https:\\\/\\\/trgovina.pasjauniverza.si\\\/product\\\/canvit-nutrimin-vitaminsko-mineralno-dopolnilo-za-pse-1-kg\\\/#primaryimage\"},\"image\":{\"@id\":\"https:\\\/\\\/trgovina.pasjauniverza.si\\\/product\\\/canvit-nutrimin-vitaminsko-mineralno-dopolnilo-za-pse-1-kg\\\/#primaryimage\"},\"thumbnailUrl\":\"https:\\\/\\\/trgovina.pasjauniverza.si\\\/wp-content\\\/uploads\\\/2025\\\/01\\\/Canvit-Nutrimin-vitaminsko-mineralno-dopolnilo-za-pse-1-kg.webp\",\"datePublished\":\"2025-01-12T11:10:43+00:00\",\"dateModified\":\"2026-04-02T09:23:41+00:00\",\"description\":\"Canvit Nutrimin vitaminsko-mineralno dopolnilo za pse - 1 kg\",\"breadcrumb\":{\"@id\":\"https:\\\/\\\/trgovina.pasjauniverza.si\\\/product\\\/canvit-nutrimin-vitaminsko-mineralno-dopolnilo-za-pse-1-kg\\\/#breadcrumb\"},\"inLanguage\":\"en-US\",\"potentialAction\":[{\"@type\":\"ReadAction\",\"target\":[\"https:\\\/\\\/trgovina.pasjauniverza.si\\\/product\\\/canvit-nutrimin-vitaminsko-mineralno-dopolnilo-za-pse-1-kg\\\/\"]}]},{\"@type\":\"ImageObject\",\"inLanguage\":\"en-US\",\"@id\":\"https:\\\/\\\/trgovina.pasjauniverza.si\\\/product\\\/canvit-nutrimin-vitaminsko-mineralno-dopolnilo-za-pse-1-kg\\\/#primaryimage\",\"url\":\"https:\\\/\\\/trgovina.pasjauniverza.si\\\/wp-content\\\/uploads\\\/2025\\\/01\\\/Canvit-Nutrimin-vitaminsko-mineralno-dopolnilo-za-pse-1-kg.webp\",\"contentUrl\":\"https:\\\/\\\/trgovina.pasjauniverza.si\\\/wp-content\\\/uploads\\\/2025\\\/01\\\/Canvit-Nutrimin-vitaminsko-mineralno-dopolnilo-za-pse-1-kg.webp\",\"width\":430,\"height\":430,\"caption\":\"Canvit Nutrimin vitaminsko-mineralno dopolnilo za pse - 1 kg\"},{\"@type\":\"BreadcrumbList\",\"@id\":\"https:\\\/\\\/trgovina.pasjauniverza.si\\\/product\\\/canvit-nutrimin-vitaminsko-mineralno-dopolnilo-za-pse-1-kg\\\/#breadcrumb\",\"itemListElement\":[{\"@type\":\"ListItem\",\"position\":1,\"name\":\"Home\",\"item\":\"https:\\\/\\\/trgovina.pasjauniverza.si\\\/\"},{\"@type\":\"ListItem\",\"position\":2,\"name\":\"Trgovina\",\"item\":\"https:\\\/\\\/trgovina.pasjauniverza.si\\\/trgovina\\\/\"},{\"@type\":\"ListItem\",\"position\":3,\"name\":\"Canvit Nutrimin vitaminsko-mineralno dopolnilo za pse &#8211; 1 kg\"}]},{\"@type\":\"WebSite\",\"@id\":\"https:\\\/\\\/trgovina.pasjauniverza.si\\\/#website\",\"url\":\"https:\\\/\\\/trgovina.pasjauniverza.si\\\/\",\"name\":\"Trgovina Pasja Univerza\",\"description\":\"pasja univerza trgovina\",\"publisher\":{\"@id\":\"https:\\\/\\\/trgovina.pasjauniverza.si\\\/#organization\"},\"potentialAction\":[{\"@type\":\"SearchAction\",\"target\":{\"@type\":\"EntryPoint\",\"urlTemplate\":\"https:\\\/\\\/trgovina.pasjauniverza.si\\\/?s={search_term_string}\"},\"query-input\":{\"@type\":\"PropertyValueSpecification\",\"valueRequired\":true,\"valueName\":\"search_term_string\"}}],\"inLanguage\":\"en-US\"},{\"@type\":\"Organization\",\"@id\":\"https:\\\/\\\/trgovina.pasjauniverza.si\\\/#organization\",\"name\":\"Trgovina Pasja Univerza\",\"url\":\"https:\\\/\\\/trgovina.pasjauniverza.si\\\/\",\"logo\":{\"@type\":\"ImageObject\",\"inLanguage\":\"en-US\",\"@id\":\"https:\\\/\\\/trgovina.pasjauniverza.si\\\/#\\\/schema\\\/logo\\\/image\\\/\",\"url\":\"https:\\\/\\\/trgovina.pasjauniverza.si\\\/wp-content\\\/uploads\\\/2024\\\/08\\\/cropped-logotipi-vector-04.png\",\"contentUrl\":\"https:\\\/\\\/trgovina.pasjauniverza.si\\\/wp-content\\\/uploads\\\/2024\\\/08\\\/cropped-logotipi-vector-04.png\",\"width\":942,\"height\":908,\"caption\":\"Trgovina Pasja Univerza\"},\"image\":{\"@id\":\"https:\\\/\\\/trgovina.pasjauniverza.si\\\/#\\\/schema\\\/logo\\\/image\\\/\"}}]}<\/script>\n<!-- \/ Yoast SEO plugin. -->","yoast_head_json":{"title":"Canvit Nutrimin vitaminsko-mineralno dopolnilo za pse - 1 kg - Trgovina Pasja Univerza","description":"Canvit Nutrimin vitaminsko-mineralno dopolnilo za pse - 1 kg","robots":{"index":"index","follow":"follow","max-snippet":"max-snippet:-1","max-image-preview":"max-image-preview:large","max-video-preview":"max-video-preview:-1"},"canonical":"https:\/\/trgovina.pasjauniverza.si\/en\/product\/canvit-nutrimin-vitaminsko-mineralno-dopolnilo-za-pse-1-kg\/","og_locale":"en_US","og_type":"article","og_title":"Canvit Nutrimin vitaminsko-mineralno dopolnilo za pse - 1 kg - Trgovina Pasja Univerza","og_description":"Canvit Nutrimin vitaminsko-mineralno dopolnilo za pse - 1 kg","og_url":"https:\/\/trgovina.pasjauniverza.si\/en\/product\/canvit-nutrimin-vitaminsko-mineralno-dopolnilo-za-pse-1-kg\/","og_site_name":"Trgovina Pasja Univerza","article_modified_time":"2026-04-02T09:23:41+00:00","og_image":[{"width":430,"height":430,"url":"https:\/\/trgovina.pasjauniverza.si\/wp-content\/uploads\/2025\/01\/Canvit-Nutrimin-vitaminsko-mineralno-dopolnilo-za-pse-1-kg.webp","type":"image\/webp"}],"twitter_card":"summary_large_image","twitter_misc":{"Est. reading time":"4 minutes"},"schema":{"@context":"https:\/\/schema.org","@graph":[{"@type":"WebPage","@id":"https:\/\/trgovina.pasjauniverza.si\/product\/canvit-nutrimin-vitaminsko-mineralno-dopolnilo-za-pse-1-kg\/","url":"https:\/\/trgovina.pasjauniverza.si\/product\/canvit-nutrimin-vitaminsko-mineralno-dopolnilo-za-pse-1-kg\/","name":"Canvit Nutrimin vitaminsko-mineralno dopolnilo za pse - 1 kg - Trgovina Pasja Univerza","isPartOf":{"@id":"https:\/\/trgovina.pasjauniverza.si\/#website"},"primaryImageOfPage":{"@id":"https:\/\/trgovina.pasjauniverza.si\/product\/canvit-nutrimin-vitaminsko-mineralno-dopolnilo-za-pse-1-kg\/#primaryimage"},"image":{"@id":"https:\/\/trgovina.pasjauniverza.si\/product\/canvit-nutrimin-vitaminsko-mineralno-dopolnilo-za-pse-1-kg\/#primaryimage"},"thumbnailUrl":"https:\/\/trgovina.pasjauniverza.si\/wp-content\/uploads\/2025\/01\/Canvit-Nutrimin-vitaminsko-mineralno-dopolnilo-za-pse-1-kg.webp","datePublished":"2025-01-12T11:10:43+00:00","dateModified":"2026-04-02T09:23:41+00:00","description":"Canvit Nutrimin vitaminsko-mineralno dopolnilo za pse - 1 kg","breadcrumb":{"@id":"https:\/\/trgovina.pasjauniverza.si\/product\/canvit-nutrimin-vitaminsko-mineralno-dopolnilo-za-pse-1-kg\/#breadcrumb"},"inLanguage":"en-US","potentialAction":[{"@type":"ReadAction","target":["https:\/\/trgovina.pasjauniverza.si\/product\/canvit-nutrimin-vitaminsko-mineralno-dopolnilo-za-pse-1-kg\/"]}]},{"@type":"ImageObject","inLanguage":"en-US","@id":"https:\/\/trgovina.pasjauniverza.si\/product\/canvit-nutrimin-vitaminsko-mineralno-dopolnilo-za-pse-1-kg\/#primaryimage","url":"https:\/\/trgovina.pasjauniverza.si\/wp-content\/uploads\/2025\/01\/Canvit-Nutrimin-vitaminsko-mineralno-dopolnilo-za-pse-1-kg.webp","contentUrl":"https:\/\/trgovina.pasjauniverza.si\/wp-content\/uploads\/2025\/01\/Canvit-Nutrimin-vitaminsko-mineralno-dopolnilo-za-pse-1-kg.webp","width":430,"height":430,"caption":"Canvit Nutrimin vitaminsko-mineralno dopolnilo za pse - 1 kg"},{"@type":"BreadcrumbList","@id":"https:\/\/trgovina.pasjauniverza.si\/product\/canvit-nutrimin-vitaminsko-mineralno-dopolnilo-za-pse-1-kg\/#breadcrumb","itemListElement":[{"@type":"ListItem","position":1,"name":"Home","item":"https:\/\/trgovina.pasjauniverza.si\/"},{"@type":"ListItem","position":2,"name":"Trgovina","item":"https:\/\/trgovina.pasjauniverza.si\/trgovina\/"},{"@type":"ListItem","position":3,"name":"Canvit Nutrimin vitaminsko-mineralno dopolnilo za pse &#8211; 1 kg"}]},{"@type":"WebSite","@id":"https:\/\/trgovina.pasjauniverza.si\/#website","url":"https:\/\/trgovina.pasjauniverza.si\/","name":"Trgovina Pasja Univerza","description":"pasja univerza trgovina","publisher":{"@id":"https:\/\/trgovina.pasjauniverza.si\/#organization"},"potentialAction":[{"@type":"SearchAction","target":{"@type":"EntryPoint","urlTemplate":"https:\/\/trgovina.pasjauniverza.si\/?s={search_term_string}"},"query-input":{"@type":"PropertyValueSpecification","valueRequired":true,"valueName":"search_term_string"}}],"inLanguage":"en-US"},{"@type":"Organization","@id":"https:\/\/trgovina.pasjauniverza.si\/#organization","name":"Trgovina Pasja Univerza","url":"https:\/\/trgovina.pasjauniverza.si\/","logo":{"@type":"ImageObject","inLanguage":"en-US","@id":"https:\/\/trgovina.pasjauniverza.si\/#\/schema\/logo\/image\/","url":"https:\/\/trgovina.pasjauniverza.si\/wp-content\/uploads\/2024\/08\/cropped-logotipi-vector-04.png","contentUrl":"https:\/\/trgovina.pasjauniverza.si\/wp-content\/uploads\/2024\/08\/cropped-logotipi-vector-04.png","width":942,"height":908,"caption":"Trgovina Pasja Univerza"},"image":{"@id":"https:\/\/trgovina.pasjauniverza.si\/#\/schema\/logo\/image\/"}}]}},"uagb_featured_image_src":{"full":["https:\/\/trgovina.pasjauniverza.si\/wp-content\/uploads\/2025\/01\/Canvit-Nutrimin-vitaminsko-mineralno-dopolnilo-za-pse-1-kg.webp",430,430,false],"thumbnail":["https:\/\/trgovina.pasjauniverza.si\/wp-content\/uploads\/2025\/01\/Canvit-Nutrimin-vitaminsko-mineralno-dopolnilo-za-pse-1-kg-150x150.webp",150,150,true],"medium":["https:\/\/trgovina.pasjauniverza.si\/wp-content\/uploads\/2025\/01\/Canvit-Nutrimin-vitaminsko-mineralno-dopolnilo-za-pse-1-kg-300x300.webp",300,300,true],"medium_large":["https:\/\/trgovina.pasjauniverza.si\/wp-content\/uploads\/2025\/01\/Canvit-Nutrimin-vitaminsko-mineralno-dopolnilo-za-pse-1-kg.webp",430,430,false],"large":["https:\/\/trgovina.pasjauniverza.si\/wp-content\/uploads\/2025\/01\/Canvit-Nutrimin-vitaminsko-mineralno-dopolnilo-za-pse-1-kg.webp",430,430,false],"1536x1536":["https:\/\/trgovina.pasjauniverza.si\/wp-content\/uploads\/2025\/01\/Canvit-Nutrimin-vitaminsko-mineralno-dopolnilo-za-pse-1-kg.webp",430,430,false],"2048x2048":["https:\/\/trgovina.pasjauniverza.si\/wp-content\/uploads\/2025\/01\/Canvit-Nutrimin-vitaminsko-mineralno-dopolnilo-za-pse-1-kg.webp",430,430,false],"trp-custom-language-flag":["https:\/\/trgovina.pasjauniverza.si\/wp-content\/uploads\/2025\/01\/Canvit-Nutrimin-vitaminsko-mineralno-dopolnilo-za-pse-1-kg-12x12.webp",12,12,true],"woocommerce_thumbnail":["https:\/\/trgovina.pasjauniverza.si\/wp-content\/uploads\/2025\/01\/Canvit-Nutrimin-vitaminsko-mineralno-dopolnilo-za-pse-1-kg-300x300.webp",300,300,true],"woocommerce_single":["https:\/\/trgovina.pasjauniverza.si\/wp-content\/uploads\/2025\/01\/Canvit-Nutrimin-vitaminsko-mineralno-dopolnilo-za-pse-1-kg.webp",430,430,false],"woocommerce_gallery_thumbnail":["https:\/\/trgovina.pasjauniverza.si\/wp-content\/uploads\/2025\/01\/Canvit-Nutrimin-vitaminsko-mineralno-dopolnilo-za-pse-1-kg-100x100.webp",100,100,true]},"uagb_author_info":{"display_name":"Karmen Grubeli\u0107, dr.vet.med.","author_link":"https:\/\/trgovina.pasjauniverza.si\/en\/author\/"},"uagb_comment_info":0,"uagb_excerpt":"Vitaminsko-mineralno prehransko dopolnilo za prepre\u010devanje pomanjkanja vitaminov in mineralov v prehrani va\u0161ega ku\u017eka. 14 vitaminov, elementi v sledovih in L-karnitin Organsko vezan kalcij in fosfor za mo\u010dne kosti Zdravje srca in o\u017eilja Odli\u010dna dopolnitev k B.A.R.F. hrani Brez gensko spremenjenih mikroorganizmov","jetpack_sharing_enabled":true,"_links":{"self":[{"href":"https:\/\/trgovina.pasjauniverza.si\/en\/wp-json\/wp\/v2\/product\/12082","targetHints":{"allow":["GET"]}}],"collection":[{"href":"https:\/\/trgovina.pasjauniverza.si\/en\/wp-json\/wp\/v2\/product"}],"about":[{"href":"https:\/\/trgovina.pasjauniverza.si\/en\/wp-json\/wp\/v2\/types\/product"}],"replies":[{"embeddable":true,"href":"https:\/\/trgovina.pasjauniverza.si\/en\/wp-json\/wp\/v2\/comments?post=12082"}],"wp:featuredmedia":[{"embeddable":true,"href":"https:\/\/trgovina.pasjauniverza.si\/en\/wp-json\/wp\/v2\/media\/12083"}],"wp:attachment":[{"href":"https:\/\/trgovina.pasjauniverza.si\/en\/wp-json\/wp\/v2\/media?parent=12082"}],"wp:term":[{"taxonomy":"product_brand","embeddable":true,"href":"https:\/\/trgovina.pasjauniverza.si\/en\/wp-json\/wp\/v2\/product_brand?post=12082"},{"taxonomy":"product_cat","embeddable":true,"href":"https:\/\/trgovina.pasjauniverza.si\/en\/wp-json\/wp\/v2\/product_cat?post=12082"},{"taxonomy":"product_tag","embeddable":true,"href":"https:\/\/trgovina.pasjauniverza.si\/en\/wp-json\/wp\/v2\/product_tag?post=12082"}],"curies":[{"name":"wp","href":"https:\/\/api.w.org\/{rel}","templated":true}]}}