
{"id":12044,"date":"2025-01-09T14:29:55","date_gmt":"2025-01-09T14:29:55","guid":{"rendered":"https:\/\/trgovina.pasjauniverza.si\/?post_type=product&#038;p=12044"},"modified":"2025-09-16T07:21:33","modified_gmt":"2025-09-16T07:21:33","slug":"leo-wolf-monoproteinski-peceni-in-hladno-suseni-priboljski-100g-goveji-vampi","status":"publish","type":"product","link":"https:\/\/trgovina.pasjauniverza.si\/en\/product\/leo-wolf-monoproteinski-peceni-in-hladno-suseni-priboljski-100g-goveji-vampi\/","title":{"rendered":"Leo &#038; Wolf monoproteinski pe\u010deni in hladno su\u0161eni pribolj\u0161ki 100g &#8211; goveji vampi"},"content":{"rendered":"<p><strong>Leo &amp; Wolf pe\u010deni in hladno su\u0161eni pribolj\u0161ki<\/strong><\/p>\n<p>Znamka Leo &amp; Wolf uporablja izklju\u010dno visokokakovostno meso \u010dlove\u0161ke kakovosti za razvoj svojih izdelkov. S tem zagotavlja, da vsak pribolj\u0161ek vsebuje klju\u010dne beljakovine, vitamine in ma\u0161\u010dobe, kar jih naredi izjemno hranljive za pse.<\/p>\n<p>Poleg tega so izdelki Leo &amp; Wolf brez dodatkov, konzervansov, \u017eit in polnil, kar jih uvr\u0161\u010da med zdrave izbire za va\u0161ega ljubljen\u010dka. Linija pe\u010denih in hladno su\u0161enih pribolj\u0161kov je primerna za pse vseh starosti, pasem in velikosti ter podpira potrebno prehrano, ki jo psi potrebujejo za aktivno in sre\u010dno \u017eivljenje.<\/p>\n<p>Sestava GOVEJI VAMPI:<\/p>\n<ul>\n<li><strong>Sestava:<\/strong> 100 % finski o\u010di\u0161\u010deni vampi in rastlinska vlaknina.<\/li>\n<li><strong>Analitske sestavine (na 100 g):<\/strong>\n<ul>\n<li>Surove beljakovine: 36 %<\/li>\n<li>Surove ma\u0161\u010dobe: 31,3 %<\/li>\n<li>Surova vlaknina: 8,4 %<\/li>\n<li>Surovi pepel: 3,6 %<\/li>\n<\/ul>\n<\/li>\n<\/ul>\n<p>Pes naj ima vedno na voljo sve\u017eo pitno vodo.<\/p>","protected":false},"excerpt":{"rendered":"<ul>\n<li><strong>Naravno, brez \u017eit, zdravo in okusno!<\/strong><\/li>\n<li><strong>Zdravi in okusni:<\/strong>\u00a0za vse pasme in starosti, za sijo\u010do dlako in aktivno \u017eivljenje.<\/li>\n<li><strong>Primerno za vse:<\/strong> Od mladi\u010dkov do odraslih psov vseh velikosti.<\/li>\n<li><strong style=\"font-size: 16px;\">Nizka vsebnost ma\u0161\u010dob <\/strong><\/li>\n<li><strong style=\"font-size: 16px;\">\u2022 Brez \u017eit\u00a0<\/strong><\/li>\n<li><strong style=\"font-size: 16px;\">Visoka vsebnost beljakovin<\/strong><\/li>\n<\/ul>","protected":false},"featured_media":11923,"comment_status":"open","ping_status":"closed","template":"","meta":{"_acf_changed":false,"_uag_custom_page_level_css":"","site-sidebar-layout":"default","site-content-layout":"","ast-site-content-layout":"default","site-content-style":"default","site-sidebar-style":"default","ast-global-header-display":"","ast-banner-title-visibility":"","ast-main-header-display":"","ast-hfb-above-header-display":"","ast-hfb-below-header-display":"","ast-hfb-mobile-header-display":"","site-post-title":"","ast-breadcrumbs-content":"","ast-featured-img":"","footer-sml-layout":"","ast-disable-related-posts":"","theme-transparent-header-meta":"default","adv-header-id-meta":"","stick-header-meta":"","header-above-stick-meta":"","header-main-stick-meta":"","header-below-stick-meta":"","astra-migrate-meta-layouts":"set","ast-page-background-enabled":"default","ast-page-background-meta":{"desktop":{"background-color":"","background-image":"","background-repeat":"repeat","background-position":"center center","background-size":"auto","background-attachment":"scroll","background-type":"","background-media":"","overlay-type":"","overlay-color":"","overlay-opacity":"","overlay-gradient":""},"tablet":{"background-color":"","background-image":"","background-repeat":"repeat","background-position":"center center","background-size":"auto","background-attachment":"scroll","background-type":"","background-media":"","overlay-type":"","overlay-color":"","overlay-opacity":"","overlay-gradient":""},"mobile":{"background-color":"","background-image":"","background-repeat":"repeat","background-position":"center center","background-size":"auto","background-attachment":"scroll","background-type":"","background-media":"","overlay-type":"","overlay-color":"","overlay-opacity":"","overlay-gradient":""}},"ast-content-background-meta":{"desktop":{"background-color":"var(--ast-global-color-5)","background-image":"","background-repeat":"repeat","background-position":"center center","background-size":"auto","background-attachment":"scroll","background-type":"","background-media":"","overlay-type":"","overlay-color":"","overlay-opacity":"","overlay-gradient":""},"tablet":{"background-color":"var(--ast-global-color-5)","background-image":"","background-repeat":"repeat","background-position":"center center","background-size":"auto","background-attachment":"scroll","background-type":"","background-media":"","overlay-type":"","overlay-color":"","overlay-opacity":"","overlay-gradient":""},"mobile":{"background-color":"var(--ast-global-color-5)","background-image":"","background-repeat":"repeat","background-position":"center center","background-size":"auto","background-attachment":"scroll","background-type":"","background-media":"","overlay-type":"","overlay-color":"","overlay-opacity":"","overlay-gradient":""}}},"product_brand":[],"product_cat":[421,154,366,723,18],"product_tag":[330,329,322,324,331,266,318,317,335,315,326,313,144,316,334,332,293,314,319,336,320,321,327,328,333,323,325],"class_list":{"0":"post-12044","1":"product","2":"type-product","3":"status-publish","4":"has-post-thumbnail","6":"product_cat-novadogchews","7":"product_cat-pasja-sola","8":"product_cat-priboljski","9":"product_cat-psi","10":"product_cat-vsi-izdelki","11":"product_tag-aktivna-pasja-prehrana","12":"product_tag-beljakovinski-priboljski-za-pse","13":"product_tag-brezzitni-priboljski-za-pse","14":"product_tag-cloveska-kakovost-mesa-za-pse","15":"product_tag-finski-priboljski-za-pse","16":"product_tag-govedina","17":"product_tag-goveja-jetra-za-pse","18":"product_tag-goveji-vampi-za-pse","19":"product_tag-hladno-suseni","20":"product_tag-hladno-suseni-priboljski","21":"product_tag-hranljiva-pasja-nagrada","22":"product_tag-leo-wolf-priboljski-za-pse","23":"product_tag-losos","24":"product_tag-lososovi-priboljski-za-pse","25":"product_tag-macke","26":"product_tag-monoproteinski-priboljski","27":"product_tag-naravni-priboljski-za-pse","28":"product_tag-peceni-priboljski-za-pse","29":"product_tag-piscancji-priboljski-za-pse","30":"product_tag-piscanec","31":"product_tag-priboljski-brez-dodatkov","32":"product_tag-priboljski-brez-konzervansov","33":"product_tag-priboljski-za-vse-pasme","34":"product_tag-priboljski-za-vse-starosti","35":"product_tag-psi","36":"product_tag-visokokakovostni-pasji-priboljski","37":"product_tag-zdravi-priboljski-za-pse","38":"desktop-align-center","39":"tablet-align-center","40":"mobile-align-center","42":"first","43":"outofstock","44":"sale","45":"shipping-taxable","46":"purchasable","47":"product-type-variable"},"acf":[],"yoast_head":"<!-- This site is optimized with the Yoast SEO plugin v27.4 - https:\/\/yoast.com\/product\/yoast-seo-wordpress\/ -->\n<title>Leo &amp; Wolf monoproteinski pe\u010deni in hladno su\u0161eni pribolj\u0161ki 100g - goveji vampi - Trgovina Pasja Univerza<\/title>\n<meta name=\"description\" content=\"Leo &amp; Wolf naravni pe\u010deni in hladno su\u0161eni pribolj\u0161ki za pse vseh starosti in velikosti!\" \/>\n<meta name=\"robots\" content=\"index, follow, max-snippet:-1, max-image-preview:large, max-video-preview:-1\" \/>\n<link rel=\"canonical\" href=\"https:\/\/trgovina.pasjauniverza.si\/en\/product\/leo-wolf-monoproteinski-peceni-in-hladno-suseni-priboljski-100g-goveji-vampi\/\" \/>\n<meta property=\"og:locale\" content=\"en_US\" \/>\n<meta property=\"og:type\" content=\"article\" \/>\n<meta property=\"og:title\" content=\"Leo &amp; Wolf monoproteinski pe\u010deni in hladno su\u0161eni pribolj\u0161ki 100g - goveji vampi - Trgovina Pasja Univerza\" \/>\n<meta property=\"og:description\" content=\"Leo &amp; Wolf naravni pe\u010deni in hladno su\u0161eni pribolj\u0161ki za pse vseh starosti in velikosti!\" \/>\n<meta property=\"og:url\" content=\"https:\/\/trgovina.pasjauniverza.si\/en\/product\/leo-wolf-monoproteinski-peceni-in-hladno-suseni-priboljski-100g-goveji-vampi\/\" \/>\n<meta property=\"og:site_name\" content=\"Trgovina Pasja Univerza\" \/>\n<meta property=\"article:modified_time\" content=\"2025-09-16T07:21:33+00:00\" \/>\n<meta property=\"og:image\" content=\"https:\/\/trgovina.pasjauniverza.si\/wp-content\/uploads\/2024\/12\/priboljski-goveji-vampi.png\" \/>\n\t<meta property=\"og:image:width\" content=\"800\" \/>\n\t<meta property=\"og:image:height\" content=\"800\" \/>\n\t<meta property=\"og:image:type\" content=\"image\/png\" \/>\n<meta name=\"twitter:card\" content=\"summary_large_image\" \/>\n<meta name=\"twitter:label1\" content=\"Est. reading time\" \/>\n\t<meta name=\"twitter:data1\" content=\"1 minute\" \/>\n<script type=\"application\/ld+json\" class=\"yoast-schema-graph\">{\"@context\":\"https:\\\/\\\/schema.org\",\"@graph\":[{\"@type\":\"WebPage\",\"@id\":\"https:\\\/\\\/trgovina.pasjauniverza.si\\\/product\\\/leo-wolf-monoproteinski-peceni-in-hladno-suseni-priboljski-100g-goveji-vampi\\\/\",\"url\":\"https:\\\/\\\/trgovina.pasjauniverza.si\\\/product\\\/leo-wolf-monoproteinski-peceni-in-hladno-suseni-priboljski-100g-goveji-vampi\\\/\",\"name\":\"Leo & Wolf monoproteinski pe\u010deni in hladno su\u0161eni pribolj\u0161ki 100g - goveji vampi - Trgovina Pasja Univerza\",\"isPartOf\":{\"@id\":\"https:\\\/\\\/trgovina.pasjauniverza.si\\\/#website\"},\"primaryImageOfPage\":{\"@id\":\"https:\\\/\\\/trgovina.pasjauniverza.si\\\/product\\\/leo-wolf-monoproteinski-peceni-in-hladno-suseni-priboljski-100g-goveji-vampi\\\/#primaryimage\"},\"image\":{\"@id\":\"https:\\\/\\\/trgovina.pasjauniverza.si\\\/product\\\/leo-wolf-monoproteinski-peceni-in-hladno-suseni-priboljski-100g-goveji-vampi\\\/#primaryimage\"},\"thumbnailUrl\":\"https:\\\/\\\/trgovina.pasjauniverza.si\\\/wp-content\\\/uploads\\\/2024\\\/12\\\/priboljski-goveji-vampi.png\",\"datePublished\":\"2025-01-09T14:29:55+00:00\",\"dateModified\":\"2025-09-16T07:21:33+00:00\",\"description\":\"Leo & Wolf naravni pe\u010deni in hladno su\u0161eni pribolj\u0161ki za pse vseh starosti in velikosti!\",\"breadcrumb\":{\"@id\":\"https:\\\/\\\/trgovina.pasjauniverza.si\\\/product\\\/leo-wolf-monoproteinski-peceni-in-hladno-suseni-priboljski-100g-goveji-vampi\\\/#breadcrumb\"},\"inLanguage\":\"en-US\",\"potentialAction\":[{\"@type\":\"ReadAction\",\"target\":[\"https:\\\/\\\/trgovina.pasjauniverza.si\\\/product\\\/leo-wolf-monoproteinski-peceni-in-hladno-suseni-priboljski-100g-goveji-vampi\\\/\"]}]},{\"@type\":\"ImageObject\",\"inLanguage\":\"en-US\",\"@id\":\"https:\\\/\\\/trgovina.pasjauniverza.si\\\/product\\\/leo-wolf-monoproteinski-peceni-in-hladno-suseni-priboljski-100g-goveji-vampi\\\/#primaryimage\",\"url\":\"https:\\\/\\\/trgovina.pasjauniverza.si\\\/wp-content\\\/uploads\\\/2024\\\/12\\\/priboljski-goveji-vampi.png\",\"contentUrl\":\"https:\\\/\\\/trgovina.pasjauniverza.si\\\/wp-content\\\/uploads\\\/2024\\\/12\\\/priboljski-goveji-vampi.png\",\"width\":800,\"height\":800,\"caption\":\"pribolj\u0161ki-goveji vampi\"},{\"@type\":\"BreadcrumbList\",\"@id\":\"https:\\\/\\\/trgovina.pasjauniverza.si\\\/product\\\/leo-wolf-monoproteinski-peceni-in-hladno-suseni-priboljski-100g-goveji-vampi\\\/#breadcrumb\",\"itemListElement\":[{\"@type\":\"ListItem\",\"position\":1,\"name\":\"Home\",\"item\":\"https:\\\/\\\/trgovina.pasjauniverza.si\\\/\"},{\"@type\":\"ListItem\",\"position\":2,\"name\":\"Trgovina\",\"item\":\"https:\\\/\\\/trgovina.pasjauniverza.si\\\/trgovina\\\/\"},{\"@type\":\"ListItem\",\"position\":3,\"name\":\"Leo &#038; Wolf monoproteinski pe\u010deni in hladno su\u0161eni pribolj\u0161ki 100g &#8211; goveji vampi\"}]},{\"@type\":\"WebSite\",\"@id\":\"https:\\\/\\\/trgovina.pasjauniverza.si\\\/#website\",\"url\":\"https:\\\/\\\/trgovina.pasjauniverza.si\\\/\",\"name\":\"Trgovina Pasja Univerza\",\"description\":\"pasja univerza trgovina\",\"publisher\":{\"@id\":\"https:\\\/\\\/trgovina.pasjauniverza.si\\\/#organization\"},\"potentialAction\":[{\"@type\":\"SearchAction\",\"target\":{\"@type\":\"EntryPoint\",\"urlTemplate\":\"https:\\\/\\\/trgovina.pasjauniverza.si\\\/?s={search_term_string}\"},\"query-input\":{\"@type\":\"PropertyValueSpecification\",\"valueRequired\":true,\"valueName\":\"search_term_string\"}}],\"inLanguage\":\"en-US\"},{\"@type\":\"Organization\",\"@id\":\"https:\\\/\\\/trgovina.pasjauniverza.si\\\/#organization\",\"name\":\"Trgovina Pasja Univerza\",\"url\":\"https:\\\/\\\/trgovina.pasjauniverza.si\\\/\",\"logo\":{\"@type\":\"ImageObject\",\"inLanguage\":\"en-US\",\"@id\":\"https:\\\/\\\/trgovina.pasjauniverza.si\\\/#\\\/schema\\\/logo\\\/image\\\/\",\"url\":\"https:\\\/\\\/trgovina.pasjauniverza.si\\\/wp-content\\\/uploads\\\/2024\\\/08\\\/cropped-logotipi-vector-04.png\",\"contentUrl\":\"https:\\\/\\\/trgovina.pasjauniverza.si\\\/wp-content\\\/uploads\\\/2024\\\/08\\\/cropped-logotipi-vector-04.png\",\"width\":942,\"height\":908,\"caption\":\"Trgovina Pasja Univerza\"},\"image\":{\"@id\":\"https:\\\/\\\/trgovina.pasjauniverza.si\\\/#\\\/schema\\\/logo\\\/image\\\/\"}}]}<\/script>\n<!-- \/ Yoast SEO plugin. -->","yoast_head_json":{"title":"Leo & Wolf monoproteinski pe\u010deni in hladno su\u0161eni pribolj\u0161ki 100g - goveji vampi - Trgovina Pasja Univerza","description":"Leo & Wolf naravni pe\u010deni in hladno su\u0161eni pribolj\u0161ki za pse vseh starosti in velikosti!","robots":{"index":"index","follow":"follow","max-snippet":"max-snippet:-1","max-image-preview":"max-image-preview:large","max-video-preview":"max-video-preview:-1"},"canonical":"https:\/\/trgovina.pasjauniverza.si\/en\/product\/leo-wolf-monoproteinski-peceni-in-hladno-suseni-priboljski-100g-goveji-vampi\/","og_locale":"en_US","og_type":"article","og_title":"Leo & Wolf monoproteinski pe\u010deni in hladno su\u0161eni pribolj\u0161ki 100g - goveji vampi - Trgovina Pasja Univerza","og_description":"Leo & Wolf naravni pe\u010deni in hladno su\u0161eni pribolj\u0161ki za pse vseh starosti in velikosti!","og_url":"https:\/\/trgovina.pasjauniverza.si\/en\/product\/leo-wolf-monoproteinski-peceni-in-hladno-suseni-priboljski-100g-goveji-vampi\/","og_site_name":"Trgovina Pasja Univerza","article_modified_time":"2025-09-16T07:21:33+00:00","og_image":[{"width":800,"height":800,"url":"https:\/\/trgovina.pasjauniverza.si\/wp-content\/uploads\/2024\/12\/priboljski-goveji-vampi.png","type":"image\/png"}],"twitter_card":"summary_large_image","twitter_misc":{"Est. reading time":"1 minute"},"schema":{"@context":"https:\/\/schema.org","@graph":[{"@type":"WebPage","@id":"https:\/\/trgovina.pasjauniverza.si\/product\/leo-wolf-monoproteinski-peceni-in-hladno-suseni-priboljski-100g-goveji-vampi\/","url":"https:\/\/trgovina.pasjauniverza.si\/product\/leo-wolf-monoproteinski-peceni-in-hladno-suseni-priboljski-100g-goveji-vampi\/","name":"Leo & Wolf monoproteinski pe\u010deni in hladno su\u0161eni pribolj\u0161ki 100g - goveji vampi - Trgovina Pasja Univerza","isPartOf":{"@id":"https:\/\/trgovina.pasjauniverza.si\/#website"},"primaryImageOfPage":{"@id":"https:\/\/trgovina.pasjauniverza.si\/product\/leo-wolf-monoproteinski-peceni-in-hladno-suseni-priboljski-100g-goveji-vampi\/#primaryimage"},"image":{"@id":"https:\/\/trgovina.pasjauniverza.si\/product\/leo-wolf-monoproteinski-peceni-in-hladno-suseni-priboljski-100g-goveji-vampi\/#primaryimage"},"thumbnailUrl":"https:\/\/trgovina.pasjauniverza.si\/wp-content\/uploads\/2024\/12\/priboljski-goveji-vampi.png","datePublished":"2025-01-09T14:29:55+00:00","dateModified":"2025-09-16T07:21:33+00:00","description":"Leo & Wolf naravni pe\u010deni in hladno su\u0161eni pribolj\u0161ki za pse vseh starosti in velikosti!","breadcrumb":{"@id":"https:\/\/trgovina.pasjauniverza.si\/product\/leo-wolf-monoproteinski-peceni-in-hladno-suseni-priboljski-100g-goveji-vampi\/#breadcrumb"},"inLanguage":"en-US","potentialAction":[{"@type":"ReadAction","target":["https:\/\/trgovina.pasjauniverza.si\/product\/leo-wolf-monoproteinski-peceni-in-hladno-suseni-priboljski-100g-goveji-vampi\/"]}]},{"@type":"ImageObject","inLanguage":"en-US","@id":"https:\/\/trgovina.pasjauniverza.si\/product\/leo-wolf-monoproteinski-peceni-in-hladno-suseni-priboljski-100g-goveji-vampi\/#primaryimage","url":"https:\/\/trgovina.pasjauniverza.si\/wp-content\/uploads\/2024\/12\/priboljski-goveji-vampi.png","contentUrl":"https:\/\/trgovina.pasjauniverza.si\/wp-content\/uploads\/2024\/12\/priboljski-goveji-vampi.png","width":800,"height":800,"caption":"pribolj\u0161ki-goveji vampi"},{"@type":"BreadcrumbList","@id":"https:\/\/trgovina.pasjauniverza.si\/product\/leo-wolf-monoproteinski-peceni-in-hladno-suseni-priboljski-100g-goveji-vampi\/#breadcrumb","itemListElement":[{"@type":"ListItem","position":1,"name":"Home","item":"https:\/\/trgovina.pasjauniverza.si\/"},{"@type":"ListItem","position":2,"name":"Trgovina","item":"https:\/\/trgovina.pasjauniverza.si\/trgovina\/"},{"@type":"ListItem","position":3,"name":"Leo &#038; Wolf monoproteinski pe\u010deni in hladno su\u0161eni pribolj\u0161ki 100g &#8211; goveji vampi"}]},{"@type":"WebSite","@id":"https:\/\/trgovina.pasjauniverza.si\/#website","url":"https:\/\/trgovina.pasjauniverza.si\/","name":"Trgovina Pasja Univerza","description":"pasja univerza trgovina","publisher":{"@id":"https:\/\/trgovina.pasjauniverza.si\/#organization"},"potentialAction":[{"@type":"SearchAction","target":{"@type":"EntryPoint","urlTemplate":"https:\/\/trgovina.pasjauniverza.si\/?s={search_term_string}"},"query-input":{"@type":"PropertyValueSpecification","valueRequired":true,"valueName":"search_term_string"}}],"inLanguage":"en-US"},{"@type":"Organization","@id":"https:\/\/trgovina.pasjauniverza.si\/#organization","name":"Trgovina Pasja Univerza","url":"https:\/\/trgovina.pasjauniverza.si\/","logo":{"@type":"ImageObject","inLanguage":"en-US","@id":"https:\/\/trgovina.pasjauniverza.si\/#\/schema\/logo\/image\/","url":"https:\/\/trgovina.pasjauniverza.si\/wp-content\/uploads\/2024\/08\/cropped-logotipi-vector-04.png","contentUrl":"https:\/\/trgovina.pasjauniverza.si\/wp-content\/uploads\/2024\/08\/cropped-logotipi-vector-04.png","width":942,"height":908,"caption":"Trgovina Pasja Univerza"},"image":{"@id":"https:\/\/trgovina.pasjauniverza.si\/#\/schema\/logo\/image\/"}}]}},"uagb_featured_image_src":{"full":["https:\/\/trgovina.pasjauniverza.si\/wp-content\/uploads\/2024\/12\/priboljski-goveji-vampi.png",800,800,false],"thumbnail":["https:\/\/trgovina.pasjauniverza.si\/wp-content\/uploads\/2024\/12\/priboljski-goveji-vampi-150x150.png",150,150,true],"medium":["https:\/\/trgovina.pasjauniverza.si\/wp-content\/uploads\/2024\/12\/priboljski-goveji-vampi-300x300.png",300,300,true],"medium_large":["https:\/\/trgovina.pasjauniverza.si\/wp-content\/uploads\/2024\/12\/priboljski-goveji-vampi-768x768.png",768,768,true],"large":["https:\/\/trgovina.pasjauniverza.si\/wp-content\/uploads\/2024\/12\/priboljski-goveji-vampi.png",800,800,false],"1536x1536":["https:\/\/trgovina.pasjauniverza.si\/wp-content\/uploads\/2024\/12\/priboljski-goveji-vampi.png",800,800,false],"2048x2048":["https:\/\/trgovina.pasjauniverza.si\/wp-content\/uploads\/2024\/12\/priboljski-goveji-vampi.png",800,800,false],"trp-custom-language-flag":["https:\/\/trgovina.pasjauniverza.si\/wp-content\/uploads\/2024\/12\/priboljski-goveji-vampi-12x12.png",12,12,true],"woocommerce_thumbnail":["https:\/\/trgovina.pasjauniverza.si\/wp-content\/uploads\/2024\/12\/priboljski-goveji-vampi-300x300.png",300,300,true],"woocommerce_single":["https:\/\/trgovina.pasjauniverza.si\/wp-content\/uploads\/2024\/12\/priboljski-goveji-vampi-600x600.png",600,600,true],"woocommerce_gallery_thumbnail":["https:\/\/trgovina.pasjauniverza.si\/wp-content\/uploads\/2024\/12\/priboljski-goveji-vampi-100x100.png",100,100,true]},"uagb_author_info":{"display_name":"Karmen Grubeli\u0107, dr.vet.med.","author_link":"https:\/\/trgovina.pasjauniverza.si\/en\/author\/"},"uagb_comment_info":0,"uagb_excerpt":"Naravno, brez \u017eit, zdravo in okusno! Zdravi in okusni:\u00a0za vse pasme in starosti, za sijo\u010do dlako in aktivno \u017eivljenje. Primerno za vse: Od mladi\u010dkov do odraslih psov vseh velikosti. Nizka vsebnost ma\u0161\u010dob \u2022 Brez \u017eit\u00a0 Visoka vsebnost beljakovin","jetpack_sharing_enabled":true,"_links":{"self":[{"href":"https:\/\/trgovina.pasjauniverza.si\/en\/wp-json\/wp\/v2\/product\/12044","targetHints":{"allow":["GET"]}}],"collection":[{"href":"https:\/\/trgovina.pasjauniverza.si\/en\/wp-json\/wp\/v2\/product"}],"about":[{"href":"https:\/\/trgovina.pasjauniverza.si\/en\/wp-json\/wp\/v2\/types\/product"}],"replies":[{"embeddable":true,"href":"https:\/\/trgovina.pasjauniverza.si\/en\/wp-json\/wp\/v2\/comments?post=12044"}],"wp:featuredmedia":[{"embeddable":true,"href":"https:\/\/trgovina.pasjauniverza.si\/en\/wp-json\/wp\/v2\/media\/11923"}],"wp:attachment":[{"href":"https:\/\/trgovina.pasjauniverza.si\/en\/wp-json\/wp\/v2\/media?parent=12044"}],"wp:term":[{"taxonomy":"product_brand","embeddable":true,"href":"https:\/\/trgovina.pasjauniverza.si\/en\/wp-json\/wp\/v2\/product_brand?post=12044"},{"taxonomy":"product_cat","embeddable":true,"href":"https:\/\/trgovina.pasjauniverza.si\/en\/wp-json\/wp\/v2\/product_cat?post=12044"},{"taxonomy":"product_tag","embeddable":true,"href":"https:\/\/trgovina.pasjauniverza.si\/en\/wp-json\/wp\/v2\/product_tag?post=12044"}],"curies":[{"name":"wp","href":"https:\/\/api.w.org\/{rel}","templated":true}]}}