
{"id":11814,"date":"2024-12-17T16:37:01","date_gmt":"2024-12-17T16:37:01","guid":{"rendered":"https:\/\/trgovina.pasjauniverza.si\/?post_type=product&#038;p=11814"},"modified":"2025-12-18T08:35:40","modified_gmt":"2025-12-18T08:35:40","slug":"ekoloska-racja-omaka-100ml","status":"publish","type":"product","link":"https:\/\/trgovina.pasjauniverza.si\/en\/product\/ekoloska-racja-omaka-100ml\/","title":{"rendered":"Ekolo\u0161ka ra\u010dja omaka 100ml"},"content":{"rendered":"<p><strong>Sestava<\/strong><br \/>\nRa\u010dja kostna juha, voda, ra\u010dje kosti, ra\u010dja jetra (<strong>5,62 %<\/strong>), guar gumi<\/p>\n<p><strong>Analitske sestavine (na 100 ml):<\/strong><\/p>\n<ul>\n<li>Vlaga: <strong>96,74 %<\/strong><\/li>\n<li>Surove beljakovine: <strong>2,98 %<\/strong><\/li>\n<li>Surove ma\u0161\u010dobe: <strong>0,7 %<\/strong><\/li>\n<li>Surova vlaknina: <strong>0,2 %<\/strong><\/li>\n<li>Surov pepel: <strong>0,28 %<\/strong><\/li>\n<\/ul>\n<p><strong>Kolagenska vsebnost (na 100 ml):<\/strong> <strong>1160 mg<\/strong><br \/>\n<strong>Energijska vrednost (na 100 ml):<\/strong> <strong>88 kJ \/ 21 kcal<\/strong><\/p>\n<p><strong>Nova ra\u010dja omaka<\/strong> je <strong>100 % naravna<\/strong> in bogata s <strong>kolagenom<\/strong>, <strong>hondroitinom<\/strong> ter <strong>glukozaminom<\/strong>, ki prispevajo k:<\/p>\n<ul>\n<li><strong>podmazovanju sklepov<\/strong> in zmanj\u0161evanju <strong>vnetij<\/strong>,<\/li>\n<li><strong>sijajni dlaki<\/strong>, <strong>mehki ko\u017ei<\/strong> ter <strong>mo\u010dnim krempljem<\/strong>.<\/li>\n<\/ul>\n<p><strong>Na\u010dini uporabe:<\/strong><\/p>\n<ul>\n<li>Kot <strong>preliv<\/strong> za pasji obrok,<\/li>\n<li>Zamrznjena v <strong>pribolj\u0161ke v obliki kock<\/strong>,<\/li>\n<li>Nanesena na <strong>lizalno podlogo<\/strong> za dodatno zaposlitev in obogatitev.<\/li>\n<\/ul>\n<p>Vedno zagotovite <strong>sve\u017eo pitno vodo<\/strong> ob uporabi izdelka.<\/p>\n<p>Priporo\u010damo dnevno hranjenje:<\/p>\n<ul>\n<li>Mali psi: 1\/2 \u017elice<\/li>\n<li>Srednji psi: 1 \u017elica<\/li>\n<li>Veliki psi: 2 \u017elici<\/li>\n<\/ul>\n<p>Ve\u010dje koli\u010dine se lahko dodajo za spodbujanje prehranjevanja. Nova Dog Chews omake za pse so prehranski dodatek in jih je treba hraniti kot del uravnote\u017eene prehrane. Vedno nadzorujte psa med hranjenjem. \u010cista, sve\u017ea voda naj bo vedno na voljo.<\/p>\n<p><strong>Skladi\u0161\u010denje:<\/strong><br \/>\nShranjujte pri sobni temperaturi na suhem mestu. Temperatura ne sme prese\u010di +25 \u00b0C. Hranite stran od neposredne son\u010dne svetlobe. Po odprtju shranite v hladilniku do 5 dni ali zamrznite. Ne zamrzujte ponovno.<\/p>\n<p><strong>Primerno za zamrzovanje.<\/strong><\/p>\n<p><strong>Neto koli\u010dina: <\/strong>100ml<\/p>","protected":false},"excerpt":{"rendered":"<p><strong>Nova ra\u010dja omaka<\/strong> je<\/p>\n<ul>\n<li><strong>100 % naravna<\/strong><\/li>\n<li>bogata s <strong>kolagenom<\/strong>, <strong>hondroitinom<\/strong> ter <strong>glukozaminom<\/strong>, ki prispevajo k:<\/li>\n<li><strong>podmazovanju sklepov<\/strong> in zmanj\u0161evanju <strong>vnetij<\/strong>,<\/li>\n<li><strong>sijo\u010di dlaki<\/strong>, <strong>mehki ko\u017ei<\/strong> ter <strong>mo\u010dnim krempljem<\/strong><\/li>\n<li><strong>primerna tudi za najbolj izbir\u010dne pse<\/strong><\/li>\n<li><strong>primerna za zamrzovanje (<a href=\"https:\/\/trgovina.pasjauniverza.si\/en\/product\/silikonski-modelcki-kost-in-tacka\/\" target=\"_blank\" rel=\"noopener\">pasji silikonski modeli<\/a>)<\/strong><\/li>\n<\/ul>","protected":false},"featured_media":11759,"comment_status":"open","ping_status":"closed","template":"","meta":{"_acf_changed":false,"_uag_custom_page_level_css":"","site-sidebar-layout":"default","site-content-layout":"","ast-site-content-layout":"default","site-content-style":"default","site-sidebar-style":"default","ast-global-header-display":"","ast-banner-title-visibility":"","ast-main-header-display":"","ast-hfb-above-header-display":"","ast-hfb-below-header-display":"","ast-hfb-mobile-header-display":"","site-post-title":"","ast-breadcrumbs-content":"","ast-featured-img":"","footer-sml-layout":"","ast-disable-related-posts":"","theme-transparent-header-meta":"default","adv-header-id-meta":"","stick-header-meta":"","header-above-stick-meta":"","header-main-stick-meta":"","header-below-stick-meta":"","astra-migrate-meta-layouts":"set","ast-page-background-enabled":"default","ast-page-background-meta":{"desktop":{"background-color":"","background-image":"","background-repeat":"repeat","background-position":"center center","background-size":"auto","background-attachment":"scroll","background-type":"","background-media":"","overlay-type":"","overlay-color":"","overlay-opacity":"","overlay-gradient":""},"tablet":{"background-color":"","background-image":"","background-repeat":"repeat","background-position":"center center","background-size":"auto","background-attachment":"scroll","background-type":"","background-media":"","overlay-type":"","overlay-color":"","overlay-opacity":"","overlay-gradient":""},"mobile":{"background-color":"","background-image":"","background-repeat":"repeat","background-position":"center center","background-size":"auto","background-attachment":"scroll","background-type":"","background-media":"","overlay-type":"","overlay-color":"","overlay-opacity":"","overlay-gradient":""}},"ast-content-background-meta":{"desktop":{"background-color":"var(--ast-global-color-5)","background-image":"","background-repeat":"repeat","background-position":"center center","background-size":"auto","background-attachment":"scroll","background-type":"","background-media":"","overlay-type":"","overlay-color":"","overlay-opacity":"","overlay-gradient":""},"tablet":{"background-color":"var(--ast-global-color-5)","background-image":"","background-repeat":"repeat","background-position":"center center","background-size":"auto","background-attachment":"scroll","background-type":"","background-media":"","overlay-type":"","overlay-color":"","overlay-opacity":"","overlay-gradient":""},"mobile":{"background-color":"var(--ast-global-color-5)","background-image":"","background-repeat":"repeat","background-position":"center center","background-size":"auto","background-attachment":"scroll","background-type":"","background-media":"","overlay-type":"","overlay-color":"","overlay-opacity":"","overlay-gradient":""}}},"product_brand":[931],"product_cat":[770,732,725,738,734,724,421,368,735,733,420,723,737,18],"product_tag":[275,277,276,282,286,258,287,290,273,288,274,281,279,285,289,284,280,272,283,278],"class_list":{"0":"post-11814","1":"product","2":"type-product","3":"status-publish","4":"has-post-thumbnail","6":"product_brand-novadogchews","7":"product_cat-akcije","8":"product_cat-hrana-za-macke","9":"product_cat-hrana-za-pse","10":"product_cat-imunski-sistem","11":"product_cat-koza-in-dlaka","12":"product_cat-macke","13":"product_cat-novadogchews","14":"product_cat-posipi-juhe-in-omake","15":"product_cat-prebavila","16":"product_cat-prehranski-dodatki-za-macke","17":"product_cat-prehranski-dodatki-za-pse","18":"product_cat-psi","19":"product_cat-sklepi-kosti-in-misice","20":"product_cat-vsi-izdelki","21":"product_tag-bogata-s-kolagenom","22":"product_tag-glukozamin-za-pse","23":"product_tag-hondroitin-za-pse","24":"product_tag-lizalna-podloga-za-pse","25":"product_tag-mehka-koza-pri-psih","26":"product_tag-naravna-prehrana-za-pse","27":"product_tag-naravni-dodatki-za-pasjo-prehrano","28":"product_tag-naravni-kolagen-za-pse","29":"product_tag-naravni-prehranski-dodatek-za-pse","30":"product_tag-omaka-za-boljsi-okus-pasje-hrane","31":"product_tag-omaka-za-pasjo-hrano","32":"product_tag-pasja-hrana-z-dodatki","33":"product_tag-pasja-omaka-za-sijoco-dlako","34":"product_tag-podpora-sklepom-pri-psih","35":"product_tag-prehrana-za-zdrave-sklepe-in-kremplje","36":"product_tag-prehranski-dodatki-za-pse","37":"product_tag-preliv-za-pasji-obrok","38":"product_tag-racja-omaka-za-pse","39":"product_tag-zamrznjeni-priboljski-za-pse","40":"product_tag-zdravje-sklepov-pri-psih","41":"desktop-align-center","42":"tablet-align-center","43":"mobile-align-center","45":"first","46":"outofstock","47":"shipping-taxable","48":"purchasable","49":"product-type-simple"},"acf":[],"yoast_head":"<!-- This site is optimized with the Yoast SEO plugin v27.4 - https:\/\/yoast.com\/product\/yoast-seo-wordpress\/ -->\n<title>Ekolo\u0161ka ra\u010dja omaka 100ml - Trgovina Pasja Univerza<\/title>\n<meta name=\"description\" content=\"Ekolo\u0161ka ra\u010dja omaka 100ml.\" \/>\n<meta name=\"robots\" content=\"index, follow, max-snippet:-1, max-image-preview:large, max-video-preview:-1\" \/>\n<link rel=\"canonical\" href=\"https:\/\/trgovina.pasjauniverza.si\/en\/product\/ekoloska-racja-omaka-100ml\/\" \/>\n<meta property=\"og:locale\" content=\"en_US\" \/>\n<meta property=\"og:type\" content=\"article\" \/>\n<meta property=\"og:title\" content=\"Ekolo\u0161ka ra\u010dja omaka 100ml - Trgovina Pasja Univerza\" \/>\n<meta property=\"og:description\" content=\"Ekolo\u0161ka ra\u010dja omaka 100ml.\" \/>\n<meta property=\"og:url\" content=\"https:\/\/trgovina.pasjauniverza.si\/en\/product\/ekoloska-racja-omaka-100ml\/\" \/>\n<meta property=\"og:site_name\" content=\"Trgovina Pasja Univerza\" \/>\n<meta property=\"article:modified_time\" content=\"2025-12-18T08:35:40+00:00\" \/>\n<meta property=\"og:image\" content=\"https:\/\/trgovina.pasjauniverza.si\/wp-content\/uploads\/2024\/12\/Racja-omaka-100-ml.jpg\" \/>\n\t<meta property=\"og:image:width\" content=\"1080\" \/>\n\t<meta property=\"og:image:height\" content=\"1080\" \/>\n\t<meta property=\"og:image:type\" content=\"image\/jpeg\" \/>\n<meta name=\"twitter:card\" content=\"summary_large_image\" \/>\n<meta name=\"twitter:label1\" content=\"Est. reading time\" \/>\n\t<meta name=\"twitter:data1\" content=\"2 minutes\" \/>\n<script type=\"application\/ld+json\" class=\"yoast-schema-graph\">{\"@context\":\"https:\\\/\\\/schema.org\",\"@graph\":[{\"@type\":\"WebPage\",\"@id\":\"https:\\\/\\\/trgovina.pasjauniverza.si\\\/product\\\/ekoloska-racja-omaka-100ml\\\/\",\"url\":\"https:\\\/\\\/trgovina.pasjauniverza.si\\\/product\\\/ekoloska-racja-omaka-100ml\\\/\",\"name\":\"Ekolo\u0161ka ra\u010dja omaka 100ml - Trgovina Pasja Univerza\",\"isPartOf\":{\"@id\":\"https:\\\/\\\/trgovina.pasjauniverza.si\\\/#website\"},\"primaryImageOfPage\":{\"@id\":\"https:\\\/\\\/trgovina.pasjauniverza.si\\\/product\\\/ekoloska-racja-omaka-100ml\\\/#primaryimage\"},\"image\":{\"@id\":\"https:\\\/\\\/trgovina.pasjauniverza.si\\\/product\\\/ekoloska-racja-omaka-100ml\\\/#primaryimage\"},\"thumbnailUrl\":\"https:\\\/\\\/trgovina.pasjauniverza.si\\\/wp-content\\\/uploads\\\/2024\\\/12\\\/Racja-omaka-100-ml.jpg\",\"datePublished\":\"2024-12-17T16:37:01+00:00\",\"dateModified\":\"2025-12-18T08:35:40+00:00\",\"description\":\"Ekolo\u0161ka ra\u010dja omaka 100ml.\",\"breadcrumb\":{\"@id\":\"https:\\\/\\\/trgovina.pasjauniverza.si\\\/product\\\/ekoloska-racja-omaka-100ml\\\/#breadcrumb\"},\"inLanguage\":\"en-US\",\"potentialAction\":[{\"@type\":\"ReadAction\",\"target\":[\"https:\\\/\\\/trgovina.pasjauniverza.si\\\/product\\\/ekoloska-racja-omaka-100ml\\\/\"]}]},{\"@type\":\"ImageObject\",\"inLanguage\":\"en-US\",\"@id\":\"https:\\\/\\\/trgovina.pasjauniverza.si\\\/product\\\/ekoloska-racja-omaka-100ml\\\/#primaryimage\",\"url\":\"https:\\\/\\\/trgovina.pasjauniverza.si\\\/wp-content\\\/uploads\\\/2024\\\/12\\\/Racja-omaka-100-ml.jpg\",\"contentUrl\":\"https:\\\/\\\/trgovina.pasjauniverza.si\\\/wp-content\\\/uploads\\\/2024\\\/12\\\/Racja-omaka-100-ml.jpg\",\"width\":1080,\"height\":1080,\"caption\":\"Ra\u010dja omaka (100 ml)\"},{\"@type\":\"BreadcrumbList\",\"@id\":\"https:\\\/\\\/trgovina.pasjauniverza.si\\\/product\\\/ekoloska-racja-omaka-100ml\\\/#breadcrumb\",\"itemListElement\":[{\"@type\":\"ListItem\",\"position\":1,\"name\":\"Home\",\"item\":\"https:\\\/\\\/trgovina.pasjauniverza.si\\\/\"},{\"@type\":\"ListItem\",\"position\":2,\"name\":\"Trgovina\",\"item\":\"https:\\\/\\\/trgovina.pasjauniverza.si\\\/trgovina\\\/\"},{\"@type\":\"ListItem\",\"position\":3,\"name\":\"Ekolo\u0161ka ra\u010dja omaka 100ml\"}]},{\"@type\":\"WebSite\",\"@id\":\"https:\\\/\\\/trgovina.pasjauniverza.si\\\/#website\",\"url\":\"https:\\\/\\\/trgovina.pasjauniverza.si\\\/\",\"name\":\"Trgovina Pasja Univerza\",\"description\":\"pasja univerza trgovina\",\"publisher\":{\"@id\":\"https:\\\/\\\/trgovina.pasjauniverza.si\\\/#organization\"},\"potentialAction\":[{\"@type\":\"SearchAction\",\"target\":{\"@type\":\"EntryPoint\",\"urlTemplate\":\"https:\\\/\\\/trgovina.pasjauniverza.si\\\/?s={search_term_string}\"},\"query-input\":{\"@type\":\"PropertyValueSpecification\",\"valueRequired\":true,\"valueName\":\"search_term_string\"}}],\"inLanguage\":\"en-US\"},{\"@type\":\"Organization\",\"@id\":\"https:\\\/\\\/trgovina.pasjauniverza.si\\\/#organization\",\"name\":\"Trgovina Pasja Univerza\",\"url\":\"https:\\\/\\\/trgovina.pasjauniverza.si\\\/\",\"logo\":{\"@type\":\"ImageObject\",\"inLanguage\":\"en-US\",\"@id\":\"https:\\\/\\\/trgovina.pasjauniverza.si\\\/#\\\/schema\\\/logo\\\/image\\\/\",\"url\":\"https:\\\/\\\/trgovina.pasjauniverza.si\\\/wp-content\\\/uploads\\\/2024\\\/08\\\/cropped-logotipi-vector-04.png\",\"contentUrl\":\"https:\\\/\\\/trgovina.pasjauniverza.si\\\/wp-content\\\/uploads\\\/2024\\\/08\\\/cropped-logotipi-vector-04.png\",\"width\":942,\"height\":908,\"caption\":\"Trgovina Pasja Univerza\"},\"image\":{\"@id\":\"https:\\\/\\\/trgovina.pasjauniverza.si\\\/#\\\/schema\\\/logo\\\/image\\\/\"}}]}<\/script>\n<!-- \/ Yoast SEO plugin. -->","yoast_head_json":{"title":"Ekolo\u0161ka ra\u010dja omaka 100ml - Trgovina Pasja Univerza","description":"Ekolo\u0161ka ra\u010dja omaka 100ml.","robots":{"index":"index","follow":"follow","max-snippet":"max-snippet:-1","max-image-preview":"max-image-preview:large","max-video-preview":"max-video-preview:-1"},"canonical":"https:\/\/trgovina.pasjauniverza.si\/en\/product\/ekoloska-racja-omaka-100ml\/","og_locale":"en_US","og_type":"article","og_title":"Ekolo\u0161ka ra\u010dja omaka 100ml - Trgovina Pasja Univerza","og_description":"Ekolo\u0161ka ra\u010dja omaka 100ml.","og_url":"https:\/\/trgovina.pasjauniverza.si\/en\/product\/ekoloska-racja-omaka-100ml\/","og_site_name":"Trgovina Pasja Univerza","article_modified_time":"2025-12-18T08:35:40+00:00","og_image":[{"width":1080,"height":1080,"url":"https:\/\/trgovina.pasjauniverza.si\/wp-content\/uploads\/2024\/12\/Racja-omaka-100-ml.jpg","type":"image\/jpeg"}],"twitter_card":"summary_large_image","twitter_misc":{"Est. reading time":"2 minutes"},"schema":{"@context":"https:\/\/schema.org","@graph":[{"@type":"WebPage","@id":"https:\/\/trgovina.pasjauniverza.si\/product\/ekoloska-racja-omaka-100ml\/","url":"https:\/\/trgovina.pasjauniverza.si\/product\/ekoloska-racja-omaka-100ml\/","name":"Ekolo\u0161ka ra\u010dja omaka 100ml - Trgovina Pasja Univerza","isPartOf":{"@id":"https:\/\/trgovina.pasjauniverza.si\/#website"},"primaryImageOfPage":{"@id":"https:\/\/trgovina.pasjauniverza.si\/product\/ekoloska-racja-omaka-100ml\/#primaryimage"},"image":{"@id":"https:\/\/trgovina.pasjauniverza.si\/product\/ekoloska-racja-omaka-100ml\/#primaryimage"},"thumbnailUrl":"https:\/\/trgovina.pasjauniverza.si\/wp-content\/uploads\/2024\/12\/Racja-omaka-100-ml.jpg","datePublished":"2024-12-17T16:37:01+00:00","dateModified":"2025-12-18T08:35:40+00:00","description":"Ekolo\u0161ka ra\u010dja omaka 100ml.","breadcrumb":{"@id":"https:\/\/trgovina.pasjauniverza.si\/product\/ekoloska-racja-omaka-100ml\/#breadcrumb"},"inLanguage":"en-US","potentialAction":[{"@type":"ReadAction","target":["https:\/\/trgovina.pasjauniverza.si\/product\/ekoloska-racja-omaka-100ml\/"]}]},{"@type":"ImageObject","inLanguage":"en-US","@id":"https:\/\/trgovina.pasjauniverza.si\/product\/ekoloska-racja-omaka-100ml\/#primaryimage","url":"https:\/\/trgovina.pasjauniverza.si\/wp-content\/uploads\/2024\/12\/Racja-omaka-100-ml.jpg","contentUrl":"https:\/\/trgovina.pasjauniverza.si\/wp-content\/uploads\/2024\/12\/Racja-omaka-100-ml.jpg","width":1080,"height":1080,"caption":"Ra\u010dja omaka (100 ml)"},{"@type":"BreadcrumbList","@id":"https:\/\/trgovina.pasjauniverza.si\/product\/ekoloska-racja-omaka-100ml\/#breadcrumb","itemListElement":[{"@type":"ListItem","position":1,"name":"Home","item":"https:\/\/trgovina.pasjauniverza.si\/"},{"@type":"ListItem","position":2,"name":"Trgovina","item":"https:\/\/trgovina.pasjauniverza.si\/trgovina\/"},{"@type":"ListItem","position":3,"name":"Ekolo\u0161ka ra\u010dja omaka 100ml"}]},{"@type":"WebSite","@id":"https:\/\/trgovina.pasjauniverza.si\/#website","url":"https:\/\/trgovina.pasjauniverza.si\/","name":"Trgovina Pasja Univerza","description":"pasja univerza trgovina","publisher":{"@id":"https:\/\/trgovina.pasjauniverza.si\/#organization"},"potentialAction":[{"@type":"SearchAction","target":{"@type":"EntryPoint","urlTemplate":"https:\/\/trgovina.pasjauniverza.si\/?s={search_term_string}"},"query-input":{"@type":"PropertyValueSpecification","valueRequired":true,"valueName":"search_term_string"}}],"inLanguage":"en-US"},{"@type":"Organization","@id":"https:\/\/trgovina.pasjauniverza.si\/#organization","name":"Trgovina Pasja Univerza","url":"https:\/\/trgovina.pasjauniverza.si\/","logo":{"@type":"ImageObject","inLanguage":"en-US","@id":"https:\/\/trgovina.pasjauniverza.si\/#\/schema\/logo\/image\/","url":"https:\/\/trgovina.pasjauniverza.si\/wp-content\/uploads\/2024\/08\/cropped-logotipi-vector-04.png","contentUrl":"https:\/\/trgovina.pasjauniverza.si\/wp-content\/uploads\/2024\/08\/cropped-logotipi-vector-04.png","width":942,"height":908,"caption":"Trgovina Pasja Univerza"},"image":{"@id":"https:\/\/trgovina.pasjauniverza.si\/#\/schema\/logo\/image\/"}}]}},"uagb_featured_image_src":{"full":["https:\/\/trgovina.pasjauniverza.si\/wp-content\/uploads\/2024\/12\/Racja-omaka-100-ml.jpg",1080,1080,false],"thumbnail":["https:\/\/trgovina.pasjauniverza.si\/wp-content\/uploads\/2024\/12\/Racja-omaka-100-ml-150x150.jpg",150,150,true],"medium":["https:\/\/trgovina.pasjauniverza.si\/wp-content\/uploads\/2024\/12\/Racja-omaka-100-ml-300x300.jpg",300,300,true],"medium_large":["https:\/\/trgovina.pasjauniverza.si\/wp-content\/uploads\/2024\/12\/Racja-omaka-100-ml-768x768.jpg",768,768,true],"large":["https:\/\/trgovina.pasjauniverza.si\/wp-content\/uploads\/2024\/12\/Racja-omaka-100-ml-1024x1024.jpg",1024,1024,true],"1536x1536":["https:\/\/trgovina.pasjauniverza.si\/wp-content\/uploads\/2024\/12\/Racja-omaka-100-ml.jpg",1080,1080,false],"2048x2048":["https:\/\/trgovina.pasjauniverza.si\/wp-content\/uploads\/2024\/12\/Racja-omaka-100-ml.jpg",1080,1080,false],"trp-custom-language-flag":["https:\/\/trgovina.pasjauniverza.si\/wp-content\/uploads\/2024\/12\/Racja-omaka-100-ml-12x12.jpg",12,12,true],"woocommerce_thumbnail":["https:\/\/trgovina.pasjauniverza.si\/wp-content\/uploads\/2024\/12\/Racja-omaka-100-ml-300x300.jpg",300,300,true],"woocommerce_single":["https:\/\/trgovina.pasjauniverza.si\/wp-content\/uploads\/2024\/12\/Racja-omaka-100-ml-600x600.jpg",600,600,true],"woocommerce_gallery_thumbnail":["https:\/\/trgovina.pasjauniverza.si\/wp-content\/uploads\/2024\/12\/Racja-omaka-100-ml-100x100.jpg",100,100,true]},"uagb_author_info":{"display_name":"Karmen Grubeli\u0107, dr.vet.med.","author_link":"https:\/\/trgovina.pasjauniverza.si\/en\/author\/"},"uagb_comment_info":0,"uagb_excerpt":"Nova ra\u010dja omaka je 100 % naravna bogata s kolagenom, hondroitinom ter glukozaminom, ki prispevajo k: podmazovanju sklepov in zmanj\u0161evanju vnetij, sijo\u010di dlaki, mehki ko\u017ei ter mo\u010dnim krempljem primerna tudi za najbolj izbir\u010dne pse primerna za zamrzovanje (pasji silikonski modeli)","jetpack_sharing_enabled":true,"_links":{"self":[{"href":"https:\/\/trgovina.pasjauniverza.si\/en\/wp-json\/wp\/v2\/product\/11814","targetHints":{"allow":["GET"]}}],"collection":[{"href":"https:\/\/trgovina.pasjauniverza.si\/en\/wp-json\/wp\/v2\/product"}],"about":[{"href":"https:\/\/trgovina.pasjauniverza.si\/en\/wp-json\/wp\/v2\/types\/product"}],"replies":[{"embeddable":true,"href":"https:\/\/trgovina.pasjauniverza.si\/en\/wp-json\/wp\/v2\/comments?post=11814"}],"wp:featuredmedia":[{"embeddable":true,"href":"https:\/\/trgovina.pasjauniverza.si\/en\/wp-json\/wp\/v2\/media\/11759"}],"wp:attachment":[{"href":"https:\/\/trgovina.pasjauniverza.si\/en\/wp-json\/wp\/v2\/media?parent=11814"}],"wp:term":[{"taxonomy":"product_brand","embeddable":true,"href":"https:\/\/trgovina.pasjauniverza.si\/en\/wp-json\/wp\/v2\/product_brand?post=11814"},{"taxonomy":"product_cat","embeddable":true,"href":"https:\/\/trgovina.pasjauniverza.si\/en\/wp-json\/wp\/v2\/product_cat?post=11814"},{"taxonomy":"product_tag","embeddable":true,"href":"https:\/\/trgovina.pasjauniverza.si\/en\/wp-json\/wp\/v2\/product_tag?post=11814"}],"curies":[{"name":"wp","href":"https:\/\/api.w.org\/{rel}","templated":true}]}}