
{"id":11807,"date":"2024-12-17T16:15:21","date_gmt":"2024-12-17T16:15:21","guid":{"rendered":"https:\/\/trgovina.pasjauniverza.si\/?post_type=product&#038;p=11807"},"modified":"2026-04-16T10:09:57","modified_gmt":"2026-04-16T10:09:57","slug":"bivolji-rog-naravna-zvecilka-iz-rozevine","status":"publish","type":"product","link":"https:\/\/trgovina.pasjauniverza.si\/en\/product\/bivolji-rog-naravna-zvecilka-iz-rozevine\/","title":{"rendered":"Bivolji rog &#8211; naravna \u017eve\u010dilka iz ro\u017eevine"},"content":{"rendered":"<p>Vzdr\u017eljivi bivolji rogovi so idealni za tiste najbolj mo\u010dne ku\u017eke, saj so izjemno vzdr\u017eljivi tudi pri najbolj &#8220;vztrajnih&#8221; psih.<\/p>\n<p>Rogovi so votli, kar pomeni, da jih lahko poljubno napolnite z kak\u0161no mokro, surovo hrano ali pribolj\u0161ki in omogo\u010dite svojemu kosmatincu \u0161e bolj slastno, spro\u0161\u010dajo\u010do zabavo.<\/p>\n<p><strong>Sestava<\/strong><br \/>\n100 % naravni bivolji rog<\/p>\n<p><strong>Analitske sestavine:<\/strong><\/p>\n<ul>\n<li>Surove beljakovine: <strong>82,5 %<\/strong><\/li>\n<li>Surove ma\u0161\u010dobe: <strong>4,5 %<\/strong><\/li>\n<li>Surova vlaknina: <strong>6 %<\/strong><\/li>\n<li>Surov pepel: <strong>0,8 %<\/strong><\/li>\n<li>Vlaga: <strong>5 %<\/strong><\/li>\n<\/ul>\n<p>Vedno zagotovite <strong>sve\u017eo pitno vodo<\/strong> in psa nadzorujte med uporabo.<\/p>","protected":false},"excerpt":{"rendered":"<p>Na\u0161 <strong>naravni bivolji rog<\/strong> je odli\u010dna <strong>naravna \u017eve\u010dilka<\/strong>, primerna za pse, ki potrebujejo dolgotrajno zaposlitev in u\u017eitek pri \u017eve\u010denju. Zaradi visoke vsebnosti <strong>beljakovin<\/strong> in trdnosti je idealen za podporo <strong>zdravju zob<\/strong> in <strong>krepitev \u010deljusti<\/strong>.<\/p>\n<p><strong>Lastnosti:<\/strong><\/p>\n<ul>\n<li>100 % naravni izdelek brez dodatkov<\/li>\n<li>iz ro\u017eevine, ne kosti<\/li>\n<li>Dolgotrajen in odporen na grizenje<\/li>\n<li>Podpira \u010di\u0161\u010denje zob in ustno higieno<\/li>\n<li>Primeren za srednje in velike pse<\/li>\n<\/ul>","protected":false},"featured_media":11771,"comment_status":"open","ping_status":"closed","template":"","meta":{"_acf_changed":false,"_uag_custom_page_level_css":"","site-sidebar-layout":"default","site-content-layout":"","ast-site-content-layout":"default","site-content-style":"default","site-sidebar-style":"default","ast-global-header-display":"","ast-banner-title-visibility":"","ast-main-header-display":"","ast-hfb-above-header-display":"","ast-hfb-below-header-display":"","ast-hfb-mobile-header-display":"","site-post-title":"","ast-breadcrumbs-content":"","ast-featured-img":"","footer-sml-layout":"","ast-disable-related-posts":"","theme-transparent-header-meta":"default","adv-header-id-meta":"","stick-header-meta":"","header-above-stick-meta":"","header-main-stick-meta":"","header-below-stick-meta":"","astra-migrate-meta-layouts":"set","ast-page-background-enabled":"default","ast-page-background-meta":{"desktop":{"background-color":"","background-image":"","background-repeat":"repeat","background-position":"center center","background-size":"auto","background-attachment":"scroll","background-type":"","background-media":"","overlay-type":"","overlay-color":"","overlay-opacity":"","overlay-gradient":""},"tablet":{"background-color":"","background-image":"","background-repeat":"repeat","background-position":"center center","background-size":"auto","background-attachment":"scroll","background-type":"","background-media":"","overlay-type":"","overlay-color":"","overlay-opacity":"","overlay-gradient":""},"mobile":{"background-color":"","background-image":"","background-repeat":"repeat","background-position":"center center","background-size":"auto","background-attachment":"scroll","background-type":"","background-media":"","overlay-type":"","overlay-color":"","overlay-opacity":"","overlay-gradient":""}},"ast-content-background-meta":{"desktop":{"background-color":"var(--ast-global-color-5)","background-image":"","background-repeat":"repeat","background-position":"center center","background-size":"auto","background-attachment":"scroll","background-type":"","background-media":"","overlay-type":"","overlay-color":"","overlay-opacity":"","overlay-gradient":""},"tablet":{"background-color":"var(--ast-global-color-5)","background-image":"","background-repeat":"repeat","background-position":"center center","background-size":"auto","background-attachment":"scroll","background-type":"","background-media":"","overlay-type":"","overlay-color":"","overlay-opacity":"","overlay-gradient":""},"mobile":{"background-color":"var(--ast-global-color-5)","background-image":"","background-repeat":"repeat","background-position":"center center","background-size":"auto","background-attachment":"scroll","background-type":"","background-media":"","overlay-type":"","overlay-color":"","overlay-opacity":"","overlay-gradient":""}}},"product_brand":[923],"product_cat":[725,421,366,723,18],"product_tag":[245,233,236,239,243,234,238,241,240,244,242,235,237],"class_list":{"0":"post-11807","1":"product","2":"type-product","3":"status-publish","4":"has-post-thumbnail","6":"product_brand-buffalo-horn","7":"product_cat-hrana-za-pse","8":"product_cat-novadogchews","9":"product_cat-priboljski","10":"product_cat-psi","11":"product_cat-vsi-izdelki","12":"product_tag-bivol","13":"product_tag-bivolji-rog-za-pse","14":"product_tag-dolgotrajna-zvecilka-za-pse","15":"product_tag-hipoalergena-zvecilka","16":"product_tag-naravna-pasja-zobna-nega","17":"product_tag-naravna-zvecilka-za-pse","18":"product_tag-naravni-priboljsek-za-pse","19":"product_tag-pasja-zvecilka-za-zdrave-zobe","20":"product_tag-priboljsek-za-dentalno-higieno","21":"product_tag-rozevina","22":"product_tag-trpezna-zvecilka-za-pse","23":"product_tag-zvecilka-iz-rozevine","24":"product_tag-zvecilka-za-pse-brez-dodatkov","25":"desktop-align-center","26":"tablet-align-center","27":"mobile-align-center","29":"first","30":"instock","31":"shipping-taxable","32":"purchasable","33":"product-type-variable"},"acf":[],"yoast_head":"<!-- This site is optimized with the Yoast SEO plugin v27.4 - https:\/\/yoast.com\/product\/yoast-seo-wordpress\/ -->\n<title>Bivolji rog - naravna \u017eve\u010dilka iz ro\u017eevine - Trgovina Pasja Univerza<\/title>\n<meta name=\"description\" content=\"Bivolji rog iz ro\u017eevine.\" \/>\n<meta name=\"robots\" content=\"index, follow, max-snippet:-1, max-image-preview:large, max-video-preview:-1\" \/>\n<link rel=\"canonical\" href=\"https:\/\/trgovina.pasjauniverza.si\/en\/product\/bivolji-rog-naravna-zvecilka-iz-rozevine\/\" \/>\n<meta property=\"og:locale\" content=\"en_US\" \/>\n<meta property=\"og:type\" content=\"article\" \/>\n<meta property=\"og:title\" content=\"Bivolji rog - naravna \u017eve\u010dilka iz ro\u017eevine - Trgovina Pasja Univerza\" \/>\n<meta property=\"og:description\" content=\"Bivolji rog iz ro\u017eevine.\" \/>\n<meta property=\"og:url\" content=\"https:\/\/trgovina.pasjauniverza.si\/en\/product\/bivolji-rog-naravna-zvecilka-iz-rozevine\/\" \/>\n<meta property=\"og:site_name\" content=\"Trgovina Pasja Univerza\" \/>\n<meta property=\"article:modified_time\" content=\"2026-04-16T10:09:57+00:00\" \/>\n<meta property=\"og:image\" content=\"https:\/\/trgovina.pasjauniverza.si\/wp-content\/uploads\/2024\/12\/Bivolji-rog-velik.jpg\" \/>\n\t<meta property=\"og:image:width\" content=\"1024\" \/>\n\t<meta property=\"og:image:height\" content=\"1024\" \/>\n\t<meta property=\"og:image:type\" content=\"image\/jpeg\" \/>\n<meta name=\"twitter:card\" content=\"summary_large_image\" \/>\n<meta name=\"twitter:label1\" content=\"Est. reading time\" \/>\n\t<meta name=\"twitter:data1\" content=\"1 minute\" \/>\n<script type=\"application\/ld+json\" class=\"yoast-schema-graph\">{\"@context\":\"https:\\\/\\\/schema.org\",\"@graph\":[{\"@type\":\"WebPage\",\"@id\":\"https:\\\/\\\/trgovina.pasjauniverza.si\\\/product\\\/bivolji-rog-naravna-zvecilka-iz-rozevine\\\/\",\"url\":\"https:\\\/\\\/trgovina.pasjauniverza.si\\\/product\\\/bivolji-rog-naravna-zvecilka-iz-rozevine\\\/\",\"name\":\"Bivolji rog - naravna \u017eve\u010dilka iz ro\u017eevine - Trgovina Pasja Univerza\",\"isPartOf\":{\"@id\":\"https:\\\/\\\/trgovina.pasjauniverza.si\\\/#website\"},\"primaryImageOfPage\":{\"@id\":\"https:\\\/\\\/trgovina.pasjauniverza.si\\\/product\\\/bivolji-rog-naravna-zvecilka-iz-rozevine\\\/#primaryimage\"},\"image\":{\"@id\":\"https:\\\/\\\/trgovina.pasjauniverza.si\\\/product\\\/bivolji-rog-naravna-zvecilka-iz-rozevine\\\/#primaryimage\"},\"thumbnailUrl\":\"https:\\\/\\\/trgovina.pasjauniverza.si\\\/wp-content\\\/uploads\\\/2024\\\/12\\\/Bivolji-rog-velik.jpg\",\"datePublished\":\"2024-12-17T16:15:21+00:00\",\"dateModified\":\"2026-04-16T10:09:57+00:00\",\"description\":\"Bivolji rog iz ro\u017eevine.\",\"breadcrumb\":{\"@id\":\"https:\\\/\\\/trgovina.pasjauniverza.si\\\/product\\\/bivolji-rog-naravna-zvecilka-iz-rozevine\\\/#breadcrumb\"},\"inLanguage\":\"en-US\",\"potentialAction\":[{\"@type\":\"ReadAction\",\"target\":[\"https:\\\/\\\/trgovina.pasjauniverza.si\\\/product\\\/bivolji-rog-naravna-zvecilka-iz-rozevine\\\/\"]}]},{\"@type\":\"ImageObject\",\"inLanguage\":\"en-US\",\"@id\":\"https:\\\/\\\/trgovina.pasjauniverza.si\\\/product\\\/bivolji-rog-naravna-zvecilka-iz-rozevine\\\/#primaryimage\",\"url\":\"https:\\\/\\\/trgovina.pasjauniverza.si\\\/wp-content\\\/uploads\\\/2024\\\/12\\\/Bivolji-rog-velik.jpg\",\"contentUrl\":\"https:\\\/\\\/trgovina.pasjauniverza.si\\\/wp-content\\\/uploads\\\/2024\\\/12\\\/Bivolji-rog-velik.jpg\",\"width\":1024,\"height\":1024,\"caption\":\"Bivolji rog, velik\"},{\"@type\":\"BreadcrumbList\",\"@id\":\"https:\\\/\\\/trgovina.pasjauniverza.si\\\/product\\\/bivolji-rog-naravna-zvecilka-iz-rozevine\\\/#breadcrumb\",\"itemListElement\":[{\"@type\":\"ListItem\",\"position\":1,\"name\":\"Home\",\"item\":\"https:\\\/\\\/trgovina.pasjauniverza.si\\\/\"},{\"@type\":\"ListItem\",\"position\":2,\"name\":\"Trgovina\",\"item\":\"https:\\\/\\\/trgovina.pasjauniverza.si\\\/trgovina\\\/\"},{\"@type\":\"ListItem\",\"position\":3,\"name\":\"Bivolji rog &#8211; naravna \u017eve\u010dilka iz ro\u017eevine\"}]},{\"@type\":\"WebSite\",\"@id\":\"https:\\\/\\\/trgovina.pasjauniverza.si\\\/#website\",\"url\":\"https:\\\/\\\/trgovina.pasjauniverza.si\\\/\",\"name\":\"Trgovina Pasja Univerza\",\"description\":\"pasja univerza trgovina\",\"publisher\":{\"@id\":\"https:\\\/\\\/trgovina.pasjauniverza.si\\\/#organization\"},\"potentialAction\":[{\"@type\":\"SearchAction\",\"target\":{\"@type\":\"EntryPoint\",\"urlTemplate\":\"https:\\\/\\\/trgovina.pasjauniverza.si\\\/?s={search_term_string}\"},\"query-input\":{\"@type\":\"PropertyValueSpecification\",\"valueRequired\":true,\"valueName\":\"search_term_string\"}}],\"inLanguage\":\"en-US\"},{\"@type\":\"Organization\",\"@id\":\"https:\\\/\\\/trgovina.pasjauniverza.si\\\/#organization\",\"name\":\"Trgovina Pasja Univerza\",\"url\":\"https:\\\/\\\/trgovina.pasjauniverza.si\\\/\",\"logo\":{\"@type\":\"ImageObject\",\"inLanguage\":\"en-US\",\"@id\":\"https:\\\/\\\/trgovina.pasjauniverza.si\\\/#\\\/schema\\\/logo\\\/image\\\/\",\"url\":\"https:\\\/\\\/trgovina.pasjauniverza.si\\\/wp-content\\\/uploads\\\/2024\\\/08\\\/cropped-logotipi-vector-04.png\",\"contentUrl\":\"https:\\\/\\\/trgovina.pasjauniverza.si\\\/wp-content\\\/uploads\\\/2024\\\/08\\\/cropped-logotipi-vector-04.png\",\"width\":942,\"height\":908,\"caption\":\"Trgovina Pasja Univerza\"},\"image\":{\"@id\":\"https:\\\/\\\/trgovina.pasjauniverza.si\\\/#\\\/schema\\\/logo\\\/image\\\/\"}}]}<\/script>\n<!-- \/ Yoast SEO plugin. -->","yoast_head_json":{"title":"Bivolji rog - naravna \u017eve\u010dilka iz ro\u017eevine - Trgovina Pasja Univerza","description":"Bivolji rog iz ro\u017eevine.","robots":{"index":"index","follow":"follow","max-snippet":"max-snippet:-1","max-image-preview":"max-image-preview:large","max-video-preview":"max-video-preview:-1"},"canonical":"https:\/\/trgovina.pasjauniverza.si\/en\/product\/bivolji-rog-naravna-zvecilka-iz-rozevine\/","og_locale":"en_US","og_type":"article","og_title":"Bivolji rog - naravna \u017eve\u010dilka iz ro\u017eevine - Trgovina Pasja Univerza","og_description":"Bivolji rog iz ro\u017eevine.","og_url":"https:\/\/trgovina.pasjauniverza.si\/en\/product\/bivolji-rog-naravna-zvecilka-iz-rozevine\/","og_site_name":"Trgovina Pasja Univerza","article_modified_time":"2026-04-16T10:09:57+00:00","og_image":[{"width":1024,"height":1024,"url":"https:\/\/trgovina.pasjauniverza.si\/wp-content\/uploads\/2024\/12\/Bivolji-rog-velik.jpg","type":"image\/jpeg"}],"twitter_card":"summary_large_image","twitter_misc":{"Est. reading time":"1 minute"},"schema":{"@context":"https:\/\/schema.org","@graph":[{"@type":"WebPage","@id":"https:\/\/trgovina.pasjauniverza.si\/product\/bivolji-rog-naravna-zvecilka-iz-rozevine\/","url":"https:\/\/trgovina.pasjauniverza.si\/product\/bivolji-rog-naravna-zvecilka-iz-rozevine\/","name":"Bivolji rog - naravna \u017eve\u010dilka iz ro\u017eevine - Trgovina Pasja Univerza","isPartOf":{"@id":"https:\/\/trgovina.pasjauniverza.si\/#website"},"primaryImageOfPage":{"@id":"https:\/\/trgovina.pasjauniverza.si\/product\/bivolji-rog-naravna-zvecilka-iz-rozevine\/#primaryimage"},"image":{"@id":"https:\/\/trgovina.pasjauniverza.si\/product\/bivolji-rog-naravna-zvecilka-iz-rozevine\/#primaryimage"},"thumbnailUrl":"https:\/\/trgovina.pasjauniverza.si\/wp-content\/uploads\/2024\/12\/Bivolji-rog-velik.jpg","datePublished":"2024-12-17T16:15:21+00:00","dateModified":"2026-04-16T10:09:57+00:00","description":"Bivolji rog iz ro\u017eevine.","breadcrumb":{"@id":"https:\/\/trgovina.pasjauniverza.si\/product\/bivolji-rog-naravna-zvecilka-iz-rozevine\/#breadcrumb"},"inLanguage":"en-US","potentialAction":[{"@type":"ReadAction","target":["https:\/\/trgovina.pasjauniverza.si\/product\/bivolji-rog-naravna-zvecilka-iz-rozevine\/"]}]},{"@type":"ImageObject","inLanguage":"en-US","@id":"https:\/\/trgovina.pasjauniverza.si\/product\/bivolji-rog-naravna-zvecilka-iz-rozevine\/#primaryimage","url":"https:\/\/trgovina.pasjauniverza.si\/wp-content\/uploads\/2024\/12\/Bivolji-rog-velik.jpg","contentUrl":"https:\/\/trgovina.pasjauniverza.si\/wp-content\/uploads\/2024\/12\/Bivolji-rog-velik.jpg","width":1024,"height":1024,"caption":"Bivolji rog, velik"},{"@type":"BreadcrumbList","@id":"https:\/\/trgovina.pasjauniverza.si\/product\/bivolji-rog-naravna-zvecilka-iz-rozevine\/#breadcrumb","itemListElement":[{"@type":"ListItem","position":1,"name":"Home","item":"https:\/\/trgovina.pasjauniverza.si\/"},{"@type":"ListItem","position":2,"name":"Trgovina","item":"https:\/\/trgovina.pasjauniverza.si\/trgovina\/"},{"@type":"ListItem","position":3,"name":"Bivolji rog &#8211; naravna \u017eve\u010dilka iz ro\u017eevine"}]},{"@type":"WebSite","@id":"https:\/\/trgovina.pasjauniverza.si\/#website","url":"https:\/\/trgovina.pasjauniverza.si\/","name":"Trgovina Pasja Univerza","description":"pasja univerza trgovina","publisher":{"@id":"https:\/\/trgovina.pasjauniverza.si\/#organization"},"potentialAction":[{"@type":"SearchAction","target":{"@type":"EntryPoint","urlTemplate":"https:\/\/trgovina.pasjauniverza.si\/?s={search_term_string}"},"query-input":{"@type":"PropertyValueSpecification","valueRequired":true,"valueName":"search_term_string"}}],"inLanguage":"en-US"},{"@type":"Organization","@id":"https:\/\/trgovina.pasjauniverza.si\/#organization","name":"Trgovina Pasja Univerza","url":"https:\/\/trgovina.pasjauniverza.si\/","logo":{"@type":"ImageObject","inLanguage":"en-US","@id":"https:\/\/trgovina.pasjauniverza.si\/#\/schema\/logo\/image\/","url":"https:\/\/trgovina.pasjauniverza.si\/wp-content\/uploads\/2024\/08\/cropped-logotipi-vector-04.png","contentUrl":"https:\/\/trgovina.pasjauniverza.si\/wp-content\/uploads\/2024\/08\/cropped-logotipi-vector-04.png","width":942,"height":908,"caption":"Trgovina Pasja Univerza"},"image":{"@id":"https:\/\/trgovina.pasjauniverza.si\/#\/schema\/logo\/image\/"}}]}},"uagb_featured_image_src":{"full":["https:\/\/trgovina.pasjauniverza.si\/wp-content\/uploads\/2024\/12\/Bivolji-rog-velik.jpg",1024,1024,false],"thumbnail":["https:\/\/trgovina.pasjauniverza.si\/wp-content\/uploads\/2024\/12\/Bivolji-rog-velik-150x150.jpg",150,150,true],"medium":["https:\/\/trgovina.pasjauniverza.si\/wp-content\/uploads\/2024\/12\/Bivolji-rog-velik-300x300.jpg",300,300,true],"medium_large":["https:\/\/trgovina.pasjauniverza.si\/wp-content\/uploads\/2024\/12\/Bivolji-rog-velik-768x768.jpg",768,768,true],"large":["https:\/\/trgovina.pasjauniverza.si\/wp-content\/uploads\/2024\/12\/Bivolji-rog-velik.jpg",1024,1024,false],"1536x1536":["https:\/\/trgovina.pasjauniverza.si\/wp-content\/uploads\/2024\/12\/Bivolji-rog-velik.jpg",1024,1024,false],"2048x2048":["https:\/\/trgovina.pasjauniverza.si\/wp-content\/uploads\/2024\/12\/Bivolji-rog-velik.jpg",1024,1024,false],"trp-custom-language-flag":["https:\/\/trgovina.pasjauniverza.si\/wp-content\/uploads\/2024\/12\/Bivolji-rog-velik-12x12.jpg",12,12,true],"woocommerce_thumbnail":["https:\/\/trgovina.pasjauniverza.si\/wp-content\/uploads\/2024\/12\/Bivolji-rog-velik-300x300.jpg",300,300,true],"woocommerce_single":["https:\/\/trgovina.pasjauniverza.si\/wp-content\/uploads\/2024\/12\/Bivolji-rog-velik-600x600.jpg",600,600,true],"woocommerce_gallery_thumbnail":["https:\/\/trgovina.pasjauniverza.si\/wp-content\/uploads\/2024\/12\/Bivolji-rog-velik-100x100.jpg",100,100,true]},"uagb_author_info":{"display_name":"Karmen Grubeli\u0107, dr.vet.med.","author_link":"https:\/\/trgovina.pasjauniverza.si\/en\/author\/"},"uagb_comment_info":0,"uagb_excerpt":"Na\u0161 naravni bivolji rog je odli\u010dna naravna \u017eve\u010dilka, primerna za pse, ki potrebujejo dolgotrajno zaposlitev in u\u017eitek pri \u017eve\u010denju. Zaradi visoke vsebnosti beljakovin in trdnosti je idealen za podporo zdravju zob in krepitev \u010deljusti. Lastnosti: 100 % naravni izdelek brez dodatkov iz ro\u017eevine, ne kosti Dolgotrajen in odporen na grizenje Podpira \u010di\u0161\u010denje zob in ustno&hellip;","jetpack_sharing_enabled":true,"_links":{"self":[{"href":"https:\/\/trgovina.pasjauniverza.si\/en\/wp-json\/wp\/v2\/product\/11807","targetHints":{"allow":["GET"]}}],"collection":[{"href":"https:\/\/trgovina.pasjauniverza.si\/en\/wp-json\/wp\/v2\/product"}],"about":[{"href":"https:\/\/trgovina.pasjauniverza.si\/en\/wp-json\/wp\/v2\/types\/product"}],"replies":[{"embeddable":true,"href":"https:\/\/trgovina.pasjauniverza.si\/en\/wp-json\/wp\/v2\/comments?post=11807"}],"wp:featuredmedia":[{"embeddable":true,"href":"https:\/\/trgovina.pasjauniverza.si\/en\/wp-json\/wp\/v2\/media\/11771"}],"wp:attachment":[{"href":"https:\/\/trgovina.pasjauniverza.si\/en\/wp-json\/wp\/v2\/media?parent=11807"}],"wp:term":[{"taxonomy":"product_brand","embeddable":true,"href":"https:\/\/trgovina.pasjauniverza.si\/en\/wp-json\/wp\/v2\/product_brand?post=11807"},{"taxonomy":"product_cat","embeddable":true,"href":"https:\/\/trgovina.pasjauniverza.si\/en\/wp-json\/wp\/v2\/product_cat?post=11807"},{"taxonomy":"product_tag","embeddable":true,"href":"https:\/\/trgovina.pasjauniverza.si\/en\/wp-json\/wp\/v2\/product_tag?post=11807"}],"curies":[{"name":"wp","href":"https:\/\/api.w.org\/{rel}","templated":true}]}}