
{"id":11805,"date":"2024-12-17T15:59:40","date_gmt":"2024-12-17T15:59:40","guid":{"rendered":"https:\/\/trgovina.pasjauniverza.si\/?post_type=product&#038;p=11805"},"modified":"2026-04-12T07:09:47","modified_gmt":"2026-04-12T07:09:47","slug":"luksuzna-mesna-klobasa-z-jagnetino-400-g","status":"publish","type":"product","link":"https:\/\/trgovina.pasjauniverza.si\/en\/product\/luksuzna-mesna-klobasa-z-jagnetino-400-g\/","title":{"rendered":"Paddock Farm Luksuzna mesna klobasa z jagnetino 400 g"},"content":{"rendered":"<p><strong>Paddock Farm luksuzni pate izdelki<\/strong> so na voljo v priro\u010dnih <strong>400-gramskih pakiranjih<\/strong> in so narejeni iz <strong>enega vira beljakovin<\/strong>. Vsebujejo <strong>94 % mesa<\/strong> z dodatkom esencialnih <strong>vitaminov in mineralov<\/strong> ter so popolnoma naravni, bogati z beljakovinami in pripravljeni iz najkakovostnej\u0161ih sestavin.<\/p>\n<p>Te vsestranske pa\u0161tete lahko <strong>nare\u017eete, nasekljate, uporabite kot nagrado pri treningu ali nama\u017eete na druge izdelke<\/strong>. Primerne so tudi za <strong>zamrzovanje<\/strong>, kar omogo\u010da enostavno shranjevanje in uporabo.<\/p>\n<p>Slastna mesna klobasa za pse iz\u00a0<strong>100% jagnetine<\/strong>! Uporabljeni so le\u00a0<strong>najbolj\u0161i kosi mesa<\/strong>, ki so ne\u017eno kuhani na pari in fino zmleti v \u010dvrsto mesno klobaso.<\/p>\n<p>Ker je klobasa narejena iz 100% mesa, je primerna tudi za alergike in ob\u010dutljive pse, saj\u00a0<strong>ne vsebuje \u017eit in glutena<\/strong>!<\/p>\n<p>Je\u00a0<strong>popoln obrok<\/strong>, zato jo lahko uporabimo kot del dnevnega obroka za psa ali ob\u010dasno popestritev ali dodatek. Zaradi \u010dvrste teksture se klobaso preprosto nare\u017ee na poljubno velike ko\u0161\u010dke in se jih\u00a0<strong>uporabi pri \u0161olanju in vzgoji psa<\/strong>.\u00a0<strong>Slasten okus in mamljiv vonj<\/strong>\u00a0bo psu predstavljal izvrstno motivacijo! Ker vsebuje le kvalitetno meso, smo lahko mirni, da pes tudi med \u0161olanjem ne poje preve\u010d nezdravih pribolj\u0161kov ali hrenovk!<\/p>\n<p>Luksuzna nojeva mesna klobasa je pripravljena iz <strong>94 % jagnjetine<\/strong>, z dodatkom 4<strong>\u00a0% ri\u017ea<\/strong>, <strong>1 % morske alge<\/strong> ter <strong>1 % vitaminov in mineralov<\/strong>.<\/p>\n<p>Ne vsebuje <strong>dodatkov ali konzervansov<\/strong>, hkrati pa zagotavlja <strong>en sam vir beljakovin<\/strong>, ki je bogat z vitamini in minerali.<\/p>\n<p>Primerna je tudi za <strong>mladi\u010de od 8. tedna dalje<\/strong>.<\/p>\n<div class=\"flex-shrink-0 flex flex-col relative items-end\">\n<div>\n<div class=\"pt-0\">\n<div class=\"gizmo-bot-avatar flex h-8 w-8 items-center justify-center overflow-hidden rounded-full\">\n<div class=\"relative p-1 rounded-sm flex items-center justify-center bg-token-main-surface-primary text-token-text-primary h-8 w-8\"><\/div>\n<\/div>\n<\/div>\n<\/div>\n<\/div>\n<div class=\"group\/conversation-turn relative flex w-full min-w-0 flex-col agent-turn\">\n<div class=\"flex-col gap-1 md:gap-3\">\n<div class=\"flex max-w-full flex-col flex-grow\">\n<div class=\"min-h-8 text-message flex w-full flex-col items-end gap-2 whitespace-normal break-words text-start [.text-message+&amp;]:mt-5\" dir=\"auto\" data-message-author-role=\"assistant\" data-message-id=\"8a9e3260-3fc3-4b87-97fc-6256d4bbde1c\" data-message-model-slug=\"gpt-4o\">\n<div class=\"flex w-full flex-col gap-1 empty:hidden first:pt-[3px]\">\n<div class=\"markdown prose w-full break-words dark:prose-invert light\">\n<p><strong>Sestava<\/strong><br \/>\n94 % jagnjetina, 4 % ri\u017eeva moka, 2 % vitamini in minerali<\/p>\n<p><strong>Analitske sestavine (na 100 g):<\/strong><\/p>\n<ul>\n<li>Surove beljakovine: <strong>17,9 %<\/strong><\/li>\n<li>Surove ma\u0161\u010dobe: <strong>10,1 %<\/strong><\/li>\n<li>Surov pepel: <strong>3,1 %<\/strong><\/li>\n<li>Surova vlaknina: <strong>0,6 %<\/strong><\/li>\n<li>Vlaga: <strong>62,2 %<\/strong><\/li>\n<\/ul>\n<\/div>\n<\/div>\n<\/div>\n<\/div>\n<\/div>\n<\/div>\n<p><strong>Uporaba:<\/strong><\/p>\n<ul>\n<li><strong>Nama\u017eite<\/strong> na lizalno podlogo<\/li>\n<li><strong>Nare\u017eite<\/strong> na kocke za trening<\/li>\n<li><strong>Naribajte<\/strong> \u010dez obrok<\/li>\n<li><strong>Nare\u017eite<\/strong> na okusne rezine<\/li>\n<\/ul>\n<p>Vedno zagotovite <strong>sve\u017eo pitno vodo<\/strong> ob serviranju izdelka.<\/p>\n<p><strong>Skladi\u0161\u010denje:<\/strong><br \/>\nShranjujte na hladnem in suhem. Po odprtju hranite v hladilniku do 5 dni. Primerno za zamrzovanje (zamrznite po odprtju).<\/p>\n<p><strong>Neto koli\u010dina: <\/strong>400g<\/p>\n","protected":false},"excerpt":{"rendered":"<p>\u010cisto prava pasja klobasa iz fino mletega sve\u017eega mesa, ob kateri se bodo va\u0161emu ljubljencu cedile sline.<\/p>\n<ul>\n<li>Narejene iz kvalitetnega, fino mletega mesa &#8211; MONOPROTEINSKA!<\/li>\n<li>100% sve\u017ea jagnetina<\/li>\n<li>visoka vsebnost beljakovin<\/li>\n<li>nizka vsebnost ma\u0161\u010dob<\/li>\n<li>Brez \u017eit in glutena<\/li>\n<li>lahko prebavljiva<\/li>\n<li>Ne\u017eno kuhano na pari<\/li>\n<li>primerna tudi za mladi\u010dke<\/li>\n<li>Primerno za popestritev obroka ali nagrada pri \u0161olanju<\/li>\n<\/ul>","protected":false},"featured_media":11757,"comment_status":"open","ping_status":"closed","template":"","meta":{"_acf_changed":false,"_uag_custom_page_level_css":"","site-sidebar-layout":"default","site-content-layout":"","ast-site-content-layout":"default","site-content-style":"default","site-sidebar-style":"default","ast-global-header-display":"","ast-banner-title-visibility":"","ast-main-header-display":"","ast-hfb-above-header-display":"","ast-hfb-below-header-display":"","ast-hfb-mobile-header-display":"","site-post-title":"","ast-breadcrumbs-content":"","ast-featured-img":"","footer-sml-layout":"","ast-disable-related-posts":"","theme-transparent-header-meta":"default","adv-header-id-meta":"","stick-header-meta":"","header-above-stick-meta":"","header-main-stick-meta":"","header-below-stick-meta":"","astra-migrate-meta-layouts":"set","ast-page-background-enabled":"default","ast-page-background-meta":{"desktop":{"background-color":"","background-image":"","background-repeat":"repeat","background-position":"center center","background-size":"auto","background-attachment":"scroll","background-type":"","background-media":"","overlay-type":"","overlay-color":"","overlay-opacity":"","overlay-gradient":""},"tablet":{"background-color":"","background-image":"","background-repeat":"repeat","background-position":"center center","background-size":"auto","background-attachment":"scroll","background-type":"","background-media":"","overlay-type":"","overlay-color":"","overlay-opacity":"","overlay-gradient":""},"mobile":{"background-color":"","background-image":"","background-repeat":"repeat","background-position":"center center","background-size":"auto","background-attachment":"scroll","background-type":"","background-media":"","overlay-type":"","overlay-color":"","overlay-opacity":"","overlay-gradient":""}},"ast-content-background-meta":{"desktop":{"background-color":"var(--ast-global-color-5)","background-image":"","background-repeat":"repeat","background-position":"center center","background-size":"auto","background-attachment":"scroll","background-type":"","background-media":"","overlay-type":"","overlay-color":"","overlay-opacity":"","overlay-gradient":""},"tablet":{"background-color":"var(--ast-global-color-5)","background-image":"","background-repeat":"repeat","background-position":"center center","background-size":"auto","background-attachment":"scroll","background-type":"","background-media":"","overlay-type":"","overlay-color":"","overlay-opacity":"","overlay-gradient":""},"mobile":{"background-color":"var(--ast-global-color-5)","background-image":"","background-repeat":"repeat","background-position":"center center","background-size":"auto","background-attachment":"scroll","background-type":"","background-media":"","overlay-type":"","overlay-color":"","overlay-opacity":"","overlay-gradient":""}}},"product_brand":[932],"product_cat":[725,728,421,154,366,723,18],"product_tag":[220,217,216,223,231,145,218,222,215,214,219,224,221],"class_list":{"0":"post-11805","1":"product","2":"type-product","3":"status-publish","4":"has-post-thumbnail","6":"product_brand-paddock-farm","7":"product_cat-hrana-za-pse","8":"product_cat-klobase","9":"product_cat-novadogchews","10":"product_cat-pasja-sola","11":"product_cat-priboljski","12":"product_cat-psi","13":"product_cat-vsi-izdelki","14":"product_tag-hipoalergena-pasja-hrana","15":"product_tag-hrana-brez-zit-za-pse","16":"product_tag-hrana-za-alergicne-pse","17":"product_tag-hrana-za-obcutljive-pse","18":"product_tag-jagnecje-meso","19":"product_tag-jagnetina","20":"product_tag-klobase-z-enim-virom-beljakovin","21":"product_tag-mesne-klobase-brez-dodatkov","22":"product_tag-mesne-klobase-za-pse","23":"product_tag-monoproteinska-hrana-za-pse","24":"product_tag-naravna-hrana-za-pse","25":"product_tag-pasja-hrana-brez-konzervansov","26":"product_tag-premium-hrana-za-pse","27":"desktop-align-center","28":"tablet-align-center","29":"mobile-align-center","31":"first","32":"instock","33":"sale","34":"shipping-taxable","35":"purchasable","36":"product-type-simple"},"acf":[],"yoast_head":"<!-- This site is optimized with the Yoast SEO plugin v27.4 - https:\/\/yoast.com\/product\/yoast-seo-wordpress\/ -->\n<title>Paddock Farm Luksuzna mesna klobasa z jagnetino 400 g - Trgovina Pasja Univerza<\/title>\n<meta name=\"description\" content=\"Luksuzna mesna klobasa z jagnetino 400 g\" \/>\n<meta name=\"robots\" content=\"index, follow, max-snippet:-1, max-image-preview:large, max-video-preview:-1\" \/>\n<link rel=\"canonical\" href=\"https:\/\/trgovina.pasjauniverza.si\/en\/product\/luksuzna-mesna-klobasa-z-jagnetino-400-g\/\" \/>\n<meta property=\"og:locale\" content=\"en_US\" \/>\n<meta property=\"og:type\" content=\"article\" \/>\n<meta property=\"og:title\" content=\"Paddock Farm Luksuzna mesna klobasa z jagnetino 400 g - Trgovina Pasja Univerza\" \/>\n<meta property=\"og:description\" content=\"Luksuzna mesna klobasa z jagnetino 400 g\" \/>\n<meta property=\"og:url\" content=\"https:\/\/trgovina.pasjauniverza.si\/en\/product\/luksuzna-mesna-klobasa-z-jagnetino-400-g\/\" \/>\n<meta property=\"og:site_name\" content=\"Trgovina Pasja Univerza\" \/>\n<meta property=\"article:modified_time\" content=\"2026-04-12T07:09:47+00:00\" \/>\n<meta property=\"og:image\" content=\"https:\/\/trgovina.pasjauniverza.si\/wp-content\/uploads\/2024\/12\/salama-jagnetina.jpg\" \/>\n\t<meta property=\"og:image:width\" content=\"1080\" \/>\n\t<meta property=\"og:image:height\" content=\"1080\" \/>\n\t<meta property=\"og:image:type\" content=\"image\/jpeg\" \/>\n<meta name=\"twitter:card\" content=\"summary_large_image\" \/>\n<meta name=\"twitter:label1\" content=\"Est. reading time\" \/>\n\t<meta name=\"twitter:data1\" content=\"2 minutes\" \/>\n<script type=\"application\/ld+json\" class=\"yoast-schema-graph\">{\"@context\":\"https:\\\/\\\/schema.org\",\"@graph\":[{\"@type\":\"WebPage\",\"@id\":\"https:\\\/\\\/trgovina.pasjauniverza.si\\\/product\\\/luksuzna-mesna-klobasa-z-jagnetino-400-g\\\/\",\"url\":\"https:\\\/\\\/trgovina.pasjauniverza.si\\\/product\\\/luksuzna-mesna-klobasa-z-jagnetino-400-g\\\/\",\"name\":\"Paddock Farm Luksuzna mesna klobasa z jagnetino 400 g - Trgovina Pasja Univerza\",\"isPartOf\":{\"@id\":\"https:\\\/\\\/trgovina.pasjauniverza.si\\\/#website\"},\"primaryImageOfPage\":{\"@id\":\"https:\\\/\\\/trgovina.pasjauniverza.si\\\/product\\\/luksuzna-mesna-klobasa-z-jagnetino-400-g\\\/#primaryimage\"},\"image\":{\"@id\":\"https:\\\/\\\/trgovina.pasjauniverza.si\\\/product\\\/luksuzna-mesna-klobasa-z-jagnetino-400-g\\\/#primaryimage\"},\"thumbnailUrl\":\"https:\\\/\\\/trgovina.pasjauniverza.si\\\/wp-content\\\/uploads\\\/2024\\\/12\\\/salama-jagnetina.jpg\",\"datePublished\":\"2024-12-17T15:59:40+00:00\",\"dateModified\":\"2026-04-12T07:09:47+00:00\",\"description\":\"Luksuzna mesna klobasa z jagnetino 400 g\",\"breadcrumb\":{\"@id\":\"https:\\\/\\\/trgovina.pasjauniverza.si\\\/product\\\/luksuzna-mesna-klobasa-z-jagnetino-400-g\\\/#breadcrumb\"},\"inLanguage\":\"en-US\",\"potentialAction\":[{\"@type\":\"ReadAction\",\"target\":[\"https:\\\/\\\/trgovina.pasjauniverza.si\\\/product\\\/luksuzna-mesna-klobasa-z-jagnetino-400-g\\\/\"]}]},{\"@type\":\"ImageObject\",\"inLanguage\":\"en-US\",\"@id\":\"https:\\\/\\\/trgovina.pasjauniverza.si\\\/product\\\/luksuzna-mesna-klobasa-z-jagnetino-400-g\\\/#primaryimage\",\"url\":\"https:\\\/\\\/trgovina.pasjauniverza.si\\\/wp-content\\\/uploads\\\/2024\\\/12\\\/salama-jagnetina.jpg\",\"contentUrl\":\"https:\\\/\\\/trgovina.pasjauniverza.si\\\/wp-content\\\/uploads\\\/2024\\\/12\\\/salama-jagnetina.jpg\",\"width\":1080,\"height\":1080,\"caption\":\"salama-jagnetina\"},{\"@type\":\"BreadcrumbList\",\"@id\":\"https:\\\/\\\/trgovina.pasjauniverza.si\\\/product\\\/luksuzna-mesna-klobasa-z-jagnetino-400-g\\\/#breadcrumb\",\"itemListElement\":[{\"@type\":\"ListItem\",\"position\":1,\"name\":\"Home\",\"item\":\"https:\\\/\\\/trgovina.pasjauniverza.si\\\/\"},{\"@type\":\"ListItem\",\"position\":2,\"name\":\"Trgovina\",\"item\":\"https:\\\/\\\/trgovina.pasjauniverza.si\\\/trgovina\\\/\"},{\"@type\":\"ListItem\",\"position\":3,\"name\":\"Paddock Farm Luksuzna mesna klobasa z jagnetino 400 g\"}]},{\"@type\":\"WebSite\",\"@id\":\"https:\\\/\\\/trgovina.pasjauniverza.si\\\/#website\",\"url\":\"https:\\\/\\\/trgovina.pasjauniverza.si\\\/\",\"name\":\"Trgovina Pasja Univerza\",\"description\":\"pasja univerza trgovina\",\"publisher\":{\"@id\":\"https:\\\/\\\/trgovina.pasjauniverza.si\\\/#organization\"},\"potentialAction\":[{\"@type\":\"SearchAction\",\"target\":{\"@type\":\"EntryPoint\",\"urlTemplate\":\"https:\\\/\\\/trgovina.pasjauniverza.si\\\/?s={search_term_string}\"},\"query-input\":{\"@type\":\"PropertyValueSpecification\",\"valueRequired\":true,\"valueName\":\"search_term_string\"}}],\"inLanguage\":\"en-US\"},{\"@type\":\"Organization\",\"@id\":\"https:\\\/\\\/trgovina.pasjauniverza.si\\\/#organization\",\"name\":\"Trgovina Pasja Univerza\",\"url\":\"https:\\\/\\\/trgovina.pasjauniverza.si\\\/\",\"logo\":{\"@type\":\"ImageObject\",\"inLanguage\":\"en-US\",\"@id\":\"https:\\\/\\\/trgovina.pasjauniverza.si\\\/#\\\/schema\\\/logo\\\/image\\\/\",\"url\":\"https:\\\/\\\/trgovina.pasjauniverza.si\\\/wp-content\\\/uploads\\\/2024\\\/08\\\/cropped-logotipi-vector-04.png\",\"contentUrl\":\"https:\\\/\\\/trgovina.pasjauniverza.si\\\/wp-content\\\/uploads\\\/2024\\\/08\\\/cropped-logotipi-vector-04.png\",\"width\":942,\"height\":908,\"caption\":\"Trgovina Pasja Univerza\"},\"image\":{\"@id\":\"https:\\\/\\\/trgovina.pasjauniverza.si\\\/#\\\/schema\\\/logo\\\/image\\\/\"}}]}<\/script>\n<!-- \/ Yoast SEO plugin. -->","yoast_head_json":{"title":"Paddock Farm Luksuzna mesna klobasa z jagnetino 400 g - Trgovina Pasja Univerza","description":"Luksuzna mesna klobasa z jagnetino 400 g","robots":{"index":"index","follow":"follow","max-snippet":"max-snippet:-1","max-image-preview":"max-image-preview:large","max-video-preview":"max-video-preview:-1"},"canonical":"https:\/\/trgovina.pasjauniverza.si\/en\/product\/luksuzna-mesna-klobasa-z-jagnetino-400-g\/","og_locale":"en_US","og_type":"article","og_title":"Paddock Farm Luksuzna mesna klobasa z jagnetino 400 g - Trgovina Pasja Univerza","og_description":"Luksuzna mesna klobasa z jagnetino 400 g","og_url":"https:\/\/trgovina.pasjauniverza.si\/en\/product\/luksuzna-mesna-klobasa-z-jagnetino-400-g\/","og_site_name":"Trgovina Pasja Univerza","article_modified_time":"2026-04-12T07:09:47+00:00","og_image":[{"width":1080,"height":1080,"url":"https:\/\/trgovina.pasjauniverza.si\/wp-content\/uploads\/2024\/12\/salama-jagnetina.jpg","type":"image\/jpeg"}],"twitter_card":"summary_large_image","twitter_misc":{"Est. reading time":"2 minutes"},"schema":{"@context":"https:\/\/schema.org","@graph":[{"@type":"WebPage","@id":"https:\/\/trgovina.pasjauniverza.si\/product\/luksuzna-mesna-klobasa-z-jagnetino-400-g\/","url":"https:\/\/trgovina.pasjauniverza.si\/product\/luksuzna-mesna-klobasa-z-jagnetino-400-g\/","name":"Paddock Farm Luksuzna mesna klobasa z jagnetino 400 g - Trgovina Pasja Univerza","isPartOf":{"@id":"https:\/\/trgovina.pasjauniverza.si\/#website"},"primaryImageOfPage":{"@id":"https:\/\/trgovina.pasjauniverza.si\/product\/luksuzna-mesna-klobasa-z-jagnetino-400-g\/#primaryimage"},"image":{"@id":"https:\/\/trgovina.pasjauniverza.si\/product\/luksuzna-mesna-klobasa-z-jagnetino-400-g\/#primaryimage"},"thumbnailUrl":"https:\/\/trgovina.pasjauniverza.si\/wp-content\/uploads\/2024\/12\/salama-jagnetina.jpg","datePublished":"2024-12-17T15:59:40+00:00","dateModified":"2026-04-12T07:09:47+00:00","description":"Luksuzna mesna klobasa z jagnetino 400 g","breadcrumb":{"@id":"https:\/\/trgovina.pasjauniverza.si\/product\/luksuzna-mesna-klobasa-z-jagnetino-400-g\/#breadcrumb"},"inLanguage":"en-US","potentialAction":[{"@type":"ReadAction","target":["https:\/\/trgovina.pasjauniverza.si\/product\/luksuzna-mesna-klobasa-z-jagnetino-400-g\/"]}]},{"@type":"ImageObject","inLanguage":"en-US","@id":"https:\/\/trgovina.pasjauniverza.si\/product\/luksuzna-mesna-klobasa-z-jagnetino-400-g\/#primaryimage","url":"https:\/\/trgovina.pasjauniverza.si\/wp-content\/uploads\/2024\/12\/salama-jagnetina.jpg","contentUrl":"https:\/\/trgovina.pasjauniverza.si\/wp-content\/uploads\/2024\/12\/salama-jagnetina.jpg","width":1080,"height":1080,"caption":"salama-jagnetina"},{"@type":"BreadcrumbList","@id":"https:\/\/trgovina.pasjauniverza.si\/product\/luksuzna-mesna-klobasa-z-jagnetino-400-g\/#breadcrumb","itemListElement":[{"@type":"ListItem","position":1,"name":"Home","item":"https:\/\/trgovina.pasjauniverza.si\/"},{"@type":"ListItem","position":2,"name":"Trgovina","item":"https:\/\/trgovina.pasjauniverza.si\/trgovina\/"},{"@type":"ListItem","position":3,"name":"Paddock Farm Luksuzna mesna klobasa z jagnetino 400 g"}]},{"@type":"WebSite","@id":"https:\/\/trgovina.pasjauniverza.si\/#website","url":"https:\/\/trgovina.pasjauniverza.si\/","name":"Trgovina Pasja Univerza","description":"pasja univerza trgovina","publisher":{"@id":"https:\/\/trgovina.pasjauniverza.si\/#organization"},"potentialAction":[{"@type":"SearchAction","target":{"@type":"EntryPoint","urlTemplate":"https:\/\/trgovina.pasjauniverza.si\/?s={search_term_string}"},"query-input":{"@type":"PropertyValueSpecification","valueRequired":true,"valueName":"search_term_string"}}],"inLanguage":"en-US"},{"@type":"Organization","@id":"https:\/\/trgovina.pasjauniverza.si\/#organization","name":"Trgovina Pasja Univerza","url":"https:\/\/trgovina.pasjauniverza.si\/","logo":{"@type":"ImageObject","inLanguage":"en-US","@id":"https:\/\/trgovina.pasjauniverza.si\/#\/schema\/logo\/image\/","url":"https:\/\/trgovina.pasjauniverza.si\/wp-content\/uploads\/2024\/08\/cropped-logotipi-vector-04.png","contentUrl":"https:\/\/trgovina.pasjauniverza.si\/wp-content\/uploads\/2024\/08\/cropped-logotipi-vector-04.png","width":942,"height":908,"caption":"Trgovina Pasja Univerza"},"image":{"@id":"https:\/\/trgovina.pasjauniverza.si\/#\/schema\/logo\/image\/"}}]}},"uagb_featured_image_src":{"full":["https:\/\/trgovina.pasjauniverza.si\/wp-content\/uploads\/2024\/12\/salama-jagnetina.jpg",1080,1080,false],"thumbnail":["https:\/\/trgovina.pasjauniverza.si\/wp-content\/uploads\/2024\/12\/salama-jagnetina-150x150.jpg",150,150,true],"medium":["https:\/\/trgovina.pasjauniverza.si\/wp-content\/uploads\/2024\/12\/salama-jagnetina-300x300.jpg",300,300,true],"medium_large":["https:\/\/trgovina.pasjauniverza.si\/wp-content\/uploads\/2024\/12\/salama-jagnetina-768x768.jpg",768,768,true],"large":["https:\/\/trgovina.pasjauniverza.si\/wp-content\/uploads\/2024\/12\/salama-jagnetina-1024x1024.jpg",1024,1024,true],"1536x1536":["https:\/\/trgovina.pasjauniverza.si\/wp-content\/uploads\/2024\/12\/salama-jagnetina.jpg",1080,1080,false],"2048x2048":["https:\/\/trgovina.pasjauniverza.si\/wp-content\/uploads\/2024\/12\/salama-jagnetina.jpg",1080,1080,false],"trp-custom-language-flag":["https:\/\/trgovina.pasjauniverza.si\/wp-content\/uploads\/2024\/12\/salama-jagnetina-12x12.jpg",12,12,true],"woocommerce_thumbnail":["https:\/\/trgovina.pasjauniverza.si\/wp-content\/uploads\/2024\/12\/salama-jagnetina-300x300.jpg",300,300,true],"woocommerce_single":["https:\/\/trgovina.pasjauniverza.si\/wp-content\/uploads\/2024\/12\/salama-jagnetina-600x600.jpg",600,600,true],"woocommerce_gallery_thumbnail":["https:\/\/trgovina.pasjauniverza.si\/wp-content\/uploads\/2024\/12\/salama-jagnetina-100x100.jpg",100,100,true]},"uagb_author_info":{"display_name":"Karmen Grubeli\u0107, dr.vet.med.","author_link":"https:\/\/trgovina.pasjauniverza.si\/en\/author\/"},"uagb_comment_info":0,"uagb_excerpt":"\u010cisto prava pasja klobasa iz fino mletega sve\u017eega mesa, ob kateri se bodo va\u0161emu ljubljencu cedile sline. Narejene iz kvalitetnega, fino mletega mesa - MONOPROTEINSKA! 100% sve\u017ea jagnetina visoka vsebnost beljakovin nizka vsebnost ma\u0161\u010dob Brez \u017eit in glutena lahko prebavljiva Ne\u017eno kuhano na pari primerna tudi za mladi\u010dke Primerno za popestritev obroka ali nagrada pri&hellip;","jetpack_sharing_enabled":true,"_links":{"self":[{"href":"https:\/\/trgovina.pasjauniverza.si\/en\/wp-json\/wp\/v2\/product\/11805","targetHints":{"allow":["GET"]}}],"collection":[{"href":"https:\/\/trgovina.pasjauniverza.si\/en\/wp-json\/wp\/v2\/product"}],"about":[{"href":"https:\/\/trgovina.pasjauniverza.si\/en\/wp-json\/wp\/v2\/types\/product"}],"replies":[{"embeddable":true,"href":"https:\/\/trgovina.pasjauniverza.si\/en\/wp-json\/wp\/v2\/comments?post=11805"}],"wp:featuredmedia":[{"embeddable":true,"href":"https:\/\/trgovina.pasjauniverza.si\/en\/wp-json\/wp\/v2\/media\/11757"}],"wp:attachment":[{"href":"https:\/\/trgovina.pasjauniverza.si\/en\/wp-json\/wp\/v2\/media?parent=11805"}],"wp:term":[{"taxonomy":"product_brand","embeddable":true,"href":"https:\/\/trgovina.pasjauniverza.si\/en\/wp-json\/wp\/v2\/product_brand?post=11805"},{"taxonomy":"product_cat","embeddable":true,"href":"https:\/\/trgovina.pasjauniverza.si\/en\/wp-json\/wp\/v2\/product_cat?post=11805"},{"taxonomy":"product_tag","embeddable":true,"href":"https:\/\/trgovina.pasjauniverza.si\/en\/wp-json\/wp\/v2\/product_tag?post=11805"}],"curies":[{"name":"wp","href":"https:\/\/api.w.org\/{rel}","templated":true}]}}