
{"id":11800,"date":"2024-12-17T15:19:26","date_gmt":"2024-12-17T15:19:26","guid":{"rendered":"https:\/\/trgovina.pasjauniverza.si\/?post_type=product&#038;p=11800"},"modified":"2026-04-14T04:43:48","modified_gmt":"2026-04-14T04:43:48","slug":"suseni-racji-vratovi-1kg","status":"publish","type":"product","link":"https:\/\/trgovina.pasjauniverza.si\/en\/product\/suseni-racji-vratovi-1kg\/","title":{"rendered":"Paddock Farm Su\u0161eni ra\u010dji vratovi (1kg)"},"content":{"rendered":"<p><strong>Posu\u0161eni ra\u010dji vratovi<\/strong> so polnega okusa, naravno in skrbno su\u0161eni na sve\u017eem zraku. Zaradi svoje manj\u0161e velikosti so odli\u010dna izbira tudi za <strong>manj\u0161e pse<\/strong> in <strong>mladi\u010dke<\/strong>. Pribolj\u0161ki so bogati s <strong>kalcijem<\/strong> ter zaradi hrustljave strukture odli\u010dno zaposlijo psa, hkrati pa so idealni za nagrado med <strong>treningom<\/strong> za bolj\u0161o motivacijo.<\/p>\n<p>Ra\u010dji vratovi so odli\u010dni pasji pribolj\u0161ki, bogati s kalcijem, primerni tudi za ob\u010dutljive pse ali tiste, ki so alergi\u010dni na pi\u0161\u010dan\u010dje ali goveje pribolj\u0161ke. Posu\u0161eni ra\u010dji vratovi so lahko prebavljivi in zaradi hrustan\u010dastih delov psu zagotavljajo dolgotrajno zabavo. \u017dve\u010denje ne le poskrbi za gurmanski u\u017eitek in zaposlitev psa, temve\u010d tudi krepi \u010deljustne mi\u0161ice in ne\u017eno masira dlesni.<\/p>\n<p><strong>Naravno su\u0161eni ra\u010dji vratovi:<\/strong><\/p>\n<ul>\n<li>Brez konzervansov<\/li>\n<li>Brez barvil in umetnih arom<\/li>\n<li>Brez kemi\u010dnih dodatkov<\/li>\n<li>Su\u0161eni na sve\u017eem zraku<\/li>\n<\/ul>\n<p>Hrustanec v notranjosti je obdan s <strong>posu\u0161enim ra\u010djim mesom<\/strong>, kar zagotavlja naravno hranilnost in odli\u010den okus. Ti izjemno hrustljavi pribolj\u0161ki so popolni za manj\u0161e ku\u017eke, ki se bodo z njimi zaposlili za kraj\u0161i \u010das.<\/p>\n<p><b>Psa imejte z \u017eve\u010dilko vedno pod nadzorom in mu zagotovite sve\u017eo pitno vodo.<\/b><\/p>","protected":false},"excerpt":{"rendered":"<div class=\"product-desc\">\n<p><strong>100% naravni izdelek!\u00a0 Su\u0161eno z zrakom, popolnoma brez aditivov in primesi.<\/strong><\/p>\n<p>\u017dve\u010denje predstavlja zdravo stimulativno aktivnost za va\u0161ega psa in pomaga ohranjati \u010disto ter zdravo zobovje.<\/p>\n<ul>\n<li>brez konzervansov, umetnih barvil, glutena in arom<\/li>\n<li>brez kemi\u010dnih dodatkov<\/li>\n<li>brez GSO<\/li>\n<li>naravno su\u0161eni na sve\u017eem zraku<\/li>\n<li>brez neprijetnega vonja<\/li>\n<li>hipoalergen pasji pribolj\u0161ek, primeren tudi za alergike<\/li>\n<\/ul>\n<\/div>","protected":false},"featured_media":11758,"comment_status":"open","ping_status":"closed","template":"","meta":{"_acf_changed":false,"_uag_custom_page_level_css":"","site-sidebar-layout":"default","site-content-layout":"","ast-site-content-layout":"default","site-content-style":"default","site-sidebar-style":"default","ast-global-header-display":"","ast-banner-title-visibility":"","ast-main-header-display":"","ast-hfb-above-header-display":"","ast-hfb-below-header-display":"","ast-hfb-mobile-header-display":"","site-post-title":"","ast-breadcrumbs-content":"","ast-featured-img":"","footer-sml-layout":"","ast-disable-related-posts":"","theme-transparent-header-meta":"default","adv-header-id-meta":"","stick-header-meta":"","header-above-stick-meta":"","header-main-stick-meta":"","header-below-stick-meta":"","astra-migrate-meta-layouts":"set","ast-page-background-enabled":"default","ast-page-background-meta":{"desktop":{"background-color":"","background-image":"","background-repeat":"repeat","background-position":"center center","background-size":"auto","background-attachment":"scroll","background-type":"","background-media":"","overlay-type":"","overlay-color":"","overlay-opacity":"","overlay-gradient":""},"tablet":{"background-color":"","background-image":"","background-repeat":"repeat","background-position":"center center","background-size":"auto","background-attachment":"scroll","background-type":"","background-media":"","overlay-type":"","overlay-color":"","overlay-opacity":"","overlay-gradient":""},"mobile":{"background-color":"","background-image":"","background-repeat":"repeat","background-position":"center center","background-size":"auto","background-attachment":"scroll","background-type":"","background-media":"","overlay-type":"","overlay-color":"","overlay-opacity":"","overlay-gradient":""}},"ast-content-background-meta":{"desktop":{"background-color":"var(--ast-global-color-5)","background-image":"","background-repeat":"repeat","background-position":"center center","background-size":"auto","background-attachment":"scroll","background-type":"","background-media":"","overlay-type":"","overlay-color":"","overlay-opacity":"","overlay-gradient":""},"tablet":{"background-color":"var(--ast-global-color-5)","background-image":"","background-repeat":"repeat","background-position":"center center","background-size":"auto","background-attachment":"scroll","background-type":"","background-media":"","overlay-type":"","overlay-color":"","overlay-opacity":"","overlay-gradient":""},"mobile":{"background-color":"var(--ast-global-color-5)","background-image":"","background-repeat":"repeat","background-position":"center center","background-size":"auto","background-attachment":"scroll","background-type":"","background-media":"","overlay-type":"","overlay-color":"","overlay-opacity":"","overlay-gradient":""}}},"product_brand":[932],"product_cat":[770,725,421,366,723,18],"product_tag":[141,120,208,195,212,164,122,152,213,207,211,147,174,148],"class_list":{"0":"post-11800","1":"product","2":"type-product","3":"status-publish","4":"has-post-thumbnail","6":"product_brand-paddock-farm","7":"product_cat-akcije","8":"product_cat-hrana-za-pse","9":"product_cat-novadogchews","10":"product_cat-priboljski","11":"product_cat-psi","12":"product_cat-vsi-izdelki","13":"product_tag-alergije","14":"product_tag-ciscenje-zob","15":"product_tag-dehidrirane-zvecilke","16":"product_tag-monoproteinsko","17":"product_tag-naravna-zvecilke","18":"product_tag-naravno","19":"product_tag-naravno-ciscenje-zobnih-oblog","20":"product_tag-raca","21":"product_tag-racji-vratovi","22":"product_tag-susena-zvecilka","23":"product_tag-vrat","24":"product_tag-zobje","25":"product_tag-zvecenje","26":"product_tag-zvecilka","27":"desktop-align-center","28":"tablet-align-center","29":"mobile-align-center","31":"first","32":"outofstock","33":"sale","34":"shipping-taxable","35":"purchasable","36":"product-type-simple"},"acf":[],"yoast_head":"<!-- This site is optimized with the Yoast SEO plugin v27.4 - https:\/\/yoast.com\/product\/yoast-seo-wordpress\/ -->\n<title>Paddock Farm Su\u0161eni ra\u010dji vratovi (1kg) - Trgovina Pasja Univerza<\/title>\n<meta name=\"description\" content=\"Su\u0161eni ra\u010dji vratovi (1kg)\" \/>\n<meta name=\"robots\" content=\"index, follow, max-snippet:-1, max-image-preview:large, max-video-preview:-1\" \/>\n<link rel=\"canonical\" href=\"https:\/\/trgovina.pasjauniverza.si\/en\/product\/suseni-racji-vratovi-1kg\/\" \/>\n<meta property=\"og:locale\" content=\"en_US\" \/>\n<meta property=\"og:type\" content=\"article\" \/>\n<meta property=\"og:title\" content=\"Paddock Farm Su\u0161eni ra\u010dji vratovi (1kg) - Trgovina Pasja Univerza\" \/>\n<meta property=\"og:description\" content=\"Su\u0161eni ra\u010dji vratovi (1kg)\" \/>\n<meta property=\"og:url\" content=\"https:\/\/trgovina.pasjauniverza.si\/en\/product\/suseni-racji-vratovi-1kg\/\" \/>\n<meta property=\"og:site_name\" content=\"Trgovina Pasja Univerza\" \/>\n<meta property=\"article:modified_time\" content=\"2026-04-14T04:43:48+00:00\" \/>\n<meta property=\"og:image\" content=\"https:\/\/trgovina.pasjauniverza.si\/wp-content\/uploads\/2024\/12\/Racji-vratovi-1-kg.jpg\" \/>\n\t<meta property=\"og:image:width\" content=\"1080\" \/>\n\t<meta property=\"og:image:height\" content=\"1080\" \/>\n\t<meta property=\"og:image:type\" content=\"image\/jpeg\" \/>\n<meta name=\"twitter:card\" content=\"summary_large_image\" \/>\n<meta name=\"twitter:label1\" content=\"Est. reading time\" \/>\n\t<meta name=\"twitter:data1\" content=\"2 minutes\" \/>\n<script type=\"application\/ld+json\" class=\"yoast-schema-graph\">{\"@context\":\"https:\\\/\\\/schema.org\",\"@graph\":[{\"@type\":\"WebPage\",\"@id\":\"https:\\\/\\\/trgovina.pasjauniverza.si\\\/product\\\/suseni-racji-vratovi-1kg\\\/\",\"url\":\"https:\\\/\\\/trgovina.pasjauniverza.si\\\/product\\\/suseni-racji-vratovi-1kg\\\/\",\"name\":\"Paddock Farm Su\u0161eni ra\u010dji vratovi (1kg) - Trgovina Pasja Univerza\",\"isPartOf\":{\"@id\":\"https:\\\/\\\/trgovina.pasjauniverza.si\\\/#website\"},\"primaryImageOfPage\":{\"@id\":\"https:\\\/\\\/trgovina.pasjauniverza.si\\\/product\\\/suseni-racji-vratovi-1kg\\\/#primaryimage\"},\"image\":{\"@id\":\"https:\\\/\\\/trgovina.pasjauniverza.si\\\/product\\\/suseni-racji-vratovi-1kg\\\/#primaryimage\"},\"thumbnailUrl\":\"https:\\\/\\\/trgovina.pasjauniverza.si\\\/wp-content\\\/uploads\\\/2024\\\/12\\\/Racji-vratovi-1-kg.jpg\",\"datePublished\":\"2024-12-17T15:19:26+00:00\",\"dateModified\":\"2026-04-14T04:43:48+00:00\",\"description\":\"Su\u0161eni ra\u010dji vratovi (1kg)\",\"breadcrumb\":{\"@id\":\"https:\\\/\\\/trgovina.pasjauniverza.si\\\/product\\\/suseni-racji-vratovi-1kg\\\/#breadcrumb\"},\"inLanguage\":\"en-US\",\"potentialAction\":[{\"@type\":\"ReadAction\",\"target\":[\"https:\\\/\\\/trgovina.pasjauniverza.si\\\/product\\\/suseni-racji-vratovi-1kg\\\/\"]}]},{\"@type\":\"ImageObject\",\"inLanguage\":\"en-US\",\"@id\":\"https:\\\/\\\/trgovina.pasjauniverza.si\\\/product\\\/suseni-racji-vratovi-1kg\\\/#primaryimage\",\"url\":\"https:\\\/\\\/trgovina.pasjauniverza.si\\\/wp-content\\\/uploads\\\/2024\\\/12\\\/Racji-vratovi-1-kg.jpg\",\"contentUrl\":\"https:\\\/\\\/trgovina.pasjauniverza.si\\\/wp-content\\\/uploads\\\/2024\\\/12\\\/Racji-vratovi-1-kg.jpg\",\"width\":1080,\"height\":1080,\"caption\":\"Ra\u010dji vratovi (1 kg)\"},{\"@type\":\"BreadcrumbList\",\"@id\":\"https:\\\/\\\/trgovina.pasjauniverza.si\\\/product\\\/suseni-racji-vratovi-1kg\\\/#breadcrumb\",\"itemListElement\":[{\"@type\":\"ListItem\",\"position\":1,\"name\":\"Home\",\"item\":\"https:\\\/\\\/trgovina.pasjauniverza.si\\\/\"},{\"@type\":\"ListItem\",\"position\":2,\"name\":\"Trgovina\",\"item\":\"https:\\\/\\\/trgovina.pasjauniverza.si\\\/trgovina\\\/\"},{\"@type\":\"ListItem\",\"position\":3,\"name\":\"Paddock Farm Su\u0161eni ra\u010dji vratovi (1kg)\"}]},{\"@type\":\"WebSite\",\"@id\":\"https:\\\/\\\/trgovina.pasjauniverza.si\\\/#website\",\"url\":\"https:\\\/\\\/trgovina.pasjauniverza.si\\\/\",\"name\":\"Trgovina Pasja Univerza\",\"description\":\"pasja univerza trgovina\",\"publisher\":{\"@id\":\"https:\\\/\\\/trgovina.pasjauniverza.si\\\/#organization\"},\"potentialAction\":[{\"@type\":\"SearchAction\",\"target\":{\"@type\":\"EntryPoint\",\"urlTemplate\":\"https:\\\/\\\/trgovina.pasjauniverza.si\\\/?s={search_term_string}\"},\"query-input\":{\"@type\":\"PropertyValueSpecification\",\"valueRequired\":true,\"valueName\":\"search_term_string\"}}],\"inLanguage\":\"en-US\"},{\"@type\":\"Organization\",\"@id\":\"https:\\\/\\\/trgovina.pasjauniverza.si\\\/#organization\",\"name\":\"Trgovina Pasja Univerza\",\"url\":\"https:\\\/\\\/trgovina.pasjauniverza.si\\\/\",\"logo\":{\"@type\":\"ImageObject\",\"inLanguage\":\"en-US\",\"@id\":\"https:\\\/\\\/trgovina.pasjauniverza.si\\\/#\\\/schema\\\/logo\\\/image\\\/\",\"url\":\"https:\\\/\\\/trgovina.pasjauniverza.si\\\/wp-content\\\/uploads\\\/2024\\\/08\\\/cropped-logotipi-vector-04.png\",\"contentUrl\":\"https:\\\/\\\/trgovina.pasjauniverza.si\\\/wp-content\\\/uploads\\\/2024\\\/08\\\/cropped-logotipi-vector-04.png\",\"width\":942,\"height\":908,\"caption\":\"Trgovina Pasja Univerza\"},\"image\":{\"@id\":\"https:\\\/\\\/trgovina.pasjauniverza.si\\\/#\\\/schema\\\/logo\\\/image\\\/\"}}]}<\/script>\n<!-- \/ Yoast SEO plugin. -->","yoast_head_json":{"title":"Paddock Farm Su\u0161eni ra\u010dji vratovi (1kg) - Trgovina Pasja Univerza","description":"Su\u0161eni ra\u010dji vratovi (1kg)","robots":{"index":"index","follow":"follow","max-snippet":"max-snippet:-1","max-image-preview":"max-image-preview:large","max-video-preview":"max-video-preview:-1"},"canonical":"https:\/\/trgovina.pasjauniverza.si\/en\/product\/suseni-racji-vratovi-1kg\/","og_locale":"en_US","og_type":"article","og_title":"Paddock Farm Su\u0161eni ra\u010dji vratovi (1kg) - Trgovina Pasja Univerza","og_description":"Su\u0161eni ra\u010dji vratovi (1kg)","og_url":"https:\/\/trgovina.pasjauniverza.si\/en\/product\/suseni-racji-vratovi-1kg\/","og_site_name":"Trgovina Pasja Univerza","article_modified_time":"2026-04-14T04:43:48+00:00","og_image":[{"width":1080,"height":1080,"url":"https:\/\/trgovina.pasjauniverza.si\/wp-content\/uploads\/2024\/12\/Racji-vratovi-1-kg.jpg","type":"image\/jpeg"}],"twitter_card":"summary_large_image","twitter_misc":{"Est. reading time":"2 minutes"},"schema":{"@context":"https:\/\/schema.org","@graph":[{"@type":"WebPage","@id":"https:\/\/trgovina.pasjauniverza.si\/product\/suseni-racji-vratovi-1kg\/","url":"https:\/\/trgovina.pasjauniverza.si\/product\/suseni-racji-vratovi-1kg\/","name":"Paddock Farm Su\u0161eni ra\u010dji vratovi (1kg) - Trgovina Pasja Univerza","isPartOf":{"@id":"https:\/\/trgovina.pasjauniverza.si\/#website"},"primaryImageOfPage":{"@id":"https:\/\/trgovina.pasjauniverza.si\/product\/suseni-racji-vratovi-1kg\/#primaryimage"},"image":{"@id":"https:\/\/trgovina.pasjauniverza.si\/product\/suseni-racji-vratovi-1kg\/#primaryimage"},"thumbnailUrl":"https:\/\/trgovina.pasjauniverza.si\/wp-content\/uploads\/2024\/12\/Racji-vratovi-1-kg.jpg","datePublished":"2024-12-17T15:19:26+00:00","dateModified":"2026-04-14T04:43:48+00:00","description":"Su\u0161eni ra\u010dji vratovi (1kg)","breadcrumb":{"@id":"https:\/\/trgovina.pasjauniverza.si\/product\/suseni-racji-vratovi-1kg\/#breadcrumb"},"inLanguage":"en-US","potentialAction":[{"@type":"ReadAction","target":["https:\/\/trgovina.pasjauniverza.si\/product\/suseni-racji-vratovi-1kg\/"]}]},{"@type":"ImageObject","inLanguage":"en-US","@id":"https:\/\/trgovina.pasjauniverza.si\/product\/suseni-racji-vratovi-1kg\/#primaryimage","url":"https:\/\/trgovina.pasjauniverza.si\/wp-content\/uploads\/2024\/12\/Racji-vratovi-1-kg.jpg","contentUrl":"https:\/\/trgovina.pasjauniverza.si\/wp-content\/uploads\/2024\/12\/Racji-vratovi-1-kg.jpg","width":1080,"height":1080,"caption":"Ra\u010dji vratovi (1 kg)"},{"@type":"BreadcrumbList","@id":"https:\/\/trgovina.pasjauniverza.si\/product\/suseni-racji-vratovi-1kg\/#breadcrumb","itemListElement":[{"@type":"ListItem","position":1,"name":"Home","item":"https:\/\/trgovina.pasjauniverza.si\/"},{"@type":"ListItem","position":2,"name":"Trgovina","item":"https:\/\/trgovina.pasjauniverza.si\/trgovina\/"},{"@type":"ListItem","position":3,"name":"Paddock Farm Su\u0161eni ra\u010dji vratovi (1kg)"}]},{"@type":"WebSite","@id":"https:\/\/trgovina.pasjauniverza.si\/#website","url":"https:\/\/trgovina.pasjauniverza.si\/","name":"Trgovina Pasja Univerza","description":"pasja univerza trgovina","publisher":{"@id":"https:\/\/trgovina.pasjauniverza.si\/#organization"},"potentialAction":[{"@type":"SearchAction","target":{"@type":"EntryPoint","urlTemplate":"https:\/\/trgovina.pasjauniverza.si\/?s={search_term_string}"},"query-input":{"@type":"PropertyValueSpecification","valueRequired":true,"valueName":"search_term_string"}}],"inLanguage":"en-US"},{"@type":"Organization","@id":"https:\/\/trgovina.pasjauniverza.si\/#organization","name":"Trgovina Pasja Univerza","url":"https:\/\/trgovina.pasjauniverza.si\/","logo":{"@type":"ImageObject","inLanguage":"en-US","@id":"https:\/\/trgovina.pasjauniverza.si\/#\/schema\/logo\/image\/","url":"https:\/\/trgovina.pasjauniverza.si\/wp-content\/uploads\/2024\/08\/cropped-logotipi-vector-04.png","contentUrl":"https:\/\/trgovina.pasjauniverza.si\/wp-content\/uploads\/2024\/08\/cropped-logotipi-vector-04.png","width":942,"height":908,"caption":"Trgovina Pasja Univerza"},"image":{"@id":"https:\/\/trgovina.pasjauniverza.si\/#\/schema\/logo\/image\/"}}]}},"uagb_featured_image_src":{"full":["https:\/\/trgovina.pasjauniverza.si\/wp-content\/uploads\/2024\/12\/Racji-vratovi-1-kg.jpg",1080,1080,false],"thumbnail":["https:\/\/trgovina.pasjauniverza.si\/wp-content\/uploads\/2024\/12\/Racji-vratovi-1-kg-150x150.jpg",150,150,true],"medium":["https:\/\/trgovina.pasjauniverza.si\/wp-content\/uploads\/2024\/12\/Racji-vratovi-1-kg-300x300.jpg",300,300,true],"medium_large":["https:\/\/trgovina.pasjauniverza.si\/wp-content\/uploads\/2024\/12\/Racji-vratovi-1-kg-768x768.jpg",768,768,true],"large":["https:\/\/trgovina.pasjauniverza.si\/wp-content\/uploads\/2024\/12\/Racji-vratovi-1-kg-1024x1024.jpg",1024,1024,true],"1536x1536":["https:\/\/trgovina.pasjauniverza.si\/wp-content\/uploads\/2024\/12\/Racji-vratovi-1-kg.jpg",1080,1080,false],"2048x2048":["https:\/\/trgovina.pasjauniverza.si\/wp-content\/uploads\/2024\/12\/Racji-vratovi-1-kg.jpg",1080,1080,false],"trp-custom-language-flag":["https:\/\/trgovina.pasjauniverza.si\/wp-content\/uploads\/2024\/12\/Racji-vratovi-1-kg-12x12.jpg",12,12,true],"woocommerce_thumbnail":["https:\/\/trgovina.pasjauniverza.si\/wp-content\/uploads\/2024\/12\/Racji-vratovi-1-kg-300x300.jpg",300,300,true],"woocommerce_single":["https:\/\/trgovina.pasjauniverza.si\/wp-content\/uploads\/2024\/12\/Racji-vratovi-1-kg-600x600.jpg",600,600,true],"woocommerce_gallery_thumbnail":["https:\/\/trgovina.pasjauniverza.si\/wp-content\/uploads\/2024\/12\/Racji-vratovi-1-kg-100x100.jpg",100,100,true]},"uagb_author_info":{"display_name":"Karmen Grubeli\u0107, dr.vet.med.","author_link":"https:\/\/trgovina.pasjauniverza.si\/en\/author\/"},"uagb_comment_info":0,"uagb_excerpt":"100% naravni izdelek!\u00a0 Su\u0161eno z zrakom, popolnoma brez aditivov in primesi. \u017dve\u010denje predstavlja zdravo stimulativno aktivnost za va\u0161ega psa in pomaga ohranjati \u010disto ter zdravo zobovje. brez konzervansov, umetnih barvil, glutena in arom brez kemi\u010dnih dodatkov brez GSO naravno su\u0161eni na sve\u017eem zraku brez neprijetnega vonja hipoalergen pasji pribolj\u0161ek, primeren tudi za alergike","jetpack_sharing_enabled":true,"_links":{"self":[{"href":"https:\/\/trgovina.pasjauniverza.si\/en\/wp-json\/wp\/v2\/product\/11800","targetHints":{"allow":["GET"]}}],"collection":[{"href":"https:\/\/trgovina.pasjauniverza.si\/en\/wp-json\/wp\/v2\/product"}],"about":[{"href":"https:\/\/trgovina.pasjauniverza.si\/en\/wp-json\/wp\/v2\/types\/product"}],"replies":[{"embeddable":true,"href":"https:\/\/trgovina.pasjauniverza.si\/en\/wp-json\/wp\/v2\/comments?post=11800"}],"wp:featuredmedia":[{"embeddable":true,"href":"https:\/\/trgovina.pasjauniverza.si\/en\/wp-json\/wp\/v2\/media\/11758"}],"wp:attachment":[{"href":"https:\/\/trgovina.pasjauniverza.si\/en\/wp-json\/wp\/v2\/media?parent=11800"}],"wp:term":[{"taxonomy":"product_brand","embeddable":true,"href":"https:\/\/trgovina.pasjauniverza.si\/en\/wp-json\/wp\/v2\/product_brand?post=11800"},{"taxonomy":"product_cat","embeddable":true,"href":"https:\/\/trgovina.pasjauniverza.si\/en\/wp-json\/wp\/v2\/product_cat?post=11800"},{"taxonomy":"product_tag","embeddable":true,"href":"https:\/\/trgovina.pasjauniverza.si\/en\/wp-json\/wp\/v2\/product_tag?post=11800"}],"curies":[{"name":"wp","href":"https:\/\/api.w.org\/{rel}","templated":true}]}}