
{"id":11794,"date":"2024-12-17T14:40:41","date_gmt":"2024-12-17T14:40:41","guid":{"rendered":"https:\/\/trgovina.pasjauniverza.si\/?post_type=product&#038;p=11794"},"modified":"2026-04-24T14:04:17","modified_gmt":"2026-04-24T14:04:17","slug":"zajcja-usesa-z-dlako-500g","status":"publish","type":"product","link":"https:\/\/trgovina.pasjauniverza.si\/en\/product\/zajcja-usesa-z-dlako-500g\/","title":{"rendered":"Paddock Farm Su\u0161ena zaj\u010dja u\u0161esa z dlako"},"content":{"rendered":"<div class=\"flex-shrink-0 flex flex-col relative items-end\">\n<div>\n<div class=\"pt-0\">\n<div class=\"gizmo-bot-avatar flex h-8 w-8 items-center justify-center overflow-hidden rounded-full\">\n<div class=\"relative p-1 rounded-sm flex items-center justify-center bg-token-main-surface-primary text-token-text-primary h-8 w-8\">\n<p>Posu\u0161eni zaj\u010dji uhlji z dlako so hrustljav in izjemno priljubljen prigrizek, ki bo razveselil pse vseh starosti in velikosti. <strong>Kratka in gladka dlaka<\/strong> na uhljih predstavlja odli\u010dno alternativo dalj\u0161im dlakavim pribolj\u0161kom, zaradi svoje velikosti in lahkosti pa so \u0161e posebej <strong>primerni za hranjenje v stanovanju<\/strong>.<\/p>\n<p>Dlaka na uhljih lahko pomaga pri <strong>\u010di\u0161\u010denju zob<\/strong> ter spodbuja <strong>prebavo<\/strong>, saj \u010disti prebavni trakt, vklju\u010dno s tankim in debelim \u010drevesjem.<\/p>\n<p>Zaj\u010dji uhlji so idealen pribolj\u0161ek tudi za pse z <strong>alergijami<\/strong>, saj ne vsebujejo konzervansov ali drugih sinteti\u010dnih dodatkov. So zdrava in naravna malica, primerna tako za mladi\u010de kot tudi za starej\u0161e pse.<\/p>\n<\/div>\n<\/div>\n<\/div>\n<\/div>\n<\/div>\n<div class=\"group\/conversation-turn relative flex w-full min-w-0 flex-col agent-turn\">\n<div class=\"flex-col gap-1 md:gap-3\">\n<div class=\"flex max-w-full flex-col flex-grow\">\n<div class=\"min-h-8 text-message flex w-full flex-col items-end gap-2 whitespace-normal break-words text-start [.text-message+&amp;]:mt-5\" dir=\"auto\" data-message-author-role=\"assistant\" data-message-id=\"23a33854-3011-4d42-a086-befaa60bdafe\" data-message-model-slug=\"gpt-4o\">\n<div class=\"flex w-full flex-col gap-1 empty:hidden first:pt-[3px]\">\n<div class=\"markdown prose w-full break-words dark:prose-invert light\">\n<p><strong>Sestava:<\/strong><br \/>\n100 % zajec<\/p>\n<p><strong>Analitske sestavine:<\/strong><\/p>\n<ul>\n<li>Surove beljakovine: 82 %<\/li>\n<li>Surove ma\u0161\u010dobe: 4 %<\/li>\n<li>Vlaga: 6 %<\/li>\n<li>Surov pepel: 4 %<\/li>\n<\/ul>\n<p><strong>Zaj\u010dja u\u0161esa<\/strong> so odli\u010dna za <strong>dentalno zdravje<\/strong> va\u0161ega psa \u2013 med \u017eve\u010denjem <strong>masirajo dlesni<\/strong> ter odstranjujejo <strong>zobne obloge<\/strong> in <strong>zobni kamen<\/strong> z zob.<\/p>\n<p>Vedno nadzorujte psa med \u017eve\u010denjem in poskrbite, da ima na voljo <strong>dovolj sve\u017ee vode<\/strong> skupaj s pribolj\u0161kom.<\/p>\n<\/div>\n<\/div>\n<\/div>\n<\/div>\n<\/div>\n<\/div>\n","protected":false},"excerpt":{"rendered":"<p>Zaj\u010dji uhlji z dlako so:<\/p>\n<ul>\n<li>naravno su\u0161eni\u00a0na sve\u017eem zraku<\/li>\n<li>naravnega in psu prijetnega vonja<\/li>\n<li>uravnavajo prebavo<\/li>\n<li>primerni za pse alergike<\/li>\n<li>brez konzervansov, umetnih barvil in arom<\/li>\n<li>brez kemi\u010dnih dodatkov<\/li>\n<\/ul>","protected":false},"featured_media":11750,"comment_status":"open","ping_status":"closed","template":"","meta":{"_acf_changed":false,"_uag_custom_page_level_css":"","site-sidebar-layout":"default","site-content-layout":"","ast-site-content-layout":"default","site-content-style":"default","site-sidebar-style":"default","ast-global-header-display":"","ast-banner-title-visibility":"","ast-main-header-display":"","ast-hfb-above-header-display":"","ast-hfb-below-header-display":"","ast-hfb-mobile-header-display":"","site-post-title":"","ast-breadcrumbs-content":"","ast-featured-img":"","footer-sml-layout":"","ast-disable-related-posts":"","theme-transparent-header-meta":"default","adv-header-id-meta":"","stick-header-meta":"","header-above-stick-meta":"","header-main-stick-meta":"","header-below-stick-meta":"","astra-migrate-meta-layouts":"set","ast-page-background-enabled":"default","ast-page-background-meta":{"desktop":{"background-color":"","background-image":"","background-repeat":"repeat","background-position":"center center","background-size":"auto","background-attachment":"scroll","background-type":"","background-media":"","overlay-type":"","overlay-color":"","overlay-opacity":"","overlay-gradient":""},"tablet":{"background-color":"","background-image":"","background-repeat":"repeat","background-position":"center center","background-size":"auto","background-attachment":"scroll","background-type":"","background-media":"","overlay-type":"","overlay-color":"","overlay-opacity":"","overlay-gradient":""},"mobile":{"background-color":"","background-image":"","background-repeat":"repeat","background-position":"center center","background-size":"auto","background-attachment":"scroll","background-type":"","background-media":"","overlay-type":"","overlay-color":"","overlay-opacity":"","overlay-gradient":""}},"ast-content-background-meta":{"desktop":{"background-color":"var(--ast-global-color-5)","background-image":"","background-repeat":"repeat","background-position":"center center","background-size":"auto","background-attachment":"scroll","background-type":"","background-media":"","overlay-type":"","overlay-color":"","overlay-opacity":"","overlay-gradient":""},"tablet":{"background-color":"var(--ast-global-color-5)","background-image":"","background-repeat":"repeat","background-position":"center center","background-size":"auto","background-attachment":"scroll","background-type":"","background-media":"","overlay-type":"","overlay-color":"","overlay-opacity":"","overlay-gradient":""},"mobile":{"background-color":"var(--ast-global-color-5)","background-image":"","background-repeat":"repeat","background-position":"center center","background-size":"auto","background-attachment":"scroll","background-type":"","background-media":"","overlay-type":"","overlay-color":"","overlay-opacity":"","overlay-gradient":""}}},"product_brand":[932],"product_cat":[725,421,366,723,18],"product_tag":[141,120,204,201,195,164,122,135,151,147,174,148],"class_list":{"0":"post-11794","1":"product","2":"type-product","3":"status-publish","4":"has-post-thumbnail","6":"product_brand-paddock-farm","7":"product_cat-hrana-za-pse","8":"product_cat-novadogchews","9":"product_cat-priboljski","10":"product_cat-psi","11":"product_cat-vsi-izdelki","12":"product_tag-alergije","13":"product_tag-ciscenje-zob","14":"product_tag-dlaka","15":"product_tag-kunec","16":"product_tag-monoproteinsko","17":"product_tag-naravno","18":"product_tag-naravno-ciscenje-zobnih-oblog","19":"product_tag-prebava","20":"product_tag-zajec","21":"product_tag-zobje","22":"product_tag-zvecenje","23":"product_tag-zvecilka","24":"desktop-align-center","25":"tablet-align-center","26":"mobile-align-center","28":"first","29":"instock","30":"shipping-taxable","31":"purchasable","32":"product-type-variable","33":"has-default-attributes"},"acf":[],"yoast_head":"<!-- This site is optimized with the Yoast SEO plugin v27.4 - https:\/\/yoast.com\/product\/yoast-seo-wordpress\/ -->\n<title>Paddock Farm Su\u0161ena zaj\u010dja u\u0161esa z dlako - Trgovina Pasja Univerza<\/title>\n<meta name=\"description\" content=\"su\u0161ena zaj\u010dja u\u0161esa z dlako\" \/>\n<meta name=\"robots\" content=\"index, follow, max-snippet:-1, max-image-preview:large, max-video-preview:-1\" \/>\n<link rel=\"canonical\" href=\"https:\/\/trgovina.pasjauniverza.si\/en\/product\/zajcja-usesa-z-dlako-500g\/\" \/>\n<meta property=\"og:locale\" content=\"en_US\" \/>\n<meta property=\"og:type\" content=\"article\" \/>\n<meta property=\"og:title\" content=\"Paddock Farm Su\u0161ena zaj\u010dja u\u0161esa z dlako - Trgovina Pasja Univerza\" \/>\n<meta property=\"og:description\" content=\"su\u0161ena zaj\u010dja u\u0161esa z dlako\" \/>\n<meta property=\"og:url\" content=\"https:\/\/trgovina.pasjauniverza.si\/en\/product\/zajcja-usesa-z-dlako-500g\/\" \/>\n<meta property=\"og:site_name\" content=\"Trgovina Pasja Univerza\" \/>\n<meta property=\"article:modified_time\" content=\"2026-04-24T14:04:17+00:00\" \/>\n<meta property=\"og:image\" content=\"https:\/\/trgovina.pasjauniverza.si\/wp-content\/uploads\/2024\/12\/susena-zajcja-usesa-z-dlako.jpg\" \/>\n\t<meta property=\"og:image:width\" content=\"1080\" \/>\n\t<meta property=\"og:image:height\" content=\"1080\" \/>\n\t<meta property=\"og:image:type\" content=\"image\/jpeg\" \/>\n<meta name=\"twitter:card\" content=\"summary_large_image\" \/>\n<meta name=\"twitter:label1\" content=\"Est. reading time\" \/>\n\t<meta name=\"twitter:data1\" content=\"2 minutes\" \/>\n<script type=\"application\/ld+json\" class=\"yoast-schema-graph\">{\"@context\":\"https:\\\/\\\/schema.org\",\"@graph\":[{\"@type\":\"WebPage\",\"@id\":\"https:\\\/\\\/trgovina.pasjauniverza.si\\\/product\\\/zajcja-usesa-z-dlako-500g\\\/\",\"url\":\"https:\\\/\\\/trgovina.pasjauniverza.si\\\/product\\\/zajcja-usesa-z-dlako-500g\\\/\",\"name\":\"Paddock Farm Su\u0161ena zaj\u010dja u\u0161esa z dlako - Trgovina Pasja Univerza\",\"isPartOf\":{\"@id\":\"https:\\\/\\\/trgovina.pasjauniverza.si\\\/#website\"},\"primaryImageOfPage\":{\"@id\":\"https:\\\/\\\/trgovina.pasjauniverza.si\\\/product\\\/zajcja-usesa-z-dlako-500g\\\/#primaryimage\"},\"image\":{\"@id\":\"https:\\\/\\\/trgovina.pasjauniverza.si\\\/product\\\/zajcja-usesa-z-dlako-500g\\\/#primaryimage\"},\"thumbnailUrl\":\"https:\\\/\\\/trgovina.pasjauniverza.si\\\/wp-content\\\/uploads\\\/2024\\\/12\\\/susena-zajcja-usesa-z-dlako.jpg\",\"datePublished\":\"2024-12-17T14:40:41+00:00\",\"dateModified\":\"2026-04-24T14:04:17+00:00\",\"description\":\"su\u0161ena zaj\u010dja u\u0161esa z dlako\",\"breadcrumb\":{\"@id\":\"https:\\\/\\\/trgovina.pasjauniverza.si\\\/product\\\/zajcja-usesa-z-dlako-500g\\\/#breadcrumb\"},\"inLanguage\":\"en-US\",\"potentialAction\":[{\"@type\":\"ReadAction\",\"target\":[\"https:\\\/\\\/trgovina.pasjauniverza.si\\\/product\\\/zajcja-usesa-z-dlako-500g\\\/\"]}]},{\"@type\":\"ImageObject\",\"inLanguage\":\"en-US\",\"@id\":\"https:\\\/\\\/trgovina.pasjauniverza.si\\\/product\\\/zajcja-usesa-z-dlako-500g\\\/#primaryimage\",\"url\":\"https:\\\/\\\/trgovina.pasjauniverza.si\\\/wp-content\\\/uploads\\\/2024\\\/12\\\/susena-zajcja-usesa-z-dlako.jpg\",\"contentUrl\":\"https:\\\/\\\/trgovina.pasjauniverza.si\\\/wp-content\\\/uploads\\\/2024\\\/12\\\/susena-zajcja-usesa-z-dlako.jpg\",\"width\":1080,\"height\":1080,\"caption\":\"su\u0161ena zaj\u010dja u\u0161esa z dlako\"},{\"@type\":\"BreadcrumbList\",\"@id\":\"https:\\\/\\\/trgovina.pasjauniverza.si\\\/product\\\/zajcja-usesa-z-dlako-500g\\\/#breadcrumb\",\"itemListElement\":[{\"@type\":\"ListItem\",\"position\":1,\"name\":\"Home\",\"item\":\"https:\\\/\\\/trgovina.pasjauniverza.si\\\/\"},{\"@type\":\"ListItem\",\"position\":2,\"name\":\"Trgovina\",\"item\":\"https:\\\/\\\/trgovina.pasjauniverza.si\\\/trgovina\\\/\"},{\"@type\":\"ListItem\",\"position\":3,\"name\":\"Paddock Farm Su\u0161ena zaj\u010dja u\u0161esa z dlako\"}]},{\"@type\":\"WebSite\",\"@id\":\"https:\\\/\\\/trgovina.pasjauniverza.si\\\/#website\",\"url\":\"https:\\\/\\\/trgovina.pasjauniverza.si\\\/\",\"name\":\"Trgovina Pasja Univerza\",\"description\":\"pasja univerza trgovina\",\"publisher\":{\"@id\":\"https:\\\/\\\/trgovina.pasjauniverza.si\\\/#organization\"},\"potentialAction\":[{\"@type\":\"SearchAction\",\"target\":{\"@type\":\"EntryPoint\",\"urlTemplate\":\"https:\\\/\\\/trgovina.pasjauniverza.si\\\/?s={search_term_string}\"},\"query-input\":{\"@type\":\"PropertyValueSpecification\",\"valueRequired\":true,\"valueName\":\"search_term_string\"}}],\"inLanguage\":\"en-US\"},{\"@type\":\"Organization\",\"@id\":\"https:\\\/\\\/trgovina.pasjauniverza.si\\\/#organization\",\"name\":\"Trgovina Pasja Univerza\",\"url\":\"https:\\\/\\\/trgovina.pasjauniverza.si\\\/\",\"logo\":{\"@type\":\"ImageObject\",\"inLanguage\":\"en-US\",\"@id\":\"https:\\\/\\\/trgovina.pasjauniverza.si\\\/#\\\/schema\\\/logo\\\/image\\\/\",\"url\":\"https:\\\/\\\/trgovina.pasjauniverza.si\\\/wp-content\\\/uploads\\\/2024\\\/08\\\/cropped-logotipi-vector-04.png\",\"contentUrl\":\"https:\\\/\\\/trgovina.pasjauniverza.si\\\/wp-content\\\/uploads\\\/2024\\\/08\\\/cropped-logotipi-vector-04.png\",\"width\":942,\"height\":908,\"caption\":\"Trgovina Pasja Univerza\"},\"image\":{\"@id\":\"https:\\\/\\\/trgovina.pasjauniverza.si\\\/#\\\/schema\\\/logo\\\/image\\\/\"}}]}<\/script>\n<!-- \/ Yoast SEO plugin. -->","yoast_head_json":{"title":"Paddock Farm Su\u0161ena zaj\u010dja u\u0161esa z dlako - Trgovina Pasja Univerza","description":"su\u0161ena zaj\u010dja u\u0161esa z dlako","robots":{"index":"index","follow":"follow","max-snippet":"max-snippet:-1","max-image-preview":"max-image-preview:large","max-video-preview":"max-video-preview:-1"},"canonical":"https:\/\/trgovina.pasjauniverza.si\/en\/product\/zajcja-usesa-z-dlako-500g\/","og_locale":"en_US","og_type":"article","og_title":"Paddock Farm Su\u0161ena zaj\u010dja u\u0161esa z dlako - Trgovina Pasja Univerza","og_description":"su\u0161ena zaj\u010dja u\u0161esa z dlako","og_url":"https:\/\/trgovina.pasjauniverza.si\/en\/product\/zajcja-usesa-z-dlako-500g\/","og_site_name":"Trgovina Pasja Univerza","article_modified_time":"2026-04-24T14:04:17+00:00","og_image":[{"width":1080,"height":1080,"url":"https:\/\/trgovina.pasjauniverza.si\/wp-content\/uploads\/2024\/12\/susena-zajcja-usesa-z-dlako.jpg","type":"image\/jpeg"}],"twitter_card":"summary_large_image","twitter_misc":{"Est. reading time":"2 minutes"},"schema":{"@context":"https:\/\/schema.org","@graph":[{"@type":"WebPage","@id":"https:\/\/trgovina.pasjauniverza.si\/product\/zajcja-usesa-z-dlako-500g\/","url":"https:\/\/trgovina.pasjauniverza.si\/product\/zajcja-usesa-z-dlako-500g\/","name":"Paddock Farm Su\u0161ena zaj\u010dja u\u0161esa z dlako - Trgovina Pasja Univerza","isPartOf":{"@id":"https:\/\/trgovina.pasjauniverza.si\/#website"},"primaryImageOfPage":{"@id":"https:\/\/trgovina.pasjauniverza.si\/product\/zajcja-usesa-z-dlako-500g\/#primaryimage"},"image":{"@id":"https:\/\/trgovina.pasjauniverza.si\/product\/zajcja-usesa-z-dlako-500g\/#primaryimage"},"thumbnailUrl":"https:\/\/trgovina.pasjauniverza.si\/wp-content\/uploads\/2024\/12\/susena-zajcja-usesa-z-dlako.jpg","datePublished":"2024-12-17T14:40:41+00:00","dateModified":"2026-04-24T14:04:17+00:00","description":"su\u0161ena zaj\u010dja u\u0161esa z dlako","breadcrumb":{"@id":"https:\/\/trgovina.pasjauniverza.si\/product\/zajcja-usesa-z-dlako-500g\/#breadcrumb"},"inLanguage":"en-US","potentialAction":[{"@type":"ReadAction","target":["https:\/\/trgovina.pasjauniverza.si\/product\/zajcja-usesa-z-dlako-500g\/"]}]},{"@type":"ImageObject","inLanguage":"en-US","@id":"https:\/\/trgovina.pasjauniverza.si\/product\/zajcja-usesa-z-dlako-500g\/#primaryimage","url":"https:\/\/trgovina.pasjauniverza.si\/wp-content\/uploads\/2024\/12\/susena-zajcja-usesa-z-dlako.jpg","contentUrl":"https:\/\/trgovina.pasjauniverza.si\/wp-content\/uploads\/2024\/12\/susena-zajcja-usesa-z-dlako.jpg","width":1080,"height":1080,"caption":"su\u0161ena zaj\u010dja u\u0161esa z dlako"},{"@type":"BreadcrumbList","@id":"https:\/\/trgovina.pasjauniverza.si\/product\/zajcja-usesa-z-dlako-500g\/#breadcrumb","itemListElement":[{"@type":"ListItem","position":1,"name":"Home","item":"https:\/\/trgovina.pasjauniverza.si\/"},{"@type":"ListItem","position":2,"name":"Trgovina","item":"https:\/\/trgovina.pasjauniverza.si\/trgovina\/"},{"@type":"ListItem","position":3,"name":"Paddock Farm Su\u0161ena zaj\u010dja u\u0161esa z dlako"}]},{"@type":"WebSite","@id":"https:\/\/trgovina.pasjauniverza.si\/#website","url":"https:\/\/trgovina.pasjauniverza.si\/","name":"Trgovina Pasja Univerza","description":"pasja univerza trgovina","publisher":{"@id":"https:\/\/trgovina.pasjauniverza.si\/#organization"},"potentialAction":[{"@type":"SearchAction","target":{"@type":"EntryPoint","urlTemplate":"https:\/\/trgovina.pasjauniverza.si\/?s={search_term_string}"},"query-input":{"@type":"PropertyValueSpecification","valueRequired":true,"valueName":"search_term_string"}}],"inLanguage":"en-US"},{"@type":"Organization","@id":"https:\/\/trgovina.pasjauniverza.si\/#organization","name":"Trgovina Pasja Univerza","url":"https:\/\/trgovina.pasjauniverza.si\/","logo":{"@type":"ImageObject","inLanguage":"en-US","@id":"https:\/\/trgovina.pasjauniverza.si\/#\/schema\/logo\/image\/","url":"https:\/\/trgovina.pasjauniverza.si\/wp-content\/uploads\/2024\/08\/cropped-logotipi-vector-04.png","contentUrl":"https:\/\/trgovina.pasjauniverza.si\/wp-content\/uploads\/2024\/08\/cropped-logotipi-vector-04.png","width":942,"height":908,"caption":"Trgovina Pasja Univerza"},"image":{"@id":"https:\/\/trgovina.pasjauniverza.si\/#\/schema\/logo\/image\/"}}]}},"uagb_featured_image_src":{"full":["https:\/\/trgovina.pasjauniverza.si\/wp-content\/uploads\/2024\/12\/susena-zajcja-usesa-z-dlako.jpg",1080,1080,false],"thumbnail":["https:\/\/trgovina.pasjauniverza.si\/wp-content\/uploads\/2024\/12\/susena-zajcja-usesa-z-dlako-150x150.jpg",150,150,true],"medium":["https:\/\/trgovina.pasjauniverza.si\/wp-content\/uploads\/2024\/12\/susena-zajcja-usesa-z-dlako-300x300.jpg",300,300,true],"medium_large":["https:\/\/trgovina.pasjauniverza.si\/wp-content\/uploads\/2024\/12\/susena-zajcja-usesa-z-dlako-768x768.jpg",768,768,true],"large":["https:\/\/trgovina.pasjauniverza.si\/wp-content\/uploads\/2024\/12\/susena-zajcja-usesa-z-dlako-1024x1024.jpg",1024,1024,true],"1536x1536":["https:\/\/trgovina.pasjauniverza.si\/wp-content\/uploads\/2024\/12\/susena-zajcja-usesa-z-dlako.jpg",1080,1080,false],"2048x2048":["https:\/\/trgovina.pasjauniverza.si\/wp-content\/uploads\/2024\/12\/susena-zajcja-usesa-z-dlako.jpg",1080,1080,false],"trp-custom-language-flag":["https:\/\/trgovina.pasjauniverza.si\/wp-content\/uploads\/2024\/12\/susena-zajcja-usesa-z-dlako-12x12.jpg",12,12,true],"woocommerce_thumbnail":["https:\/\/trgovina.pasjauniverza.si\/wp-content\/uploads\/2024\/12\/susena-zajcja-usesa-z-dlako-300x300.jpg",300,300,true],"woocommerce_single":["https:\/\/trgovina.pasjauniverza.si\/wp-content\/uploads\/2024\/12\/susena-zajcja-usesa-z-dlako-600x600.jpg",600,600,true],"woocommerce_gallery_thumbnail":["https:\/\/trgovina.pasjauniverza.si\/wp-content\/uploads\/2024\/12\/susena-zajcja-usesa-z-dlako-100x100.jpg",100,100,true]},"uagb_author_info":{"display_name":"Karmen Grubeli\u0107, dr.vet.med.","author_link":"https:\/\/trgovina.pasjauniverza.si\/en\/author\/"},"uagb_comment_info":1,"uagb_excerpt":"Zaj\u010dji uhlji z dlako so: naravno su\u0161eni\u00a0na sve\u017eem zraku naravnega in psu prijetnega vonja uravnavajo prebavo primerni za pse alergike brez konzervansov, umetnih barvil in arom brez kemi\u010dnih dodatkov","jetpack_sharing_enabled":true,"_links":{"self":[{"href":"https:\/\/trgovina.pasjauniverza.si\/en\/wp-json\/wp\/v2\/product\/11794","targetHints":{"allow":["GET"]}}],"collection":[{"href":"https:\/\/trgovina.pasjauniverza.si\/en\/wp-json\/wp\/v2\/product"}],"about":[{"href":"https:\/\/trgovina.pasjauniverza.si\/en\/wp-json\/wp\/v2\/types\/product"}],"replies":[{"embeddable":true,"href":"https:\/\/trgovina.pasjauniverza.si\/en\/wp-json\/wp\/v2\/comments?post=11794"}],"wp:featuredmedia":[{"embeddable":true,"href":"https:\/\/trgovina.pasjauniverza.si\/en\/wp-json\/wp\/v2\/media\/11750"}],"wp:attachment":[{"href":"https:\/\/trgovina.pasjauniverza.si\/en\/wp-json\/wp\/v2\/media?parent=11794"}],"wp:term":[{"taxonomy":"product_brand","embeddable":true,"href":"https:\/\/trgovina.pasjauniverza.si\/en\/wp-json\/wp\/v2\/product_brand?post=11794"},{"taxonomy":"product_cat","embeddable":true,"href":"https:\/\/trgovina.pasjauniverza.si\/en\/wp-json\/wp\/v2\/product_cat?post=11794"},{"taxonomy":"product_tag","embeddable":true,"href":"https:\/\/trgovina.pasjauniverza.si\/en\/wp-json\/wp\/v2\/product_tag?post=11794"}],"curies":[{"name":"wp","href":"https:\/\/api.w.org\/{rel}","templated":true}]}}