
{"id":11778,"date":"2024-12-17T13:22:27","date_gmt":"2024-12-17T13:22:27","guid":{"rendered":"https:\/\/trgovina.pasjauniverza.si\/?post_type=product&#038;p=11778"},"modified":"2026-03-23T14:00:44","modified_gmt":"2026-03-23T14:00:44","slug":"nojeva-metatarzalna-kost-naravna-zvecilka","status":"publish","type":"product","link":"https:\/\/trgovina.pasjauniverza.si\/en\/product\/nojeva-metatarzalna-kost-naravna-zvecilka\/","title":{"rendered":"Paddock Farm Nojeva metatarzalna kost &#8211; naravna \u017eve\u010dilka"},"content":{"rendered":"<p><strong>Sestava:<\/strong><br \/>\n100 % noj<\/p>\n<p><strong>Analitske sestavine (na 100 g):<\/strong><\/p>\n<ul>\n<li>Surove beljakovine: 26,7 %<\/li>\n<li>Surove ma\u0161\u010dobe in olja: 17,2 %<\/li>\n<li>Surove vlaknine: manj kot 2,6 %<\/li>\n<li>Surov pepel: 42,6 %<\/li>\n<li>Vlaga: 5,4 %<\/li>\n<\/ul>\n<p>Pes naj ima vedno na voljo sve\u017eo vodo.<\/p>","protected":false},"excerpt":{"rendered":"<p>Zra\u010dno su\u0161ena nojeva metatarzalna kost.<\/p>\n<p><strong>Linija Paddock Farm noja<\/strong>\u00a0prihaja s planjav Ju\u017ene Afrike. Nojevo meso je\u00a0<strong>puste narave<\/strong>\u00a0in predstavlja odli\u010den vir beljakovin, njegova edinstvena\u00a0<strong>satasta struktura<\/strong>\u00a0pa zmanj\u0161a verjetnost drobljenja. Nojevi izdelki so\u00a0<strong>zra\u010dno su\u0161eni<\/strong>, 100 % naravni ter ne vsebujejo \u017eit in glutena.<\/p>\n<p>Odli\u010dna tudi za alergike in ob\u010dutljive pse!<\/p>\n<p>Zaradi\u00a0<strong>nizke vsebnosti ma\u0161\u010dob<\/strong>\u00a0in izjemne priljubljenosti pri psih vseh starosti linija noja hitro postaja ena na\u0161ih najbolje prodajanih ponudb.<\/p>","protected":false},"featured_media":11765,"comment_status":"open","ping_status":"closed","template":"","meta":{"_acf_changed":false,"_uag_custom_page_level_css":"","site-sidebar-layout":"default","site-content-layout":"","ast-site-content-layout":"default","site-content-style":"default","site-sidebar-style":"default","ast-global-header-display":"","ast-banner-title-visibility":"","ast-main-header-display":"","ast-hfb-above-header-display":"","ast-hfb-below-header-display":"","ast-hfb-mobile-header-display":"","site-post-title":"","ast-breadcrumbs-content":"","ast-featured-img":"","footer-sml-layout":"","ast-disable-related-posts":"","theme-transparent-header-meta":"default","adv-header-id-meta":"","stick-header-meta":"","header-above-stick-meta":"","header-main-stick-meta":"","header-below-stick-meta":"","astra-migrate-meta-layouts":"set","ast-page-background-enabled":"default","ast-page-background-meta":{"desktop":{"background-color":"","background-image":"","background-repeat":"repeat","background-position":"center center","background-size":"auto","background-attachment":"scroll","background-type":"","background-media":"","overlay-type":"","overlay-color":"","overlay-opacity":"","overlay-gradient":""},"tablet":{"background-color":"","background-image":"","background-repeat":"repeat","background-position":"center center","background-size":"auto","background-attachment":"scroll","background-type":"","background-media":"","overlay-type":"","overlay-color":"","overlay-opacity":"","overlay-gradient":""},"mobile":{"background-color":"","background-image":"","background-repeat":"repeat","background-position":"center center","background-size":"auto","background-attachment":"scroll","background-type":"","background-media":"","overlay-type":"","overlay-color":"","overlay-opacity":"","overlay-gradient":""}},"ast-content-background-meta":{"desktop":{"background-color":"var(--ast-global-color-5)","background-image":"","background-repeat":"repeat","background-position":"center center","background-size":"auto","background-attachment":"scroll","background-type":"","background-media":"","overlay-type":"","overlay-color":"","overlay-opacity":"","overlay-gradient":""},"tablet":{"background-color":"var(--ast-global-color-5)","background-image":"","background-repeat":"repeat","background-position":"center center","background-size":"auto","background-attachment":"scroll","background-type":"","background-media":"","overlay-type":"","overlay-color":"","overlay-opacity":"","overlay-gradient":""},"mobile":{"background-color":"var(--ast-global-color-5)","background-image":"","background-repeat":"repeat","background-position":"center center","background-size":"auto","background-attachment":"scroll","background-type":"","background-media":"","overlay-type":"","overlay-color":"","overlay-opacity":"","overlay-gradient":""}}},"product_brand":[932],"product_cat":[725,421,366,723,18],"product_tag":[141,120,192,195,122,191,193,194,147,174,148],"class_list":{"0":"post-11778","1":"product","2":"type-product","3":"status-publish","4":"has-post-thumbnail","6":"product_brand-paddock-farm","7":"product_cat-hrana-za-pse","8":"product_cat-novadogchews","9":"product_cat-priboljski","10":"product_cat-psi","11":"product_cat-vsi-izdelki","12":"product_tag-alergije","13":"product_tag-ciscenje-zob","14":"product_tag-kost","15":"product_tag-monoproteinsko","16":"product_tag-naravno-ciscenje-zobnih-oblog","17":"product_tag-noj","18":"product_tag-nojeva-kost","19":"product_tag-suseno-meso","20":"product_tag-zobje","21":"product_tag-zvecenje","22":"product_tag-zvecilka","23":"desktop-align-center","24":"tablet-align-center","25":"mobile-align-center","27":"first","28":"outofstock","29":"shipping-taxable","30":"purchasable","31":"product-type-simple"},"acf":[],"yoast_head":"<!-- This site is optimized with the Yoast SEO plugin v27.4 - https:\/\/yoast.com\/product\/yoast-seo-wordpress\/ -->\n<title>Paddock Farm Nojeva metatarzalna kost - naravna \u017eve\u010dilka - Trgovina Pasja Univerza<\/title>\n<meta name=\"description\" content=\"Nojevo meso je\u00a0puste narave\u00a0in predstavlja odli\u010den vir beljakovin, njegova edinstvena\u00a0satasta struktura\u00a0pa zmanj\u0161a verjetnost drobljenja.\" \/>\n<meta name=\"robots\" content=\"index, follow, max-snippet:-1, max-image-preview:large, max-video-preview:-1\" \/>\n<link rel=\"canonical\" href=\"https:\/\/trgovina.pasjauniverza.si\/en\/product\/nojeva-metatarzalna-kost-naravna-zvecilka\/\" \/>\n<meta property=\"og:locale\" content=\"en_US\" \/>\n<meta property=\"og:type\" content=\"article\" \/>\n<meta property=\"og:title\" content=\"Paddock Farm Nojeva metatarzalna kost - naravna \u017eve\u010dilka - Trgovina Pasja Univerza\" \/>\n<meta property=\"og:description\" content=\"Nojevo meso je\u00a0puste narave\u00a0in predstavlja odli\u010den vir beljakovin, njegova edinstvena\u00a0satasta struktura\u00a0pa zmanj\u0161a verjetnost drobljenja.\" \/>\n<meta property=\"og:url\" content=\"https:\/\/trgovina.pasjauniverza.si\/en\/product\/nojeva-metatarzalna-kost-naravna-zvecilka\/\" \/>\n<meta property=\"og:site_name\" content=\"Trgovina Pasja Univerza\" \/>\n<meta property=\"article:modified_time\" content=\"2026-03-23T14:00:44+00:00\" \/>\n<meta property=\"og:image\" content=\"https:\/\/trgovina.pasjauniverza.si\/wp-content\/uploads\/2024\/12\/nojeva-noga.jpg\" \/>\n\t<meta property=\"og:image:width\" content=\"1024\" \/>\n\t<meta property=\"og:image:height\" content=\"1024\" \/>\n\t<meta property=\"og:image:type\" content=\"image\/jpeg\" \/>\n<meta name=\"twitter:card\" content=\"summary_large_image\" \/>\n<meta name=\"twitter:label1\" content=\"Est. reading time\" \/>\n\t<meta name=\"twitter:data1\" content=\"1 minute\" \/>\n<script type=\"application\/ld+json\" class=\"yoast-schema-graph\">{\"@context\":\"https:\\\/\\\/schema.org\",\"@graph\":[{\"@type\":\"WebPage\",\"@id\":\"https:\\\/\\\/trgovina.pasjauniverza.si\\\/product\\\/nojeva-metatarzalna-kost-naravna-zvecilka\\\/\",\"url\":\"https:\\\/\\\/trgovina.pasjauniverza.si\\\/product\\\/nojeva-metatarzalna-kost-naravna-zvecilka\\\/\",\"name\":\"Paddock Farm Nojeva metatarzalna kost - naravna \u017eve\u010dilka - Trgovina Pasja Univerza\",\"isPartOf\":{\"@id\":\"https:\\\/\\\/trgovina.pasjauniverza.si\\\/#website\"},\"primaryImageOfPage\":{\"@id\":\"https:\\\/\\\/trgovina.pasjauniverza.si\\\/product\\\/nojeva-metatarzalna-kost-naravna-zvecilka\\\/#primaryimage\"},\"image\":{\"@id\":\"https:\\\/\\\/trgovina.pasjauniverza.si\\\/product\\\/nojeva-metatarzalna-kost-naravna-zvecilka\\\/#primaryimage\"},\"thumbnailUrl\":\"https:\\\/\\\/trgovina.pasjauniverza.si\\\/wp-content\\\/uploads\\\/2024\\\/12\\\/nojeva-noga.jpg\",\"datePublished\":\"2024-12-17T13:22:27+00:00\",\"dateModified\":\"2026-03-23T14:00:44+00:00\",\"description\":\"Nojevo meso je\u00a0puste narave\u00a0in predstavlja odli\u010den vir beljakovin, njegova edinstvena\u00a0satasta struktura\u00a0pa zmanj\u0161a verjetnost drobljenja.\",\"breadcrumb\":{\"@id\":\"https:\\\/\\\/trgovina.pasjauniverza.si\\\/product\\\/nojeva-metatarzalna-kost-naravna-zvecilka\\\/#breadcrumb\"},\"inLanguage\":\"en-US\",\"potentialAction\":[{\"@type\":\"ReadAction\",\"target\":[\"https:\\\/\\\/trgovina.pasjauniverza.si\\\/product\\\/nojeva-metatarzalna-kost-naravna-zvecilka\\\/\"]}]},{\"@type\":\"ImageObject\",\"inLanguage\":\"en-US\",\"@id\":\"https:\\\/\\\/trgovina.pasjauniverza.si\\\/product\\\/nojeva-metatarzalna-kost-naravna-zvecilka\\\/#primaryimage\",\"url\":\"https:\\\/\\\/trgovina.pasjauniverza.si\\\/wp-content\\\/uploads\\\/2024\\\/12\\\/nojeva-noga.jpg\",\"contentUrl\":\"https:\\\/\\\/trgovina.pasjauniverza.si\\\/wp-content\\\/uploads\\\/2024\\\/12\\\/nojeva-noga.jpg\",\"width\":1024,\"height\":1024,\"caption\":\"nojeva noga\"},{\"@type\":\"BreadcrumbList\",\"@id\":\"https:\\\/\\\/trgovina.pasjauniverza.si\\\/product\\\/nojeva-metatarzalna-kost-naravna-zvecilka\\\/#breadcrumb\",\"itemListElement\":[{\"@type\":\"ListItem\",\"position\":1,\"name\":\"Home\",\"item\":\"https:\\\/\\\/trgovina.pasjauniverza.si\\\/\"},{\"@type\":\"ListItem\",\"position\":2,\"name\":\"Trgovina\",\"item\":\"https:\\\/\\\/trgovina.pasjauniverza.si\\\/trgovina\\\/\"},{\"@type\":\"ListItem\",\"position\":3,\"name\":\"Paddock Farm Nojeva metatarzalna kost &#8211; naravna \u017eve\u010dilka\"}]},{\"@type\":\"WebSite\",\"@id\":\"https:\\\/\\\/trgovina.pasjauniverza.si\\\/#website\",\"url\":\"https:\\\/\\\/trgovina.pasjauniverza.si\\\/\",\"name\":\"Trgovina Pasja Univerza\",\"description\":\"pasja univerza trgovina\",\"publisher\":{\"@id\":\"https:\\\/\\\/trgovina.pasjauniverza.si\\\/#organization\"},\"potentialAction\":[{\"@type\":\"SearchAction\",\"target\":{\"@type\":\"EntryPoint\",\"urlTemplate\":\"https:\\\/\\\/trgovina.pasjauniverza.si\\\/?s={search_term_string}\"},\"query-input\":{\"@type\":\"PropertyValueSpecification\",\"valueRequired\":true,\"valueName\":\"search_term_string\"}}],\"inLanguage\":\"en-US\"},{\"@type\":\"Organization\",\"@id\":\"https:\\\/\\\/trgovina.pasjauniverza.si\\\/#organization\",\"name\":\"Trgovina Pasja Univerza\",\"url\":\"https:\\\/\\\/trgovina.pasjauniverza.si\\\/\",\"logo\":{\"@type\":\"ImageObject\",\"inLanguage\":\"en-US\",\"@id\":\"https:\\\/\\\/trgovina.pasjauniverza.si\\\/#\\\/schema\\\/logo\\\/image\\\/\",\"url\":\"https:\\\/\\\/trgovina.pasjauniverza.si\\\/wp-content\\\/uploads\\\/2024\\\/08\\\/cropped-logotipi-vector-04.png\",\"contentUrl\":\"https:\\\/\\\/trgovina.pasjauniverza.si\\\/wp-content\\\/uploads\\\/2024\\\/08\\\/cropped-logotipi-vector-04.png\",\"width\":942,\"height\":908,\"caption\":\"Trgovina Pasja Univerza\"},\"image\":{\"@id\":\"https:\\\/\\\/trgovina.pasjauniverza.si\\\/#\\\/schema\\\/logo\\\/image\\\/\"}}]}<\/script>\n<!-- \/ Yoast SEO plugin. -->","yoast_head_json":{"title":"Paddock Farm Nojeva metatarzalna kost - naravna \u017eve\u010dilka - Trgovina Pasja Univerza","description":"Nojevo meso je\u00a0puste narave\u00a0in predstavlja odli\u010den vir beljakovin, njegova edinstvena\u00a0satasta struktura\u00a0pa zmanj\u0161a verjetnost drobljenja.","robots":{"index":"index","follow":"follow","max-snippet":"max-snippet:-1","max-image-preview":"max-image-preview:large","max-video-preview":"max-video-preview:-1"},"canonical":"https:\/\/trgovina.pasjauniverza.si\/en\/product\/nojeva-metatarzalna-kost-naravna-zvecilka\/","og_locale":"en_US","og_type":"article","og_title":"Paddock Farm Nojeva metatarzalna kost - naravna \u017eve\u010dilka - Trgovina Pasja Univerza","og_description":"Nojevo meso je\u00a0puste narave\u00a0in predstavlja odli\u010den vir beljakovin, njegova edinstvena\u00a0satasta struktura\u00a0pa zmanj\u0161a verjetnost drobljenja.","og_url":"https:\/\/trgovina.pasjauniverza.si\/en\/product\/nojeva-metatarzalna-kost-naravna-zvecilka\/","og_site_name":"Trgovina Pasja Univerza","article_modified_time":"2026-03-23T14:00:44+00:00","og_image":[{"width":1024,"height":1024,"url":"https:\/\/trgovina.pasjauniverza.si\/wp-content\/uploads\/2024\/12\/nojeva-noga.jpg","type":"image\/jpeg"}],"twitter_card":"summary_large_image","twitter_misc":{"Est. reading time":"1 minute"},"schema":{"@context":"https:\/\/schema.org","@graph":[{"@type":"WebPage","@id":"https:\/\/trgovina.pasjauniverza.si\/product\/nojeva-metatarzalna-kost-naravna-zvecilka\/","url":"https:\/\/trgovina.pasjauniverza.si\/product\/nojeva-metatarzalna-kost-naravna-zvecilka\/","name":"Paddock Farm Nojeva metatarzalna kost - naravna \u017eve\u010dilka - Trgovina Pasja Univerza","isPartOf":{"@id":"https:\/\/trgovina.pasjauniverza.si\/#website"},"primaryImageOfPage":{"@id":"https:\/\/trgovina.pasjauniverza.si\/product\/nojeva-metatarzalna-kost-naravna-zvecilka\/#primaryimage"},"image":{"@id":"https:\/\/trgovina.pasjauniverza.si\/product\/nojeva-metatarzalna-kost-naravna-zvecilka\/#primaryimage"},"thumbnailUrl":"https:\/\/trgovina.pasjauniverza.si\/wp-content\/uploads\/2024\/12\/nojeva-noga.jpg","datePublished":"2024-12-17T13:22:27+00:00","dateModified":"2026-03-23T14:00:44+00:00","description":"Nojevo meso je\u00a0puste narave\u00a0in predstavlja odli\u010den vir beljakovin, njegova edinstvena\u00a0satasta struktura\u00a0pa zmanj\u0161a verjetnost drobljenja.","breadcrumb":{"@id":"https:\/\/trgovina.pasjauniverza.si\/product\/nojeva-metatarzalna-kost-naravna-zvecilka\/#breadcrumb"},"inLanguage":"en-US","potentialAction":[{"@type":"ReadAction","target":["https:\/\/trgovina.pasjauniverza.si\/product\/nojeva-metatarzalna-kost-naravna-zvecilka\/"]}]},{"@type":"ImageObject","inLanguage":"en-US","@id":"https:\/\/trgovina.pasjauniverza.si\/product\/nojeva-metatarzalna-kost-naravna-zvecilka\/#primaryimage","url":"https:\/\/trgovina.pasjauniverza.si\/wp-content\/uploads\/2024\/12\/nojeva-noga.jpg","contentUrl":"https:\/\/trgovina.pasjauniverza.si\/wp-content\/uploads\/2024\/12\/nojeva-noga.jpg","width":1024,"height":1024,"caption":"nojeva noga"},{"@type":"BreadcrumbList","@id":"https:\/\/trgovina.pasjauniverza.si\/product\/nojeva-metatarzalna-kost-naravna-zvecilka\/#breadcrumb","itemListElement":[{"@type":"ListItem","position":1,"name":"Home","item":"https:\/\/trgovina.pasjauniverza.si\/"},{"@type":"ListItem","position":2,"name":"Trgovina","item":"https:\/\/trgovina.pasjauniverza.si\/trgovina\/"},{"@type":"ListItem","position":3,"name":"Paddock Farm Nojeva metatarzalna kost &#8211; naravna \u017eve\u010dilka"}]},{"@type":"WebSite","@id":"https:\/\/trgovina.pasjauniverza.si\/#website","url":"https:\/\/trgovina.pasjauniverza.si\/","name":"Trgovina Pasja Univerza","description":"pasja univerza trgovina","publisher":{"@id":"https:\/\/trgovina.pasjauniverza.si\/#organization"},"potentialAction":[{"@type":"SearchAction","target":{"@type":"EntryPoint","urlTemplate":"https:\/\/trgovina.pasjauniverza.si\/?s={search_term_string}"},"query-input":{"@type":"PropertyValueSpecification","valueRequired":true,"valueName":"search_term_string"}}],"inLanguage":"en-US"},{"@type":"Organization","@id":"https:\/\/trgovina.pasjauniverza.si\/#organization","name":"Trgovina Pasja Univerza","url":"https:\/\/trgovina.pasjauniverza.si\/","logo":{"@type":"ImageObject","inLanguage":"en-US","@id":"https:\/\/trgovina.pasjauniverza.si\/#\/schema\/logo\/image\/","url":"https:\/\/trgovina.pasjauniverza.si\/wp-content\/uploads\/2024\/08\/cropped-logotipi-vector-04.png","contentUrl":"https:\/\/trgovina.pasjauniverza.si\/wp-content\/uploads\/2024\/08\/cropped-logotipi-vector-04.png","width":942,"height":908,"caption":"Trgovina Pasja Univerza"},"image":{"@id":"https:\/\/trgovina.pasjauniverza.si\/#\/schema\/logo\/image\/"}}]}},"uagb_featured_image_src":{"full":["https:\/\/trgovina.pasjauniverza.si\/wp-content\/uploads\/2024\/12\/nojeva-noga.jpg",1024,1024,false],"thumbnail":["https:\/\/trgovina.pasjauniverza.si\/wp-content\/uploads\/2024\/12\/nojeva-noga-150x150.jpg",150,150,true],"medium":["https:\/\/trgovina.pasjauniverza.si\/wp-content\/uploads\/2024\/12\/nojeva-noga-300x300.jpg",300,300,true],"medium_large":["https:\/\/trgovina.pasjauniverza.si\/wp-content\/uploads\/2024\/12\/nojeva-noga-768x768.jpg",768,768,true],"large":["https:\/\/trgovina.pasjauniverza.si\/wp-content\/uploads\/2024\/12\/nojeva-noga.jpg",1024,1024,false],"1536x1536":["https:\/\/trgovina.pasjauniverza.si\/wp-content\/uploads\/2024\/12\/nojeva-noga.jpg",1024,1024,false],"2048x2048":["https:\/\/trgovina.pasjauniverza.si\/wp-content\/uploads\/2024\/12\/nojeva-noga.jpg",1024,1024,false],"trp-custom-language-flag":["https:\/\/trgovina.pasjauniverza.si\/wp-content\/uploads\/2024\/12\/nojeva-noga-12x12.jpg",12,12,true],"woocommerce_thumbnail":["https:\/\/trgovina.pasjauniverza.si\/wp-content\/uploads\/2024\/12\/nojeva-noga-300x300.jpg",300,300,true],"woocommerce_single":["https:\/\/trgovina.pasjauniverza.si\/wp-content\/uploads\/2024\/12\/nojeva-noga-600x600.jpg",600,600,true],"woocommerce_gallery_thumbnail":["https:\/\/trgovina.pasjauniverza.si\/wp-content\/uploads\/2024\/12\/nojeva-noga-100x100.jpg",100,100,true]},"uagb_author_info":{"display_name":"Karmen Grubeli\u0107, dr.vet.med.","author_link":"https:\/\/trgovina.pasjauniverza.si\/en\/author\/"},"uagb_comment_info":0,"uagb_excerpt":"Zra\u010dno su\u0161ena nojeva metatarzalna kost. Linija Paddock Farm noja\u00a0prihaja s planjav Ju\u017ene Afrike. Nojevo meso je\u00a0puste narave\u00a0in predstavlja odli\u010den vir beljakovin, njegova edinstvena\u00a0satasta struktura\u00a0pa zmanj\u0161a verjetnost drobljenja. Nojevi izdelki so\u00a0zra\u010dno su\u0161eni, 100 % naravni ter ne vsebujejo \u017eit in glutena. Odli\u010dna tudi za alergike in ob\u010dutljive pse! Zaradi\u00a0nizke vsebnosti ma\u0161\u010dob\u00a0in izjemne priljubljenosti pri psih vseh&hellip;","jetpack_sharing_enabled":true,"_links":{"self":[{"href":"https:\/\/trgovina.pasjauniverza.si\/en\/wp-json\/wp\/v2\/product\/11778","targetHints":{"allow":["GET"]}}],"collection":[{"href":"https:\/\/trgovina.pasjauniverza.si\/en\/wp-json\/wp\/v2\/product"}],"about":[{"href":"https:\/\/trgovina.pasjauniverza.si\/en\/wp-json\/wp\/v2\/types\/product"}],"replies":[{"embeddable":true,"href":"https:\/\/trgovina.pasjauniverza.si\/en\/wp-json\/wp\/v2\/comments?post=11778"}],"wp:featuredmedia":[{"embeddable":true,"href":"https:\/\/trgovina.pasjauniverza.si\/en\/wp-json\/wp\/v2\/media\/11765"}],"wp:attachment":[{"href":"https:\/\/trgovina.pasjauniverza.si\/en\/wp-json\/wp\/v2\/media?parent=11778"}],"wp:term":[{"taxonomy":"product_brand","embeddable":true,"href":"https:\/\/trgovina.pasjauniverza.si\/en\/wp-json\/wp\/v2\/product_brand?post=11778"},{"taxonomy":"product_cat","embeddable":true,"href":"https:\/\/trgovina.pasjauniverza.si\/en\/wp-json\/wp\/v2\/product_cat?post=11778"},{"taxonomy":"product_tag","embeddable":true,"href":"https:\/\/trgovina.pasjauniverza.si\/en\/wp-json\/wp\/v2\/product_tag?post=11778"}],"curies":[{"name":"wp","href":"https:\/\/api.w.org\/{rel}","templated":true}]}}