
{"id":11773,"date":"2024-12-17T13:09:09","date_gmt":"2024-12-17T13:09:09","guid":{"rendered":"https:\/\/trgovina.pasjauniverza.si\/?post_type=product&#038;p=11773"},"modified":"2026-04-02T05:13:35","modified_gmt":"2026-04-02T05:13:35","slug":"olivna-veja-naravna-zvecilka","status":"publish","type":"product","link":"https:\/\/trgovina.pasjauniverza.si\/en\/product\/olivna-veja-naravna-zvecilka\/","title":{"rendered":"Paddock Farm Olivna veja &#8211; naravna \u017eve\u010dilka"},"content":{"rendered":"<h2><strong>Pal\u010dke za \u017eve\u010denje za psa \u2013 OLJ\u010cNI LES<\/strong><\/h2>\n<p>&nbsp;<\/p>\n<p>Pasje palice za \u017eve\u010denje iz olj\u010dnega lesa so pridobljene iz olj\u010dnih dreves in so izbrane zaradi najbolj\u0161e oblike in kakovosti. Po ro\u010dni obdelavi jih posu\u0161imo in potopimo v olj\u010dno olje, ki jim daje poseben naraven vonj. Pasje \u017eve\u010dilke iz olj\u010dnega lesa so brez umetnih sestavin, konzervansov ali arom. Prispevajo tudi k higieni zob, saj spodbujajo izlo\u010danje sline in pospe\u0161ujejo odstranjevanje zobnih oblog z mehanskim delovanjem. Naravne \u017eve\u010dilke iz olj\u010dnega lesa slu\u017eijo za usmerjanje \u017eve\u010dilnega nagona tako, da pri psih delujejo pomirjujo\u010de.<br \/>\n\u017dve\u010dilne pal\u010dke iz olj\u010dnega lesa so na voljo v razli\u010dnih velikostih za razli\u010dne pasme in te\u017eo psov. Trajanje se giblje od 3 do 6 mesecev, odvisno od \u017eve\u010dilne aktivnosti psa.<\/p>\n<p><u>Prednosti<\/u><\/p>\n<ul>\n<li>Povsem naravno! Brez umetnih sestavin, konzervansov ali arom.<\/li>\n<li>Zdravo! Naravno o\u010disti zobe, medtem ko \u017eve\u010di, kar pomaga pri boju proti nabiranju zobnih oblog in zobnega kamna. Fina lesna vlakna slu\u017eijo kot zobna \u0161\u010detka.<\/li>\n<li>Vzdr\u017eljive! Gostota in trdota \u017eve\u010dilke iz olj\u010dnega lesa zagotavljata, da bo ta igra\u010da zdr\u017eala dolgo \u010dasa, tudi pri najvztrajnej\u0161ih \u017eve\u010dilcih \ud83d\ude42<\/li>\n<li>Varno! \u017dve\u010dilka iz olj\u010dnega lesa se ne bo razkosala na ostre ko\u0161\u010dke, ki bi lahko po\u0161kodovali pasja usta.<\/li>\n<li>Pomirjujo\u010de! Slu\u017ei za usmerjanje \u017eve\u010dilnega nagona s pomirjevalnim delovanjem pri psih.<\/li>\n<\/ul>\n<p><strong>Sestava:<\/strong><br \/>\n100 % naravni olj\u010dni les<\/p>\n<p><strong>Analitske sestavine:<\/strong><\/p>\n<ul>\n<li>Surove beljakovine: 2,1 %<\/li>\n<li>Surove ma\u0161\u010dobe in olja: 0,3 %<\/li>\n<li>Surove vlaknine: 80 %<\/li>\n<li>Surov pepel: 0,6 %<\/li>\n<li>Vlaga: 11 %<\/li>\n<\/ul>","protected":false},"excerpt":{"rendered":"<p><strong>Paddock Farm olivne veje<\/strong> so okolju prijazni, naravni izdelki, narejeni iz olj\u010dnega lesa. Oljke vsako leto obre\u017eemo, veje pa pridobimo iz tega okolju prijaznega procesa in jih nato namo\u010dimo v olj\u010dno olje, da ustvarimo odli\u010dno, dolgotrajno pasjo \u017eve\u010dilko.<\/p>\n<p>Olj\u010dno olje in olj\u010den les imata \u0161tevilne koristi za pse, saj sta bogata z <strong>omega 3 in 6 ma\u0161\u010dobnimi kislinami<\/strong>, ki pomagajo ohranjati zdravo dlako in podpirajo <strong>imunski sistem<\/strong>.<\/p>","protected":false},"featured_media":11764,"comment_status":"open","ping_status":"closed","template":"","meta":{"_acf_changed":false,"_uag_custom_page_level_css":"","site-sidebar-layout":"default","site-content-layout":"","ast-site-content-layout":"default","site-content-style":"default","site-sidebar-style":"default","ast-global-header-display":"","ast-banner-title-visibility":"","ast-main-header-display":"","ast-hfb-above-header-display":"","ast-hfb-below-header-display":"","ast-hfb-mobile-header-display":"","site-post-title":"","ast-breadcrumbs-content":"","ast-featured-img":"","footer-sml-layout":"","ast-disable-related-posts":"","theme-transparent-header-meta":"default","adv-header-id-meta":"","stick-header-meta":"","header-above-stick-meta":"","header-main-stick-meta":"","header-below-stick-meta":"","astra-migrate-meta-layouts":"set","ast-page-background-enabled":"default","ast-page-background-meta":{"desktop":{"background-color":"","background-image":"","background-repeat":"repeat","background-position":"center center","background-size":"auto","background-attachment":"scroll","background-type":"","background-media":"","overlay-type":"","overlay-color":"","overlay-opacity":"","overlay-gradient":""},"tablet":{"background-color":"","background-image":"","background-repeat":"repeat","background-position":"center center","background-size":"auto","background-attachment":"scroll","background-type":"","background-media":"","overlay-type":"","overlay-color":"","overlay-opacity":"","overlay-gradient":""},"mobile":{"background-color":"","background-image":"","background-repeat":"repeat","background-position":"center center","background-size":"auto","background-attachment":"scroll","background-type":"","background-media":"","overlay-type":"","overlay-color":"","overlay-opacity":"","overlay-gradient":""}},"ast-content-background-meta":{"desktop":{"background-color":"var(--ast-global-color-5)","background-image":"","background-repeat":"repeat","background-position":"center center","background-size":"auto","background-attachment":"scroll","background-type":"","background-media":"","overlay-type":"","overlay-color":"","overlay-opacity":"","overlay-gradient":""},"tablet":{"background-color":"var(--ast-global-color-5)","background-image":"","background-repeat":"repeat","background-position":"center center","background-size":"auto","background-attachment":"scroll","background-type":"","background-media":"","overlay-type":"","overlay-color":"","overlay-opacity":"","overlay-gradient":""},"mobile":{"background-color":"var(--ast-global-color-5)","background-image":"","background-repeat":"repeat","background-position":"center center","background-size":"auto","background-attachment":"scroll","background-type":"","background-media":"","overlay-type":"","overlay-color":"","overlay-opacity":"","overlay-gradient":""}}},"product_brand":[932],"product_cat":[725,421,154,366,723,18],"product_tag":[120,181,179,180,174],"class_list":{"0":"post-11773","1":"product","2":"type-product","3":"status-publish","4":"has-post-thumbnail","6":"product_brand-paddock-farm","7":"product_cat-hrana-za-pse","8":"product_cat-novadogchews","9":"product_cat-pasja-sola","10":"product_cat-priboljski","11":"product_cat-psi","12":"product_cat-vsi-izdelki","13":"product_tag-ciscenje-zob","14":"product_tag-masiranje-dlesni","15":"product_tag-oliva-veja","16":"product_tag-zaposlitev","17":"product_tag-zvecenje","18":"desktop-align-center","19":"tablet-align-center","20":"mobile-align-center","22":"first","23":"instock","24":"shipping-taxable","25":"purchasable","26":"product-type-variable"},"acf":[],"yoast_head":"<!-- This site is optimized with the Yoast SEO plugin v27.4 - https:\/\/yoast.com\/product\/yoast-seo-wordpress\/ -->\n<title>Paddock Farm Olivna veja - naravna \u017eve\u010dilka - Trgovina Pasja Univerza<\/title>\n<meta name=\"description\" content=\"olivna veja - naravna \u017eve\u010dilka\" \/>\n<meta name=\"robots\" content=\"index, follow, max-snippet:-1, max-image-preview:large, max-video-preview:-1\" \/>\n<link rel=\"canonical\" href=\"https:\/\/trgovina.pasjauniverza.si\/en\/product\/olivna-veja-naravna-zvecilka\/\" \/>\n<meta property=\"og:locale\" content=\"en_US\" \/>\n<meta property=\"og:type\" content=\"article\" \/>\n<meta property=\"og:title\" content=\"Paddock Farm Olivna veja - naravna \u017eve\u010dilka - Trgovina Pasja Univerza\" \/>\n<meta property=\"og:description\" content=\"olivna veja - naravna \u017eve\u010dilka\" \/>\n<meta property=\"og:url\" content=\"https:\/\/trgovina.pasjauniverza.si\/en\/product\/olivna-veja-naravna-zvecilka\/\" \/>\n<meta property=\"og:site_name\" content=\"Trgovina Pasja Univerza\" \/>\n<meta property=\"article:modified_time\" content=\"2026-04-02T05:13:35+00:00\" \/>\n<meta property=\"og:image\" content=\"https:\/\/trgovina.pasjauniverza.si\/wp-content\/uploads\/2024\/12\/Olive-Branch-Large-220-450g.jpg\" \/>\n\t<meta property=\"og:image:width\" content=\"2000\" \/>\n\t<meta property=\"og:image:height\" content=\"1333\" \/>\n\t<meta property=\"og:image:type\" content=\"image\/jpeg\" \/>\n<meta name=\"twitter:card\" content=\"summary_large_image\" \/>\n<meta name=\"twitter:label1\" content=\"Est. reading time\" \/>\n\t<meta name=\"twitter:data1\" content=\"2 minutes\" \/>\n<script type=\"application\/ld+json\" class=\"yoast-schema-graph\">{\"@context\":\"https:\\\/\\\/schema.org\",\"@graph\":[{\"@type\":\"WebPage\",\"@id\":\"https:\\\/\\\/trgovina.pasjauniverza.si\\\/product\\\/olivna-veja-naravna-zvecilka\\\/\",\"url\":\"https:\\\/\\\/trgovina.pasjauniverza.si\\\/product\\\/olivna-veja-naravna-zvecilka\\\/\",\"name\":\"Paddock Farm Olivna veja - naravna \u017eve\u010dilka - Trgovina Pasja Univerza\",\"isPartOf\":{\"@id\":\"https:\\\/\\\/trgovina.pasjauniverza.si\\\/#website\"},\"primaryImageOfPage\":{\"@id\":\"https:\\\/\\\/trgovina.pasjauniverza.si\\\/product\\\/olivna-veja-naravna-zvecilka\\\/#primaryimage\"},\"image\":{\"@id\":\"https:\\\/\\\/trgovina.pasjauniverza.si\\\/product\\\/olivna-veja-naravna-zvecilka\\\/#primaryimage\"},\"thumbnailUrl\":\"https:\\\/\\\/trgovina.pasjauniverza.si\\\/wp-content\\\/uploads\\\/2024\\\/12\\\/Olive-Branch-Large-220-450g.jpg\",\"datePublished\":\"2024-12-17T13:09:09+00:00\",\"dateModified\":\"2026-04-02T05:13:35+00:00\",\"description\":\"olivna veja - naravna \u017eve\u010dilka\",\"breadcrumb\":{\"@id\":\"https:\\\/\\\/trgovina.pasjauniverza.si\\\/product\\\/olivna-veja-naravna-zvecilka\\\/#breadcrumb\"},\"inLanguage\":\"en-US\",\"potentialAction\":[{\"@type\":\"ReadAction\",\"target\":[\"https:\\\/\\\/trgovina.pasjauniverza.si\\\/product\\\/olivna-veja-naravna-zvecilka\\\/\"]}]},{\"@type\":\"ImageObject\",\"inLanguage\":\"en-US\",\"@id\":\"https:\\\/\\\/trgovina.pasjauniverza.si\\\/product\\\/olivna-veja-naravna-zvecilka\\\/#primaryimage\",\"url\":\"https:\\\/\\\/trgovina.pasjauniverza.si\\\/wp-content\\\/uploads\\\/2024\\\/12\\\/Olive-Branch-Large-220-450g.jpg\",\"contentUrl\":\"https:\\\/\\\/trgovina.pasjauniverza.si\\\/wp-content\\\/uploads\\\/2024\\\/12\\\/Olive-Branch-Large-220-450g.jpg\",\"width\":2000,\"height\":1333,\"caption\":\"Olivna veja-velika\"},{\"@type\":\"BreadcrumbList\",\"@id\":\"https:\\\/\\\/trgovina.pasjauniverza.si\\\/product\\\/olivna-veja-naravna-zvecilka\\\/#breadcrumb\",\"itemListElement\":[{\"@type\":\"ListItem\",\"position\":1,\"name\":\"Home\",\"item\":\"https:\\\/\\\/trgovina.pasjauniverza.si\\\/\"},{\"@type\":\"ListItem\",\"position\":2,\"name\":\"Trgovina\",\"item\":\"https:\\\/\\\/trgovina.pasjauniverza.si\\\/trgovina\\\/\"},{\"@type\":\"ListItem\",\"position\":3,\"name\":\"Paddock Farm Olivna veja &#8211; naravna \u017eve\u010dilka\"}]},{\"@type\":\"WebSite\",\"@id\":\"https:\\\/\\\/trgovina.pasjauniverza.si\\\/#website\",\"url\":\"https:\\\/\\\/trgovina.pasjauniverza.si\\\/\",\"name\":\"Trgovina Pasja Univerza\",\"description\":\"pasja univerza trgovina\",\"publisher\":{\"@id\":\"https:\\\/\\\/trgovina.pasjauniverza.si\\\/#organization\"},\"potentialAction\":[{\"@type\":\"SearchAction\",\"target\":{\"@type\":\"EntryPoint\",\"urlTemplate\":\"https:\\\/\\\/trgovina.pasjauniverza.si\\\/?s={search_term_string}\"},\"query-input\":{\"@type\":\"PropertyValueSpecification\",\"valueRequired\":true,\"valueName\":\"search_term_string\"}}],\"inLanguage\":\"en-US\"},{\"@type\":\"Organization\",\"@id\":\"https:\\\/\\\/trgovina.pasjauniverza.si\\\/#organization\",\"name\":\"Trgovina Pasja Univerza\",\"url\":\"https:\\\/\\\/trgovina.pasjauniverza.si\\\/\",\"logo\":{\"@type\":\"ImageObject\",\"inLanguage\":\"en-US\",\"@id\":\"https:\\\/\\\/trgovina.pasjauniverza.si\\\/#\\\/schema\\\/logo\\\/image\\\/\",\"url\":\"https:\\\/\\\/trgovina.pasjauniverza.si\\\/wp-content\\\/uploads\\\/2024\\\/08\\\/cropped-logotipi-vector-04.png\",\"contentUrl\":\"https:\\\/\\\/trgovina.pasjauniverza.si\\\/wp-content\\\/uploads\\\/2024\\\/08\\\/cropped-logotipi-vector-04.png\",\"width\":942,\"height\":908,\"caption\":\"Trgovina Pasja Univerza\"},\"image\":{\"@id\":\"https:\\\/\\\/trgovina.pasjauniverza.si\\\/#\\\/schema\\\/logo\\\/image\\\/\"}}]}<\/script>\n<!-- \/ Yoast SEO plugin. -->","yoast_head_json":{"title":"Paddock Farm Olivna veja - naravna \u017eve\u010dilka - Trgovina Pasja Univerza","description":"olivna veja - naravna \u017eve\u010dilka","robots":{"index":"index","follow":"follow","max-snippet":"max-snippet:-1","max-image-preview":"max-image-preview:large","max-video-preview":"max-video-preview:-1"},"canonical":"https:\/\/trgovina.pasjauniverza.si\/en\/product\/olivna-veja-naravna-zvecilka\/","og_locale":"en_US","og_type":"article","og_title":"Paddock Farm Olivna veja - naravna \u017eve\u010dilka - Trgovina Pasja Univerza","og_description":"olivna veja - naravna \u017eve\u010dilka","og_url":"https:\/\/trgovina.pasjauniverza.si\/en\/product\/olivna-veja-naravna-zvecilka\/","og_site_name":"Trgovina Pasja Univerza","article_modified_time":"2026-04-02T05:13:35+00:00","og_image":[{"width":2000,"height":1333,"url":"https:\/\/trgovina.pasjauniverza.si\/wp-content\/uploads\/2024\/12\/Olive-Branch-Large-220-450g.jpg","type":"image\/jpeg"}],"twitter_card":"summary_large_image","twitter_misc":{"Est. reading time":"2 minutes"},"schema":{"@context":"https:\/\/schema.org","@graph":[{"@type":"WebPage","@id":"https:\/\/trgovina.pasjauniverza.si\/product\/olivna-veja-naravna-zvecilka\/","url":"https:\/\/trgovina.pasjauniverza.si\/product\/olivna-veja-naravna-zvecilka\/","name":"Paddock Farm Olivna veja - naravna \u017eve\u010dilka - Trgovina Pasja Univerza","isPartOf":{"@id":"https:\/\/trgovina.pasjauniverza.si\/#website"},"primaryImageOfPage":{"@id":"https:\/\/trgovina.pasjauniverza.si\/product\/olivna-veja-naravna-zvecilka\/#primaryimage"},"image":{"@id":"https:\/\/trgovina.pasjauniverza.si\/product\/olivna-veja-naravna-zvecilka\/#primaryimage"},"thumbnailUrl":"https:\/\/trgovina.pasjauniverza.si\/wp-content\/uploads\/2024\/12\/Olive-Branch-Large-220-450g.jpg","datePublished":"2024-12-17T13:09:09+00:00","dateModified":"2026-04-02T05:13:35+00:00","description":"olivna veja - naravna \u017eve\u010dilka","breadcrumb":{"@id":"https:\/\/trgovina.pasjauniverza.si\/product\/olivna-veja-naravna-zvecilka\/#breadcrumb"},"inLanguage":"en-US","potentialAction":[{"@type":"ReadAction","target":["https:\/\/trgovina.pasjauniverza.si\/product\/olivna-veja-naravna-zvecilka\/"]}]},{"@type":"ImageObject","inLanguage":"en-US","@id":"https:\/\/trgovina.pasjauniverza.si\/product\/olivna-veja-naravna-zvecilka\/#primaryimage","url":"https:\/\/trgovina.pasjauniverza.si\/wp-content\/uploads\/2024\/12\/Olive-Branch-Large-220-450g.jpg","contentUrl":"https:\/\/trgovina.pasjauniverza.si\/wp-content\/uploads\/2024\/12\/Olive-Branch-Large-220-450g.jpg","width":2000,"height":1333,"caption":"Olivna veja-velika"},{"@type":"BreadcrumbList","@id":"https:\/\/trgovina.pasjauniverza.si\/product\/olivna-veja-naravna-zvecilka\/#breadcrumb","itemListElement":[{"@type":"ListItem","position":1,"name":"Home","item":"https:\/\/trgovina.pasjauniverza.si\/"},{"@type":"ListItem","position":2,"name":"Trgovina","item":"https:\/\/trgovina.pasjauniverza.si\/trgovina\/"},{"@type":"ListItem","position":3,"name":"Paddock Farm Olivna veja &#8211; naravna \u017eve\u010dilka"}]},{"@type":"WebSite","@id":"https:\/\/trgovina.pasjauniverza.si\/#website","url":"https:\/\/trgovina.pasjauniverza.si\/","name":"Trgovina Pasja Univerza","description":"pasja univerza trgovina","publisher":{"@id":"https:\/\/trgovina.pasjauniverza.si\/#organization"},"potentialAction":[{"@type":"SearchAction","target":{"@type":"EntryPoint","urlTemplate":"https:\/\/trgovina.pasjauniverza.si\/?s={search_term_string}"},"query-input":{"@type":"PropertyValueSpecification","valueRequired":true,"valueName":"search_term_string"}}],"inLanguage":"en-US"},{"@type":"Organization","@id":"https:\/\/trgovina.pasjauniverza.si\/#organization","name":"Trgovina Pasja Univerza","url":"https:\/\/trgovina.pasjauniverza.si\/","logo":{"@type":"ImageObject","inLanguage":"en-US","@id":"https:\/\/trgovina.pasjauniverza.si\/#\/schema\/logo\/image\/","url":"https:\/\/trgovina.pasjauniverza.si\/wp-content\/uploads\/2024\/08\/cropped-logotipi-vector-04.png","contentUrl":"https:\/\/trgovina.pasjauniverza.si\/wp-content\/uploads\/2024\/08\/cropped-logotipi-vector-04.png","width":942,"height":908,"caption":"Trgovina Pasja Univerza"},"image":{"@id":"https:\/\/trgovina.pasjauniverza.si\/#\/schema\/logo\/image\/"}}]}},"uagb_featured_image_src":{"full":["https:\/\/trgovina.pasjauniverza.si\/wp-content\/uploads\/2024\/12\/Olive-Branch-Large-220-450g.jpg",2000,1333,false],"thumbnail":["https:\/\/trgovina.pasjauniverza.si\/wp-content\/uploads\/2024\/12\/Olive-Branch-Large-220-450g-150x150.jpg",150,150,true],"medium":["https:\/\/trgovina.pasjauniverza.si\/wp-content\/uploads\/2024\/12\/Olive-Branch-Large-220-450g-300x200.jpg",300,200,true],"medium_large":["https:\/\/trgovina.pasjauniverza.si\/wp-content\/uploads\/2024\/12\/Olive-Branch-Large-220-450g-768x512.jpg",768,512,true],"large":["https:\/\/trgovina.pasjauniverza.si\/wp-content\/uploads\/2024\/12\/Olive-Branch-Large-220-450g-1024x682.jpg",1024,682,true],"1536x1536":["https:\/\/trgovina.pasjauniverza.si\/wp-content\/uploads\/2024\/12\/Olive-Branch-Large-220-450g-1536x1024.jpg",1536,1024,true],"2048x2048":["https:\/\/trgovina.pasjauniverza.si\/wp-content\/uploads\/2024\/12\/Olive-Branch-Large-220-450g.jpg",2000,1333,false],"trp-custom-language-flag":["https:\/\/trgovina.pasjauniverza.si\/wp-content\/uploads\/2024\/12\/Olive-Branch-Large-220-450g-18x12.jpg",18,12,true],"woocommerce_thumbnail":["https:\/\/trgovina.pasjauniverza.si\/wp-content\/uploads\/2024\/12\/Olive-Branch-Large-220-450g-300x300.jpg",300,300,true],"woocommerce_single":["https:\/\/trgovina.pasjauniverza.si\/wp-content\/uploads\/2024\/12\/Olive-Branch-Large-220-450g-600x400.jpg",600,400,true],"woocommerce_gallery_thumbnail":["https:\/\/trgovina.pasjauniverza.si\/wp-content\/uploads\/2024\/12\/Olive-Branch-Large-220-450g-100x100.jpg",100,100,true]},"uagb_author_info":{"display_name":"Karmen Grubeli\u0107, dr.vet.med.","author_link":"https:\/\/trgovina.pasjauniverza.si\/en\/author\/"},"uagb_comment_info":0,"uagb_excerpt":"Paddock Farm olivne veje so okolju prijazni, naravni izdelki, narejeni iz olj\u010dnega lesa. Oljke vsako leto obre\u017eemo, veje pa pridobimo iz tega okolju prijaznega procesa in jih nato namo\u010dimo v olj\u010dno olje, da ustvarimo odli\u010dno, dolgotrajno pasjo \u017eve\u010dilko. Olj\u010dno olje in olj\u010den les imata \u0161tevilne koristi za pse, saj sta bogata z omega 3 in&hellip;","jetpack_sharing_enabled":true,"_links":{"self":[{"href":"https:\/\/trgovina.pasjauniverza.si\/en\/wp-json\/wp\/v2\/product\/11773","targetHints":{"allow":["GET"]}}],"collection":[{"href":"https:\/\/trgovina.pasjauniverza.si\/en\/wp-json\/wp\/v2\/product"}],"about":[{"href":"https:\/\/trgovina.pasjauniverza.si\/en\/wp-json\/wp\/v2\/types\/product"}],"replies":[{"embeddable":true,"href":"https:\/\/trgovina.pasjauniverza.si\/en\/wp-json\/wp\/v2\/comments?post=11773"}],"wp:featuredmedia":[{"embeddable":true,"href":"https:\/\/trgovina.pasjauniverza.si\/en\/wp-json\/wp\/v2\/media\/11764"}],"wp:attachment":[{"href":"https:\/\/trgovina.pasjauniverza.si\/en\/wp-json\/wp\/v2\/media?parent=11773"}],"wp:term":[{"taxonomy":"product_brand","embeddable":true,"href":"https:\/\/trgovina.pasjauniverza.si\/en\/wp-json\/wp\/v2\/product_brand?post=11773"},{"taxonomy":"product_cat","embeddable":true,"href":"https:\/\/trgovina.pasjauniverza.si\/en\/wp-json\/wp\/v2\/product_cat?post=11773"},{"taxonomy":"product_tag","embeddable":true,"href":"https:\/\/trgovina.pasjauniverza.si\/en\/wp-json\/wp\/v2\/product_tag?post=11773"}],"curies":[{"name":"wp","href":"https:\/\/api.w.org\/{rel}","templated":true}]}}