
{"id":11601,"date":"2024-12-10T16:37:33","date_gmt":"2024-12-10T16:37:33","guid":{"rendered":"https:\/\/trgovina.pasjauniverza.si\/?post_type=product&#038;p=11601"},"modified":"2026-02-22T10:39:26","modified_gmt":"2026-02-22T10:39:26","slug":"gumiran-povodec-wolfone-2","status":"publish","type":"product","link":"https:\/\/trgovina.pasjauniverza.si\/en\/product\/gumiran-povodec-wolfone-2\/","title":{"rendered":"Gumiran povodec WOLFONE"},"content":{"rendered":"<p><strong>Gumiran (sledni) povodec<\/strong>\u00a0je narejen iz visoko vzdr\u017eljivega najlonskega materiala, ki zagotavlja trdnost in dolgotrajno uporabo. Povodec je posebej obdelan z vgrajeno gumo, ki prepre\u010duje drsenje in omogo\u010da odli\u010den oprijem med uporabo. Ta lastnost je \u0161e posebej pomembna pri sledenju ali vle\u010denju, kjer je stabilen oprijem klju\u010den za uspe\u0161no izvajanje aktivnosti.<\/p>\n<p>Povodec je dodatno oja\u010dan z mo\u010dnimi \u0161ivi, kar pove\u010duje njegovo trdnost in vzdr\u017eljivost tudi ob ve\u010dji obremenitvi. To zagotavlja varnost in zanesljivost med uporabo, \u0161e posebej pri aktivnostih, kjer je potrebna mo\u010dnej\u0161a kontrola \u017eivali.<\/p>\n<p>Skupaj z visoko kakovostnim najlonom, integrirano gumo in\u00a0 oja\u010danimi \u0161ivi, je na\u0161 gumiran sledni povodec idealna izbira za vse lastnike psov, ki i\u0161\u010dejo zanesljiv in trpe\u017een povodec za razli\u010dne aktivnosti s svojim \u0161tirino\u017enim prijateljem.<\/p>\n<p><strong>Osnovne lastnosti:<\/strong><\/p>\n<ul>\n<li>Material: Polipropilenski trak z vdelano gumo<\/li>\n<li>Dodatni oja\u010dani \u0161ivi<\/li>\n<li>Vodoodporen<\/li>\n<li>Dober oprijem \u2013 ne drsi<\/li>\n<li>Z ro\u010dajem<\/li>\n<li>Dol\u017eine: 3m, 5m, 10m, 15m<\/li>\n<li>\u0160irina: 1,5 cm<\/li>\n<li>Vzdr\u017eljivost traku: do\u00a0<strong>300kg<\/strong><\/li>\n<\/ul>","protected":false},"excerpt":{"rendered":"<p><strong>Gumiran povodec<\/strong>\u00a0WOLFONE je idealna izbira za lastnike psov, ki i\u0161\u010dejo zanesljiv in trpe\u017een povodec za razli\u010dne aktivnosti.<\/p>\n<p>Nedrse\u010d material zagotavlja odli\u010den oprijem med uporabo, kar je klju\u010dnega pomena pri izvajanju treninga in u\u010denja odpoklica.<\/p>\n<p>Narejen je iz trpe\u017enega in visoko vzdr\u017eljivega poliestra \u0161irine 1,5cm, razli\u010dnih dol\u017ein. Oja\u010dan je z dodatnimi mo\u010dnimi \u0161ivi, kar zagotavlja dodatno varnost tudi ob ve\u010djih obremenitvah.<\/p>\n<p><b>S svojo zanesljivostjo in stabilnostjo je povodec\u00a0 nepogre\u0161ljiv del opreme pri vzgoji in \u0161olanju psa.\u00a0<\/b><\/p>","protected":false},"featured_media":5458,"comment_status":"open","ping_status":"closed","template":"","meta":{"_acf_changed":false,"_uag_custom_page_level_css":"","site-sidebar-layout":"default","site-content-layout":"","ast-site-content-layout":"default","site-content-style":"default","site-sidebar-style":"default","ast-global-header-display":"","ast-banner-title-visibility":"","ast-main-header-display":"","ast-hfb-above-header-display":"","ast-hfb-below-header-display":"","ast-hfb-mobile-header-display":"","site-post-title":"","ast-breadcrumbs-content":"","ast-featured-img":"","footer-sml-layout":"","ast-disable-related-posts":"","theme-transparent-header-meta":"default","adv-header-id-meta":"","stick-header-meta":"","header-above-stick-meta":"","header-main-stick-meta":"","header-below-stick-meta":"","astra-migrate-meta-layouts":"set","ast-page-background-enabled":"default","ast-page-background-meta":{"desktop":{"background-color":"","background-image":"","background-repeat":"repeat","background-position":"center center","background-size":"auto","background-attachment":"scroll","background-type":"","background-media":"","overlay-type":"","overlay-color":"","overlay-opacity":"","overlay-gradient":""},"tablet":{"background-color":"","background-image":"","background-repeat":"repeat","background-position":"center center","background-size":"auto","background-attachment":"scroll","background-type":"","background-media":"","overlay-type":"","overlay-color":"","overlay-opacity":"","overlay-gradient":""},"mobile":{"background-color":"","background-image":"","background-repeat":"repeat","background-position":"center center","background-size":"auto","background-attachment":"scroll","background-type":"","background-media":"","overlay-type":"","overlay-color":"","overlay-opacity":"","overlay-gradient":""}},"ast-content-background-meta":{"desktop":{"background-color":"var(--ast-global-color-5)","background-image":"","background-repeat":"repeat","background-position":"center center","background-size":"auto","background-attachment":"scroll","background-type":"","background-media":"","overlay-type":"","overlay-color":"","overlay-opacity":"","overlay-gradient":""},"tablet":{"background-color":"var(--ast-global-color-5)","background-image":"","background-repeat":"repeat","background-position":"center center","background-size":"auto","background-attachment":"scroll","background-type":"","background-media":"","overlay-type":"","overlay-color":"","overlay-opacity":"","overlay-gradient":""},"mobile":{"background-color":"var(--ast-global-color-5)","background-image":"","background-repeat":"repeat","background-position":"center center","background-size":"auto","background-attachment":"scroll","background-type":"","background-media":"","overlay-type":"","overlay-color":"","overlay-opacity":"","overlay-gradient":""}}},"product_brand":[936],"product_cat":[78,18],"product_tag":[],"class_list":{"0":"post-11601","1":"product","2":"type-product","3":"status-publish","4":"has-post-thumbnail","6":"product_brand-wolfone","7":"product_cat-oprema","8":"product_cat-vsi-izdelki","9":"desktop-align-center","10":"tablet-align-center","11":"mobile-align-center","13":"first","14":"instock","15":"sale","16":"shipping-taxable","17":"purchasable","18":"product-type-variable"},"acf":[],"yoast_head":"<!-- This site is optimized with the Yoast SEO plugin v27.4 - https:\/\/yoast.com\/product\/yoast-seo-wordpress\/ -->\n<title>Gumiran povodec WOLFONE - Trgovina Pasja Univerza<\/title>\n<meta name=\"description\" content=\"Gumiran povodec WOLFONE\" \/>\n<meta name=\"robots\" content=\"index, follow, max-snippet:-1, max-image-preview:large, max-video-preview:-1\" \/>\n<link rel=\"canonical\" href=\"https:\/\/trgovina.pasjauniverza.si\/en\/product\/gumiran-povodec-wolfone-2\/\" \/>\n<meta property=\"og:locale\" content=\"en_US\" \/>\n<meta property=\"og:type\" content=\"article\" \/>\n<meta property=\"og:title\" content=\"Gumiran povodec WOLFONE - Trgovina Pasja Univerza\" \/>\n<meta property=\"og:description\" content=\"Gumiran povodec WOLFONE\" \/>\n<meta property=\"og:url\" content=\"https:\/\/trgovina.pasjauniverza.si\/en\/product\/gumiran-povodec-wolfone-2\/\" \/>\n<meta property=\"og:site_name\" content=\"Trgovina Pasja Univerza\" \/>\n<meta property=\"article:modified_time\" content=\"2026-02-22T10:39:26+00:00\" \/>\n<meta name=\"twitter:card\" content=\"summary_large_image\" \/>\n<meta name=\"twitter:label1\" content=\"Est. reading time\" \/>\n\t<meta name=\"twitter:data1\" content=\"2 minutes\" \/>\n<script type=\"application\/ld+json\" class=\"yoast-schema-graph\">{\"@context\":\"https:\\\/\\\/schema.org\",\"@graph\":[{\"@type\":\"WebPage\",\"@id\":\"https:\\\/\\\/trgovina.pasjauniverza.si\\\/product\\\/gumiran-povodec-wolfone-2\\\/\",\"url\":\"https:\\\/\\\/trgovina.pasjauniverza.si\\\/product\\\/gumiran-povodec-wolfone-2\\\/\",\"name\":\"Gumiran povodec WOLFONE - Trgovina Pasja Univerza\",\"isPartOf\":{\"@id\":\"https:\\\/\\\/trgovina.pasjauniverza.si\\\/#website\"},\"primaryImageOfPage\":{\"@id\":\"https:\\\/\\\/trgovina.pasjauniverza.si\\\/product\\\/gumiran-povodec-wolfone-2\\\/#primaryimage\"},\"image\":{\"@id\":\"https:\\\/\\\/trgovina.pasjauniverza.si\\\/product\\\/gumiran-povodec-wolfone-2\\\/#primaryimage\"},\"thumbnailUrl\":\"https:\\\/\\\/trgovina.pasjauniverza.si\\\/wp-content\\\/uploads\\\/2024\\\/08\\\/wolfone-rdec.avif\",\"datePublished\":\"2024-12-10T16:37:33+00:00\",\"dateModified\":\"2026-02-22T10:39:26+00:00\",\"description\":\"Gumiran povodec WOLFONE\",\"breadcrumb\":{\"@id\":\"https:\\\/\\\/trgovina.pasjauniverza.si\\\/product\\\/gumiran-povodec-wolfone-2\\\/#breadcrumb\"},\"inLanguage\":\"en-US\",\"potentialAction\":[{\"@type\":\"ReadAction\",\"target\":[\"https:\\\/\\\/trgovina.pasjauniverza.si\\\/product\\\/gumiran-povodec-wolfone-2\\\/\"]}]},{\"@type\":\"ImageObject\",\"inLanguage\":\"en-US\",\"@id\":\"https:\\\/\\\/trgovina.pasjauniverza.si\\\/product\\\/gumiran-povodec-wolfone-2\\\/#primaryimage\",\"url\":\"https:\\\/\\\/trgovina.pasjauniverza.si\\\/wp-content\\\/uploads\\\/2024\\\/08\\\/wolfone-rdec.avif\",\"contentUrl\":\"https:\\\/\\\/trgovina.pasjauniverza.si\\\/wp-content\\\/uploads\\\/2024\\\/08\\\/wolfone-rdec.avif\",\"width\":640,\"height\":640},{\"@type\":\"BreadcrumbList\",\"@id\":\"https:\\\/\\\/trgovina.pasjauniverza.si\\\/product\\\/gumiran-povodec-wolfone-2\\\/#breadcrumb\",\"itemListElement\":[{\"@type\":\"ListItem\",\"position\":1,\"name\":\"Home\",\"item\":\"https:\\\/\\\/trgovina.pasjauniverza.si\\\/\"},{\"@type\":\"ListItem\",\"position\":2,\"name\":\"Trgovina\",\"item\":\"https:\\\/\\\/trgovina.pasjauniverza.si\\\/trgovina\\\/\"},{\"@type\":\"ListItem\",\"position\":3,\"name\":\"Gumiran povodec WOLFONE\"}]},{\"@type\":\"WebSite\",\"@id\":\"https:\\\/\\\/trgovina.pasjauniverza.si\\\/#website\",\"url\":\"https:\\\/\\\/trgovina.pasjauniverza.si\\\/\",\"name\":\"Trgovina Pasja Univerza\",\"description\":\"pasja univerza trgovina\",\"publisher\":{\"@id\":\"https:\\\/\\\/trgovina.pasjauniverza.si\\\/#organization\"},\"potentialAction\":[{\"@type\":\"SearchAction\",\"target\":{\"@type\":\"EntryPoint\",\"urlTemplate\":\"https:\\\/\\\/trgovina.pasjauniverza.si\\\/?s={search_term_string}\"},\"query-input\":{\"@type\":\"PropertyValueSpecification\",\"valueRequired\":true,\"valueName\":\"search_term_string\"}}],\"inLanguage\":\"en-US\"},{\"@type\":\"Organization\",\"@id\":\"https:\\\/\\\/trgovina.pasjauniverza.si\\\/#organization\",\"name\":\"Trgovina Pasja Univerza\",\"url\":\"https:\\\/\\\/trgovina.pasjauniverza.si\\\/\",\"logo\":{\"@type\":\"ImageObject\",\"inLanguage\":\"en-US\",\"@id\":\"https:\\\/\\\/trgovina.pasjauniverza.si\\\/#\\\/schema\\\/logo\\\/image\\\/\",\"url\":\"https:\\\/\\\/trgovina.pasjauniverza.si\\\/wp-content\\\/uploads\\\/2024\\\/08\\\/cropped-logotipi-vector-04.png\",\"contentUrl\":\"https:\\\/\\\/trgovina.pasjauniverza.si\\\/wp-content\\\/uploads\\\/2024\\\/08\\\/cropped-logotipi-vector-04.png\",\"width\":942,\"height\":908,\"caption\":\"Trgovina Pasja Univerza\"},\"image\":{\"@id\":\"https:\\\/\\\/trgovina.pasjauniverza.si\\\/#\\\/schema\\\/logo\\\/image\\\/\"}}]}<\/script>\n<!-- \/ Yoast SEO plugin. -->","yoast_head_json":{"title":"Gumiran povodec WOLFONE - Trgovina Pasja Univerza","description":"Gumiran povodec WOLFONE","robots":{"index":"index","follow":"follow","max-snippet":"max-snippet:-1","max-image-preview":"max-image-preview:large","max-video-preview":"max-video-preview:-1"},"canonical":"https:\/\/trgovina.pasjauniverza.si\/en\/product\/gumiran-povodec-wolfone-2\/","og_locale":"en_US","og_type":"article","og_title":"Gumiran povodec WOLFONE - Trgovina Pasja Univerza","og_description":"Gumiran povodec WOLFONE","og_url":"https:\/\/trgovina.pasjauniverza.si\/en\/product\/gumiran-povodec-wolfone-2\/","og_site_name":"Trgovina Pasja Univerza","article_modified_time":"2026-02-22T10:39:26+00:00","twitter_card":"summary_large_image","twitter_misc":{"Est. reading time":"2 minutes"},"schema":{"@context":"https:\/\/schema.org","@graph":[{"@type":"WebPage","@id":"https:\/\/trgovina.pasjauniverza.si\/product\/gumiran-povodec-wolfone-2\/","url":"https:\/\/trgovina.pasjauniverza.si\/product\/gumiran-povodec-wolfone-2\/","name":"Gumiran povodec WOLFONE - Trgovina Pasja Univerza","isPartOf":{"@id":"https:\/\/trgovina.pasjauniverza.si\/#website"},"primaryImageOfPage":{"@id":"https:\/\/trgovina.pasjauniverza.si\/product\/gumiran-povodec-wolfone-2\/#primaryimage"},"image":{"@id":"https:\/\/trgovina.pasjauniverza.si\/product\/gumiran-povodec-wolfone-2\/#primaryimage"},"thumbnailUrl":"https:\/\/trgovina.pasjauniverza.si\/wp-content\/uploads\/2024\/08\/wolfone-rdec.avif","datePublished":"2024-12-10T16:37:33+00:00","dateModified":"2026-02-22T10:39:26+00:00","description":"Gumiran povodec WOLFONE","breadcrumb":{"@id":"https:\/\/trgovina.pasjauniverza.si\/product\/gumiran-povodec-wolfone-2\/#breadcrumb"},"inLanguage":"en-US","potentialAction":[{"@type":"ReadAction","target":["https:\/\/trgovina.pasjauniverza.si\/product\/gumiran-povodec-wolfone-2\/"]}]},{"@type":"ImageObject","inLanguage":"en-US","@id":"https:\/\/trgovina.pasjauniverza.si\/product\/gumiran-povodec-wolfone-2\/#primaryimage","url":"https:\/\/trgovina.pasjauniverza.si\/wp-content\/uploads\/2024\/08\/wolfone-rdec.avif","contentUrl":"https:\/\/trgovina.pasjauniverza.si\/wp-content\/uploads\/2024\/08\/wolfone-rdec.avif","width":640,"height":640},{"@type":"BreadcrumbList","@id":"https:\/\/trgovina.pasjauniverza.si\/product\/gumiran-povodec-wolfone-2\/#breadcrumb","itemListElement":[{"@type":"ListItem","position":1,"name":"Home","item":"https:\/\/trgovina.pasjauniverza.si\/"},{"@type":"ListItem","position":2,"name":"Trgovina","item":"https:\/\/trgovina.pasjauniverza.si\/trgovina\/"},{"@type":"ListItem","position":3,"name":"Gumiran povodec WOLFONE"}]},{"@type":"WebSite","@id":"https:\/\/trgovina.pasjauniverza.si\/#website","url":"https:\/\/trgovina.pasjauniverza.si\/","name":"Trgovina Pasja Univerza","description":"pasja univerza trgovina","publisher":{"@id":"https:\/\/trgovina.pasjauniverza.si\/#organization"},"potentialAction":[{"@type":"SearchAction","target":{"@type":"EntryPoint","urlTemplate":"https:\/\/trgovina.pasjauniverza.si\/?s={search_term_string}"},"query-input":{"@type":"PropertyValueSpecification","valueRequired":true,"valueName":"search_term_string"}}],"inLanguage":"en-US"},{"@type":"Organization","@id":"https:\/\/trgovina.pasjauniverza.si\/#organization","name":"Trgovina Pasja Univerza","url":"https:\/\/trgovina.pasjauniverza.si\/","logo":{"@type":"ImageObject","inLanguage":"en-US","@id":"https:\/\/trgovina.pasjauniverza.si\/#\/schema\/logo\/image\/","url":"https:\/\/trgovina.pasjauniverza.si\/wp-content\/uploads\/2024\/08\/cropped-logotipi-vector-04.png","contentUrl":"https:\/\/trgovina.pasjauniverza.si\/wp-content\/uploads\/2024\/08\/cropped-logotipi-vector-04.png","width":942,"height":908,"caption":"Trgovina Pasja Univerza"},"image":{"@id":"https:\/\/trgovina.pasjauniverza.si\/#\/schema\/logo\/image\/"}}]}},"uagb_featured_image_src":{"full":["https:\/\/trgovina.pasjauniverza.si\/wp-content\/uploads\/2024\/08\/wolfone-rdec.avif",640,640,false],"thumbnail":["https:\/\/trgovina.pasjauniverza.si\/wp-content\/uploads\/2024\/08\/wolfone-rdec.avif",150,150,false],"medium":["https:\/\/trgovina.pasjauniverza.si\/wp-content\/uploads\/2024\/08\/wolfone-rdec.avif",300,300,false],"medium_large":["https:\/\/trgovina.pasjauniverza.si\/wp-content\/uploads\/2024\/08\/wolfone-rdec.avif",640,640,false],"large":["https:\/\/trgovina.pasjauniverza.si\/wp-content\/uploads\/2024\/08\/wolfone-rdec.avif",640,640,false],"1536x1536":["https:\/\/trgovina.pasjauniverza.si\/wp-content\/uploads\/2024\/08\/wolfone-rdec.avif",640,640,false],"2048x2048":["https:\/\/trgovina.pasjauniverza.si\/wp-content\/uploads\/2024\/08\/wolfone-rdec.avif",640,640,false],"trp-custom-language-flag":["https:\/\/trgovina.pasjauniverza.si\/wp-content\/uploads\/2024\/08\/wolfone-rdec.avif",12,12,false],"woocommerce_thumbnail":["https:\/\/trgovina.pasjauniverza.si\/wp-content\/uploads\/2024\/08\/wolfone-rdec.avif",300,300,false],"woocommerce_single":["https:\/\/trgovina.pasjauniverza.si\/wp-content\/uploads\/2024\/08\/wolfone-rdec.avif",600,600,false],"woocommerce_gallery_thumbnail":["https:\/\/trgovina.pasjauniverza.si\/wp-content\/uploads\/2024\/08\/wolfone-rdec.avif",100,100,false]},"uagb_author_info":{"display_name":"An\u017ee","author_link":"https:\/\/trgovina.pasjauniverza.si\/en\/author\/"},"uagb_comment_info":0,"uagb_excerpt":"Gumiran povodec\u00a0WOLFONE je idealna izbira za lastnike psov, ki i\u0161\u010dejo zanesljiv in trpe\u017een povodec za razli\u010dne aktivnosti. Nedrse\u010d material zagotavlja odli\u010den oprijem med uporabo, kar je klju\u010dnega pomena pri izvajanju treninga in u\u010denja odpoklica. Narejen je iz trpe\u017enega in visoko vzdr\u017eljivega poliestra \u0161irine 1,5cm, razli\u010dnih dol\u017ein. Oja\u010dan je z dodatnimi mo\u010dnimi \u0161ivi, kar zagotavlja dodatno&hellip;","jetpack_sharing_enabled":true,"_links":{"self":[{"href":"https:\/\/trgovina.pasjauniverza.si\/en\/wp-json\/wp\/v2\/product\/11601","targetHints":{"allow":["GET"]}}],"collection":[{"href":"https:\/\/trgovina.pasjauniverza.si\/en\/wp-json\/wp\/v2\/product"}],"about":[{"href":"https:\/\/trgovina.pasjauniverza.si\/en\/wp-json\/wp\/v2\/types\/product"}],"replies":[{"embeddable":true,"href":"https:\/\/trgovina.pasjauniverza.si\/en\/wp-json\/wp\/v2\/comments?post=11601"}],"wp:featuredmedia":[{"embeddable":true,"href":"https:\/\/trgovina.pasjauniverza.si\/en\/wp-json\/wp\/v2\/media\/5458"}],"wp:attachment":[{"href":"https:\/\/trgovina.pasjauniverza.si\/en\/wp-json\/wp\/v2\/media?parent=11601"}],"wp:term":[{"taxonomy":"product_brand","embeddable":true,"href":"https:\/\/trgovina.pasjauniverza.si\/en\/wp-json\/wp\/v2\/product_brand?post=11601"},{"taxonomy":"product_cat","embeddable":true,"href":"https:\/\/trgovina.pasjauniverza.si\/en\/wp-json\/wp\/v2\/product_cat?post=11601"},{"taxonomy":"product_tag","embeddable":true,"href":"https:\/\/trgovina.pasjauniverza.si\/en\/wp-json\/wp\/v2\/product_tag?post=11601"}],"curies":[{"name":"wp","href":"https:\/\/api.w.org\/{rel}","templated":true}]}}