
{"id":11452,"date":"2024-10-22T10:46:55","date_gmt":"2024-10-22T10:46:55","guid":{"rendered":"https:\/\/trgovina.pasjauniverza.si\/?post_type=product&#038;p=11452"},"modified":"2025-09-01T09:02:38","modified_gmt":"2025-09-01T09:02:38","slug":"mehka-igraca-na-elasticni-vrvi-z-gumijasto-zogo","status":"publish","type":"product","link":"https:\/\/trgovina.pasjauniverza.si\/en\/product\/mehka-igraca-na-elasticni-vrvi-z-gumijasto-zogo\/","title":{"rendered":"Mehka igra\u010da na elasti\u010dni vrvi z gumijasto \u017eogo"},"content":{"rendered":"<p><strong>Igra\u010da za pse z elasti\u010dno vle\u010dno \u017eogo na vrvi<\/strong> \u2013 Poskrbite za zabavo in zdravje va\u0161ega psa s to trajno interaktivno igra\u010do. Trpe\u017ena poliestrska vrv pomaga pri \u010di\u0161\u010denju zob, medtem ko elasti\u010dna vle\u010dna \u017eoga omogo\u010da dinami\u010dno igro in trening. Primerna je za vse velikosti pasem, popolna za vle\u010denje, \u017eve\u010denje in interaktivne igre, ki bodo va\u0161ega psa zabavale ter pomagale pri krepitvi vezi med vami in va\u0161im ljubljen\u010dkom. Idealna izbira za aktivne pse in lastnike!<\/p>\n<p>Velikost: 67cm.<\/p>","protected":false},"excerpt":{"rendered":"<p><strong>Igra\u010da za pse z elasti\u010dno vle\u010dno \u017eogo na vrvi, kamor lahko skrijete tudi pribolj\u0161ke.<\/strong><\/p>","protected":false},"featured_media":11453,"comment_status":"open","ping_status":"closed","template":"","meta":{"_acf_changed":false,"_uag_custom_page_level_css":"","site-sidebar-layout":"default","site-content-layout":"","ast-site-content-layout":"default","site-content-style":"default","site-sidebar-style":"default","ast-global-header-display":"","ast-banner-title-visibility":"","ast-main-header-display":"","ast-hfb-above-header-display":"","ast-hfb-below-header-display":"","ast-hfb-mobile-header-display":"","site-post-title":"","ast-breadcrumbs-content":"","ast-featured-img":"","footer-sml-layout":"","ast-disable-related-posts":"","theme-transparent-header-meta":"default","adv-header-id-meta":"","stick-header-meta":"","header-above-stick-meta":"","header-main-stick-meta":"","header-below-stick-meta":"","astra-migrate-meta-layouts":"set","ast-page-background-enabled":"default","ast-page-background-meta":{"desktop":{"background-color":"","background-image":"","background-repeat":"repeat","background-position":"center center","background-size":"auto","background-attachment":"scroll","background-type":"","background-media":"","overlay-type":"","overlay-color":"","overlay-opacity":"","overlay-gradient":""},"tablet":{"background-color":"","background-image":"","background-repeat":"repeat","background-position":"center center","background-size":"auto","background-attachment":"scroll","background-type":"","background-media":"","overlay-type":"","overlay-color":"","overlay-opacity":"","overlay-gradient":""},"mobile":{"background-color":"","background-image":"","background-repeat":"repeat","background-position":"center center","background-size":"auto","background-attachment":"scroll","background-type":"","background-media":"","overlay-type":"","overlay-color":"","overlay-opacity":"","overlay-gradient":""}},"ast-content-background-meta":{"desktop":{"background-color":"var(--ast-global-color-5)","background-image":"","background-repeat":"repeat","background-position":"center center","background-size":"auto","background-attachment":"scroll","background-type":"","background-media":"","overlay-type":"","overlay-color":"","overlay-opacity":"","overlay-gradient":""},"tablet":{"background-color":"var(--ast-global-color-5)","background-image":"","background-repeat":"repeat","background-position":"center center","background-size":"auto","background-attachment":"scroll","background-type":"","background-media":"","overlay-type":"","overlay-color":"","overlay-opacity":"","overlay-gradient":""},"mobile":{"background-color":"var(--ast-global-color-5)","background-image":"","background-repeat":"repeat","background-position":"center center","background-size":"auto","background-attachment":"scroll","background-type":"","background-media":"","overlay-type":"","overlay-color":"","overlay-opacity":"","overlay-gradient":""}}},"product_brand":[],"product_cat":[78,154,18],"product_tag":[],"class_list":{"0":"post-11452","1":"product","2":"type-product","3":"status-publish","4":"has-post-thumbnail","6":"product_cat-oprema","7":"product_cat-pasja-sola","8":"product_cat-vsi-izdelki","9":"desktop-align-center","10":"tablet-align-center","11":"mobile-align-center","13":"first","14":"instock","15":"shipping-taxable","16":"purchasable","17":"product-type-simple"},"acf":[],"yoast_head":"<!-- This site is optimized with the Yoast SEO plugin v27.4 - https:\/\/yoast.com\/product\/yoast-seo-wordpress\/ -->\n<title>Igra\u010da za pse z elasti\u010dno vle\u010dno \u017eogo na vrvi<\/title>\n<meta name=\"description\" content=\"Igra\u010da za pse z elasti\u010dno vle\u010dno \u017eogo na vrvi\" \/>\n<meta name=\"robots\" content=\"index, follow, max-snippet:-1, max-image-preview:large, max-video-preview:-1\" \/>\n<link rel=\"canonical\" href=\"https:\/\/trgovina.pasjauniverza.si\/en\/product\/mehka-igraca-na-elasticni-vrvi-z-gumijasto-zogo\/\" \/>\n<meta property=\"og:locale\" content=\"en_US\" \/>\n<meta property=\"og:type\" content=\"article\" \/>\n<meta property=\"og:title\" content=\"Igra\u010da za pse z elasti\u010dno vle\u010dno \u017eogo na vrvi\" \/>\n<meta property=\"og:description\" content=\"Igra\u010da za pse z elasti\u010dno vle\u010dno \u017eogo na vrvi\" \/>\n<meta property=\"og:url\" content=\"https:\/\/trgovina.pasjauniverza.si\/en\/product\/mehka-igraca-na-elasticni-vrvi-z-gumijasto-zogo\/\" \/>\n<meta property=\"og:site_name\" content=\"Trgovina Pasja Univerza\" \/>\n<meta property=\"article:modified_time\" content=\"2025-09-01T09:02:38+00:00\" \/>\n<meta property=\"og:image\" content=\"https:\/\/trgovina.pasjauniverza.si\/wp-content\/uploads\/2024\/10\/igraca-za-pse-na-elasticni-vrvi.webp\" \/>\n\t<meta property=\"og:image:width\" content=\"800\" \/>\n\t<meta property=\"og:image:height\" content=\"800\" \/>\n\t<meta property=\"og:image:type\" content=\"image\/webp\" \/>\n<meta name=\"twitter:card\" content=\"summary_large_image\" \/>\n<meta name=\"twitter:label1\" content=\"Est. reading time\" \/>\n\t<meta name=\"twitter:data1\" content=\"1 minute\" \/>\n<script type=\"application\/ld+json\" class=\"yoast-schema-graph\">{\"@context\":\"https:\\\/\\\/schema.org\",\"@graph\":[{\"@type\":\"WebPage\",\"@id\":\"https:\\\/\\\/trgovina.pasjauniverza.si\\\/product\\\/mehka-igraca-na-elasticni-vrvi-z-gumijasto-zogo\\\/\",\"url\":\"https:\\\/\\\/trgovina.pasjauniverza.si\\\/product\\\/mehka-igraca-na-elasticni-vrvi-z-gumijasto-zogo\\\/\",\"name\":\"Igra\u010da za pse z elasti\u010dno vle\u010dno \u017eogo na vrvi\",\"isPartOf\":{\"@id\":\"https:\\\/\\\/trgovina.pasjauniverza.si\\\/#website\"},\"primaryImageOfPage\":{\"@id\":\"https:\\\/\\\/trgovina.pasjauniverza.si\\\/product\\\/mehka-igraca-na-elasticni-vrvi-z-gumijasto-zogo\\\/#primaryimage\"},\"image\":{\"@id\":\"https:\\\/\\\/trgovina.pasjauniverza.si\\\/product\\\/mehka-igraca-na-elasticni-vrvi-z-gumijasto-zogo\\\/#primaryimage\"},\"thumbnailUrl\":\"https:\\\/\\\/trgovina.pasjauniverza.si\\\/wp-content\\\/uploads\\\/2024\\\/10\\\/igraca-za-pse-na-elasticni-vrvi.webp\",\"datePublished\":\"2024-10-22T10:46:55+00:00\",\"dateModified\":\"2025-09-01T09:02:38+00:00\",\"description\":\"Igra\u010da za pse z elasti\u010dno vle\u010dno \u017eogo na vrvi\",\"breadcrumb\":{\"@id\":\"https:\\\/\\\/trgovina.pasjauniverza.si\\\/product\\\/mehka-igraca-na-elasticni-vrvi-z-gumijasto-zogo\\\/#breadcrumb\"},\"inLanguage\":\"en-US\",\"potentialAction\":[{\"@type\":\"ReadAction\",\"target\":[\"https:\\\/\\\/trgovina.pasjauniverza.si\\\/product\\\/mehka-igraca-na-elasticni-vrvi-z-gumijasto-zogo\\\/\"]}]},{\"@type\":\"ImageObject\",\"inLanguage\":\"en-US\",\"@id\":\"https:\\\/\\\/trgovina.pasjauniverza.si\\\/product\\\/mehka-igraca-na-elasticni-vrvi-z-gumijasto-zogo\\\/#primaryimage\",\"url\":\"https:\\\/\\\/trgovina.pasjauniverza.si\\\/wp-content\\\/uploads\\\/2024\\\/10\\\/igraca-za-pse-na-elasticni-vrvi.webp\",\"contentUrl\":\"https:\\\/\\\/trgovina.pasjauniverza.si\\\/wp-content\\\/uploads\\\/2024\\\/10\\\/igraca-za-pse-na-elasticni-vrvi.webp\",\"width\":800,\"height\":800,\"caption\":\"igraca za pse na elasti\u010dni vrvi\"},{\"@type\":\"BreadcrumbList\",\"@id\":\"https:\\\/\\\/trgovina.pasjauniverza.si\\\/product\\\/mehka-igraca-na-elasticni-vrvi-z-gumijasto-zogo\\\/#breadcrumb\",\"itemListElement\":[{\"@type\":\"ListItem\",\"position\":1,\"name\":\"Home\",\"item\":\"https:\\\/\\\/trgovina.pasjauniverza.si\\\/\"},{\"@type\":\"ListItem\",\"position\":2,\"name\":\"Trgovina\",\"item\":\"https:\\\/\\\/trgovina.pasjauniverza.si\\\/trgovina\\\/\"},{\"@type\":\"ListItem\",\"position\":3,\"name\":\"Mehka igra\u010da na elasti\u010dni vrvi z gumijasto \u017eogo\"}]},{\"@type\":\"WebSite\",\"@id\":\"https:\\\/\\\/trgovina.pasjauniverza.si\\\/#website\",\"url\":\"https:\\\/\\\/trgovina.pasjauniverza.si\\\/\",\"name\":\"Trgovina Pasja Univerza\",\"description\":\"pasja univerza trgovina\",\"publisher\":{\"@id\":\"https:\\\/\\\/trgovina.pasjauniverza.si\\\/#organization\"},\"potentialAction\":[{\"@type\":\"SearchAction\",\"target\":{\"@type\":\"EntryPoint\",\"urlTemplate\":\"https:\\\/\\\/trgovina.pasjauniverza.si\\\/?s={search_term_string}\"},\"query-input\":{\"@type\":\"PropertyValueSpecification\",\"valueRequired\":true,\"valueName\":\"search_term_string\"}}],\"inLanguage\":\"en-US\"},{\"@type\":\"Organization\",\"@id\":\"https:\\\/\\\/trgovina.pasjauniverza.si\\\/#organization\",\"name\":\"Trgovina Pasja Univerza\",\"url\":\"https:\\\/\\\/trgovina.pasjauniverza.si\\\/\",\"logo\":{\"@type\":\"ImageObject\",\"inLanguage\":\"en-US\",\"@id\":\"https:\\\/\\\/trgovina.pasjauniverza.si\\\/#\\\/schema\\\/logo\\\/image\\\/\",\"url\":\"https:\\\/\\\/trgovina.pasjauniverza.si\\\/wp-content\\\/uploads\\\/2024\\\/08\\\/cropped-logotipi-vector-04.png\",\"contentUrl\":\"https:\\\/\\\/trgovina.pasjauniverza.si\\\/wp-content\\\/uploads\\\/2024\\\/08\\\/cropped-logotipi-vector-04.png\",\"width\":942,\"height\":908,\"caption\":\"Trgovina Pasja Univerza\"},\"image\":{\"@id\":\"https:\\\/\\\/trgovina.pasjauniverza.si\\\/#\\\/schema\\\/logo\\\/image\\\/\"}}]}<\/script>\n<!-- \/ Yoast SEO plugin. -->","yoast_head_json":{"title":"Igra\u010da za pse z elasti\u010dno vle\u010dno \u017eogo na vrvi","description":"Igra\u010da za pse z elasti\u010dno vle\u010dno \u017eogo na vrvi","robots":{"index":"index","follow":"follow","max-snippet":"max-snippet:-1","max-image-preview":"max-image-preview:large","max-video-preview":"max-video-preview:-1"},"canonical":"https:\/\/trgovina.pasjauniverza.si\/en\/product\/mehka-igraca-na-elasticni-vrvi-z-gumijasto-zogo\/","og_locale":"en_US","og_type":"article","og_title":"Igra\u010da za pse z elasti\u010dno vle\u010dno \u017eogo na vrvi","og_description":"Igra\u010da za pse z elasti\u010dno vle\u010dno \u017eogo na vrvi","og_url":"https:\/\/trgovina.pasjauniverza.si\/en\/product\/mehka-igraca-na-elasticni-vrvi-z-gumijasto-zogo\/","og_site_name":"Trgovina Pasja Univerza","article_modified_time":"2025-09-01T09:02:38+00:00","og_image":[{"width":800,"height":800,"url":"https:\/\/trgovina.pasjauniverza.si\/wp-content\/uploads\/2024\/10\/igraca-za-pse-na-elasticni-vrvi.webp","type":"image\/webp"}],"twitter_card":"summary_large_image","twitter_misc":{"Est. reading time":"1 minute"},"schema":{"@context":"https:\/\/schema.org","@graph":[{"@type":"WebPage","@id":"https:\/\/trgovina.pasjauniverza.si\/product\/mehka-igraca-na-elasticni-vrvi-z-gumijasto-zogo\/","url":"https:\/\/trgovina.pasjauniverza.si\/product\/mehka-igraca-na-elasticni-vrvi-z-gumijasto-zogo\/","name":"Igra\u010da za pse z elasti\u010dno vle\u010dno \u017eogo na vrvi","isPartOf":{"@id":"https:\/\/trgovina.pasjauniverza.si\/#website"},"primaryImageOfPage":{"@id":"https:\/\/trgovina.pasjauniverza.si\/product\/mehka-igraca-na-elasticni-vrvi-z-gumijasto-zogo\/#primaryimage"},"image":{"@id":"https:\/\/trgovina.pasjauniverza.si\/product\/mehka-igraca-na-elasticni-vrvi-z-gumijasto-zogo\/#primaryimage"},"thumbnailUrl":"https:\/\/trgovina.pasjauniverza.si\/wp-content\/uploads\/2024\/10\/igraca-za-pse-na-elasticni-vrvi.webp","datePublished":"2024-10-22T10:46:55+00:00","dateModified":"2025-09-01T09:02:38+00:00","description":"Igra\u010da za pse z elasti\u010dno vle\u010dno \u017eogo na vrvi","breadcrumb":{"@id":"https:\/\/trgovina.pasjauniverza.si\/product\/mehka-igraca-na-elasticni-vrvi-z-gumijasto-zogo\/#breadcrumb"},"inLanguage":"en-US","potentialAction":[{"@type":"ReadAction","target":["https:\/\/trgovina.pasjauniverza.si\/product\/mehka-igraca-na-elasticni-vrvi-z-gumijasto-zogo\/"]}]},{"@type":"ImageObject","inLanguage":"en-US","@id":"https:\/\/trgovina.pasjauniverza.si\/product\/mehka-igraca-na-elasticni-vrvi-z-gumijasto-zogo\/#primaryimage","url":"https:\/\/trgovina.pasjauniverza.si\/wp-content\/uploads\/2024\/10\/igraca-za-pse-na-elasticni-vrvi.webp","contentUrl":"https:\/\/trgovina.pasjauniverza.si\/wp-content\/uploads\/2024\/10\/igraca-za-pse-na-elasticni-vrvi.webp","width":800,"height":800,"caption":"igraca za pse na elasti\u010dni vrvi"},{"@type":"BreadcrumbList","@id":"https:\/\/trgovina.pasjauniverza.si\/product\/mehka-igraca-na-elasticni-vrvi-z-gumijasto-zogo\/#breadcrumb","itemListElement":[{"@type":"ListItem","position":1,"name":"Home","item":"https:\/\/trgovina.pasjauniverza.si\/"},{"@type":"ListItem","position":2,"name":"Trgovina","item":"https:\/\/trgovina.pasjauniverza.si\/trgovina\/"},{"@type":"ListItem","position":3,"name":"Mehka igra\u010da na elasti\u010dni vrvi z gumijasto \u017eogo"}]},{"@type":"WebSite","@id":"https:\/\/trgovina.pasjauniverza.si\/#website","url":"https:\/\/trgovina.pasjauniverza.si\/","name":"Trgovina Pasja Univerza","description":"pasja univerza trgovina","publisher":{"@id":"https:\/\/trgovina.pasjauniverza.si\/#organization"},"potentialAction":[{"@type":"SearchAction","target":{"@type":"EntryPoint","urlTemplate":"https:\/\/trgovina.pasjauniverza.si\/?s={search_term_string}"},"query-input":{"@type":"PropertyValueSpecification","valueRequired":true,"valueName":"search_term_string"}}],"inLanguage":"en-US"},{"@type":"Organization","@id":"https:\/\/trgovina.pasjauniverza.si\/#organization","name":"Trgovina Pasja Univerza","url":"https:\/\/trgovina.pasjauniverza.si\/","logo":{"@type":"ImageObject","inLanguage":"en-US","@id":"https:\/\/trgovina.pasjauniverza.si\/#\/schema\/logo\/image\/","url":"https:\/\/trgovina.pasjauniverza.si\/wp-content\/uploads\/2024\/08\/cropped-logotipi-vector-04.png","contentUrl":"https:\/\/trgovina.pasjauniverza.si\/wp-content\/uploads\/2024\/08\/cropped-logotipi-vector-04.png","width":942,"height":908,"caption":"Trgovina Pasja Univerza"},"image":{"@id":"https:\/\/trgovina.pasjauniverza.si\/#\/schema\/logo\/image\/"}}]}},"uagb_featured_image_src":{"full":["https:\/\/trgovina.pasjauniverza.si\/wp-content\/uploads\/2024\/10\/igraca-za-pse-na-elasticni-vrvi.webp",800,800,false],"thumbnail":["https:\/\/trgovina.pasjauniverza.si\/wp-content\/uploads\/2024\/10\/igraca-za-pse-na-elasticni-vrvi-150x150.webp",150,150,true],"medium":["https:\/\/trgovina.pasjauniverza.si\/wp-content\/uploads\/2024\/10\/igraca-za-pse-na-elasticni-vrvi-300x300.webp",300,300,true],"medium_large":["https:\/\/trgovina.pasjauniverza.si\/wp-content\/uploads\/2024\/10\/igraca-za-pse-na-elasticni-vrvi-768x768.webp",768,768,true],"large":["https:\/\/trgovina.pasjauniverza.si\/wp-content\/uploads\/2024\/10\/igraca-za-pse-na-elasticni-vrvi.webp",800,800,false],"1536x1536":["https:\/\/trgovina.pasjauniverza.si\/wp-content\/uploads\/2024\/10\/igraca-za-pse-na-elasticni-vrvi.webp",800,800,false],"2048x2048":["https:\/\/trgovina.pasjauniverza.si\/wp-content\/uploads\/2024\/10\/igraca-za-pse-na-elasticni-vrvi.webp",800,800,false],"trp-custom-language-flag":["https:\/\/trgovina.pasjauniverza.si\/wp-content\/uploads\/2024\/10\/igraca-za-pse-na-elasticni-vrvi-12x12.webp",12,12,true],"woocommerce_thumbnail":["https:\/\/trgovina.pasjauniverza.si\/wp-content\/uploads\/2024\/10\/igraca-za-pse-na-elasticni-vrvi-300x300.webp",300,300,true],"woocommerce_single":["https:\/\/trgovina.pasjauniverza.si\/wp-content\/uploads\/2024\/10\/igraca-za-pse-na-elasticni-vrvi-600x600.webp",600,600,true],"woocommerce_gallery_thumbnail":["https:\/\/trgovina.pasjauniverza.si\/wp-content\/uploads\/2024\/10\/igraca-za-pse-na-elasticni-vrvi-100x100.webp",100,100,true]},"uagb_author_info":{"display_name":"Karmen Grubeli\u0107, dr.vet.med.","author_link":"https:\/\/trgovina.pasjauniverza.si\/en\/author\/"},"uagb_comment_info":0,"uagb_excerpt":"Igra\u010da za pse z elasti\u010dno vle\u010dno \u017eogo na vrvi, kamor lahko skrijete tudi pribolj\u0161ke.","jetpack_sharing_enabled":true,"_links":{"self":[{"href":"https:\/\/trgovina.pasjauniverza.si\/en\/wp-json\/wp\/v2\/product\/11452","targetHints":{"allow":["GET"]}}],"collection":[{"href":"https:\/\/trgovina.pasjauniverza.si\/en\/wp-json\/wp\/v2\/product"}],"about":[{"href":"https:\/\/trgovina.pasjauniverza.si\/en\/wp-json\/wp\/v2\/types\/product"}],"replies":[{"embeddable":true,"href":"https:\/\/trgovina.pasjauniverza.si\/en\/wp-json\/wp\/v2\/comments?post=11452"}],"wp:featuredmedia":[{"embeddable":true,"href":"https:\/\/trgovina.pasjauniverza.si\/en\/wp-json\/wp\/v2\/media\/11453"}],"wp:attachment":[{"href":"https:\/\/trgovina.pasjauniverza.si\/en\/wp-json\/wp\/v2\/media?parent=11452"}],"wp:term":[{"taxonomy":"product_brand","embeddable":true,"href":"https:\/\/trgovina.pasjauniverza.si\/en\/wp-json\/wp\/v2\/product_brand?post=11452"},{"taxonomy":"product_cat","embeddable":true,"href":"https:\/\/trgovina.pasjauniverza.si\/en\/wp-json\/wp\/v2\/product_cat?post=11452"},{"taxonomy":"product_tag","embeddable":true,"href":"https:\/\/trgovina.pasjauniverza.si\/en\/wp-json\/wp\/v2\/product_tag?post=11452"}],"curies":[{"name":"wp","href":"https:\/\/api.w.org\/{rel}","templated":true}]}}