
{"id":5573,"date":"2024-09-03T21:15:28","date_gmt":"2024-09-03T21:15:28","guid":{"rendered":"https:\/\/trgovina.pasjauniverza.si\/?page_id=5573"},"modified":"2024-10-20T14:00:54","modified_gmt":"2024-10-20T14:00:54","slug":"dostava-spletnih-narocil-in-nacin-placila","status":"publish","type":"page","link":"https:\/\/trgovina.pasjauniverza.si\/en\/dostava-spletnih-narocil-in-nacin-placila\/","title":{"rendered":"Delivery"},"content":{"rendered":"<p class=\"has-medium-font-size\"><strong>Dostava spletnih naro\u010dil in na\u010din pla\u010dila<\/strong><\/p>\n\n\n\n<p><strong>Dostava naro\u010dila po Sloveniji&nbsp;<\/strong><\/p>\n\n\n\n<p><\/p>\n\n\n\n<h4 class=\"wp-block-heading has-medium-font-size\">Za po\u0161iljanje po Sloveniji velja enotna cena: 5\u20ac.<\/h4>\n\n\n\n<p>Dostava je za naro\u010dila nad 39 \u20ac brezpla\u010dna.<\/p>\n\n\n\n<h4 class=\"wp-block-heading\">\u010cas dostave naro\u010denih izdelkov po Sloveniji<\/h4>\n\n\n\n<p>Naro\u010dene izdelke, ki so na zalogi, dostavimo v 2\u2013 3 delovnih dnevih.<\/p>\n\n\n\n<p>Sledenje po\u0161iljki<\/p>\n\n\n\n<p>Ko izdelek&nbsp;po\u0161ljemo na va\u0161 naslov, boste tudi preko e-po\u0161te prejeli kodo za sledenje svoje&nbsp;po\u0161iljke.<\/p>\n\n\n\n<p>Status paketa lahko preverite tako, da obi\u0161\u010dete spletno stran dostavne slu\u017ebe&nbsp;GLS:&nbsp;https:\/\/gls-group.eu\/SI\/sl\/sledenje-posiljki&nbsp;ali<\/p>\n\n\n\n<p>pokli\u010dete njihov\u00a0klicni center:\u00a0+386 1 500 11 50*\u00a0ali\u00a0+386 1 500 11 90* (od ponedeljka do petka od 7.30 do 19.00).<\/p>\n\n\n\n<h4 class=\"wp-block-heading\">Za osebni prevzem se je predhodno potrebno naro\u010diti na telefonski \u0161tevilki 070 430 721. Ob telefonskem klicu imejte pripravljeno \u0161tevilko naro\u010dila.<\/h4>\n\n\n\n<p>Dostava naro\u010dila traja od\u00a0<strong>1-4 delovnih dni<\/strong>\u00a0&#8211; med vikendi in prazniki<strong>\u00a0ni dostave.<\/strong> V nasprotnem primeru vas najprej obvestimo o \u010dasu dobave. Pakete po\u0161ljemo preko dostavne slu\u017ebe GLS na naslov, ki ste ga navedli ob prijavi oziroma registraciji.<\/p>\n\n\n\n<p><strong>Naro\u010dila oddana do 14. ure, vam odpo\u0161ljemo \u0161e isti dan.<\/strong><\/p>\n\n\n\n<p>V primeru, da&nbsp;<strong>izdelka ni na zalogi<\/strong>, vas bomo o tem&nbsp;<strong>obvestili<\/strong>&nbsp;in se bomo<strong>&nbsp;dogovorili o \u010dasu dostave<\/strong>.<\/p>\n\n\n\n<ul class=\"wp-block-list\">\n<li>Ponudnik bo blago oziroma storitev dostavil v dogovorjenem roku.<\/li>\n\n\n\n<li>Pogodbeni partner za dostavo po\u0161iljk je\u00a0<strong>GLS<\/strong>.<\/li>\n\n\n\n<li>Na\u0161 partner pakete dostavlja ve\u010dinoma v dopoldanskih urah na naslov, vnesen ob oddaji naro\u010dila.<\/li>\n\n\n\n<li>V kolikor vam dostava na zapisan naslov ne ustreza, se lahko odlo\u010dite tudi za dostavo na katerokoli drugo ime ali naslov.<\/li>\n\n\n\n<li>\u010ce vas v \u010dasu dostave ni na predvidenem mestu, bo dostavljavec pustil sporo\u010dilo, na katerem bodo navodila za poznej\u0161i prevzem.<\/li>\n\n\n\n<li>\u010ce kupec blaga ne prejme v nekaj dneh od odpo\u0161iljanja, o tem nemudoma obvesti ponudnika.<\/li>\n<\/ul>\n\n\n\n<h3 class=\"wp-block-heading\"><strong>Osebni prevzemi<\/strong><\/h3>\n\n\n\n<p>Naro\u010dilo lahko osebno prevzamete na  prevzemni to\u010dki v skladi\u0161\u010du.<\/p>\n\n\n\n<p> Osebni prevzem je mogo\u010d samo za \u017ee pla\u010dana naro\u010dila prek spleta.<\/p>\n\n\n\n<p><strong>PREVZEM V SKLADI\u0160\u010cU<\/strong><\/p>\n\n\n\n<p>Prevzem v skladi\u0161\u010du je mo\u017een vsak<strong>&nbsp;delovni dan med 8.00 uro in 15.00 uro.<\/strong><\/p>\n\n\n\n<p><strong>Za prevzem naro\u010dila vas obvestimo, ko je naro\u010dilo pripravljeno.<\/strong><\/p>\n\n\n\n<p><strong>Naslov skladi\u0161\u010da:&nbsp;<\/strong>Trubarjeva ul. 4, 3310 \u017dalec<\/p>\n\n\n\n<p><strong>Na\u010din pla\u010dila za naro\u010dila v Sloveniji&nbsp;<\/strong><\/p>\n\n\n\n<p>Pri nas lahko naro\u010dilo pla\u010date na razli\u010dne na\u010dine:<\/p>\n\n\n\n<ul class=\"wp-block-list\">\n<li>z nakazilom na na\u0161 ra\u010dun (po ponudbi \/ predra\u010dunu). Po naro\u010dilu se na va\u0161 elektronski naslov po\u0161lje podatke za pla\u010dilni nalog, ki ga lahko pla\u010date na po\u0161ti ali banki. Po vpla\u010dilu naloga se vam po\u0161lje izdelek in ra\u010dun. S pla\u010dilom po na\u010dinu predra\u010duna se strinjate s splo\u0161nimi pogoji.<\/li>\n\n\n\n<li>preko PayPal<\/li>\n\n\n\n<li>pla\u010dilo s kreditnimi karticami<\/li>\n<\/ul>\n\n\n\n<p><\/p>","protected":false},"excerpt":{"rendered":"<p>Dostava spletnih naro\u010dil in na\u010din pla\u010dila Dostava naro\u010dila po Sloveniji&nbsp; Za po\u0161iljanje po Sloveniji velja enotna cena: 5\u20ac. Dostava je za naro\u010dila nad 39 \u20ac brezpla\u010dna. \u010cas dostave naro\u010denih izdelkov po Sloveniji Naro\u010dene izdelke, ki so na zalogi, dostavimo v 2\u2013 3 delovnih dnevih. Sledenje po\u0161iljki Ko izdelek&nbsp;po\u0161ljemo na va\u0161 naslov, boste tudi preko e-po\u0161te [&hellip;]<\/p>\n","protected":false},"author":2,"featured_media":0,"parent":0,"menu_order":0,"comment_status":"closed","ping_status":"closed","template":"","meta":{"_acf_changed":false,"_uag_custom_page_level_css":"","site-sidebar-layout":"default","site-content-layout":"","ast-site-content-layout":"default","site-content-style":"default","site-sidebar-style":"default","ast-global-header-display":"","ast-banner-title-visibility":"","ast-main-header-display":"","ast-hfb-above-header-display":"","ast-hfb-below-header-display":"","ast-hfb-mobile-header-display":"","site-post-title":"","ast-breadcrumbs-content":"","ast-featured-img":"","footer-sml-layout":"","ast-disable-related-posts":"","theme-transparent-header-meta":"","adv-header-id-meta":"","stick-header-meta":"","header-above-stick-meta":"","header-main-stick-meta":"","header-below-stick-meta":"","astra-migrate-meta-layouts":"set","ast-page-background-enabled":"default","ast-page-background-meta":{"desktop":{"background-color":"","background-image":"","background-repeat":"repeat","background-position":"center center","background-size":"auto","background-attachment":"scroll","background-type":"","background-media":"","overlay-type":"","overlay-color":"","overlay-opacity":"","overlay-gradient":""},"tablet":{"background-color":"","background-image":"","background-repeat":"repeat","background-position":"center center","background-size":"auto","background-attachment":"scroll","background-type":"","background-media":"","overlay-type":"","overlay-color":"","overlay-opacity":"","overlay-gradient":""},"mobile":{"background-color":"","background-image":"","background-repeat":"repeat","background-position":"center center","background-size":"auto","background-attachment":"scroll","background-type":"","background-media":"","overlay-type":"","overlay-color":"","overlay-opacity":"","overlay-gradient":""}},"ast-content-background-meta":{"desktop":{"background-color":"var(--ast-global-color-5)","background-image":"","background-repeat":"repeat","background-position":"center center","background-size":"auto","background-attachment":"scroll","background-type":"","background-media":"","overlay-type":"","overlay-color":"","overlay-opacity":"","overlay-gradient":""},"tablet":{"background-color":"var(--ast-global-color-5)","background-image":"","background-repeat":"repeat","background-position":"center center","background-size":"auto","background-attachment":"scroll","background-type":"","background-media":"","overlay-type":"","overlay-color":"","overlay-opacity":"","overlay-gradient":""},"mobile":{"background-color":"var(--ast-global-color-5)","background-image":"","background-repeat":"repeat","background-position":"center center","background-size":"auto","background-attachment":"scroll","background-type":"","background-media":"","overlay-type":"","overlay-color":"","overlay-opacity":"","overlay-gradient":""}},"footnotes":""},"class_list":["post-5573","page","type-page","status-publish","hentry"],"acf":[],"yoast_head":"<!-- This site is optimized with the Yoast SEO plugin v27.4 - https:\/\/yoast.com\/product\/yoast-seo-wordpress\/ -->\n<title>Dostava - Trgovina Pasja Univerza<\/title>\n<meta name=\"robots\" content=\"index, follow, max-snippet:-1, max-image-preview:large, max-video-preview:-1\" \/>\n<link rel=\"canonical\" href=\"https:\/\/trgovina.pasjauniverza.si\/en\/dostava-spletnih-narocil-in-nacin-placila\/\" \/>\n<meta property=\"og:locale\" content=\"en_US\" \/>\n<meta property=\"og:type\" content=\"article\" \/>\n<meta property=\"og:title\" content=\"Dostava - Trgovina Pasja Univerza\" \/>\n<meta property=\"og:description\" content=\"Dostava spletnih naro\u010dil in na\u010din pla\u010dila Dostava naro\u010dila po Sloveniji&nbsp; Za po\u0161iljanje po Sloveniji velja enotna cena: 5\u20ac. Dostava je za naro\u010dila nad 39 \u20ac brezpla\u010dna. \u010cas dostave naro\u010denih izdelkov po Sloveniji Naro\u010dene izdelke, ki so na zalogi, dostavimo v 2\u2013 3 delovnih dnevih. Sledenje po\u0161iljki Ko izdelek&nbsp;po\u0161ljemo na va\u0161 naslov, boste tudi preko e-po\u0161te [&hellip;]\" \/>\n<meta property=\"og:url\" content=\"https:\/\/trgovina.pasjauniverza.si\/en\/dostava-spletnih-narocil-in-nacin-placila\/\" \/>\n<meta property=\"og:site_name\" content=\"Trgovina Pasja Univerza\" \/>\n<meta property=\"article:modified_time\" content=\"2024-10-20T14:00:54+00:00\" \/>\n<meta name=\"twitter:card\" content=\"summary_large_image\" \/>\n<meta name=\"twitter:label1\" content=\"Est. reading time\" \/>\n\t<meta name=\"twitter:data1\" content=\"3 minutes\" \/>\n<script type=\"application\/ld+json\" class=\"yoast-schema-graph\">{\"@context\":\"https:\\\/\\\/schema.org\",\"@graph\":[{\"@type\":\"WebPage\",\"@id\":\"https:\\\/\\\/trgovina.pasjauniverza.si\\\/dostava-spletnih-narocil-in-nacin-placila\\\/\",\"url\":\"https:\\\/\\\/trgovina.pasjauniverza.si\\\/dostava-spletnih-narocil-in-nacin-placila\\\/\",\"name\":\"Dostava - Trgovina Pasja Univerza\",\"isPartOf\":{\"@id\":\"https:\\\/\\\/trgovina.pasjauniverza.si\\\/#website\"},\"datePublished\":\"2024-09-03T21:15:28+00:00\",\"dateModified\":\"2024-10-20T14:00:54+00:00\",\"breadcrumb\":{\"@id\":\"https:\\\/\\\/trgovina.pasjauniverza.si\\\/dostava-spletnih-narocil-in-nacin-placila\\\/#breadcrumb\"},\"inLanguage\":\"en-US\",\"potentialAction\":[{\"@type\":\"ReadAction\",\"target\":[\"https:\\\/\\\/trgovina.pasjauniverza.si\\\/dostava-spletnih-narocil-in-nacin-placila\\\/\"]}]},{\"@type\":\"BreadcrumbList\",\"@id\":\"https:\\\/\\\/trgovina.pasjauniverza.si\\\/dostava-spletnih-narocil-in-nacin-placila\\\/#breadcrumb\",\"itemListElement\":[{\"@type\":\"ListItem\",\"position\":1,\"name\":\"Home\",\"item\":\"https:\\\/\\\/trgovina.pasjauniverza.si\\\/\"},{\"@type\":\"ListItem\",\"position\":2,\"name\":\"Dostava\"}]},{\"@type\":\"WebSite\",\"@id\":\"https:\\\/\\\/trgovina.pasjauniverza.si\\\/#website\",\"url\":\"https:\\\/\\\/trgovina.pasjauniverza.si\\\/\",\"name\":\"Trgovina Pasja Univerza\",\"description\":\"pasja univerza trgovina\",\"publisher\":{\"@id\":\"https:\\\/\\\/trgovina.pasjauniverza.si\\\/#organization\"},\"potentialAction\":[{\"@type\":\"SearchAction\",\"target\":{\"@type\":\"EntryPoint\",\"urlTemplate\":\"https:\\\/\\\/trgovina.pasjauniverza.si\\\/?s={search_term_string}\"},\"query-input\":{\"@type\":\"PropertyValueSpecification\",\"valueRequired\":true,\"valueName\":\"search_term_string\"}}],\"inLanguage\":\"en-US\"},{\"@type\":\"Organization\",\"@id\":\"https:\\\/\\\/trgovina.pasjauniverza.si\\\/#organization\",\"name\":\"Trgovina Pasja Univerza\",\"url\":\"https:\\\/\\\/trgovina.pasjauniverza.si\\\/\",\"logo\":{\"@type\":\"ImageObject\",\"inLanguage\":\"en-US\",\"@id\":\"https:\\\/\\\/trgovina.pasjauniverza.si\\\/#\\\/schema\\\/logo\\\/image\\\/\",\"url\":\"https:\\\/\\\/trgovina.pasjauniverza.si\\\/wp-content\\\/uploads\\\/2024\\\/08\\\/cropped-logotipi-vector-04.png\",\"contentUrl\":\"https:\\\/\\\/trgovina.pasjauniverza.si\\\/wp-content\\\/uploads\\\/2024\\\/08\\\/cropped-logotipi-vector-04.png\",\"width\":942,\"height\":908,\"caption\":\"Trgovina Pasja Univerza\"},\"image\":{\"@id\":\"https:\\\/\\\/trgovina.pasjauniverza.si\\\/#\\\/schema\\\/logo\\\/image\\\/\"}}]}<\/script>\n<!-- \/ Yoast SEO plugin. -->","yoast_head_json":{"title":"Dostava - Trgovina Pasja Univerza","robots":{"index":"index","follow":"follow","max-snippet":"max-snippet:-1","max-image-preview":"max-image-preview:large","max-video-preview":"max-video-preview:-1"},"canonical":"https:\/\/trgovina.pasjauniverza.si\/en\/dostava-spletnih-narocil-in-nacin-placila\/","og_locale":"en_US","og_type":"article","og_title":"Dostava - Trgovina Pasja Univerza","og_description":"Dostava spletnih naro\u010dil in na\u010din pla\u010dila Dostava naro\u010dila po Sloveniji&nbsp; Za po\u0161iljanje po Sloveniji velja enotna cena: 5\u20ac. Dostava je za naro\u010dila nad 39 \u20ac brezpla\u010dna. \u010cas dostave naro\u010denih izdelkov po Sloveniji Naro\u010dene izdelke, ki so na zalogi, dostavimo v 2\u2013 3 delovnih dnevih. Sledenje po\u0161iljki Ko izdelek&nbsp;po\u0161ljemo na va\u0161 naslov, boste tudi preko e-po\u0161te [&hellip;]","og_url":"https:\/\/trgovina.pasjauniverza.si\/en\/dostava-spletnih-narocil-in-nacin-placila\/","og_site_name":"Trgovina Pasja Univerza","article_modified_time":"2024-10-20T14:00:54+00:00","twitter_card":"summary_large_image","twitter_misc":{"Est. reading time":"3 minutes"},"schema":{"@context":"https:\/\/schema.org","@graph":[{"@type":"WebPage","@id":"https:\/\/trgovina.pasjauniverza.si\/dostava-spletnih-narocil-in-nacin-placila\/","url":"https:\/\/trgovina.pasjauniverza.si\/dostava-spletnih-narocil-in-nacin-placila\/","name":"Dostava - Trgovina Pasja Univerza","isPartOf":{"@id":"https:\/\/trgovina.pasjauniverza.si\/#website"},"datePublished":"2024-09-03T21:15:28+00:00","dateModified":"2024-10-20T14:00:54+00:00","breadcrumb":{"@id":"https:\/\/trgovina.pasjauniverza.si\/dostava-spletnih-narocil-in-nacin-placila\/#breadcrumb"},"inLanguage":"en-US","potentialAction":[{"@type":"ReadAction","target":["https:\/\/trgovina.pasjauniverza.si\/dostava-spletnih-narocil-in-nacin-placila\/"]}]},{"@type":"BreadcrumbList","@id":"https:\/\/trgovina.pasjauniverza.si\/dostava-spletnih-narocil-in-nacin-placila\/#breadcrumb","itemListElement":[{"@type":"ListItem","position":1,"name":"Home","item":"https:\/\/trgovina.pasjauniverza.si\/"},{"@type":"ListItem","position":2,"name":"Dostava"}]},{"@type":"WebSite","@id":"https:\/\/trgovina.pasjauniverza.si\/#website","url":"https:\/\/trgovina.pasjauniverza.si\/","name":"Trgovina Pasja Univerza","description":"pasja univerza trgovina","publisher":{"@id":"https:\/\/trgovina.pasjauniverza.si\/#organization"},"potentialAction":[{"@type":"SearchAction","target":{"@type":"EntryPoint","urlTemplate":"https:\/\/trgovina.pasjauniverza.si\/?s={search_term_string}"},"query-input":{"@type":"PropertyValueSpecification","valueRequired":true,"valueName":"search_term_string"}}],"inLanguage":"en-US"},{"@type":"Organization","@id":"https:\/\/trgovina.pasjauniverza.si\/#organization","name":"Trgovina Pasja Univerza","url":"https:\/\/trgovina.pasjauniverza.si\/","logo":{"@type":"ImageObject","inLanguage":"en-US","@id":"https:\/\/trgovina.pasjauniverza.si\/#\/schema\/logo\/image\/","url":"https:\/\/trgovina.pasjauniverza.si\/wp-content\/uploads\/2024\/08\/cropped-logotipi-vector-04.png","contentUrl":"https:\/\/trgovina.pasjauniverza.si\/wp-content\/uploads\/2024\/08\/cropped-logotipi-vector-04.png","width":942,"height":908,"caption":"Trgovina Pasja Univerza"},"image":{"@id":"https:\/\/trgovina.pasjauniverza.si\/#\/schema\/logo\/image\/"}}]}},"uagb_featured_image_src":{"full":false,"thumbnail":false,"medium":false,"medium_large":false,"large":false,"1536x1536":false,"2048x2048":false,"trp-custom-language-flag":false,"woocommerce_thumbnail":false,"woocommerce_single":false,"woocommerce_gallery_thumbnail":false},"uagb_author_info":{"display_name":"Karmen Grubeli\u0107, dr.vet.med.","author_link":"https:\/\/trgovina.pasjauniverza.si\/en\/author\/karmen\/"},"uagb_comment_info":0,"uagb_excerpt":"Dostava spletnih naro\u010dil in na\u010din pla\u010dila Dostava naro\u010dila po Sloveniji&nbsp; Za po\u0161iljanje po Sloveniji velja enotna cena: 5\u20ac. Dostava je za naro\u010dila nad 39 \u20ac brezpla\u010dna. \u010cas dostave naro\u010denih izdelkov po Sloveniji Naro\u010dene izdelke, ki so na zalogi, dostavimo v 2\u2013 3 delovnih dnevih. Sledenje po\u0161iljki Ko izdelek&nbsp;po\u0161ljemo na va\u0161 naslov, boste tudi preko e-po\u0161te&hellip;","jetpack_sharing_enabled":true,"_links":{"self":[{"href":"https:\/\/trgovina.pasjauniverza.si\/en\/wp-json\/wp\/v2\/pages\/5573","targetHints":{"allow":["GET"]}}],"collection":[{"href":"https:\/\/trgovina.pasjauniverza.si\/en\/wp-json\/wp\/v2\/pages"}],"about":[{"href":"https:\/\/trgovina.pasjauniverza.si\/en\/wp-json\/wp\/v2\/types\/page"}],"author":[{"embeddable":true,"href":"https:\/\/trgovina.pasjauniverza.si\/en\/wp-json\/wp\/v2\/users\/2"}],"replies":[{"embeddable":true,"href":"https:\/\/trgovina.pasjauniverza.si\/en\/wp-json\/wp\/v2\/comments?post=5573"}],"version-history":[{"count":4,"href":"https:\/\/trgovina.pasjauniverza.si\/en\/wp-json\/wp\/v2\/pages\/5573\/revisions"}],"predecessor-version":[{"id":11394,"href":"https:\/\/trgovina.pasjauniverza.si\/en\/wp-json\/wp\/v2\/pages\/5573\/revisions\/11394"}],"wp:attachment":[{"href":"https:\/\/trgovina.pasjauniverza.si\/en\/wp-json\/wp\/v2\/media?parent=5573"}],"curies":[{"name":"wp","href":"https:\/\/api.w.org\/{rel}","templated":true}]}}